{"id":323,"date":"2023-08-22T18:17:39","date_gmt":"2023-08-22T10:17:39","guid":{"rendered":"https:\/\/maizemachine.com\/?post_type=product&#038;p=323"},"modified":"2025-07-04T14:14:21","modified_gmt":"2025-07-04T06:14:21","slug":"corn-grits-making-machine","status":"publish","type":"product","link":"https:\/\/maizemachine.com\/fr\/product\/corn-grits-making-machine\/","title":{"rendered":"Gruau de ma\u00efs faisant la machine pour faire du gruau de ma\u00efs, farine de ma\u00efs"},"content":{"rendered":"<p class=\"translation-block\">La <strong><em>Machine \u00e0 Gruau de Ma\u00efs<\/em><\/strong> est un \u00e9quipement con\u00e7u pour transformer les grains de ma\u00efs en gruau de ma\u00efs, qui sont des particules grossi\u00e8res de ma\u00efs utilis\u00e9es dans diverses applications culinaires. Le gruau de ma\u00efs est couramment utilis\u00e9 dans des plats tels que la polenta, le porridge et certains types de pain. Cette machine ne produit pas seulement du gruau de ma\u00efs, mais aussi de la farine de ma\u00efs. Par cons\u00e9quent, c'est une machine n\u00e9cessaire pour une usine de traitement de gruau de ma\u00efs.<\/p>    <p class=\"translation-block\">La Machine de Traitement de Gruau de Ma\u00efs peut produire jusqu'\u00e0 <strong><em>1000 kg de gruau de ma\u00efs<\/em><\/strong> par heure, avec une capacit\u00e9 de <strong><em>pelage de ma\u00efs<\/em><\/strong> de <strong><em>350\u2013450 kg<\/em><\/strong> et un <strong><em>rendement de farine de ma\u00efs atteignant 350 kg.<\/em><\/strong><\/p>    <p class=\"translation-block\">Pour r\u00e9pondre aux besoins des diff\u00e9rents clients, nous avons produit cinq mod\u00e8les diff\u00e9rents de machines \u00e0 gruau de ma\u00efs : <strong><em>T1, <\/em><\/strong><em>T2<\/em><strong><em>, T3, <\/em><\/strong><em>C2,<\/em><strong><em> <\/em><\/strong><em>et PH.<\/em> Ces mod\u00e8les diff\u00e8rent en termes de capacit\u00e9 de production, d'apparence et de fonctions. Le ma\u00efs peut d'abord \u00eatre trait\u00e9 avec une <strong><a href=\"https:\/\/maizemachine.com\/fr\/product\/multifunctional-maize-thresher-machine\/\">machine \u00e0 battre le ma\u00efs<\/a><\/strong> avant de subir un traitement ult\u00e9rieur.<\/p>   <div class=\"wp-block-image\"> <figure class=\"aligncenter size-full\"><img loading=\"lazy\" decoding=\"async\" width=\"720\" height=\"540\" src=\"http:\/\/maizemachine.com\/wp-content\/uploads\/2023\/08\/multifuctional-maize-grits-making-machine.webp\" alt=\"gruau de ma\u00efs multifonctionnel faisant la machine\" class=\"wp-image-332\" title=\"\" srcset=\"https:\/\/maizemachine.com\/wp-content\/uploads\/2023\/08\/multifuctional-maize-grits-making-machine.webp 720w, https:\/\/maizemachine.com\/wp-content\/uploads\/2023\/08\/multifuctional-maize-grits-making-machine-300x225.webp 300w\" sizes=\"auto, (max-width: 720px) 100vw, 720px\" \/><figcaption class=\"wp-element-caption\">gruau de ma\u00efs multifonctionnel faisant la machine<\/figcaption><\/figure> <\/div>   <h2 class=\"wp-block-heading\">La fonction de la machine de fabrication de gruau de ma\u00efs<\/h2>    <p>La machine \u00e0 semoule de ma\u00efs est un \u00e9quipement de pointe qui offre une solution compl\u00e8te pour transformer les grains de ma\u00efs en semoule de ma\u00efs de haute qualit\u00e9. <\/p>    <p>Avec des fonctionnalit\u00e9s telles que le nettoyage, le d\u00e9corticage, l'\u00e9limination des germes, l'\u00e9limination des racines, l'\u00e9limination du nombril noir, le broyage et le classement, cette machine \u00e0 fabriquer des semoules de ma\u00efs \u00e9limine le besoin de plusieurs processus autonomes.<\/p>    <p class=\"translation-block\"> Elle est m\u00eame capable de produire du gruau de ma\u00efs de diff\u00e9rentes tailles et qualit\u00e9s de grains, r\u00e9pondant ainsi \u00e0 diverses exigences culinaires. Si vous souhaitez simplement obtenir de la farine de ma\u00efs, nous avons une <a href=\"https:\/\/maizemachine.com\/fr\/product\/corn-hammer-mill-machine\/\">machine de mouture de ma\u00efs<\/a> sp\u00e9ciale \u00e0 vendre.<\/p>   <div class=\"wp-block-image\"> <figure class=\"aligncenter size-full\"><img loading=\"lazy\" decoding=\"async\" width=\"720\" height=\"540\" src=\"http:\/\/maizemachine.com\/wp-content\/uploads\/2022\/08\/finished-products.webp\" alt=\"produits finis\" class=\"wp-image-53\" title=\"\" srcset=\"https:\/\/maizemachine.com\/wp-content\/uploads\/2022\/08\/finished-products.webp 720w, https:\/\/maizemachine.com\/wp-content\/uploads\/2022\/08\/finished-products-300x225.webp 300w\" sizes=\"auto, (max-width: 720px) 100vw, 720px\" \/><figcaption class=\"wp-element-caption\">produits finis<\/figcaption><\/figure> <\/div>   <h2 class=\"wp-block-heading\">Processus de fabrication du gruau de ma\u00efs<\/h2>    <p class=\"translation-block\">La s\u00e9quence op\u00e9rationnelle du <strong><em>Broyeur de Gruau de Ma\u00efs<\/em><\/strong> est strat\u00e9giquement con\u00e7ue pour maximiser l'efficacit\u00e9. <\/p>    <p>Le processus de fabrication de la semoule de ma\u00efs commence par le retrait de l'enveloppe de ma\u00efs, suivi de la s\u00e9paration des grains de ma\u00efs individuels. Ces grains sont ensuite introduits dans le canal d'entr\u00e9e de la machine, o\u00f9 ils subissent une s\u00e9rie de processus, aboutissant \u00e0 la production de semoule de ma\u00efs de haute qualit\u00e9. <\/p>    <p>La polyvalence de la machine lui permet de produire trois produits de ma\u00efs distincts : des semoules de ma\u00efs grossi\u00e8res, des semoules de ma\u00efs fines et de la farine de ma\u00efs.<\/p>    <figure class=\"wp-block-embed is-type-video is-provider-youtube wp-block-embed-youtube wp-embed-aspect-16-9 wp-has-aspect-ratio\"><div class=\"wp-block-embed__wrapper\"> <iframe loading=\"lazy\" title=\"Machine de fabrication de gruau de ma\u00efs | Vid\u00e9o de test de la fraiseuse de gruau de ma\u00efs\" width=\"500\" height=\"281\" src=\"https:\/\/www.youtube.com\/embed\/G54e1Zb1bxo?feature=oembed\" frameborder=\"0\" allow=\"accelerometer; autoplay; clipboard-write; encrypted-media; gyroscope; picture-in-picture; web-share\" referrerpolicy=\"strict-origin-when-cross-origin\" allowfullscreen><\/iframe> <\/div><\/figure>    <h3 class=\"wp-block-heading\">Param\u00e8tres techniques de la fraiseuse de gruau de ma\u00efs<\/h3>    <h3 class=\"wp-block-heading has-text-align-center\">Type T1<\/h3>    <figure class=\"wp-block-table\"><table><tbody><tr><td>Mod\u00e8le<\/td><td>T1<\/td><\/tr><tr><td>Pouvoir<\/td><td>7,5 kW<\/td><\/tr><tr><td>Capacit\u00e9<\/td><td>1000kg<\/td><\/tr><tr><td>Vitesse de broche<\/td><td>1150 tr\/min<\/td><\/tr><tr><td>Tension nominale<\/td><td>380v<\/td><\/tr><\/tbody><\/table><\/figure>   <div class=\"wp-block-image\"> <figure class=\"aligncenter size-full\"><img loading=\"lazy\" decoding=\"async\" width=\"720\" height=\"540\" src=\"https:\/\/maizemachine.com\/wp-content\/uploads\/2023\/08\/T1.webp\" alt=\"T1\" class=\"wp-image-466\" title=\"\" srcset=\"https:\/\/maizemachine.com\/wp-content\/uploads\/2023\/08\/T1.webp 720w, https:\/\/maizemachine.com\/wp-content\/uploads\/2023\/08\/T1-300x225.webp 300w, https:\/\/maizemachine.com\/wp-content\/uploads\/2023\/08\/T1-16x12.webp 16w\" sizes=\"auto, (max-width: 720px) 100vw, 720px\" \/><figcaption class=\"wp-element-caption\">T1<\/figcaption><\/figure> <\/div>   <p>Ci-dessus se trouvent les param\u00e8tres de la machine \u00e0 semoule de ma\u00efs. La puissance de cette machine est de 7,5 kW. La capacit\u00e9 de production est de 1000 kg\/h. Si vous avez d'autres besoins, n'h\u00e9sitez pas \u00e0 nous contacter.<\/p>    <h3 class=\"wp-block-heading has-text-align-center\">Type T3<\/h3>    <figure class=\"wp-block-table\"><table><tbody><tr><td>Mod\u00e8le<\/td><td>T3<\/td><\/tr><tr><td>Pouvoir<\/td><td>7,5 kW + 4 kW<\/td><\/tr><tr><td>Capacit\u00e9<\/td><td>300-400Kg\/h<\/td><\/tr><tr><td>Dimensions<\/td><td>140*230*130CM<\/td><\/tr><tr><td>Tension nominale<\/td><td>380v<\/td><\/tr><\/tbody><\/table><\/figure>   <div class=\"wp-block-image\"> <figure class=\"aligncenter size-full\"><img loading=\"lazy\" decoding=\"async\" width=\"720\" height=\"540\" src=\"https:\/\/maizemachine.com\/wp-content\/uploads\/2023\/08\/T3.webp\" alt=\"T3\" class=\"wp-image-467\" title=\"\" srcset=\"https:\/\/maizemachine.com\/wp-content\/uploads\/2023\/08\/T3.webp 720w, https:\/\/maizemachine.com\/wp-content\/uploads\/2023\/08\/T3-300x225.webp 300w, https:\/\/maizemachine.com\/wp-content\/uploads\/2023\/08\/T3-16x12.webp 16w\" sizes=\"auto, (max-width: 720px) 100vw, 720px\" \/><figcaption class=\"wp-element-caption\">T3<\/figcaption><\/figure> <\/div>   <h3 class=\"wp-block-heading has-text-align-center\">Type PH<\/h3>    <figure class=\"wp-block-table\"><table><tbody><tr><td>Mod\u00e8le<\/td><td>PH<\/td><\/tr><tr><td>Pouvoir<\/td><td>11kw<\/td><\/tr><tr><td>Capacit\u00e9<\/td><td>300kg\/h<\/td><\/tr><tr><td>Dimensions<\/td><td>200*130*65CM<\/td><\/tr><tr><td>Tension nominale<\/td><td>380v<\/td><\/tr><\/tbody><\/table><\/figure>   <div class=\"wp-block-image\"> <figure class=\"aligncenter size-full\"><img loading=\"lazy\" decoding=\"async\" width=\"720\" height=\"540\" src=\"https:\/\/maizemachine.com\/wp-content\/uploads\/2023\/08\/PH.webp\" alt=\"PH\" class=\"wp-image-469\" title=\"\" srcset=\"https:\/\/maizemachine.com\/wp-content\/uploads\/2023\/08\/PH.webp 720w, https:\/\/maizemachine.com\/wp-content\/uploads\/2023\/08\/PH-300x225.webp 300w, https:\/\/maizemachine.com\/wp-content\/uploads\/2023\/08\/PH-16x12.webp 16w\" sizes=\"auto, (max-width: 720px) 100vw, 720px\" \/><figcaption class=\"wp-element-caption\">PH<\/figcaption><\/figure> <\/div>   <h3 class=\"wp-block-heading has-text-align-center\">Type C2<\/h3>    <figure class=\"wp-block-table\"><table><tbody><tr><td>Mod\u00e8le<\/td><td>C2<\/td><\/tr><tr><td>Pouvoir<\/td><td>7,5 kW<\/td><\/tr><tr><td>Capacit\u00e9<\/td><td>300-400kg\/heure<\/td><\/tr><tr><td>Dimensions<\/td><td>190*60*130CM<\/td><\/tr><tr><td>Tension nominale<\/td><td>380v<\/td><\/tr><\/tbody><\/table><\/figure>   <div class=\"wp-block-image\"> <figure class=\"aligncenter size-full\"><img loading=\"lazy\" decoding=\"async\" width=\"720\" height=\"540\" src=\"https:\/\/maizemachine.com\/wp-content\/uploads\/2023\/08\/C2.webp\" alt=\"C2\" class=\"wp-image-468\" title=\"\" srcset=\"https:\/\/maizemachine.com\/wp-content\/uploads\/2023\/08\/C2.webp 720w, https:\/\/maizemachine.com\/wp-content\/uploads\/2023\/08\/C2-300x225.webp 300w, https:\/\/maizemachine.com\/wp-content\/uploads\/2023\/08\/C2-16x12.webp 16w\" sizes=\"auto, (max-width: 720px) 100vw, 720px\" \/><figcaption class=\"wp-element-caption\">C2<\/figcaption><\/figure> <\/div>   <p class=\"translation-block\">Parmi les mod\u00e8les disponibles, les <strong><em>T1 et T3<\/em><\/strong> sont nos meilleures recommandations en raison de leurs fonctionnalit\u00e9s am\u00e9lior\u00e9es et de leur excellent rapport co\u00fbt-efficacit\u00e9. N'h\u00e9sitez pas \u00e0 nous contacter pour plus de d\u00e9tails sur ces machines.<\/p>    <h2 class=\"wp-block-heading\">Quels sont les avantages de la machine de fabrication de gruau de ma\u00efs ?<\/h2>    <ul class=\"wp-block-list\"> <li><strong>Multifonctionnalit\u00e9 :<\/strong> La machine de fabrication de semoule de ma\u00efs int\u00e8gre plusieurs \u00e9tapes de traitement, y compris le nettoyage, le d\u00e9corticage, le d\u00e9sembryonnage, le d\u00e9ro\u00fbtage, le broyage, le classement et le polissage, le tout en une seule op\u00e9ration. Cette polyvalence am\u00e9liore non seulement l'efficacit\u00e9 du traitement, mais r\u00e9duit \u00e9galement les co\u00fbts de main-d'\u0153uvre et de temps.<\/li>    <li><strong>Traitement Pr\u00e9cis : <\/strong>La machine est capable de produire de la semoule de ma\u00efs de diff\u00e9rentes tailles de grain et de diff\u00e9rents grades, pr\u00e9cis\u00e9ment selon les besoins.<\/li>    <li><strong>Haute qualit\u00e9 des produits finis :<\/strong> La machine \u00e0 fabriquer des semoules de ma\u00efs garantit la coh\u00e9rence de la qualit\u00e9 et du go\u00fbt des semoules produites gr\u00e2ce \u00e0 des proc\u00e9dures de traitement standardis\u00e9es. Cela aide \u00e0 r\u00e9pondre \u00e0 la demande des consommateurs pour des aliments de haute qualit\u00e9.<\/li>    <li><strong>Haute capacit\u00e9 et efficacit\u00e9 exceptionnelle : <\/strong>Avec une capacit\u00e9 de traitement de <strong>1000kg<\/strong> par heure, elle est id\u00e9ale pour les grains de taille moyenne \u00e0 grande.<\/li>    <li><strong>Performance moteur puissante :<\/strong> \u00c9quip\u00e9 d'un <strong>7,5 kW<\/strong> moteur de qualit\u00e9 industrielle pour une puissance de sortie forte et stable.<\/li>    <li><strong>Utilisation conviviale et entretien facile : <\/strong>Panneau de contr\u00f4le simple et intuitif\u2014facile \u00e0 utiliser m\u00eame pour des travailleurs non qualifi\u00e9s apr\u00e8s une br\u00e8ve formation.<\/li> <\/ul>   <div class=\"wp-block-image\"> <figure class=\"aligncenter size-full\"><img loading=\"lazy\" decoding=\"async\" width=\"720\" height=\"540\" src=\"http:\/\/maizemachine.com\/wp-content\/uploads\/2023\/08\/corn-grits-milling-machine-for-sale.webp\" alt=\"fraiseuse de gruau de ma\u00efs \u00e0 vendre\" class=\"wp-image-328\" title=\"\" srcset=\"https:\/\/maizemachine.com\/wp-content\/uploads\/2023\/08\/corn-grits-milling-machine-for-sale.webp 720w, https:\/\/maizemachine.com\/wp-content\/uploads\/2023\/08\/corn-grits-milling-machine-for-sale-300x225.webp 300w\" sizes=\"auto, (max-width: 720px) 100vw, 720px\" \/><figcaption class=\"wp-element-caption\">fraiseuse de gruau de ma\u00efs \u00e0 vendre<\/figcaption><\/figure> <\/div>   <h2 class=\"wp-block-heading\">Comment fonctionne la machine \u00e0 moudre le ma\u00efs ?<\/h2>    <h3 class=\"wp-block-heading\">\u00c9pluchage de ma\u00efs<\/h3>    <p>Le pelage humide est g\u00e9n\u00e9ralement adopt\u00e9, n\u00e9cessitant que la teneur en humidit\u00e9 du ma\u00efs atteigne 16 \u00e0 17 % avant d'entrer dans la machine. Le temps de trempage doit \u00eatre d'environ 10 minutes. La condition id\u00e9ale est lorsque la peau du ma\u00efs peut \u00eatre facilement pel\u00e9e avec un ongle.<br>Remarque : Les grains de ma\u00efs avec de l'eau de surface visible sont strictement interdits d'entrer dans la machine, car cela peut provoquer un blocage de la machine. \u00c9vitez \u00e9galement un temps de trempage excessif. Le processus d'\u00e9pluchage doit \u00eatre effectu\u00e9 deux fois pour garantir un retrait complet.<\/p>    <h3 class=\"wp-block-heading\">Fonctionnement<\/h3>    <ul class=\"wp-block-list\"> <li>D\u00e9marrez la machine et attendez qu'elle fonctionne de mani\u00e8re stable. Ensuite, ouvrez progressivement la porte d'alimentation et ajustez le flux de mat\u00e9riel en fonction de la charge du moteur.<\/li> <\/ul>    <ul class=\"wp-block-list\"> <li>Si, lors de l'op\u00e9ration initiale, la qualit\u00e9 du ma\u00efs d\u00e9cortiqu\u00e9 ou des semoules n'est pas satisfaisante, le mat\u00e9riau doit \u00eatre renvoy\u00e9 pour un nouveau d\u00e9corticage.<\/li> <\/ul>    <ul class=\"wp-block-list\"> <li>Pendant le fonctionnement de la machine, surveillez toujours le bruit de la machine. Si un bruit anormal se produit, arr\u00eatez imm\u00e9diatement la machine pour inspection.<\/li> <\/ul>    <ul class=\"wp-block-list\"> <li>En cas de bourrage, fermez rapidement la porte d'alimentation, r\u00e9duisez la pression de sortie, faites lentement tourner la poulie du moteur \u00e0 la main, ou retirez le cadre de tamis pour d\u00e9gager le blocage. Ensuite, red\u00e9marrez la machine pour reprendre un fonctionnement normal.<\/li> <\/ul>    <h3 class=\"wp-block-heading\">Arr\u00eat<\/h3>    <p>Avant d'\u00e9teindre, fermez la porte d'alimentation pour arr\u00eater l'alimentation. Tirez l\u00e9g\u00e8rement sur la plaque de d\u00e9charge et laissez la machine fonctionner pendant environ 30 secondes avant de couper l'alimentation.<\/p>    <h2 class=\"wp-block-heading\">Applications du gruau de ma\u00efs<\/h2>    <p class=\"translation-block\">Le gruau de ma\u00efs est un ingr\u00e9dient polyvalent qui a un large \u00e9ventail d'applications dans diverses cuisines et pr\u00e9parations alimentaires. Le gruau de ma\u00efs peut \u00eatre utilis\u00e9 pour pr\u00e9parer une vari\u00e9t\u00e9 d'aliments tels que la <strong><em>bouillie de ma\u00efs, le pain de ma\u00efs, les p\u00e2tisseries de ma\u00efs, les chips de ma\u00efs, les g\u00e2teaux de ma\u00efs, les p\u00e2tes de gruau, la soupe de gruau et les desserts de gruau.<\/em><\/strong><\/p>   <div class=\"wp-block-image\"> <figure class=\"aligncenter size-full\"><img loading=\"lazy\" decoding=\"async\" width=\"720\" height=\"540\" src=\"https:\/\/maizemachine.com\/wp-content\/uploads\/2023\/08\/Deep-Processing-of-Corn.webp\" alt=\"Transformation approfondie du ma\u00efs\" class=\"wp-image-470\" title=\"\" srcset=\"https:\/\/maizemachine.com\/wp-content\/uploads\/2023\/08\/Deep-Processing-of-Corn.webp 720w, https:\/\/maizemachine.com\/wp-content\/uploads\/2023\/08\/Deep-Processing-of-Corn-300x225.webp 300w, https:\/\/maizemachine.com\/wp-content\/uploads\/2023\/08\/Deep-Processing-of-Corn-16x12.webp 16w\" sizes=\"auto, (max-width: 720px) 100vw, 720px\" \/><figcaption class=\"wp-element-caption\">Transformation approfondie du ma\u00efs<\/figcaption><\/figure> <\/div>   <h2 class=\"wp-block-heading\">L\u2019application de la machine \u00e0 gruau de ma\u00efs sur le march\u00e9 mondial<\/h2>    <p>La polyvalence et l'efficacit\u00e9 de la machine de fabrication de gruau de ma\u00efs ont conduit \u00e0 son adoption dans de nombreux pays, notamment aux Philippines, au Timor oriental, au Bangladesh, au Kenya, au Burkina Faso, en Angola, en Zambie et en Somalie. Ces machines ont consid\u00e9rablement am\u00e9lior\u00e9 les capacit\u00e9s de transformation du ma\u00efs dans ces r\u00e9gions, permettant la production de gruau de ma\u00efs homog\u00e8ne et de premi\u00e8re qualit\u00e9.<\/p>   <div class=\"wp-block-image\"> <figure class=\"aligncenter size-full\"><img loading=\"lazy\" decoding=\"async\" width=\"720\" height=\"540\" src=\"http:\/\/maizemachine.com\/wp-content\/uploads\/2023\/08\/corn-grits-machine-shipped-to-usa.webp\" alt=\"machine \u00e0 gruau de ma\u00efs exp\u00e9di\u00e9e aux \u00c9tats-Unis\" class=\"wp-image-325\" title=\"\" srcset=\"https:\/\/maizemachine.com\/wp-content\/uploads\/2023\/08\/corn-grits-machine-shipped-to-usa.webp 720w, https:\/\/maizemachine.com\/wp-content\/uploads\/2023\/08\/corn-grits-machine-shipped-to-usa-300x225.webp 300w\" sizes=\"auto, (max-width: 720px) 100vw, 720px\" \/><figcaption class=\"wp-element-caption\">machine \u00e0 gruau de ma\u00efs exp\u00e9di\u00e9e aux \u00c9tats-Unis<\/figcaption><\/figure> <\/div>   <h2 class=\"wp-block-heading\">Comment acqu\u00e9rir une fraiseuse \u00e0 gruau de ma\u00efs ?<\/h2>    <p>Pour ceux qui cherchent \u00e0 investir dans une machine \u00e0 fabriquer de la semoule de ma\u00efs, contacter Taizy Corn Machinery est un choix judicieux. Avec une gamme de mod\u00e8les disponibles, Taizy Corn Machinery propose des solutions sur mesure pour r\u00e9pondre \u00e0 divers besoins de transformation. Pour explorer leurs offres ou effectuer un achat, les parties int\u00e9ress\u00e9es peuvent les contacter facilement. <\/p>   <div class=\"wp-block-image\"> <figure class=\"aligncenter size-full\"><img loading=\"lazy\" decoding=\"async\" width=\"720\" height=\"540\" src=\"http:\/\/maizemachine.com\/wp-content\/uploads\/2023\/08\/maize-grits-making-machine-for-sale.webp\" alt=\"gruau de ma\u00efs faisant la machine \u00e0 vendre\" class=\"wp-image-331\" title=\"\" srcset=\"https:\/\/maizemachine.com\/wp-content\/uploads\/2023\/08\/maize-grits-making-machine-for-sale.webp 720w, https:\/\/maizemachine.com\/wp-content\/uploads\/2023\/08\/maize-grits-making-machine-for-sale-300x225.webp 300w\" sizes=\"auto, (max-width: 720px) 100vw, 720px\" \/><figcaption class=\"wp-element-caption\">gruau de ma\u00efs faisant la machine \u00e0 vendre<\/figcaption><\/figure> <\/div>   <h2 class=\"wp-block-heading\">Taizy Corn Machinery\u00a0: un fabricant leader en Chine<\/h2>    <p class=\"translation-block\">Lorsqu'il s'agit de fabricants de machines \u00e0 ma\u00efs, Taizy <a href=\"https:\/\/maizemachine.com\/fr\/\">Corn Machinery<\/a> est in\u00e9vitablement sous les feux de la rampe. R\u00e9put\u00e9e pour son expertise et son engagement envers la qualit\u00e9, Taizy Corn Machinery s'est impos\u00e9e comme un nom de premier plan dans l'industrie. Notre machine \u00e0 gruau de ma\u00efs incarne la pr\u00e9cision de l'ing\u00e9nierie et l'innovation, r\u00e9pondant aux demandes d'un paysage de transformation alimentaire en \u00e9volution rapide.<\/p>    <p>La machine de fabrication de gruau de ma\u00efs t\u00e9moigne du progr\u00e8s technologique dans l\u2019industrie de la transformation alimentaire. Sa capacit\u00e9 \u00e0 rationaliser les diff\u00e9rentes \u00e9tapes de transformation du ma\u00efs, associ\u00e9e \u00e0 son application mondiale, souligne son importance. Avec Taizy Corn Machinery \u00e0 la t\u00eate de l\u2019excellence en mati\u00e8re de fabrication, les parties int\u00e9ress\u00e9es peuvent se tourner en toute confiance vers nous pour leurs besoins en mati\u00e8re de transformation du ma\u00efs.<\/p>    <h2 class=\"wp-block-heading\">Recommandations d'\u00e9quipement de transformation du ma\u00efs<\/h2>    <div class=\"wp-block-columns is-layout-flex wp-container-core-columns-is-layout-9d6595d7 wp-block-columns-is-layout-flex\"> <div class=\"wp-block-column is-layout-flow wp-block-column-is-layout-flow\"> <figure class=\"wp-block-embed is-type-wp-embed is-provider-maize-machine wp-block-embed-maize-machine\"><div class=\"wp-block-embed__wrapper\"> <blockquote class=\"wp-embedded-content\" data-secret=\"Ff4nu8J8S5\"><a href=\"https:\/\/maizemachine.com\/fr\/product\/2-row-corn-picker\/\">Cueilleur de ma\u00efs \u00e0 2 rang\u00e9es | R\u00e9colteuse de ma\u00efs \u00e0 2 rangs<\/a><\/blockquote><iframe loading=\"lazy\" class=\"wp-embedded-content\" sandbox=\"allow-scripts\" security=\"restricted\" style=\"position: absolute; visibility: hidden;\" title=\"\u00ab Ramasseuse de ma\u00efs \u00e0 2 rang\u00e9es | Moissonneuse de ma\u00efs \u00e0 2 rang\u00e9es \u00bb \u2014 Machine \u00e0 ma\u00efs\" src=\"https:\/\/maizemachine.com\/product\/2-row-corn-picker\/embed\/#?secret=SCskyf9Z0v#?secret=Ff4nu8J8S5\" data-secret=\"Ff4nu8J8S5\" width=\"500\" height=\"282\" frameborder=\"0\" marginwidth=\"0\" marginheight=\"0\" scrolling=\"no\"><\/iframe> <\/div><\/figure> <\/div>    <div class=\"wp-block-column is-layout-flow wp-block-column-is-layout-flow\"> <figure class=\"wp-block-embed is-type-wp-embed is-provider-maize-machine wp-block-embed-maize-machine\"><div class=\"wp-block-embed__wrapper\"> <blockquote class=\"wp-embedded-content\" data-secret=\"eOCgqfwYH7\"><a href=\"https:\/\/maizemachine.com\/fr\/product\/multifunctional-maize-thresher-machine\/\">Batteuse de ma\u00efs multifonctionnelle \u00e0 vendre<\/a><\/blockquote><iframe loading=\"lazy\" class=\"wp-embedded-content\" sandbox=\"allow-scripts\" security=\"restricted\" style=\"position: absolute; visibility: hidden;\" title=\"\u00ab Machine \u00e0 d\u00e9cortiquer le ma\u00efs multifonctionnelle \u00e0 vendre \u00bb \u2014 Machine \u00e0 ma\u00efs\" src=\"https:\/\/maizemachine.com\/product\/multifunctional-maize-thresher-machine\/embed\/#?secret=Cmn9PRgbde#?secret=eOCgqfwYH7\" data-secret=\"eOCgqfwYH7\" width=\"500\" height=\"282\" frameborder=\"0\" marginwidth=\"0\" marginheight=\"0\" scrolling=\"no\"><\/iframe> <\/div><\/figure> <\/div> <\/div>    <p><\/p>","protected":false},"excerpt":{"rendered":"<p>La machine \u00e0 fabriquer de la semoule de ma\u00efs est un \u00e9quipement con\u00e7u pour transformer les grains de ma\u00efs en semoule de ma\u00efs, qui sont des particules grossi\u00e8res de ma\u00efs utilis\u00e9es dans diverses applications culinaires.<\/p>","protected":false},"author":1,"featured_media":329,"parent":0,"template":"","tags":[23],"product-type":[10],"class_list":["post-323","product","type-product","status-publish","has-post-thumbnail","hentry","tag-corn-grits","product-type-corn-milling-machine"],"_links":{"self":[{"href":"https:\/\/maizemachine.com\/fr\/wp-json\/wp\/v2\/product\/323","targetHints":{"allow":["GET"]}}],"collection":[{"href":"https:\/\/maizemachine.com\/fr\/wp-json\/wp\/v2\/product"}],"about":[{"href":"https:\/\/maizemachine.com\/fr\/wp-json\/wp\/v2\/types\/product"}],"author":[{"embeddable":true,"href":"https:\/\/maizemachine.com\/fr\/wp-json\/wp\/v2\/users\/1"}],"wp:featuredmedia":[{"embeddable":true,"href":"https:\/\/maizemachine.com\/fr\/wp-json\/wp\/v2\/media\/329"}],"wp:attachment":[{"href":"https:\/\/maizemachine.com\/fr\/wp-json\/wp\/v2\/media?parent=323"}],"wp:term":[{"taxonomy":"post_tag","embeddable":true,"href":"https:\/\/maizemachine.com\/fr\/wp-json\/wp\/v2\/tags?post=323"},{"taxonomy":"product-type","embeddable":true,"href":"https:\/\/maizemachine.com\/fr\/wp-json\/wp\/v2\/product-type?post=323"}],"curies":[{"name":"wp","href":"https:\/\/api.w.org\/{rel}","templated":true}]}}