{"id":278,"date":"2023-03-08T17:21:19","date_gmt":"2023-03-08T09:21:19","guid":{"rendered":"https:\/\/maizemachine.com\/?post_type=product&#038;p=278"},"modified":"2025-12-30T17:39:31","modified_gmt":"2025-12-30T09:39:31","slug":"multifunctional-maize-thresher-machine","status":"publish","type":"product","link":"https:\/\/maizemachine.com\/fr\/product\/multifunctional-maize-thresher-machine\/","title":{"rendered":"Machine de battage multifonctionnelle de ma\u00efs de 2-4 tonnes\/h \u00e0 vendre"},"content":{"rendered":"<p>The multifunctional maize thresher machine is a machine for threshing maize, soybeans, sorghum, broad beans, rice, and other crops. Users only need to replace the screen to achieve the threshing of different crops. <\/p>   <div class=\"wp-block-image\"> <figure class=\"aligncenter size-full\"><img loading=\"lazy\" decoding=\"async\" width=\"720\" height=\"540\" src=\"https:\/\/maizemachine.com\/wp-content\/uploads\/2023\/03\/Multifunctional-Maize-Thresher-Machine.webp\" alt=\"Batteuse de ma\u00efs multifonctionnelle\" class=\"wp-image-640\" title=\"\" srcset=\"https:\/\/maizemachine.com\/wp-content\/uploads\/2023\/03\/Multifunctional-Maize-Thresher-Machine.webp 720w, https:\/\/maizemachine.com\/wp-content\/uploads\/2023\/03\/Multifunctional-Maize-Thresher-Machine-300x225.webp 300w, https:\/\/maizemachine.com\/wp-content\/uploads\/2023\/03\/Multifunctional-Maize-Thresher-Machine-16x12.webp 16w\" sizes=\"auto, (max-width: 720px) 100vw, 720px\" \/><figcaption class=\"wp-element-caption\">Batteuse de ma\u00efs multifonctionnelle<\/figcaption><\/figure> <\/div>   <p class=\"translation-block\">This maize thresher machine can process <strong><em>2\u20134<\/em><\/strong> tons of corn <strong><em>per hour<\/em><\/strong>, <strong><em>1\u20132<\/em><\/strong> tons of sorghum or millet, and <strong><em>0.5\u20130.8<\/em><\/strong> tons of soybeans.<\/p>    <p>The machine can be equipped with large tires and a sturdy frame for easy movement. It has two big fans to blow away light impurities, and a vibrating sieve to remove small dirt, stones, or shriveled seeds, so the threshed corn is very clean.<\/p>    <p class=\"translation-block\">At Taizy Machinery, we not only have multifunctional large corn threshers, but also small <a href=\"https:\/\/maizemachine.com\/fr\/product\/maize-sheller\/\">corn sheller machine<\/a>s and <a href=\"https:\/\/maizemachine.com\/fr\/product\/sweet-corn-sheller\/\">sweet corn sheller<\/a>s for sale. The machine color is optional. Our factory often produces maize threshers in red and green.<\/p>    <h2 class=\"wp-block-heading\">Conception de batteuse de ma\u00efs multifonctionnelle<\/h2>    <p class=\"translation-block\">The machine is mainly composed of a <strong>feed inlet, blower, impurity outlet, secondary screening part, double fan, vibrating screen, frame, standing plate, big wheel, threshing part, and discharge port.<\/strong> The picture below is the structural diagram of the machine.<\/p>   <div class=\"wp-block-image\"> <figure class=\"aligncenter size-full\"><img loading=\"lazy\" decoding=\"async\" width=\"720\" height=\"540\" src=\"http:\/\/maizemachine.com\/wp-content\/uploads\/2023\/03\/structure-of-corn-sheller.webp\" alt=\"structure de la d\u00e9cortiqueuse de ma\u00efs\" class=\"wp-image-284\" title=\"\" srcset=\"https:\/\/maizemachine.com\/wp-content\/uploads\/2023\/03\/structure-of-corn-sheller.webp 720w, https:\/\/maizemachine.com\/wp-content\/uploads\/2023\/03\/structure-of-corn-sheller-300x225.webp 300w\" sizes=\"auto, (max-width: 720px) 100vw, 720px\" \/><figcaption class=\"wp-element-caption\">structure de la d\u00e9cortiqueuse de ma\u00efs<\/figcaption><\/figure> <\/div>   <div class=\"wp-block-columns is-layout-flex wp-container-core-columns-is-layout-9d6595d7 wp-block-columns-is-layout-flex\"> <div class=\"wp-block-column is-layout-flow wp-block-column-is-layout-flow\"> <details class=\"wp-block-details is-layout-flow wp-block-details-is-layout-flow\"><summary>Feed hopper<\/summary> <p>Used to put in corn cobs or crops, ensuring even feeding into the threshing chamber.<\/p> <\/details> <\/div>    <div class=\"wp-block-column is-layout-flow wp-block-column-is-layout-flow\"> <details class=\"wp-block-details is-layout-flow wp-block-details-is-layout-flow\"><summary>Blower<\/summary> <p>Provides airflow to blow away light impurities like corn husks and straw pieces.<\/p> <\/details> <\/div> <\/div>    <div class=\"wp-block-columns is-layout-flex wp-container-core-columns-is-layout-9d6595d7 wp-block-columns-is-layout-flex\"> <div class=\"wp-block-column is-layout-flow wp-block-column-is-layout-flow\"> <details class=\"wp-block-details is-layout-flow wp-block-details-is-layout-flow\"><summary>Impurity outlet<\/summary> <p>Discharges the impurities blown out by the blower, preventing them from mixing with the clean corn.<\/p> <\/details> <\/div>    <div class=\"wp-block-column is-layout-flow wp-block-column-is-layout-flow\"> <details class=\"wp-block-details is-layout-flow wp-block-details-is-layout-flow\"><summary>Secondary screening part<\/summary> <p>Performs a second screening of threshed corn to remove any remaining impurities.<\/p> <\/details> <\/div> <\/div>    <div class=\"wp-block-columns is-layout-flex wp-container-core-columns-is-layout-9d6595d7 wp-block-columns-is-layout-flex\"> <div class=\"wp-block-column is-layout-flow wp-block-column-is-layout-flow\"> <details class=\"wp-block-details is-layout-flow wp-block-details-is-layout-flow\"><summary>Double fan<\/summary> <p>Increases airflow to improve impurity removal, ensuring clean and tidy corn.<\/p> <\/details> <\/div>    <div class=\"wp-block-column is-layout-flow wp-block-column-is-layout-flow\"> <details class=\"wp-block-details is-layout-flow wp-block-details-is-layout-flow\"><summary>Vibrating screen<\/summary> <p>Uses vibration to separate corn kernels from impurities completely.<\/p> <\/details> <\/div> <\/div>    <div class=\"wp-block-columns is-layout-flex wp-container-core-columns-is-layout-9d6595d7 wp-block-columns-is-layout-flex\"> <div class=\"wp-block-column is-layout-flow wp-block-column-is-layout-flow\"> <details class=\"wp-block-details is-layout-flow wp-block-details-is-layout-flow\"><summary>Standing plate<\/summary> <p>Holds the drum or threshing parts in place, providing stable support.<\/p> <\/details> <\/div>    <div class=\"wp-block-column is-layout-flow wp-block-column-is-layout-flow\"> <details class=\"wp-block-details is-layout-flow wp-block-details-is-layout-flow\"><summary>Big wheel<\/summary> <p>Drives or adjusts the drum speed, transmitting power to the threshing drum.<\/p> <\/details> <\/div> <\/div>    <div class=\"wp-block-columns is-layout-flex wp-container-core-columns-is-layout-9d6595d7 wp-block-columns-is-layout-flex\"> <div class=\"wp-block-column is-layout-flow wp-block-column-is-layout-flow\"> <details class=\"wp-block-details is-layout-flow wp-block-details-is-layout-flow\"><summary>Threshing part<\/summary> <p>A core component that removes kernels from corn cobs through friction and impact.<\/p> <\/details> <\/div>    <div class=\"wp-block-column is-layout-flow wp-block-column-is-layout-flow\"> <details class=\"wp-block-details is-layout-flow wp-block-details-is-layout-flow\"><summary>Discharge port<\/summary> <p>Corn kernels and cobs are discharged from separate outlets for easy collection and further use.<\/p> <\/details> <\/div> <\/div>    <h2 class=\"wp-block-heading\">Comment fonctionne une d\u00e9cortiqueuse de ma\u00efs ?<\/h2>    <p>The multifunctional maize thresher works by using rubber or steel rollers to press and rub the corn cobs, causing the kernels to separate from the straw. A blower and sieve then remove impurities, leaving clean kernels.<\/p>    <p>Our multi-functional corn thresher has different models and specifications, and customers can choose the appropriate model according to the needs of users and site conditions.<\/p>   <div class=\"wp-block-image\"> <figure class=\"aligncenter size-full\"><img loading=\"lazy\" decoding=\"async\" width=\"720\" height=\"540\" src=\"http:\/\/maizemachine.com\/wp-content\/uploads\/2023\/03\/multifunctional-maize-threshing-machine.webp\" alt=\"batteuse de ma\u00efs multifonctionnelle\" class=\"wp-image-282\" title=\"\" srcset=\"https:\/\/maizemachine.com\/wp-content\/uploads\/2023\/03\/multifunctional-maize-threshing-machine.webp 720w, https:\/\/maizemachine.com\/wp-content\/uploads\/2023\/03\/multifunctional-maize-threshing-machine-300x225.webp 300w\" sizes=\"auto, (max-width: 720px) 100vw, 720px\" \/><figcaption class=\"wp-element-caption\">batteuse de ma\u00efs multifonctionnelle<\/figcaption><\/figure> <\/div>   <h2 class=\"wp-block-heading\">Param\u00e8tres techniques de la batteuse de ma\u00efs<\/h2>    <figure class=\"wp-block-table\"><table><tbody><tr><td>Mod\u00e8le<\/td><td>5TD-1000<\/td><\/tr><tr><td>Capacit\u00e9 (t\/h)<\/td><td>Ma\u00efs\u00a0:\u00a02-4\u00a0t\/h,\u00a0Sorgho\u00a0et\u00a0mil\u00a0:\u00a01-2 t\/h, Soja\u00a0:\u00a00,5-0,8\u00a0t\/h<\/td><\/tr><tr><td>Pouvoir<\/td><td>15HP diesel engine, 11 motor, PTO<\/td><\/tr><tr><td>Vitesse de l'arbre principal<\/td><td>550\u2013620 tr \/ min<\/td><\/tr><tr><td>3 tamis<\/td><td>Tamis \u00e0 ma\u00efs \u03c618 mm, sorgho, tamis \u00e0 millet \u03c66 mm\u00a0; soja \u03c612mm<\/td><\/tr><tr><td>Poids (kg)<\/td><td>650<\/td><\/tr><tr><td>Taille globale (mm)<\/td><td>3400*2100*1980<\/td><\/tr><tr><td>Taille d'emballage (mm)<\/td><td>2800*740*1400<\/td><\/tr><\/tbody><\/table><\/figure>    <p class=\"translation-block\">It can be seen from the above table that the capacity of the maize threshing machine is <strong><em>2-4t\/h<\/em><\/strong>. If the raw materials processed by the machine are sorghum and millet, the output of the machine is<strong><em> 1-2t\/h. <\/em><\/strong>If the raw material processed by the machine is soybeans, the output of the machine is<strong><em> 0.5-0.8t\/h. <\/em><\/strong>It should be noted that different sizes of screens need to be replaced for processing different raw materials.<\/p>   <div class=\"wp-block-image\"> <figure class=\"aligncenter size-full\"><img loading=\"lazy\" decoding=\"async\" width=\"720\" height=\"540\" src=\"http:\/\/maizemachine.com\/wp-content\/uploads\/2023\/03\/maize-thresher-machine.webp\" alt=\"batteuse de ma\u00efs\" class=\"wp-image-280\" title=\"\" srcset=\"https:\/\/maizemachine.com\/wp-content\/uploads\/2023\/03\/maize-thresher-machine.webp 720w, https:\/\/maizemachine.com\/wp-content\/uploads\/2023\/03\/maize-thresher-machine-300x225.webp 300w\" sizes=\"auto, (max-width: 720px) 100vw, 720px\" \/><figcaption class=\"wp-element-caption\">batteuse de ma\u00efs<\/figcaption><\/figure> <\/div>   <h2 class=\"wp-block-heading\">Avantages de la batteuse de ma\u00efs multifonctionnelle<\/h2>    <ul class=\"wp-block-list\"> <li><strong>Large \u00e9ventail de <\/strong><span style=\"box-sizing: border-box; margin: 0px; padding: 0px;\"><strong>candidatures<\/strong><\/span>: machine \u00e0 \u00e9grener le ma\u00efs multifonctionnelle peut cribler le ma\u00efs, le soja, <strong><a href=\"https:\/\/en.wikipedia.org\/wiki\/Sorghum\" target=\"_blank\" rel=\"noopener\">sorgho<\/a><\/strong>, millet, f\u00e8ve large, orge, bl\u00e9 et autres cultures.<\/li>    <li><strong>Haute efficacit\u00e9 et \u00e9conomie de main-d'\u0153uvre<\/strong>: Battage de 2 \u00e0 4 tonnes de ma\u00efs par heure. Avec 8 heures de travail par jour, il peut remplacer environ 15 \u00e0 25 travailleurs, r\u00e9duisant consid\u00e9rablement les co\u00fbts de main-d'\u0153uvre.<\/li>    <li><strong>Mat\u00e9riaux durables et de haute qualit\u00e9 : <\/strong>Le cadre, le tambour de battage et le tamis sont fabriqu\u00e9s en acier au carbone de haute qualit\u00e9, r\u00e9sistant \u00e0 l'usure et \u00e0 la corrosion.<\/li>    <li><strong>Composants fiables : <\/strong>Les pignons et roulements du tambour sont fabriqu\u00e9s \u00e0 partir de mat\u00e9riaux de haute duret\u00e9, garantissant un fonctionnement stable et un faible taux de panne.<\/li>    <li><strong>Options d'alimentation flexibles :<\/strong> Peut \u00eatre aliment\u00e9 par un moteur diesel de 15 ch, un moteur \u00e9lectrique de 11 kW ou un entra\u00eenement par prise de force, adapt\u00e9 aux zones avec peu d'\u00e9lectricit\u00e9 ou pour le travail sur le terrain.<\/li>    <li><strong>Vitesse optimale :<\/strong> L'arbre principal tourne \u00e0 550\u2013620 tr\/min pour un battage complet avec peu de casse de grains.<\/li>    <li><strong>Facile \u00e0 d\u00e9placer :<\/strong> P\u00e8se 650 kg et peut \u00eatre \u00e9quip\u00e9 de roues pour le transport et l'utilisation sur le terrain.<\/li>    <li><strong>Op\u00e9ration simple :<\/strong> Alimentation \u2192 Battage \u2192 Nettoyage de l'air \u2192 Criblage \u2192 D\u00e9charge ; tout le processus peut \u00eatre effectu\u00e9 par une seule personne.<\/li>    <li><strong>Faible casse et haute int\u00e9grit\u00e9 des grains :<\/strong> Conception optimis\u00e9e des dents du tambour maintient la casse des grains \u2264 2 %, pr\u00e9servant la qualit\u00e9 du ma\u00efs.<\/li>    <li><strong>\u00c9pis intacts : <\/strong>Les \u00e9pis battus peuvent \u00eatre utilis\u00e9s comme aliment ou combustible, ajoutant une valeur suppl\u00e9mentaire.<\/li>    <li><strong>Emballage et transport pratiques :<\/strong> La machine peut \u00eatre d\u00e9mont\u00e9e pour l'emballage. La taille du paquet est de 2800\u00d7740\u00d71400 mm, ce qui facilite la logistique et l'assemblage sur site.<\/li> <\/ul>   <div class=\"wp-block-image\"> <figure class=\"aligncenter size-full\"><img loading=\"lazy\" decoding=\"async\" width=\"720\" height=\"540\" src=\"http:\/\/maizemachine.com\/wp-content\/uploads\/2023\/03\/widely-application.webp\" alt=\"largement application\" class=\"wp-image-285\" title=\"\" srcset=\"https:\/\/maizemachine.com\/wp-content\/uploads\/2023\/03\/widely-application.webp 720w, https:\/\/maizemachine.com\/wp-content\/uploads\/2023\/03\/widely-application-300x225.webp 300w\" sizes=\"auto, (max-width: 720px) 100vw, 720px\" \/><figcaption class=\"wp-element-caption\">largement application<\/figcaption><\/figure> <\/div>   <h2 class=\"wp-block-heading\">Comment utiliser un d\u00e9cortiqueur de ma\u00efs ?<\/h2>    <ol class=\"wp-block-list\"> <li>Connectez la d\u00e9cortiqueuse de ma\u00efs \u00e9lectrique \u00e0 l'alimentation \u00e9lectrique et v\u00e9rifiez si le moteur fonctionne normalement.<\/li>    <li>Mettez l'\u00e9pi de ma\u00efs dans le port d'alimentation de la batteuse.<\/li>    <li>Allumez la batteuse et laissez l'\u00e9pi de ma\u00efs passer \u00e0 travers le rouleau \u00e0 l'int\u00e9rieur de la machine pour le battage. Enfin, les grains de ma\u00efs seront d\u00e9charg\u00e9s du port de d\u00e9chargement.<\/li>    <li>\u00c9teignez la batteuse, nettoyez la soie de ma\u00efs r\u00e9siduelle, la poussi\u00e8re et autres impuret\u00e9s, et gardez la batteuse de ma\u00efs multifonctionnelle propre et intacte.<\/li> <\/ol>   <div class=\"wp-block-image\"> <figure class=\"aligncenter size-full\"><img loading=\"lazy\" decoding=\"async\" width=\"720\" height=\"540\" src=\"https:\/\/maizemachine.com\/wp-content\/uploads\/2023\/05\/Clean-corn-kernels.webp\" alt=\"Grains de ma\u00efs propres\" class=\"wp-image-612\" title=\"\" srcset=\"https:\/\/maizemachine.com\/wp-content\/uploads\/2023\/05\/Clean-corn-kernels.webp 720w, https:\/\/maizemachine.com\/wp-content\/uploads\/2023\/05\/Clean-corn-kernels-300x225.webp 300w, https:\/\/maizemachine.com\/wp-content\/uploads\/2023\/05\/Clean-corn-kernels-16x12.webp 16w\" sizes=\"auto, (max-width: 720px) 100vw, 720px\" \/><figcaption class=\"wp-element-caption\">Grains de ma\u00efs propres<\/figcaption><\/figure> <\/div>   <h2 class=\"wp-block-heading\">Where to buy an electric corn sheller?<\/h2>    <p>Vous pouvez acheter la d\u00e9cortiqueuse pour ma\u00efs en ligne ou dans votre magasin local de mat\u00e9riel agricole. Il existe de nombreux mod\u00e8les de batteuses multifonctions pour ma\u00efs disponibles en ligne, et vous pouvez choisir celui qui convient \u00e0 vos besoins et \u00e0 votre budget. L'achat en ligne vous permet de comparer les prix et les caract\u00e9ristiques des diff\u00e9rents produits, ce qui vous aidera \u00e0 trouver le meilleur produit pour vous. De plus, acheter en ligne peut faire gagner du temps et de l'\u00e9nergie ; vous n'avez pas \u00e0 vous rendre dans un magasin physique pour voir les articles.<\/p>    <p class=\"translation-block\"><strong><a href=\"https:\/\/maizemachine.com\/fr\/\">Taizy<\/a><\/strong> offers various models of maize threshers and can recommend the right one based on your actual production needs to ensure the best value for money. In addition, Taizy also provides maize deep-processing machines, such as maize grits machines and maize harvesters. We offer excellent after-sales service \u2014 if any problem occurs within one year, you can contact us anytime to protect your rights. You are welcome to contact us for more information.<\/p>   <div class=\"wp-block-image\"> <figure class=\"aligncenter size-full\"><img loading=\"lazy\" decoding=\"async\" width=\"720\" height=\"540\" src=\"http:\/\/maizemachine.com\/wp-content\/uploads\/2023\/03\/our-stock.webp\" alt=\"notre stock\" class=\"wp-image-283\" title=\"\" srcset=\"https:\/\/maizemachine.com\/wp-content\/uploads\/2023\/03\/our-stock.webp 720w, https:\/\/maizemachine.com\/wp-content\/uploads\/2023\/03\/our-stock-300x225.webp 300w\" sizes=\"auto, (max-width: 720px) 100vw, 720px\" \/><figcaption class=\"wp-element-caption\">notre stock<\/figcaption><\/figure> <\/div>   <h2 class=\"wp-block-heading\">Successful Case<\/h2>    <p class=\"translation-block\">Because this multifunctional corn thresher has the advantages of a good threshing effect and a wide application range, customers from many countries have purchased this machine from our company. The exporting countries mainly include the United States, <strong><a href=\"https:\/\/maizemachine.com\/fr\/Info\/corn-sheller-machine-for-sale-in-ghana\/\">Ghana<\/a><\/strong>, Nigeria, Thailand, Botswana, Uganda, Bangladesh, and other countries. If you need a maize thresher machine to help you, please feel free to contact us.<\/p>   <div class=\"wp-block-image\"> <figure class=\"aligncenter size-full\"><img loading=\"lazy\" decoding=\"async\" width=\"720\" height=\"540\" src=\"https:\/\/maizemachine.com\/wp-content\/uploads\/2023\/03\/delivery-chart.webp\" alt=\"Maize Thresher Shipped to Nigeria\" class=\"wp-image-279\" title=\"\" srcset=\"https:\/\/maizemachine.com\/wp-content\/uploads\/2023\/03\/delivery-chart.webp 720w, https:\/\/maizemachine.com\/wp-content\/uploads\/2023\/03\/delivery-chart-300x225.webp 300w\" sizes=\"auto, (max-width: 720px) 100vw, 720px\" \/><figcaption class=\"wp-element-caption\">Maize Thresher Shipped to Nigeria<\/figcaption><\/figure> <\/div>","protected":false},"excerpt":{"rendered":"<p>The multifunctional maize thresher machine is a machine for threshing maize, soybeans, sorghum, broad beans, rice, and other crops. Users only need to replace the screen to achieve the threshing of different crops. This maize thresher machine can process 2\u20134 tons of corn per hour, 1\u20132 tons of sorghum or millet, and 0.5\u20130.8 tons of [&hellip;]<\/p>\n","protected":false},"author":1,"featured_media":281,"parent":0,"template":"","tags":[14],"product-type":[9],"class_list":["post-278","product","type-product","status-publish","has-post-thumbnail","hentry","tag-corn-sheller","product-type-corn-sheller-machine"],"_links":{"self":[{"href":"https:\/\/maizemachine.com\/fr\/wp-json\/wp\/v2\/product\/278","targetHints":{"allow":["GET"]}}],"collection":[{"href":"https:\/\/maizemachine.com\/fr\/wp-json\/wp\/v2\/product"}],"about":[{"href":"https:\/\/maizemachine.com\/fr\/wp-json\/wp\/v2\/types\/product"}],"author":[{"embeddable":true,"href":"https:\/\/maizemachine.com\/fr\/wp-json\/wp\/v2\/users\/1"}],"wp:featuredmedia":[{"embeddable":true,"href":"https:\/\/maizemachine.com\/fr\/wp-json\/wp\/v2\/media\/281"}],"wp:attachment":[{"href":"https:\/\/maizemachine.com\/fr\/wp-json\/wp\/v2\/media?parent=278"}],"wp:term":[{"taxonomy":"post_tag","embeddable":true,"href":"https:\/\/maizemachine.com\/fr\/wp-json\/wp\/v2\/tags?post=278"},{"taxonomy":"product-type","embeddable":true,"href":"https:\/\/maizemachine.com\/fr\/wp-json\/wp\/v2\/product-type?post=278"}],"curies":[{"name":"wp","href":"https:\/\/api.w.org\/{rel}","templated":true}]}}