{"id":268,"date":"2023-02-17T17:06:49","date_gmt":"2023-02-17T09:06:49","guid":{"rendered":"https:\/\/maizemachine.com\/?post_type=product&#038;p=268"},"modified":"2025-08-26T11:35:48","modified_gmt":"2025-08-26T03:35:48","slug":"corn-silage-harvester","status":"publish","type":"product","link":"https:\/\/maizemachine.com\/fr\/product\/corn-silage-harvester\/","title":{"rendered":"R\u00e9colteuse d'ensilage de ma\u00efs | R\u00e9colteuse de paille"},"content":{"rendered":"<p>La moissonneuse de silage de ma\u00efs autopropuls\u00e9e Taizy est une machine agricole \u00e0 haute efficacit\u00e9 con\u00e7ue sp\u00e9cifiquement pour la r\u00e9colte du silage. Elle fonctionne en utilisant des lames internes pour hacher les tiges de ma\u00efs en petits morceaux.<\/p>   <div class=\"wp-block-image\"> <figure class=\"aligncenter size-full\"><img loading=\"lazy\" decoding=\"async\" width=\"720\" height=\"540\" src=\"https:\/\/maizemachine.com\/wp-content\/uploads\/2023\/02\/\u5fae\u4fe1\u56fe\u7247_202506061639571.webp\" alt=\"R\u00e9colteuse d&#039;ensilage de ma\u00efs\" class=\"wp-image-591\" title=\"\" srcset=\"https:\/\/maizemachine.com\/wp-content\/uploads\/2023\/02\/\u5fae\u4fe1\u56fe\u7247_202506061639571.webp 720w, https:\/\/maizemachine.com\/wp-content\/uploads\/2023\/02\/\u5fae\u4fe1\u56fe\u7247_202506061639571-300x225.webp 300w, https:\/\/maizemachine.com\/wp-content\/uploads\/2023\/02\/\u5fae\u4fe1\u56fe\u7247_202506061639571-16x12.webp 16w\" sizes=\"auto, (max-width: 720px) 100vw, 720px\" \/><figcaption class=\"wp-element-caption\">R\u00e9colteuse d'ensilage de ma\u00efs<\/figcaption><\/figure> <\/div>   <p class=\"translation-block\">Ce mod\u00e8le convient non seulement \u00e0 la r\u00e9colte de silage de ma\u00efs mais aussi \u00e0 la coupe et au hachage de cultures comme <strong>sorgho et herbe fourrag\u00e8re, terminant la r\u00e9colte, le hachage et le chargement en un seul passage.<\/strong><\/p>   <div class=\"wp-block-image\"> <figure class=\"aligncenter size-full\"><img loading=\"lazy\" decoding=\"async\" width=\"720\" height=\"540\" src=\"https:\/\/maizemachine.com\/wp-content\/uploads\/2023\/02\/Corn-Silage-harvested-by-the-Corn-Silage-Harvester.webp\" alt=\"Silage de ma\u00efs r\u00e9colt\u00e9 par la moissonneuse de silage de ma\u00efs\" class=\"wp-image-583\" title=\"\" srcset=\"https:\/\/maizemachine.com\/wp-content\/uploads\/2023\/02\/Corn-Silage-harvested-by-the-Corn-Silage-Harvester.webp 720w, https:\/\/maizemachine.com\/wp-content\/uploads\/2023\/02\/Corn-Silage-harvested-by-the-Corn-Silage-Harvester-300x225.webp 300w, https:\/\/maizemachine.com\/wp-content\/uploads\/2023\/02\/Corn-Silage-harvested-by-the-Corn-Silage-Harvester-16x12.webp 16w\" sizes=\"auto, (max-width: 720px) 100vw, 720px\" \/><figcaption class=\"wp-element-caption\">Silage de ma\u00efs r\u00e9colt\u00e9 par la moissonneuse de silage de ma\u00efs<\/figcaption><\/figure> <\/div>   <p class=\"translation-block\">La machine pr\u00e9sente une conception raisonnable et une operation facile, \u00e9quip\u00e9e d'un moteur <strong><em>150~180HP<\/em><\/strong> pour une puissance forte, am\u00e9liorant consid\u00e9rablement l\u2019efficacit\u00e9 de la r\u00e9colte du fourrage. Elle utilise une transmission hydraulique pour une puissance fluide, une operation flexible et un contr\u00f4le multifonction, ce qui la rend simple \u00e0 utiliser.<\/p>    <p>Cette s\u00e9rie de moissonneuses peut \u00eatre disponible en versions \u00e0 roues et \u00e0 chenilles, adapt\u00e9e aux plaines plates, aux collines, aux montagnes et m\u00eame aux terrains de for\u00eat tropicale.<\/p>    <h2 class=\"wp-block-heading\">Types de moissonneuse de silage de ma\u00efs<\/h2>    <h3 class=\"wp-block-heading\">Roues<\/h3>   <div class=\"wp-block-image\"> <figure class=\"aligncenter size-full\"><img loading=\"lazy\" decoding=\"async\" width=\"720\" height=\"540\" src=\"https:\/\/maizemachine.com\/wp-content\/uploads\/2023\/02\/Wheeled-Corn-Silage-Harvester.webp\" alt=\"Moissonneuse sur roues de silage de ma\u00efs\" class=\"wp-image-586\" title=\"\" srcset=\"https:\/\/maizemachine.com\/wp-content\/uploads\/2023\/02\/Wheeled-Corn-Silage-Harvester.webp 720w, https:\/\/maizemachine.com\/wp-content\/uploads\/2023\/02\/Wheeled-Corn-Silage-Harvester-300x225.webp 300w, https:\/\/maizemachine.com\/wp-content\/uploads\/2023\/02\/Wheeled-Corn-Silage-Harvester-16x12.webp 16w\" sizes=\"auto, (max-width: 720px) 100vw, 720px\" \/><figcaption class=\"wp-element-caption\">Moissonneuse sur roues de silage de ma\u00efs<\/figcaption><\/figure> <\/div>   <h4 class=\"wp-block-heading\">Vid\u00e9o de travail<\/h4>    <figure class=\"wp-block-embed is-type-video is-provider-youtube wp-block-embed-youtube wp-embed-aspect-16-9 wp-has-aspect-ratio\"><div class=\"wp-block-embed__wrapper\"> <iframe loading=\"lazy\" title=\"Moissonneuse de roues de fourrage puissante et efficace#moissonneusedefourrage #moissonneuse\u00e0ma\u00efs\" width=\"500\" height=\"281\" src=\"https:\/\/www.youtube.com\/embed\/TK86cFNdZvg?feature=oembed\" frameborder=\"0\" allow=\"accelerometer; autoplay; clipboard-write; encrypted-media; gyroscope; picture-in-picture; web-share\" referrerpolicy=\"strict-origin-when-cross-origin\" allowfullscreen><\/iframe> <\/div><\/figure>    <h3 class=\"wp-block-heading\">Train\u00e9e<\/h3>   <div class=\"wp-block-image\"> <figure class=\"aligncenter size-full\"><img loading=\"lazy\" decoding=\"async\" width=\"720\" height=\"540\" src=\"https:\/\/maizemachine.com\/wp-content\/uploads\/2023\/02\/Tracked-Corn-Silage-Harvester.webp\" alt=\"Moissonneuse sur chenilles de silage de ma\u00efs\" class=\"wp-image-585\" title=\"\" srcset=\"https:\/\/maizemachine.com\/wp-content\/uploads\/2023\/02\/Tracked-Corn-Silage-Harvester.webp 720w, https:\/\/maizemachine.com\/wp-content\/uploads\/2023\/02\/Tracked-Corn-Silage-Harvester-300x225.webp 300w, https:\/\/maizemachine.com\/wp-content\/uploads\/2023\/02\/Tracked-Corn-Silage-Harvester-16x12.webp 16w\" sizes=\"auto, (max-width: 720px) 100vw, 720px\" \/><figcaption class=\"wp-element-caption\">Moissonneuse sur chenilles de silage de ma\u00efs<\/figcaption><\/figure> <\/div>   <h4 class=\"wp-block-heading\">Vid\u00e9o de travail<\/h4>    <figure class=\"wp-block-embed is-type-video is-provider-youtube wp-block-embed-youtube wp-embed-aspect-16-9 wp-has-aspect-ratio\"><div class=\"wp-block-embed__wrapper\"> <iframe loading=\"lazy\" title=\"Moissonneuse-batteuse de fourrage \u00e0 chenilles \u00e0 large application#track #forage #harvestingmachine #maize\" width=\"500\" height=\"281\" src=\"https:\/\/www.youtube.com\/embed\/DpGntjFa_qk?feature=oembed\" frameborder=\"0\" allow=\"accelerometer; autoplay; clipboard-write; encrypted-media; gyroscope; picture-in-picture; web-share\" referrerpolicy=\"strict-origin-when-cross-origin\" allowfullscreen><\/iframe> <\/div><\/figure>    <h2 class=\"wp-block-heading\">Structure de l'ensileuse de ma\u00efs<\/h2>    <p class=\"translation-block\">La moissonneuse de silage de ma\u00efs autopropuls\u00e9e se compose principalement d\u2019un <strong>syst\u00e8me d\u2019en-t\u00eate,<\/strong> d\u2019un <strong>syst\u00e8me d\u2019acheminement<\/strong>, d\u2019un <strong>syst\u00e8me de coupe,<\/strong> d\u2019un <strong>syst\u00e8me de collecte\/\u00e9levage<\/strong>, d\u2019un <strong>syst\u00e8me d\u2019alimentation<\/strong> (moteur + syst\u00e8me hydraulique) et d\u2019un syst\u00e8me de commande de conduite. Toutes les pi\u00e8ces fonctionnent ensemble pour r\u00e9colter, hacher et transporter le silage de ma\u00efs efficacement.<\/p>   <div class=\"wp-block-image\"> <figure class=\"aligncenter size-full\"><img loading=\"lazy\" decoding=\"async\" width=\"720\" height=\"540\" src=\"https:\/\/maizemachine.com\/wp-content\/uploads\/2023\/02\/3D-Diagram.webp\" alt=\"Sch\u00e9ma 3D\" class=\"wp-image-582\" title=\"\" srcset=\"https:\/\/maizemachine.com\/wp-content\/uploads\/2023\/02\/3D-Diagram.webp 720w, https:\/\/maizemachine.com\/wp-content\/uploads\/2023\/02\/3D-Diagram-300x225.webp 300w, https:\/\/maizemachine.com\/wp-content\/uploads\/2023\/02\/3D-Diagram-16x12.webp 16w\" sizes=\"auto, (max-width: 720px) 100vw, 720px\" \/><figcaption class=\"wp-element-caption\">Sch\u00e9ma 3D<\/figcaption><\/figure> <\/div>   <h2 class=\"wp-block-heading\">Principe de fonctionnement de la moissonneuse de silage de ma\u00efs<\/h2>    <ul class=\"wp-block-list\"> <li>R\u00e9colte par l\u2019en-t\u00eate : L\u2019en-t\u00eate frontal coupe les tiges de ma\u00efs et alimente la plante enti\u00e8re dans la machine.<\/li>    <li>Transfert : Le ma\u00efs r\u00e9colt\u00e9 est transport\u00e9 dans le syst\u00e8me de coupe par une cha\u00eene convoyeur ou un convoyeur \u00e0 vis.<\/li>    <li>Coupe : Des couteaux rotatifs ou des rouleaux de coupe d\u00e9coupent les tiges et les \u00e9pis de ma\u00efs en morceaux uniformes.<\/li>    <li>\u00c9l\u00e9vation et d\u00e9chargement : Le silage hach\u00e9 est soulev\u00e9 et d\u00e9charg\u00e9 dans une remorque ou un bac de stockage via un \u00e9l\u00e9vateur ou un convoyeur.<\/li>    <li>Puissance et contr\u00f4le : Le moteur fournit la puissance, tandis que le syst\u00e8me hydraulique contr\u00f4le la hauteur de l\u2019en-t\u00eate, la vitesse du convoyeur et l\u2019op\u00e9ration de coupe.<\/li> <\/ul>   <div class=\"wp-block-image\"> <figure class=\"aligncenter size-full\"><img loading=\"lazy\" decoding=\"async\" width=\"720\" height=\"540\" src=\"https:\/\/maizemachine.com\/wp-content\/uploads\/2023\/02\/\u751f\u6210\u6536\u83b7\u673a\u7ed3\u6784\u56fe-3.webp\" alt=\"Moissonneuse de paille\" class=\"wp-image-588\" title=\"\" srcset=\"https:\/\/maizemachine.com\/wp-content\/uploads\/2023\/02\/\u751f\u6210\u6536\u83b7\u673a\u7ed3\u6784\u56fe-3.webp 720w, https:\/\/maizemachine.com\/wp-content\/uploads\/2023\/02\/\u751f\u6210\u6536\u83b7\u673a\u7ed3\u6784\u56fe-3-300x225.webp 300w, https:\/\/maizemachine.com\/wp-content\/uploads\/2023\/02\/\u751f\u6210\u6536\u83b7\u673a\u7ed3\u6784\u56fe-3-16x12.webp 16w\" sizes=\"auto, (max-width: 720px) 100vw, 720px\" \/><figcaption class=\"wp-element-caption\">Moissonneuse de paille<\/figcaption><\/figure> <\/div>   <h2 class=\"wp-block-heading\">Ensileuse de ma\u00efs \u00e0 vendre<\/h2>    <p>Nous proposons deux mod\u00e8les de moissonneuse pour fourrage de ma\u00efs : TZ-1400 et TZ-1800<\/p>    <h3 class=\"wp-block-heading\">TZ-1400<\/h3>    <figure class=\"wp-block-table\"><table class=\"has-fixed-layout\"><thead><tr><th><strong>Param\u00e8tre<\/strong><\/th><th><strong>Sp\u00e9cification<\/strong><\/th><\/tr><\/thead><tbody><tr><td><strong>Mod\u00e8le<\/strong><\/td><td>TZ-1400<\/td><\/tr><tr><td><strong>Type<\/strong><\/td><td>Roues<\/td><\/tr><tr><td><strong>Puissance du moteur<\/strong><\/td><td>\u2265140 HP Moteur Diesel<\/td><\/tr><tr><td><strong>Lignes<\/strong><\/td><td>Rang\u00e9e unique<\/td><\/tr><tr><td><strong>Largeur de coupe<\/strong><\/td><td>1400 mm<\/td><\/tr><tr><td><strong>Longueur de coupe<\/strong><\/td><td>12\u201322 mm (r\u00e9glable)<\/td><\/tr><tr><td><strong>Efficacit\u00e9 de travail<\/strong><\/td><td>4\u20136 mu\/heure<\/td><\/tr><tr><td><strong>Hauteur de d\u00e9charge<\/strong><\/td><td>3\u20135 m<\/td><\/tr><tr><td><strong>Taille de pneus<\/strong><\/td><td>Avant : 14.9-28 \/ Arri\u00e8re : 10.0-75-15<\/td><\/tr><tr><td><strong>Consommation de carburant<\/strong><\/td><td>12\u201316 L\/heure<\/td><\/tr><tr><td><strong>Terrain adapt\u00e9<\/strong><\/td><td>Plateaux, terres agricoles dures, champs, et transport routier<\/td><\/tr><\/tbody><\/table><\/figure>    <h3 class=\"wp-block-heading\">TZ-1800<\/h3>    <figure class=\"wp-block-table\"><table class=\"has-fixed-layout\"><thead><tr><th><strong>Param\u00e8tre<\/strong><\/th><th><strong>Sp\u00e9cification<\/strong><\/th><\/tr><\/thead><tbody><tr><td><strong>Mod\u00e8le<\/strong><\/td><td>TZ-1800<\/td><\/tr><tr><td><strong>Type<\/strong><\/td><td>Train\u00e9e<\/td><\/tr><tr><td><strong>Puissance du moteur<\/strong><\/td><td>\u2265180 HP Moteur Diesel<\/td><\/tr><tr><td><strong>Lignes<\/strong><\/td><td>Rang\u00e9e unique<\/td><\/tr><tr><td><strong>Largeur de coupe<\/strong><\/td><td>1800 mm<\/td><\/tr><tr><td><strong>Longueur de coupe<\/strong><\/td><td>12\u201322 mm (r\u00e9glable)<\/td><\/tr><tr><td><strong>Efficacit\u00e9 de travail<\/strong><\/td><td>5\u20138 mu\/heure<\/td><\/tr><tr><td><strong>Hauteur de d\u00e9charge<\/strong><\/td><td>3\u20135 m<\/td><\/tr><tr><td><strong>Taille des chenilles<\/strong><\/td><td>Chenilles en caoutchouc 450 mm<\/td><\/tr><tr><td><strong>Consommation de carburant<\/strong><\/td><td>14\u201318 L\/heure<\/td><\/tr><tr><td><strong>Terrain adapt\u00e9<\/strong><\/td><td>Terrain vallonn\u00e9, sol meuble, zones mar\u00e9cageuses et terres agricoles montagneuses<\/td><\/tr><\/tbody><\/table><\/figure>    <p class=\"translation-block\"><strong><em>Les deux mod\u00e8les de moissonneuse-harvesteur de fourrage de ma\u00efs peuvent r\u00e9colter des cultures mesurant jusqu\u2019\u00e0 2\u20133 m\u00e8tres de hauteur.<\/em><\/strong><\/p>    <p class=\"translation-block\">De plus, nous proposons \u00e9galement des machines de transformation du ma\u00efs telles que des <a href=\"https:\/\/maizemachine.com\/fr\/product\/2-row-corn-picker\/\">moissonneuses de ma\u00efs<\/a> et une vari\u00e9t\u00e9 de <a href=\"https:\/\/maizemachine.com\/fr\/product\/corn-mill-grinder\/\">broyeurs de moulin \u00e0 ma\u00efs<\/a> \u00e0 vendre.<\/p>   <div class=\"wp-block-image\"> <figure class=\"aligncenter size-full\"><img loading=\"lazy\" decoding=\"async\" width=\"720\" height=\"540\" src=\"https:\/\/maizemachine.com\/wp-content\/uploads\/2023\/02\/\u751f\u6210\u6536\u83b7\u673a\u7ed3\u6784\u56fe-2.webp\" alt=\"Meilleure moissonneuse de silage de ma\u00efs pour petites exploitations\" class=\"wp-image-587\" title=\"\" srcset=\"https:\/\/maizemachine.com\/wp-content\/uploads\/2023\/02\/\u751f\u6210\u6536\u83b7\u673a\u7ed3\u6784\u56fe-2.webp 720w, https:\/\/maizemachine.com\/wp-content\/uploads\/2023\/02\/\u751f\u6210\u6536\u83b7\u673a\u7ed3\u6784\u56fe-2-300x225.webp 300w, https:\/\/maizemachine.com\/wp-content\/uploads\/2023\/02\/\u751f\u6210\u6536\u83b7\u673a\u7ed3\u6784\u56fe-2-16x12.webp 16w\" sizes=\"auto, (max-width: 720px) 100vw, 720px\" \/><figcaption class=\"wp-element-caption\">Meilleure moissonneuse de silage de ma\u00efs pour petites exploitations<\/figcaption><\/figure> <\/div>   <h2 class=\"wp-block-heading\">Caract\u00e9ristiques de la r\u00e9colteuse de paille de ma\u00efs<\/h2>    <ol class=\"wp-block-list\"> <li>Multifonctionnelle. Une moissonneuse de silage de ma\u00efs est une machine qui int\u00e8gre r\u00e9colte, coupe, broyage et collecte. Elle r\u00e9alise vraiment une machine avec plusieurs fonctions.<\/li>    <li>La m\u00e9thode de fonctionnement est simple. Une seule personne est n\u00e9cessaire pour conduire le tracteur.<\/li>    <li>La paille, apr\u00e8s avoir \u00e9t\u00e9 coup\u00e9e et broy\u00e9e par la moissonneuse de silage de ma\u00efs, peut \u00eatre recycl\u00e9e directement.<\/li>    <li>Le haut degr\u00e9 d'automatisation. Le dispositif hydraulique peut facilement d\u00e9charger la tige de ma\u00efs \u00e9cras\u00e9e.<\/li>    <li>Le dispositif de transmission hydraulique peut facilement contr\u00f4ler la vitesse de fonctionnement de la machine.<\/li>    <li>Les lames de l'ensileuse de ma\u00efs sont fabriqu\u00e9es dans un mat\u00e9riau \u00e0 haute r\u00e9sistance et pr\u00e9sentent les caract\u00e9ristiques d'une forte r\u00e9sistance \u00e0 l'usure.<\/li>    <li>Le taux de r\u00e9cup\u00e9ration est aussi \u00e9lev\u00e9 que 95%<\/li>    <li>Contr\u00f4le enti\u00e8rement hydraulique avec un rayon de rotation faible, rendant l\u2019op\u00e9ration facile et flexible.<\/li>    <li>R\u00e9colte sans espacement des rangs et peut g\u00e9rer les cultures couch\u00e9es.<\/li> <\/ol>   <div class=\"wp-block-image\"> <figure class=\"aligncenter size-full\"><img loading=\"lazy\" decoding=\"async\" width=\"720\" height=\"540\" src=\"https:\/\/maizemachine.com\/wp-content\/uploads\/2023\/02\/\u5fae\u4fe1\u56fe\u7247_20250606163958.webp\" alt=\"Moissonneuse de silage de ma\u00efs \u00e0 vendre\" class=\"wp-image-590\" title=\"\" srcset=\"https:\/\/maizemachine.com\/wp-content\/uploads\/2023\/02\/\u5fae\u4fe1\u56fe\u7247_20250606163958.webp 720w, https:\/\/maizemachine.com\/wp-content\/uploads\/2023\/02\/\u5fae\u4fe1\u56fe\u7247_20250606163958-300x225.webp 300w, https:\/\/maizemachine.com\/wp-content\/uploads\/2023\/02\/\u5fae\u4fe1\u56fe\u7247_20250606163958-16x12.webp 16w\" sizes=\"auto, (max-width: 720px) 100vw, 720px\" \/><figcaption class=\"wp-element-caption\">Moissonneuse de silage de ma\u00efs \u00e0 vendre<\/figcaption><\/figure> <\/div>   <h2 class=\"wp-block-heading\">Utilisations de la r\u00e9colteuse de ma\u00efs<\/h2>    <p>La machine convient au broyage et au recyclage de diverses pailles de r\u00e9colte. La paille de ma\u00efs, la paille de coton, la paille de banane, la paille de sorgho, la paille de bl\u00e9 et les herbes peuvent toutes \u00eatre recycl\u00e9es avec cette ensileuse tra\u00een\u00e9e. La paille broy\u00e9e peut \u00eatre directement retourn\u00e9e au champ ou utilis\u00e9e comme alimentation animale.<\/p>   <div class=\"wp-block-image\"> <figure class=\"aligncenter size-full\"><img loading=\"lazy\" decoding=\"async\" width=\"720\" height=\"540\" src=\"https:\/\/maizemachine.com\/wp-content\/uploads\/2023\/02\/\u5fae\u4fe1\u56fe\u7247_2025-07-02_161030_894.webp\" alt=\"Silage de ma\u00efs\" class=\"wp-image-589\" title=\"\" srcset=\"https:\/\/maizemachine.com\/wp-content\/uploads\/2023\/02\/\u5fae\u4fe1\u56fe\u7247_2025-07-02_161030_894.webp 720w, https:\/\/maizemachine.com\/wp-content\/uploads\/2023\/02\/\u5fae\u4fe1\u56fe\u7247_2025-07-02_161030_894-300x225.webp 300w, https:\/\/maizemachine.com\/wp-content\/uploads\/2023\/02\/\u5fae\u4fe1\u56fe\u7247_2025-07-02_161030_894-16x12.webp 16w\" sizes=\"auto, (max-width: 720px) 100vw, 720px\" \/><figcaption class=\"wp-element-caption\">Silage de ma\u00efs<\/figcaption><\/figure> <\/div>   <h2 class=\"wp-block-heading\">Comment utiliser correctement l\u2019ensileuse de ma\u00efs ?<\/h2>    <ul class=\"wp-block-list\"> <li>Pr\u00e9paration : V\u00e9rifier toutes les pi\u00e8ces m\u00e9caniques, le syst\u00e8me \u00e9lectrique et le syst\u00e8me hydraulique avant utilisation, et pr\u00e9chauffer la machine.<\/li>    <li>Chargement du fourrage : Placez la pile de silage devant le chemin de r\u00e9colte. \u00c9vitez de l\u2019empiler trop haut pour assurer une r\u00e9colte fluide.<\/li>    <li>D\u00e9marrage de la machine : Allumez l\u2019alimentation et d\u00e9marrez la machine. Surveillez son fonctionnement et \u00e9teignez imm\u00e9diatement en cas d\u2019anomalie.<\/li>    <li>R\u00e9glage de la hauteur de l\u2019en-t\u00eate : R\u00e9glez la hauteur de l\u2019en-t\u00eate selon la hauteur du fourrage pour assurer une r\u00e9colte uniforme.<\/li>    <li>R\u00e9colte : L\u2019op\u00e9rateur contr\u00f4le l\u2019avance et recule de la machine \u00e0 l\u2019aide du joystick, en maintenant la stabilit\u00e9 et en r\u00e9coltant le silage en toute s\u00e9curit\u00e9.<\/li>    <li>Collecte du fourrage : Le silage hach\u00e9 est achemin\u00e9 vers le syst\u00e8me de collecte. Nettoyez r\u00e9guli\u00e8rement pour assurer un fonctionnement fluide.<\/li>    <li>Fin d\u2019op\u00e9ration : Apr\u00e8s la r\u00e9colte, \u00e9teignez la machine et transportez le silage collect\u00e9 \u00e0 l\u2019emplacement d\u00e9sign\u00e9.<\/li>    <li>Nettoyage et maintenance : Nettoyez les d\u00e9bris de la surface de la machine, v\u00e9rifiez les pi\u00e8ces us\u00e9es et remplacez-les \u00e0 temps pour maintenir l\u2019\u00e9quipement en bon \u00e9tat.<\/li> <\/ul>    <h2 class=\"wp-block-heading\">Partenariat avec Taizy<\/h2>    <p>En partenariat avec Taizy, vous pouvez r\u00e9aliser une r\u00e9colte de silage de ma\u00efs efficace, fiable et de haute qualit\u00e9. Nos moissonneuses autonomes sont con\u00e7ues pour g\u00e9rer une vari\u00e9t\u00e9 de cultures et de terrains, assurant une op\u00e9ration fluide, une coupe uniforme et un rendement maximal du fourrage. Que ce soit pour les petites exploitations ou pour des op\u00e9rations \u00e0 grande \u00e9chelle, les Moissonneuses de Silage de Ma\u00efs Taizy offrent les performances et la durabilit\u00e9 sur lesquelles vous pouvez compter, rendant la r\u00e9colte du silage plus facile et plus productive que jamais.<\/p>   <div class=\"wp-block-image\"> <figure class=\"aligncenter size-full\"><img loading=\"lazy\" decoding=\"async\" width=\"720\" height=\"540\" src=\"https:\/\/maizemachine.com\/wp-content\/uploads\/2025\/08\/Our-customer.webp\" alt=\"Notre client\" class=\"wp-image-577\" title=\"\" srcset=\"https:\/\/maizemachine.com\/wp-content\/uploads\/2025\/08\/Our-customer.webp 720w, https:\/\/maizemachine.com\/wp-content\/uploads\/2025\/08\/Our-customer-300x225.webp 300w, https:\/\/maizemachine.com\/wp-content\/uploads\/2025\/08\/Our-customer-16x12.webp 16w\" sizes=\"auto, (max-width: 720px) 100vw, 720px\" \/><figcaption class=\"wp-element-caption\">Notre client<\/figcaption><\/figure> <\/div>","protected":false},"excerpt":{"rendered":"<p>The Taizy self-propelled corn silage harvester is a high-efficiency agricultural machine designed specifically for silage harvesting. It works by using internal blades to chop corn stalks into small pieces. This model is suitable not only for harvesting corn silage but also for cutting and chopping crops like sorghum and forage grass, completing harvesting, chopping, and [&hellip;]<\/p>\n","protected":false},"author":1,"featured_media":593,"parent":0,"template":"","tags":[36,37],"product-type":[8],"class_list":["post-268","product","type-product","status-publish","has-post-thumbnail","hentry","tag-corn-silage-harvester","tag-straw-harvester","product-type-corn-harvester"],"_links":{"self":[{"href":"https:\/\/maizemachine.com\/fr\/wp-json\/wp\/v2\/product\/268","targetHints":{"allow":["GET"]}}],"collection":[{"href":"https:\/\/maizemachine.com\/fr\/wp-json\/wp\/v2\/product"}],"about":[{"href":"https:\/\/maizemachine.com\/fr\/wp-json\/wp\/v2\/types\/product"}],"author":[{"embeddable":true,"href":"https:\/\/maizemachine.com\/fr\/wp-json\/wp\/v2\/users\/1"}],"wp:featuredmedia":[{"embeddable":true,"href":"https:\/\/maizemachine.com\/fr\/wp-json\/wp\/v2\/media\/593"}],"wp:attachment":[{"href":"https:\/\/maizemachine.com\/fr\/wp-json\/wp\/v2\/media?parent=268"}],"wp:term":[{"taxonomy":"post_tag","embeddable":true,"href":"https:\/\/maizemachine.com\/fr\/wp-json\/wp\/v2\/tags?post=268"},{"taxonomy":"product-type","embeddable":true,"href":"https:\/\/maizemachine.com\/fr\/wp-json\/wp\/v2\/product-type?post=268"}],"curies":[{"name":"wp","href":"https:\/\/api.w.org\/{rel}","templated":true}]}}