{"id":262,"date":"2023-01-30T15:08:58","date_gmt":"2023-01-30T07:08:58","guid":{"rendered":"https:\/\/maizemachine.com\/?post_type=product&#038;p=262"},"modified":"2023-01-30T15:08:59","modified_gmt":"2023-01-30T07:08:59","slug":"small-scale-maize-milling-machine","status":"publish","type":"product","link":"https:\/\/maizemachine.com\/fr\/product\/small-scale-maize-milling-machine\/","title":{"rendered":"Fraiseuse de ma\u00efs \u00e0 petite \u00e9chelle"},"content":{"rendered":"<p class=\"translation-block\">La machine de meulage du ma\u00efs \u00e0 petite \u00e9chelle est une petite machine qui peut produire de la farine de ma\u00efs. Elle peut pulv\u00e9riser le grain de ma\u00efs en mat\u00e9riau poudreux avec une finesse \u00e9lev\u00e9e. Compar\u00e9e au grand moulin \u00e0 ma\u00efs et \u00e0 la <a href=\"https:\/\/maizemachine.com\/fr\/product\/maize-grits-milling-machine\/\">machine de meulage des gruaux de ma\u00efs<\/a> multifonctionnelle, cette machine pr\u00e9sente un avantage plus important en termes de prix et d\u2019emprise au sol.<\/p>   <div class=\"wp-block-image\"> <figure class=\"aligncenter size-full\"><img loading=\"lazy\" decoding=\"async\" width=\"720\" height=\"540\" src=\"http:\/\/maizemachine.com\/wp-content\/uploads\/2023\/01\/small-maize-grinding-machine.webp\" alt=\"petite rectifieuse de ma\u00efs\" class=\"wp-image-266\" title=\"\" srcset=\"https:\/\/maizemachine.com\/wp-content\/uploads\/2023\/01\/small-maize-grinding-machine.webp 720w, https:\/\/maizemachine.com\/wp-content\/uploads\/2023\/01\/small-maize-grinding-machine-300x225.webp 300w\" sizes=\"auto, (max-width: 720px) 100vw, 720px\" \/><figcaption class=\"wp-element-caption\">petite rectifieuse de ma\u00efs<\/figcaption><\/figure> <\/div>   <h2 class=\"wp-block-heading\">Quel est le processus de mouture du ma\u00efs ?<\/h2>    <p>Le processus de mouture de la farine de ma\u00efs est le suivant. Le ma\u00efs est d\u2019abord plac\u00e9 dans une fraiseuse \u00e0 ma\u00efs \u00e0 petite \u00e9chelle, puis transform\u00e9 en poudre. \u00c0 l'int\u00e9rieur de la chambre du moulin \u00e0 ma\u00efs, il y a des tamis avec diff\u00e9rentes tailles d'ouverture, et certaines des petites particules de ma\u00efs qui r\u00e9pondent \u00e0 la norme de taille de tamis seront tamis\u00e9es \u00e0 travers le tamis. Les particules de ma\u00efs qui ne r\u00e9pondent pas aux exigences seront frapp\u00e9es deux fois dans la chambre de broyage jusqu'\u00e0 ce qu'elles atteignent la norme souhait\u00e9e. Ensuite, le mat\u00e9riau broy\u00e9 sera d\u00e9charg\u00e9 de la sortie du broyeur de ma\u00efs \u00e0 petite \u00e9chelle.<\/p>   <div class=\"wp-block-image\"> <figure class=\"aligncenter size-full\"><img loading=\"lazy\" decoding=\"async\" width=\"720\" height=\"540\" src=\"http:\/\/maizemachine.com\/wp-content\/uploads\/2023\/01\/small-corn-grinding-machine-and-sieve.webp\" alt=\"petite rectifieuse de ma\u00efs et tamis\" class=\"wp-image-265\" title=\"\" srcset=\"https:\/\/maizemachine.com\/wp-content\/uploads\/2023\/01\/small-corn-grinding-machine-and-sieve.webp 720w, https:\/\/maizemachine.com\/wp-content\/uploads\/2023\/01\/small-corn-grinding-machine-and-sieve-300x225.webp 300w\" sizes=\"auto, (max-width: 720px) 100vw, 720px\" \/><figcaption class=\"wp-element-caption\">petite rectifieuse de ma\u00efs et tamis<\/figcaption><\/figure> <\/div>   <h2 class=\"wp-block-heading\">Param\u00e8tres de la fraiseuse de ma\u00efs \u00e0 petite \u00e9chelle<\/h2>    <figure class=\"wp-block-table\"><table><tbody><tr><td>Mod\u00e8le<\/td><td>9FQ-750<\/td><\/tr><tr><td>Dimensions hors tout<\/td><td>1,6*1,1*1,5m<\/td><\/tr><tr><td>Moteur<\/td><td>30kw<\/td><\/tr><tr><td>Poids net<\/td><td>850 kg<\/td><\/tr><tr><td>Taille de l'emballage<\/td><td>2,1*1*2,5m<\/td><\/tr><\/tbody><\/table><\/figure>    <h2 class=\"wp-block-heading\">Avantages de la machine<\/h2>    <ol class=\"wp-block-list\"> <li>La machine pr\u00e9sente les caract\u00e9ristiques d\u2019une structure simple et d\u2019une bonne installation.<\/li>    <li>La lame est en haute <a href=\"https:\/\/en.wikipedia.org\/wiki\/Carbon_steel\" target=\"_blank\" rel=\"noopener\">acier au carbone<\/a> avec un bon effet de broyage.<\/li>    <li>Petite taille et moins d'espace au sol.<\/li>    <li>Le haut degr\u00e9 d\u2019automatisation et la facilit\u00e9 d\u2019utilisation.<\/li>    <li>La fraiseuse de ma\u00efs \u00e0 petite \u00e9chelle Taizy peut traiter de la farine de diff\u00e9rentes sp\u00e9cifications et mailles.<\/li> <\/ol>   <div class=\"wp-block-image\"> <figure class=\"aligncenter size-full\"><img loading=\"lazy\" decoding=\"async\" width=\"720\" height=\"540\" src=\"http:\/\/maizemachine.com\/wp-content\/uploads\/2023\/01\/manufacturing-process.webp\" alt=\"processus de fabrication\" class=\"wp-image-264\" title=\"\" srcset=\"https:\/\/maizemachine.com\/wp-content\/uploads\/2023\/01\/manufacturing-process.webp 720w, https:\/\/maizemachine.com\/wp-content\/uploads\/2023\/01\/manufacturing-process-300x225.webp 300w\" sizes=\"auto, (max-width: 720px) 100vw, 720px\" \/><figcaption class=\"wp-element-caption\">processus de fabrication<\/figcaption><\/figure> <\/div>   <h2 class=\"wp-block-heading\">Champ d'application de la petite rectifieuse de ma\u00efs<\/h2>    <p class=\"translation-block\">La petite machine de broyage du ma\u00efs peut non seulement moudre le ma\u00efs mais aussi les herbes et d\u2019autres grains et autres mat\u00e9riaux. Par cons\u00e9quent, la machine est particuli\u00e8rement adapt\u00e9e pour une utilisation dans les zones rurales, les usines de transformation d\u2019aliments, les march\u00e9s de grains et d\u2019huiles, les grands et petits supermarch\u00e9s et les usines d\u2019herbes. Chez Taizy Corn Machinery Factory, nous avons une autre <a href=\"https:\/\/maizemachine.com\/fr\/product\/corn-hammer-mill-machine\/\">machine \u00e0 marteau pour ma\u00efs<\/a> \u00e0 vendre. Si vous en avez besoin, n\u2019h\u00e9sitez pas \u00e0 nous contacter.<\/p>   <div class=\"wp-block-image\"> <figure class=\"aligncenter size-full\"><img loading=\"lazy\" decoding=\"async\" width=\"720\" height=\"540\" src=\"http:\/\/maizemachine.com\/wp-content\/uploads\/2022\/08\/finished-product-made-by-corn-grinding-machine.webp\" alt=\"produit fini fabriqu\u00e9 par une rectifieuse de ma\u00efs\" class=\"wp-image-155\" title=\"\" srcset=\"https:\/\/maizemachine.com\/wp-content\/uploads\/2022\/08\/finished-product-made-by-corn-grinding-machine.webp 720w, https:\/\/maizemachine.com\/wp-content\/uploads\/2022\/08\/finished-product-made-by-corn-grinding-machine-300x225.webp 300w\" sizes=\"auto, (max-width: 720px) 100vw, 720px\" \/><figcaption class=\"wp-element-caption\">produit fini fabriqu\u00e9 par une rectifieuse de ma\u00efs<\/figcaption><\/figure> <\/div>   <h2 class=\"wp-block-heading\">Comment choisir la bonne fraiseuse \u00e0 ma\u00efs ?<\/h2>    <p>Comment choisir la bonne machine \u00e0 broyer le ma\u00efs a toujours \u00e9t\u00e9 un probl\u00e8me pour les producteurs de ma\u00efs. La premi\u00e8re chose que nous devons vous rappeler est que le prix d\u2019une fraiseuse \u00e0 ma\u00efs ne doit pas \u00eatre le seul facteur \u00e0 prendre en compte. Si vous souhaitez acheter une fraiseuse de ma\u00efs \u00e0 petite \u00e9chelle de qualit\u00e9, vous devez prendre en compte la qualit\u00e9 de la machine, la production de farine de ma\u00efs, la surface au sol, le co\u00fbt de la main-d'\u0153uvre, les fabricants de broyeurs de ma\u00efs et d'autres facteurs.<\/p>    <p>Deuxi\u00e8mement, nous devons \u00eatre clairs sur nos besoins en mati\u00e8re de fabrication de semoule de ma\u00efs et sur le tonnage quotidien de transformation de la semoule de ma\u00efs, ainsi que sur la fourchette acceptable de consommation d'\u00e9lectricit\u00e9. Avec vos besoins fondamentaux, vous pouvez choisir le moulin \u00e0 farine de ma\u00efs adapt\u00e9 \u00e0 vos besoins.<\/p>   <div class=\"wp-block-image\"> <figure class=\"aligncenter size-full\"><img loading=\"lazy\" decoding=\"async\" width=\"720\" height=\"540\" src=\"http:\/\/maizemachine.com\/wp-content\/uploads\/2023\/01\/customized-maize-grinding-machine.webp\" alt=\"rectifieuse de ma\u00efs personnalis\u00e9e\" class=\"wp-image-263\" title=\"\" srcset=\"https:\/\/maizemachine.com\/wp-content\/uploads\/2023\/01\/customized-maize-grinding-machine.webp 720w, https:\/\/maizemachine.com\/wp-content\/uploads\/2023\/01\/customized-maize-grinding-machine-300x225.webp 300w\" sizes=\"auto, (max-width: 720px) 100vw, 720px\" \/><figcaption class=\"wp-element-caption\">rectifieuse de ma\u00efs personnalis\u00e9e<\/figcaption><\/figure> <\/div>   <h2 class=\"wp-block-heading\">La mouture du ma\u00efs est-elle rentable ?<\/h2>    <p>La r\u00e9ponse est oui, la mouture du ma\u00efs est rentable. En tant que roi nutritionnel des c\u00e9r\u00e9ales secondaires, le ma\u00efs peut non seulement r\u00e9guler le m\u00e9tabolisme humain et am\u00e9liorer la fonction immunitaire, mais \u00e9galement am\u00e9liorer la r\u00e9sistance musculaire et \u00e9liminer les d\u00e9chets du corps. \u00c0 mesure que les gens accordent plus d\u2019attention \u00e0 leur sant\u00e9, de plus en plus de gens reconnaissent les effets nutritionnels du ma\u00efs et d\u2019autres c\u00e9r\u00e9ales secondaires sur la sant\u00e9. Par cons\u00e9quent, la fraiseuse de ma\u00efs \u00e0 petite \u00e9chelle est une bonne direction d\u2019investissement.<\/p>","protected":false},"excerpt":{"rendered":"<p>The small scale maize milling machine is a small machine that can make corn flour. It can grind corn kernel into powder material with high fineness. Compared with the large corn grinder and the multifunctional corn grits milling machine, this machine has a greater advantage in price and floor space. What is the milling process [&hellip;]<\/p>\n","protected":false},"author":1,"featured_media":267,"parent":0,"template":"","tags":[],"product-type":[10],"class_list":["post-262","product","type-product","status-publish","has-post-thumbnail","hentry","product-type-corn-milling-machine"],"_links":{"self":[{"href":"https:\/\/maizemachine.com\/fr\/wp-json\/wp\/v2\/product\/262","targetHints":{"allow":["GET"]}}],"collection":[{"href":"https:\/\/maizemachine.com\/fr\/wp-json\/wp\/v2\/product"}],"about":[{"href":"https:\/\/maizemachine.com\/fr\/wp-json\/wp\/v2\/types\/product"}],"author":[{"embeddable":true,"href":"https:\/\/maizemachine.com\/fr\/wp-json\/wp\/v2\/users\/1"}],"wp:featuredmedia":[{"embeddable":true,"href":"https:\/\/maizemachine.com\/fr\/wp-json\/wp\/v2\/media\/267"}],"wp:attachment":[{"href":"https:\/\/maizemachine.com\/fr\/wp-json\/wp\/v2\/media?parent=262"}],"wp:term":[{"taxonomy":"post_tag","embeddable":true,"href":"https:\/\/maizemachine.com\/fr\/wp-json\/wp\/v2\/tags?post=262"},{"taxonomy":"product-type","embeddable":true,"href":"https:\/\/maizemachine.com\/fr\/wp-json\/wp\/v2\/product-type?post=262"}],"curies":[{"name":"wp","href":"https:\/\/api.w.org\/{rel}","templated":true}]}}