{"id":230,"date":"2022-12-05T15:08:15","date_gmt":"2022-12-05T07:08:15","guid":{"rendered":"https:\/\/maizemachine.com\/?post_type=product&#038;p=230"},"modified":"2025-12-17T14:00:19","modified_gmt":"2025-12-17T06:00:19","slug":"sweet-corn-planter","status":"publish","type":"product","link":"https:\/\/maizemachine.com\/fr\/product\/sweet-corn-planter\/","title":{"rendered":"Planteur de ma\u00efs sucr\u00e9 \u00e0 2 rang\u00e9es | Semoir de ma\u00efs sucr\u00e9"},"content":{"rendered":"<p class=\"translation-block\">Le semoir de ma\u00efs doux est une machine qui peut semer des graines sur du ma\u00efs doux. Le semoir de ma\u00efs doux est la machine la plus vendue de <a href=\"https:\/\/maizemachine.com\/fr\/\">Taizy Corn Machinery<\/a>. Notre semoir de ma\u00efs peut effectuer toutes les \u00e9tapes de <strong><mark class=\"has-inline-color has-luminous-vivid-amber-color\">desserrage, fertilisation, creusement de tranch\u00e9es, semis et recouvrement du sol<\/mark><\/strong> en m\u00eame temps. Par cons\u00e9quent, compar\u00e9 \u00e0 d'autres fabricants de semoirs de ma\u00efs, notre machine est un semoir de ma\u00efs doux multifonction.<\/p>   <div class=\"wp-block-image\"> <figure class=\"aligncenter size-full\"><img loading=\"lazy\" decoding=\"async\" width=\"720\" height=\"540\" src=\"http:\/\/maizemachine.com\/wp-content\/uploads\/2022\/12\/sweet-corn-planter-for-sale.webp\" alt=\"planteur de ma\u00efs sucr\u00e9 \u00e0 vendre\" class=\"wp-image-234\" title=\"\" srcset=\"https:\/\/maizemachine.com\/wp-content\/uploads\/2022\/12\/sweet-corn-planter-for-sale.webp 720w, https:\/\/maizemachine.com\/wp-content\/uploads\/2022\/12\/sweet-corn-planter-for-sale-300x225.webp 300w\" sizes=\"auto, (max-width: 720px) 100vw, 720px\" \/><figcaption class=\"wp-element-caption\">planteur de ma\u00efs sucr\u00e9 \u00e0 vendre<\/figcaption><\/figure> <\/div>   <h2 class=\"wp-block-heading\">Quels sont les types de semoirs de ma\u00efs doux Taizy ?<\/h2>    <p class=\"translation-block\">Chez Taizy Corn Machinery Factory, nous avons un semoir de ma\u00efs doux petit, <strong>semis de ma\u00efs \u00e0 3 rangs<\/strong>, <strong>semis de ma\u00efs doux \u00e0 4 rangs<\/strong>, <strong>semis de ma\u00efs \u00e0 5 rangs<\/strong>, <strong>machine \u00e0 semer le ma\u00efs \u00e0 6 rangs<\/strong>, et un semoir de ma\u00efs doux \u00e0 2 rangs \u00e0 vendre. Nous pouvons \u00e9galement fournir un service personnalis\u00e9 \u00e0 nos clients. Si vous avez besoin d'un semoir de ma\u00efs doux, n'h\u00e9sitez pas \u00e0 nous contacter.<\/p>    <div class=\"wp-block-columns is-layout-flex wp-container-core-columns-is-layout-9d6595d7 wp-block-columns-is-layout-flex\"> <div class=\"wp-block-column is-layout-flow wp-block-column-is-layout-flow\"> <figure class=\"wp-block-image size-full\"><img loading=\"lazy\" decoding=\"async\" width=\"720\" height=\"540\" src=\"http:\/\/maizemachine.com\/wp-content\/uploads\/2022\/12\/sweet-corn-seeder.webp\" alt=\"semoir de ma\u00efs sucr\u00e9\" class=\"wp-image-235\" title=\"\" srcset=\"https:\/\/maizemachine.com\/wp-content\/uploads\/2022\/12\/sweet-corn-seeder.webp 720w, https:\/\/maizemachine.com\/wp-content\/uploads\/2022\/12\/sweet-corn-seeder-300x225.webp 300w\" sizes=\"auto, (max-width: 720px) 100vw, 720px\" \/><figcaption class=\"wp-element-caption\">Semoir de ma\u00efs sucr\u00e9<\/figcaption><\/figure> <\/div>    <div class=\"wp-block-column is-layout-flow wp-block-column-is-layout-flow\"> <figure class=\"wp-block-image size-full\"><img loading=\"lazy\" decoding=\"async\" width=\"720\" height=\"540\" src=\"http:\/\/maizemachine.com\/wp-content\/uploads\/2022\/08\/maize-planter-with-tractor.webp\" alt=\"machine de planteur de ma\u00efs\" class=\"wp-image-79\" title=\"\" srcset=\"https:\/\/maizemachine.com\/wp-content\/uploads\/2022\/08\/maize-planter-with-tractor.webp 720w, https:\/\/maizemachine.com\/wp-content\/uploads\/2022\/08\/maize-planter-with-tractor-300x225.webp 300w\" sizes=\"auto, (max-width: 720px) 100vw, 720px\" \/><figcaption class=\"wp-element-caption\">Machine de planteur de ma\u00efs<\/figcaption><\/figure> <\/div>    <div class=\"wp-block-column is-layout-flow wp-block-column-is-layout-flow\"> <figure class=\"wp-block-image size-full\"><img loading=\"lazy\" decoding=\"async\" width=\"720\" height=\"540\" src=\"http:\/\/maizemachine.com\/wp-content\/uploads\/2022\/08\/6-row-maize-planter.webp\" alt=\"Semoir \u00e0 ma\u00efs 6 rangs\" class=\"wp-image-141\" title=\"\" srcset=\"https:\/\/maizemachine.com\/wp-content\/uploads\/2022\/08\/6-row-maize-planter.webp 720w, https:\/\/maizemachine.com\/wp-content\/uploads\/2022\/08\/6-row-maize-planter-300x225.webp 300w\" sizes=\"auto, (max-width: 720px) 100vw, 720px\" \/><figcaption class=\"wp-element-caption\">Planteur de ma\u00efs \u00e0 6 rangs<\/figcaption><\/figure> <\/div> <\/div>    <h2 class=\"wp-block-heading\">Planter du ma\u00efs sucr\u00e9 avec un semoir \u00e0 2 rangs<\/h2>    <p>Le planteur de ma\u00efs doux se compose principalement d'une bo\u00eete \u00e0 graines, d'un ouvreur de sillon, d'un d\u00e9chargeur de graines, d'une bo\u00eete \u00e0 engrais, d'un d\u00e9chargeur d'engrais et d'un dispositif de paillage et de suppression. Dans le processus de semis, la puissance principale du planteur provient de l'arbre de sortie de puissance arri\u00e8re du tracteur. Sous la traction du tracteur, le trancheur ouvre le sillon dans le sol pour le semis et l'application d'engrais \u00e0 une profondeur pr\u00e9d\u00e9termin\u00e9e. <\/p>    <p>En raison du r\u00f4le du frottement, la roue au sol, en train d'avancer, roule et entra\u00eene constamment le travail du rameur de semences et du rameur d'engrais. Les graines et les engrais sont ensuite d\u00e9vers\u00e9s dans les sillons par diff\u00e9rentes lignes, et le sol est recouvert et compact\u00e9 \u00e0 l'aide d'un dispositif de paillage et d'un dispositif de suppression. En plus des semoirs de ma\u00efs conventionnels, il existe \u00e9galement des semoirs de ma\u00efs qui peuvent assurer des fonctions de lutte contre les ravageurs et les maladies et de paillage pendant leur fonctionnement.<\/p>   <div class=\"wp-block-image\"> <figure class=\"aligncenter size-full\"><img loading=\"lazy\" decoding=\"async\" width=\"720\" height=\"540\" src=\"http:\/\/maizemachine.com\/wp-content\/uploads\/2022\/12\/small-sweet-maize-planter.webp\" alt=\"petit planteur de ma\u00efs sucr\u00e9\" class=\"wp-image-233\" title=\"\" srcset=\"https:\/\/maizemachine.com\/wp-content\/uploads\/2022\/12\/small-sweet-maize-planter.webp 720w, https:\/\/maizemachine.com\/wp-content\/uploads\/2022\/12\/small-sweet-maize-planter-300x225.webp 300w\" sizes=\"auto, (max-width: 720px) 100vw, 720px\" \/><figcaption class=\"wp-element-caption\">petit planteur de ma\u00efs sucr\u00e9<\/figcaption><\/figure> <\/div>   <h2 class=\"wp-block-heading\">Quels sont les avantages de la machine ?<\/h2>    <ol class=\"wp-block-list\"> <li>Le dispositif semeur pr\u00e9sente une pr\u00e9cision de semis \u00e9lev\u00e9e. Le taux de qualification des semis est sup\u00e9rieur \u00e0 85%.<\/li>    <li>Vitesse de travail \u00e9lev\u00e9e. Lorsque la distance entre les plantes n'est pas inf\u00e9rieure \u00e0 20 cm, la vitesse de travail du semoir de ma\u00efs peut atteindre 8 km\/h.<\/li>    <li>Espacement pr\u00e9cis des trous et division uniforme des semis. Le semoir de ma\u00efs sucr\u00e9 peut semer les grains de ma\u00efs uniform\u00e9ment. Cela peut permettre \u00e0 chaque plant de ma\u00efs de pousser correctement<\/li>    <li>Excellent mat\u00e9riau des pi\u00e8ces principales. Tous les engrenages de la bo\u00eete de vitesses sont en acier de haute qualit\u00e9 et carbur\u00e9s. Les pi\u00e8ces de transmission sont constitu\u00e9es de roulements de haute qualit\u00e9.<\/li>    <li>Facile \u00e0 utiliser. Le planteur de ma\u00efs sucr\u00e9 est facile \u00e0 d\u00e9marrer et simple \u00e0 utiliser. Le levier de commande de la bo\u00eete de vitesses peut contr\u00f4ler simultan\u00e9ment le pendule radial et le mouvement axial du balancier.<\/li> <\/ol>    <h2 class=\"wp-block-heading\">Param\u00e8tres techniques du planteur de ma\u00efs sucr\u00e9 \u00e0 2 rang\u00e9es<\/h2>    <figure class=\"wp-block-table\"><table><tbody><tr><td>Dimension hors tout<\/td><td>1570*1300*1200mm<\/td><\/tr><tr><td>Lignes<\/td><td>2 pi\u00e8ces<\/td><\/tr><tr><td>Espacement des rangs<\/td><td>428-570mm<\/td><\/tr><tr><td>Espacement des plantes<\/td><td>R\u00e9glable, 140 mm\/173 mm\/226 mm\/280 mm<\/td><\/tr><tr><td>Profondeur de foss\u00e9<\/td><td>60-80mm<\/td><\/tr><tr><td>Profondeur de fertilisation<\/td><td>60-80mm<\/td><\/tr><tr><td>Profondeur de semis<\/td><td>30-50mm<\/td><\/tr><tr><td>La capacit\u00e9 du r\u00e9servoir d'engrais<\/td><td>18,75 L x2<\/td><\/tr><tr><td>La capacit\u00e9 de la seedbox<\/td><td>8,5 x 2<\/td><\/tr><tr><td>Poids<\/td><td>150 kg<\/td><\/tr><tr><td>Puissance adapt\u00e9e<\/td><td>12-18 ch<\/td><\/tr><tr><td>Lien<\/td><td>3 pointes<\/td><\/tr><\/tbody><\/table><\/figure>    <p class=\"translation-block\">Voici les param\u00e8tres du planteur de ma\u00efs doux \u00e0 2 rangs. L\u2019espacement des rangs de semis est de 428-570 mm. L\u2019espacement des plantes peut \u00eatre ajust\u00e9 \u00e0 140 mm\/173 mm\/226 mm\/280 mm. La profondeur de semis est de 30-50 mm. La <a href=\"https:\/\/en.wikipedia.org\/wiki\/Horsepower\" target=\"_blank\" rel=\"noopener\">puissance<\/a> est de 12-18 hp.<\/p>    <h2 class=\"wp-block-heading\">Quelle est la meilleure jardini\u00e8re pour le ma\u00efs sucr\u00e9 ?<\/h2>    <p class=\"translation-block\">Taizy Corn Machinery poss\u00e8de le meilleur planteur pour le ma\u00efs doux. Nous proposons \u00e0 la vente des semoirs de ma\u00efs doux \u00e0 3 rangs\/4 rangs\/5 rangs et 6 rangs. Que vous l\u2019utilisiez \u00e0 des fins domestiques ou professionnelles, vous pouvez choisir la machine adapt\u00e9e. En tant que fabricant sp\u00e9cialis\u00e9 dans les machines \u00e0 ma\u00efs, nous pouvons offrir \u00e0 nos clients non seulement des semoirs pour ma\u00efs, mais aussi <a href=\"https:\/\/maizemachine.com\/fr\/product\/2-row-corn-picker\/\">r\u00e9colteuse de ma\u00efs \u00e0 2 rangs<\/a> et <a href=\"https:\/\/maizemachine.com\/fr\/product\/sweet-corn-sheller\/\">\u00e9barbeur de ma\u00efs doux<\/a>.<\/p>   <div class=\"wp-block-image\"> <figure class=\"aligncenter size-full\"><img loading=\"lazy\" decoding=\"async\" width=\"720\" height=\"540\" src=\"http:\/\/maizemachine.com\/wp-content\/uploads\/2022\/08\/maize-planting-machine.webp\" alt=\"planteuse de ma\u00efs\" class=\"wp-image-80\" title=\"\" srcset=\"https:\/\/maizemachine.com\/wp-content\/uploads\/2022\/08\/maize-planting-machine.webp 720w, https:\/\/maizemachine.com\/wp-content\/uploads\/2022\/08\/maize-planting-machine-300x225.webp 300w\" sizes=\"auto, (max-width: 720px) 100vw, 720px\" \/><figcaption class=\"wp-element-caption\">planteuse de ma\u00efs<\/figcaption><\/figure> <\/div>   <h2 class=\"wp-block-heading\">Notes sur le fonctionnement du semoir de ma\u00efs sucr\u00e9<\/h2>    <ol class=\"wp-block-list\"> <li>Le semoir de ma\u00efs sucr\u00e9 ne peut \u00eatre utilis\u00e9 qu'apr\u00e8s que la personne concern\u00e9e ait suivi la formation correspondante. L'op\u00e9rateur peut garantir la qualit\u00e9 de fonctionnement du semoir et \u00e9viter l'apparition de pannes m\u00e9caniques seulement apr\u00e8s avoir connu le principe, la structure et la m\u00e9thode de fonctionnement de la machine.<\/li>    <li>Avant l'op\u00e9ration, le conducteur doit v\u00e9rifier soigneusement le semoir pour s'assurer que la machine est normale et que les pi\u00e8ces cl\u00e9s sont bien lubrifi\u00e9es et connect\u00e9es.<\/li>    <li>Si une anomalie est d\u00e9tect\u00e9e pendant le processus de semis, la machine doit \u00eatre imm\u00e9diatement arr\u00eat\u00e9e pour inspection, et l'op\u00e9ration de semis ne peut \u00eatre poursuivie qu'une fois le d\u00e9faut \u00e9limin\u00e9.<\/li>    <li>Lors du semis, l'op\u00e9rateur doit effectuer le flux de travail de creusement de tranch\u00e9es, de dosage des graines, de d\u00e9chargement d'engrais et de recouvrement du sol en fonction de l'espacement des rangs et de la vitesse de fonctionnement sp\u00e9cifi\u00e9s.<\/li>    <li>En plus d'un fonctionnement standardis\u00e9 selon les exigences du fabricant, le conducteur doit \u00e9galement pr\u00eater attention \u00e0 l'entretien quotidien du semoir de ma\u00efs doux. Cela peut garantir que le semoir est toujours en bon \u00e9tat de fonctionnement pour assurer une bonne qualit\u00e9 de semis et une efficacit\u00e9 de semis.<\/li> <\/ol>   <div class=\"wp-block-image\"> <figure class=\"aligncenter size-full\"><img loading=\"lazy\" decoding=\"async\" width=\"720\" height=\"540\" src=\"http:\/\/maizemachine.com\/wp-content\/uploads\/2022\/08\/the-working-picture-of-corn-planting-equipment.webp\" alt=\"l&#039;image de travail du mat\u00e9riel de plantation de ma\u00efs\" class=\"wp-image-82\" title=\"\" srcset=\"https:\/\/maizemachine.com\/wp-content\/uploads\/2022\/08\/the-working-picture-of-corn-planting-equipment.webp 720w, https:\/\/maizemachine.com\/wp-content\/uploads\/2022\/08\/the-working-picture-of-corn-planting-equipment-300x225.webp 300w\" sizes=\"auto, (max-width: 720px) 100vw, 720px\" \/><figcaption class=\"wp-element-caption\">l'image de travail du mat\u00e9riel de plantation de ma\u00efs<\/figcaption><\/figure> <\/div>   <h2 class=\"wp-block-heading\">Quel mois faut-il planter le ma\u00efs sucr\u00e9 ?<\/h2>    <p>Le semis du ma\u00efs sucr\u00e9 peut se faire au printemps de mars \u00e0 mai, et la p\u00e9riode de semis dans chaque r\u00e9gion changera en fonction de la m\u00e9t\u00e9o. Il est important d\u2019\u00e9viter les p\u00e9riodes chaudes lors de la plantation, car ces conditions m\u00e9t\u00e9orologiques peuvent g\u00eaner la croissance des graines. Et m\u00eame si les plants poussent, ils peuvent \u00eatre tr\u00e8s fins et petits. De tels plants auront un rendement tr\u00e8s faible une fois arriv\u00e9s \u00e0 maturit\u00e9. Le sol doit avoir une bonne fertilit\u00e9 au moment du semis. Les graines de ma\u00efs sucr\u00e9 doivent \u00e9galement \u00eatre soigneusement s\u00e9lectionn\u00e9es. Sinon, cela affectera directement le rendement du ma\u00efs sucr\u00e9.<\/p>","protected":false},"excerpt":{"rendered":"<p>Sweet corn planter is a machine that can sow seeds on sweet corn. Sweet corn seeder is the hot selling machine of Taizy Corn Machinery. Our corn planter can do all the processes of loosening, fertilizing, digging trenches, sowing, and covering soil at the same time. Therefore, compared with other corn planter manufacturers, our machine [&hellip;]<\/p>\n","protected":false},"author":1,"featured_media":231,"parent":0,"template":"","tags":[13],"product-type":[7],"class_list":["post-230","product","type-product","status-publish","has-post-thumbnail","hentry","tag-corn-planter","product-type-corn-planter"],"_links":{"self":[{"href":"https:\/\/maizemachine.com\/fr\/wp-json\/wp\/v2\/product\/230","targetHints":{"allow":["GET"]}}],"collection":[{"href":"https:\/\/maizemachine.com\/fr\/wp-json\/wp\/v2\/product"}],"about":[{"href":"https:\/\/maizemachine.com\/fr\/wp-json\/wp\/v2\/types\/product"}],"author":[{"embeddable":true,"href":"https:\/\/maizemachine.com\/fr\/wp-json\/wp\/v2\/users\/1"}],"wp:featuredmedia":[{"embeddable":true,"href":"https:\/\/maizemachine.com\/fr\/wp-json\/wp\/v2\/media\/231"}],"wp:attachment":[{"href":"https:\/\/maizemachine.com\/fr\/wp-json\/wp\/v2\/media?parent=230"}],"wp:term":[{"taxonomy":"post_tag","embeddable":true,"href":"https:\/\/maizemachine.com\/fr\/wp-json\/wp\/v2\/tags?post=230"},{"taxonomy":"product-type","embeddable":true,"href":"https:\/\/maizemachine.com\/fr\/wp-json\/wp\/v2\/product-type?post=230"}],"curies":[{"name":"wp","href":"https:\/\/api.w.org\/{rel}","templated":true}]}}