{"id":223,"date":"2022-11-30T15:23:19","date_gmt":"2022-11-30T07:23:19","guid":{"rendered":"https:\/\/maizemachine.com\/?post_type=product&#038;p=223"},"modified":"2025-12-30T17:40:02","modified_gmt":"2025-12-30T09:40:02","slug":"small-maize-sheller-machine","status":"publish","type":"product","link":"https:\/\/maizemachine.com\/fr\/product\/small-maize-sheller-machine\/","title":{"rendered":"Machine de d\u00e9corticage de ma\u00efs petite de 1,5 tonnes\/h | Petit d\u00e9cortiqueur de ma\u00efs"},"content":{"rendered":"<p class=\"translation-block\">La petite d\u00e9cortiqueuse de ma\u00efs est une machine courante dans<a href=\"https:\/\/maizemachine.com\/fr\/\">l'industrie du ma\u00efs<\/a>. La capacit\u00e9 de la machine est<strong><mark class=\"has-inline-color has-luminous-vivid-amber-color\">1500kg\/h-2000kg\/h<\/mark><\/strong>, ce qui la rend particuli\u00e8rement adapt\u00e9e aux petites exploitations agricoles et aux familles. <\/p>    <p class=\"translation-block\">Bien que la machine soit petite, elle est puissante. Elle peut \u00e9grener et \u00e9plucher le ma\u00efs. De nombreux revendeurs dans d'autres pays choisissent d'acheter cette petite \u00e9greneuse de ma\u00efs. Parce que cette machine est tr\u00e8s populaire pendant la saison de r\u00e9colte du ma\u00efs. En plus des \u00e9greneuses de ma\u00efs petites, la fabrique de machines \u00e0 ma\u00efs Taizy dispose \u00e9galement d'\u00e9greneuses de ma\u00efs moyennes et<a href=\"http:\/\/commercial corn sheller\">\u00e9greneuses de ma\u00efs commerciales<\/a>\u00e0 vendre.<\/p>    <p class=\"translation-block\">Ce d\u00e9cortiqueur de ma\u00efs peut \u00eatre \u00e9quip\u00e9 soit d'un<strong><mark class=\"has-inline-color has-luminous-vivid-amber-color\">moteur \u00e0 essence<\/mark><\/strong>, soit d'un<strong><mark class=\"has-inline-color has-luminous-vivid-amber-color\">moteur \u00e9lectrique<\/mark><\/strong>, adapt\u00e9 \u00e0 diverses applications.<\/p>   <div class=\"wp-block-image\"> <figure class=\"aligncenter size-full\"><img loading=\"lazy\" decoding=\"async\" width=\"720\" height=\"540\" src=\"http:\/\/maizemachine.com\/wp-content\/uploads\/2022\/11\/small-maize-sheller-machine.webp\" alt=\"petite d\u00e9cortiqueuse de ma\u00efs\" class=\"wp-image-228\" title=\"\" srcset=\"https:\/\/maizemachine.com\/wp-content\/uploads\/2022\/11\/small-maize-sheller-machine.webp 720w, https:\/\/maizemachine.com\/wp-content\/uploads\/2022\/11\/small-maize-sheller-machine-300x225.webp 300w\" sizes=\"auto, (max-width: 720px) 100vw, 720px\" \/><figcaption class=\"wp-element-caption\">petite d\u00e9cortiqueuse de ma\u00efs<\/figcaption><\/figure> <\/div>   <h2 class=\"wp-block-heading\">Avantages de la petite d\u00e9cortiqueuse de ma\u00efs<\/h2>    <div class=\"wp-block-columns is-layout-flex wp-container-core-columns-is-layout-9d6595d7 wp-block-columns-is-layout-flex\"> <div class=\"wp-block-column is-layout-flow wp-block-column-is-layout-flow\"> <p class=\"has-text-align-center translation-block\"><strong>Haute efficacit\u00e9<\/strong><\/p>    <p class=\"translation-block\">Traite<strong><mark class=\"has-inline-color has-luminous-vivid-amber-color\">1500\u20132000 kg<\/mark><\/strong>de ma\u00efs par heure, assurant une vitesse de battage rapide et un fonctionnement continu. Id\u00e9al pour la transformation du ma\u00efs \u00e0 petite et moyenne \u00e9chelle.<\/p> <\/div>    <div class=\"wp-block-column is-layout-flow wp-block-column-is-layout-flow\"> <p class=\"has-text-align-center translation-block\"><strong>Options d'alimentation flexibles<\/strong><\/p>    <p class=\"translation-block\">Peut \u00eatre \u00e9quip\u00e9e soit d'un<strong><mark class=\"has-inline-color has-luminous-vivid-amber-color\">moteur \u00e0 essence<\/mark><\/strong>, soit d'un<strong><mark class=\"has-inline-color has-luminous-vivid-amber-color\">moteur \u00e9lectrique de 2,2 kW<\/mark><\/strong>, permettant aux utilisateurs de choisir en fonction de l'alimentation \u00e9lectrique locale ou de la disponibilit\u00e9 du carburant \u2014 parfait pour les zones rurales ou hors r\u00e9seau.<\/p> <\/div> <\/div>    <div class=\"wp-block-columns is-layout-flex wp-container-core-columns-is-layout-9d6595d7 wp-block-columns-is-layout-flex\"> <div class=\"wp-block-column is-layout-flow wp-block-column-is-layout-flow\"> <p class=\"has-text-align-center translation-block\"><strong>Structure compacte &amp; mobilit\u00e9 facile<\/strong><\/p>    <p class=\"translation-block\">Pesant seulement<strong><mark class=\"has-inline-color has-luminous-vivid-amber-color\">65 kg<\/mark><\/strong>et mesurant<strong> <mark class=\"has-inline-color has-luminous-vivid-amber-color\">440\u00d7400\u00d7800<\/mark><\/strong>mm, la machine est l\u00e9g\u00e8re, peu encombrante et facile \u00e0 d\u00e9placer, installer et stocker.<\/p> <\/div>    <div class=\"wp-block-column is-layout-flow wp-block-column-is-layout-flow\"> <p class=\"has-text-align-center translation-block\"><strong>Performance durable et stable<\/strong><\/p>    <p>Construit en acier de haute qualit\u00e9, avec un rotor renforc\u00e9 et un cadre robuste. La machine fonctionne en douceur avec peu de vibrations, offrant une longue dur\u00e9e de vie et une op\u00e9ration fiable.<\/p> <\/div> <\/div>   <div class=\"wp-block-image\"> <figure class=\"aligncenter size-full\"><img loading=\"lazy\" decoding=\"async\" width=\"720\" height=\"540\" src=\"http:\/\/maizemachine.com\/wp-content\/uploads\/2022\/11\/small-corn-sheller-for-sale.jpg\" alt=\"petite d\u00e9cortiqueuse de ma\u00efs \u00e0 vendre\" class=\"wp-image-226\" title=\"\" srcset=\"https:\/\/maizemachine.com\/wp-content\/uploads\/2022\/11\/small-corn-sheller-for-sale.jpg 720w, https:\/\/maizemachine.com\/wp-content\/uploads\/2022\/11\/small-corn-sheller-for-sale-300x225.jpg 300w\" sizes=\"auto, (max-width: 720px) 100vw, 720px\" \/><figcaption class=\"wp-element-caption\">petite d\u00e9cortiqueuse de ma\u00efs \u00e0 vendre<\/figcaption><\/figure> <\/div>   <div class=\"wp-block-columns is-layout-flex wp-container-core-columns-is-layout-9d6595d7 wp-block-columns-is-layout-flex\"> <div class=\"wp-block-column is-layout-flow wp-block-column-is-layout-flow\"> <p class=\"has-text-align-center translation-block\"><strong>S\u00e9paration propre, faible casse<\/strong><\/p>    <p class=\"translation-block\">Une conception optimis\u00e9e du tambour permet d'atteindre un taux de nettoyage sup\u00e9rieur \u00e0<strong><mark class=\"has-inline-color has-luminous-vivid-amber-color\">98%<\/mark><\/strong>et une faible casse des grains, r\u00e9duisant la perte de grains et am\u00e9liorant le rendement.<\/p> <\/div>    <div class=\"wp-block-column is-layout-flow wp-block-column-is-layout-flow\"> <p class=\"has-text-align-center translation-block\"><strong>Sortie propre &amp; maintenance facile<\/strong><\/p>    <p>Le ventilateur int\u00e9gr\u00e9 \u00e9limine automatiquement la poussi\u00e8re et les impuret\u00e9s pendant le fonctionnement, garantissant une sortie de ma\u00efs plus propre. La structure simple permet une maintenance rapide et un remplacement facile des pi\u00e8ces, minimisant les temps d'arr\u00eat.<\/p> <\/div> <\/div>    <h2 class=\"wp-block-heading\">Structure d'une petite d\u00e9cortiqueuse de ma\u00efs<\/h2>    <p>La batteuse de ma\u00efs domestique est compos\u00e9e d'une entr\u00e9e d'alimentation, d'une salle de battage et d'\u00e9pluchage, d'un moteur ou d'un moteur \u00e0 essence, d'une sortie de grain de ma\u00efs et d'une sortie de b\u00e2tonnets de ma\u00efs, d'un ventilateur et d'un ch\u00e2ssis. La taille de l\u2019entr\u00e9e d\u2019alimentation est de 330 mm de large et 360 mm de long. L'ouverture d'alimentation est dimensionn\u00e9e pour faciliter le placement du ma\u00efs.<\/p>   <div class=\"wp-block-image\"> <figure class=\"aligncenter size-full\"><img loading=\"lazy\" decoding=\"async\" width=\"720\" height=\"540\" src=\"http:\/\/maizemachine.com\/wp-content\/uploads\/2022\/11\/structure-of-small-maize-sheller.webp\" alt=\"structure d&#039;une petite d\u00e9cortiqueuse de ma\u00efs\" class=\"wp-image-229\" title=\"\" srcset=\"https:\/\/maizemachine.com\/wp-content\/uploads\/2022\/11\/structure-of-small-maize-sheller.webp 720w, https:\/\/maizemachine.com\/wp-content\/uploads\/2022\/11\/structure-of-small-maize-sheller-300x225.webp 300w\" sizes=\"auto, (max-width: 720px) 100vw, 720px\" \/><figcaption class=\"wp-element-caption\">structure d'une petite d\u00e9cortiqueuse de ma\u00efs<\/figcaption><\/figure> <\/div>   <h2 class=\"wp-block-heading\">Param\u00e8tres de la machine<\/h2>    <figure class=\"wp-block-table\"><table><tbody><tr><td>Mod\u00e8le<\/td><td>TZ-1500<\/td><\/tr><tr><td>Pouvoir<\/td><td>Moteur \u00e0 essence ou moteur \u00e9lectrique 2,2 kW<\/td><\/tr><tr><td>Capacit\u00e9<\/td><td>1500-2000kg\/heure<\/td><\/tr><tr><td>Poids de la machine<\/td><td>65 kg<\/td><\/tr><tr><td>Taille de la machine<\/td><td>440*400*800mm<\/td><\/tr><\/tbody><\/table><\/figure>    <h2 class=\"wp-block-heading\">Comment fonctionne une petite d\u00e9cortiqueuse de ma\u00efs ?<\/h2>    <p>Le principe de fonctionnement de la d\u00e9cortiqueuse de ma\u00efs est de battre le ma\u00efs par la friction du tambour \u00e0 l'int\u00e9rieur de la machine. L'espace entre les rouleaux n'\u00e9crasera pas l'\u00e9pi de ma\u00efs. Ensuite, le grain de ma\u00efs sortira de la sortie de grain de ma\u00efs, et l'\u00e9pi de ma\u00efs sortira d'une autre sortie. C'est le processus de travail d'une mini batteuse de ma\u00efs.<\/p>    <h2 class=\"wp-block-heading\">Prix \u200b\u200bde la mini batteuse de ma\u00efs<\/h2>    <p>Le prix d'une petite machine d\u00e9cortiqueuse de ma\u00efs est relativement abordable car sa structure est simple et sa capacit\u00e9 de production n'est pas aussi grande que celle des d\u00e9cortiqueuses commerciales. Par cons\u00e9quent, de nombreux revendeurs dans plusieurs pays ach\u00e8tent cette petite d\u00e9cortiqueuse de ma\u00efs pour la vendre ensuite aux agriculteurs. En raison de l'influence de la distance et des taux de change, nous ne pouvons pas vous donner de devis pr\u00e9cis ici. Si vous souhaitez conna\u00eetre le prix de la machine, n'h\u00e9sitez pas \u00e0 nous contacter. Notre \u00e9quipe commerciale vous r\u00e9pondra rapidement.<\/p>   <div class=\"wp-block-image\"> <figure class=\"aligncenter size-full\"><img loading=\"lazy\" decoding=\"async\" width=\"720\" height=\"540\" src=\"http:\/\/maizemachine.com\/wp-content\/uploads\/2022\/11\/shipment-picture.webp\" alt=\"photo d&#039;exp\u00e9dition\" class=\"wp-image-225\" title=\"\" srcset=\"https:\/\/maizemachine.com\/wp-content\/uploads\/2022\/11\/shipment-picture.webp 720w, https:\/\/maizemachine.com\/wp-content\/uploads\/2022\/11\/shipment-picture-300x225.webp 300w\" sizes=\"auto, (max-width: 720px) 100vw, 720px\" \/><figcaption class=\"wp-element-caption\">photo d'exp\u00e9dition<\/figcaption><\/figure> <\/div>   <h2 class=\"wp-block-heading\">Pourquoi les clients choisissent-ils notre mini batteuse de ma\u00efs\u00a0?<\/h2>    <p class=\"translation-block\">Tout d'abord, cette petite d\u00e9cortiqueuse de ma\u00efs ne peut pas seulement battre, mais aussi \u00e9plucher. C'est une machine \u00e0 double usage. De plus, l'effet de battage de la machine est bon, et le taux de retrait des grains de ma\u00efs atteint jusqu'\u00e0 99%. Deuxi\u00e8mement, l'efficacit\u00e9 de production de<strong>1500-2000 kg<\/strong>par heure peut r\u00e9pondre aux besoins de battage des familles et des petites exploitations agricoles. Enfin, le ma\u00efs et la tige de ma\u00efs sortiront respectivement par les deux bouches. Les utilisateurs ne perdent pas de temps ni d'\u00e9nergie en triant.<\/p>   <div class=\"wp-block-image\"> <figure class=\"aligncenter size-full\"><img loading=\"lazy\" decoding=\"async\" width=\"720\" height=\"540\" src=\"https:\/\/maizemachine.com\/wp-content\/uploads\/2023\/07\/Certificates.webp\" alt=\"Certificats\" class=\"wp-image-683\" title=\"\" srcset=\"https:\/\/maizemachine.com\/wp-content\/uploads\/2023\/07\/Certificates.webp 720w, https:\/\/maizemachine.com\/wp-content\/uploads\/2023\/07\/Certificates-300x225.webp 300w, https:\/\/maizemachine.com\/wp-content\/uploads\/2023\/07\/Certificates-16x12.webp 16w\" sizes=\"auto, (max-width: 720px) 100vw, 720px\" \/><figcaption class=\"wp-element-caption\">Certificats<\/figcaption><\/figure> <\/div>   <p><\/p>","protected":false},"excerpt":{"rendered":"<p>Small maize sheller machine is a common machine in corn machinery. The output of the machine is 1500kg\/h-2000kg\/h, so it is especially suitable for small farms and families. Although the machine is small, it is powerful. It can thresh and peel corn. Many dealers in other countries choose to buy this small maize thresher. Because [&hellip;]<\/p>\n","protected":false},"author":1,"featured_media":227,"parent":0,"template":"","tags":[14,15,16],"product-type":[9],"class_list":["post-223","product","type-product","status-publish","has-post-thumbnail","hentry","tag-corn-sheller","tag-maize-sheller","tag-small-maize-sheller-machine","product-type-corn-sheller-machine"],"_links":{"self":[{"href":"https:\/\/maizemachine.com\/fr\/wp-json\/wp\/v2\/product\/223","targetHints":{"allow":["GET"]}}],"collection":[{"href":"https:\/\/maizemachine.com\/fr\/wp-json\/wp\/v2\/product"}],"about":[{"href":"https:\/\/maizemachine.com\/fr\/wp-json\/wp\/v2\/types\/product"}],"author":[{"embeddable":true,"href":"https:\/\/maizemachine.com\/fr\/wp-json\/wp\/v2\/users\/1"}],"wp:featuredmedia":[{"embeddable":true,"href":"https:\/\/maizemachine.com\/fr\/wp-json\/wp\/v2\/media\/227"}],"wp:attachment":[{"href":"https:\/\/maizemachine.com\/fr\/wp-json\/wp\/v2\/media?parent=223"}],"wp:term":[{"taxonomy":"post_tag","embeddable":true,"href":"https:\/\/maizemachine.com\/fr\/wp-json\/wp\/v2\/tags?post=223"},{"taxonomy":"product-type","embeddable":true,"href":"https:\/\/maizemachine.com\/fr\/wp-json\/wp\/v2\/product-type?post=223"}],"curies":[{"name":"wp","href":"https:\/\/api.w.org\/{rel}","templated":true}]}}