{"id":120,"date":"2022-08-24T07:14:33","date_gmt":"2022-08-24T07:14:33","guid":{"rendered":"https:\/\/maizemachine.com\/?post_type=product&#038;p=120"},"modified":"2025-10-28T16:13:14","modified_gmt":"2025-10-28T08:13:14","slug":"sweet-corn-sheller","status":"publish","type":"product","link":"https:\/\/maizemachine.com\/fr\/product\/sweet-corn-sheller\/","title":{"rendered":"D\u00e9cortiqueur de ma\u00efs sucr\u00e9 | Machine \u00e0 d\u00e9cortiquer le ma\u00efs frais"},"content":{"rendered":"<p class=\"translation-block\">Liseuse de ma\u00efs doux est une machine qui extrait les grains de ma\u00efs des \u00e9pis de ma\u00efs frais. Elle peut enti\u00e8rement \u00e9plucher les grains de ma\u00efs sur l'\u00e9pi. Chez Taizy machinery de traitement du ma\u00efs, nous avons non seulement des \u00e9greneuses de ma\u00efs frais mais aussi des<a href=\"https:\/\/maizemachine.com\/fr\/product\/maize-sheller\/\">\u00e9greneuses de ma\u00efs s\u00e8ches<\/a>. On croit que ces deux \u00e9quipements de s\u00e9paration peuvent r\u00e9pondre aux besoins de d\u00e9piquage des clients. <\/p>    <p class=\"translation-block\">Cette petite machine \u00e0 \u00e9caler le ma\u00efs doux est sp\u00e9cialement con\u00e7ue pour le ma\u00efs frais, le ma\u00efs sucr\u00e9 et le ma\u00efs cireux. Elle peut traiter<strong><mark class=\"has-inline-color has-luminous-vivid-amber-color\">400\u2013500 kg par heure<\/mark><\/strong>avec des performances stables et efficaces. Les grains restent intacts, et le taux d\u2019\u00e9calage atteint jusqu\u2019\u00e0<mark class=\"has-inline-color has-luminous-vivid-amber-color\"> <strong>98%<\/strong>.<\/mark>Elle est largement utilis\u00e9e dans le traitement du ma\u00efs congel\u00e9, du ma\u00efs en conserve et des grains de ma\u00efs emball\u00e9s, ce qui en fait une machine id\u00e9ale pour les usines de traitement du ma\u00efs modernes, les usines alimentaires et les transformateurs de produits agricoles.<\/p>   <div class=\"wp-block-image\"> <figure class=\"aligncenter size-full\"><img loading=\"lazy\" decoding=\"async\" width=\"720\" height=\"534\" src=\"http:\/\/maizemachine.com\/wp-content\/uploads\/2022\/08\/fresh-corn-sheller-machine.webp\" alt=\"d\u00e9cortiqueuse de ma\u00efs frais\" class=\"wp-image-126\" title=\"\" srcset=\"https:\/\/maizemachine.com\/wp-content\/uploads\/2022\/08\/fresh-corn-sheller-machine.webp 720w, https:\/\/maizemachine.com\/wp-content\/uploads\/2022\/08\/fresh-corn-sheller-machine-300x223.webp 300w\" sizes=\"auto, (max-width: 720px) 100vw, 720px\" \/><figcaption class=\"wp-element-caption\">d\u00e9cortiqueuse de ma\u00efs frais<\/figcaption><\/figure> <\/div>   <p class=\"translation-block\">En raison des avantages des \u00e9greneuses de ma\u00efs frais, nos machines ont \u00e9t\u00e9 export\u00e9es vers Singapour, la Russie, le Mexique, l'Indon\u00e9sie, les \u00c9tats-Unis,<a href=\"https:\/\/en.wikipedia.org\/wiki\/Ghana\" target=\"_blank\" rel=\"noopener\">Ghana<\/a>, le Nigeria, et d'autres pays.<\/p>    <figure class=\"wp-block-embed is-type-video is-provider-youtube wp-block-embed-youtube wp-embed-aspect-16-9 wp-has-aspect-ratio\"><div class=\"wp-block-embed__wrapper\"> <iframe loading=\"lazy\" title=\"Machine \u00e0 \u00e9grener le ma\u00efs doux \u2014 Enlevez les grains en quelques secondes !#ma\u00efs_doux #\u00e9greneuse_de_ma\u00efs #traitement_du_ma\u00efs\" width=\"500\" height=\"281\" src=\"https:\/\/www.youtube.com\/embed\/iA9_fqDLDgo?feature=oembed\" frameborder=\"0\" allow=\"accelerometer; autoplay; clipboard-write; encrypted-media; gyroscope; picture-in-picture; web-share\" referrerpolicy=\"strict-origin-when-cross-origin\" allowfullscreen><\/iframe> <\/div><\/figure>    <h2 class=\"wp-block-heading\" id=\"h-structure-of-sweet-corn-sheller\">Structure de la d\u00e9cortiqueuse de ma\u00efs sucr\u00e9<\/h2>    <p>La structure de la d\u00e9cortiqueuse de ma\u00efs frais comprend un bo\u00eetier de commande \u00e9lectrique, une entr\u00e9e de ma\u00efs, une sortie de grains de ma\u00efs, un rouleau en caoutchouc, une roue de d\u00e9chargement mobile, un ventilateur, une bande transporteuse externe mobile, etc. Les accessoires de la machine comprennent des couteaux, des roulements, des boutons, des roues, etc. Le d\u00e9cortiqueur de ma\u00efs sucr\u00e9 de cette machine est en acier inoxydable 304. Par cons\u00e9quent, il pr\u00e9sente les caract\u00e9ristiques d\u2019une efficacit\u00e9 de travail et d\u2019une durabilit\u00e9 \u00e9lev\u00e9es. De plus, le mat\u00e9riau de la machine alimentaire peut \u00e9galement nous permettre de manger plus \u00e0 l'aise.<\/p>   <div class=\"wp-block-image\"> <figure class=\"aligncenter size-full\"><img loading=\"lazy\" decoding=\"async\" width=\"720\" height=\"540\" src=\"https:\/\/maizemachine.com\/wp-content\/uploads\/2023\/07\/The-Structure-of-Sweet-Corn-Thresher.webp\" alt=\"La structure du d\u00e9bardeur de ma\u00efs doux\" class=\"wp-image-687\" title=\"\" srcset=\"https:\/\/maizemachine.com\/wp-content\/uploads\/2023\/07\/The-Structure-of-Sweet-Corn-Thresher.webp 720w, https:\/\/maizemachine.com\/wp-content\/uploads\/2023\/07\/The-Structure-of-Sweet-Corn-Thresher-300x225.webp 300w, https:\/\/maizemachine.com\/wp-content\/uploads\/2023\/07\/The-Structure-of-Sweet-Corn-Thresher-16x12.webp 16w\" sizes=\"auto, (max-width: 720px) 100vw, 720px\" \/><figcaption class=\"wp-element-caption\">La structure du d\u00e9bardeur de ma\u00efs doux<\/figcaption><\/figure> <\/div>   <h2 class=\"wp-block-heading\" id=\"h-how-does-the-sweet-corn-thresher-work\">Comment fonctionne la batteuse de ma\u00efs sucr\u00e9 ?<\/h2>    <p>Apr\u00e8s avoir plac\u00e9 la tige de ma\u00efs sur le tapis roulant, la cha\u00eene de convoyage entra\u00eenera le tapis pour avancer et l\u2019envoyer au dispositif de battage. Ensuite, le rouleau en caoutchouc fixera la tige de ma\u00efs dans le coupeur. Le rouleau en caoutchouc sert \u00e0 fixer la tige de ma\u00efs et \u00e0 l\u2019emp\u00eacher de bouger. <\/p>    <p>La lame passe ensuite \u00e0 travers la tige de ma\u00efs et \u00e9pluche le ma\u00efs de la tige. Enfin, les grains de ma\u00efs seront \u00e9vacu\u00e9s par la sortie de grains. La tige de ma\u00efs sera \u00e9vacu\u00e9e par l\u2019autre port.<\/p>    <figure class=\"wp-block-gallery has-nested-images columns-default is-cropped wp-block-gallery-2 is-layout-flex wp-block-gallery-is-layout-flex\"> <figure class=\"wp-block-image size-large\"><img loading=\"lazy\" decoding=\"async\" width=\"720\" height=\"540\" data-id=\"685\" src=\"https:\/\/maizemachine.com\/wp-content\/uploads\/2023\/07\/roller.webp\" alt=\"rouleau\" class=\"wp-image-685\" title=\"\" srcset=\"https:\/\/maizemachine.com\/wp-content\/uploads\/2023\/07\/roller.webp 720w, https:\/\/maizemachine.com\/wp-content\/uploads\/2023\/07\/roller-300x225.webp 300w, https:\/\/maizemachine.com\/wp-content\/uploads\/2023\/07\/roller-16x12.webp 16w\" sizes=\"auto, (max-width: 720px) 100vw, 720px\" \/><figcaption class=\"wp-element-caption\">Rouleau<\/figcaption><\/figure>    <figure class=\"wp-block-image size-large\"><img loading=\"lazy\" decoding=\"async\" width=\"720\" height=\"540\" data-id=\"689\" src=\"https:\/\/maizemachine.com\/wp-content\/uploads\/2023\/07\/knife-group.webp\" alt=\"groupe de lames\" class=\"wp-image-689\" title=\"\" srcset=\"https:\/\/maizemachine.com\/wp-content\/uploads\/2023\/07\/knife-group.webp 720w, https:\/\/maizemachine.com\/wp-content\/uploads\/2023\/07\/knife-group-300x225.webp 300w, https:\/\/maizemachine.com\/wp-content\/uploads\/2023\/07\/knife-group-16x12.webp 16w\" sizes=\"auto, (max-width: 720px) 100vw, 720px\" \/><figcaption class=\"wp-element-caption\">Groupe de lames<\/figcaption><\/figure> <\/figure>    <h3 class=\"wp-block-heading\">Vid\u00e9o de fonctionnement de la machine<\/h3>    <figure class=\"wp-block-embed is-type-video is-provider-youtube wp-block-embed-youtube wp-embed-aspect-16-9 wp-has-aspect-ratio\"><div class=\"wp-block-embed__wrapper\"> <iframe loading=\"lazy\" title=\"D\u00e9cortiqueur de ma\u00efs sucr\u00e9 | Vid\u00e9o de travail de la batteuse de ma\u00efs frais\" width=\"500\" height=\"281\" src=\"https:\/\/www.youtube.com\/embed\/1D8OouKrvSA?feature=oembed\" frameborder=\"0\" allow=\"accelerometer; autoplay; clipboard-write; encrypted-media; gyroscope; picture-in-picture; web-share\" referrerpolicy=\"strict-origin-when-cross-origin\" allowfullscreen><\/iframe> <\/div><\/figure>    <h2 class=\"wp-block-heading\" id=\"h-machine-specifications\">Sp\u00e9cifications des machines<\/h2>    <figure class=\"wp-block-table\"><table><tbody><tr><td>Mod\u00e8le<\/td><td>SL-268<\/td><td>SL-368<\/td><\/tr><tr><td>Capacit\u00e9<\/td><td>400-500 kg\/heure<\/td><td>400-500 kg\/heure<\/td><\/tr><tr><td>Poids<\/td><td>100 kg<\/td><td>110 kg<\/td><\/tr><tr><td>Taille (mm)<\/td><td>700(L)*620(L)*1250(H)<\/td><td>1320(L)*620(L)*1250(H)<\/td><\/tr><tr><td>Tension<\/td><td>220 V, monophas\u00e9<\/td><td>220 V, monophas\u00e9<\/td><\/tr><tr><td>Pouvoir<\/td><td>2,2 kW<\/td><td>2,2 kW<\/td><\/tr><\/tbody><\/table><\/figure>    <p class=\"translation-block\">Nous avons deux \u00e9grainoirs de ma\u00efs doux \u00e0 vendre. L\u2019un sans tapis roulant et l\u2019autre avec un tapis roulant. La production des deux machines est sup\u00e9rieure \u00e0<strong><mark class=\"has-inline-color has-luminous-vivid-amber-color\">400-500 kg\/h<\/mark><\/strong>. Le poids du convoyeur \u00e0 bande est 10 kg plus lourd que celui sans tapis roulant. Les dimensions de la machine sont<strong><mark class=\"has-inline-color has-luminous-vivid-amber-color\">720 * 620 * 1250<\/mark><\/strong>et<strong><mark class=\"has-inline-color has-luminous-vivid-amber-color\">1320 * 620 * 1250<\/mark><\/strong>respectivement. Vous pouvez choisir votre propre \u00e9grainoir de ma\u00efs frais selon vos besoins.<\/p>    <figure class=\"wp-block-gallery has-nested-images columns-default is-cropped wp-block-gallery-3 is-layout-flex wp-block-gallery-is-layout-flex\"> <figure class=\"wp-block-image size-large\"><img loading=\"lazy\" decoding=\"async\" width=\"720\" height=\"540\" data-id=\"389\" src=\"https:\/\/maizemachine.com\/wp-content\/uploads\/2023\/07\/machine-without-conveyor-belt.webp\" alt=\"machine sans tapis roulant\" class=\"wp-image-389\" title=\"\" srcset=\"https:\/\/maizemachine.com\/wp-content\/uploads\/2023\/07\/machine-without-conveyor-belt.webp 720w, https:\/\/maizemachine.com\/wp-content\/uploads\/2023\/07\/machine-without-conveyor-belt-300x225.webp 300w, https:\/\/maizemachine.com\/wp-content\/uploads\/2023\/07\/machine-without-conveyor-belt-16x12.webp 16w\" sizes=\"auto, (max-width: 720px) 100vw, 720px\" \/><figcaption class=\"wp-element-caption\">Machine sans bande transporteuse<\/figcaption><\/figure>    <figure class=\"wp-block-image size-large\"><img loading=\"lazy\" decoding=\"async\" width=\"720\" height=\"540\" data-id=\"390\" src=\"https:\/\/maizemachine.com\/wp-content\/uploads\/2023\/07\/sweet-corn-sheller-with-conveyor-belt.webp\" alt=\"d\u00e9cortiqueuse de ma\u00efs sucr\u00e9 avec tapis roulant\" class=\"wp-image-390\" title=\"\" srcset=\"https:\/\/maizemachine.com\/wp-content\/uploads\/2023\/07\/sweet-corn-sheller-with-conveyor-belt.webp 720w, https:\/\/maizemachine.com\/wp-content\/uploads\/2023\/07\/sweet-corn-sheller-with-conveyor-belt-300x225.webp 300w, https:\/\/maizemachine.com\/wp-content\/uploads\/2023\/07\/sweet-corn-sheller-with-conveyor-belt-16x12.webp 16w\" sizes=\"auto, (max-width: 720px) 100vw, 720px\" \/><figcaption class=\"wp-element-caption\">D\u00e9cortiqueuse de ma\u00efs sucr\u00e9 avec bande transporteuse<\/figcaption><\/figure> <\/figure>    <h2 class=\"wp-block-heading\">Caract\u00e9ristiques de la machine \u00e0 \u00e9caler le ma\u00efs frais<\/h2>    <div class=\"wp-block-columns is-layout-flex wp-container-core-columns-is-layout-9d6595d7 wp-block-columns-is-layout-flex\"> <div class=\"wp-block-column is-layout-flow wp-block-column-is-layout-flow\"> <p class=\"has-text-align-center translation-block\"><strong>Gagnez plus de temps<\/strong><\/p>    <p class=\"translation-block\">Avec cette \u00e9greneuse de ma\u00efs doux, vous pouvez traiter<strong><mark class=\"has-inline-color has-luminous-vivid-amber-color\">400\u2013500 kg<\/mark><\/strong>de ma\u00efs par heure, vous permettant de g\u00e9rer efficacement de grandes quantit\u00e9s et de r\u00e9pondre \u00e0 la demande du march\u00e9 sans d\u00e9lai.<\/p> <\/div>    <div class=\"wp-block-column is-layout-flow wp-block-column-is-layout-flow\"> <p class=\"has-text-align-center translation-block\"><strong>Tambour d\u2019\u00e9calage haute performance<\/strong><\/p>    <p class=\"translation-block\">\u00c9quip\u00e9e d\u2019une structure de lame h\u00e9lico\u00efdale sp\u00e9ciale, le tambour tourne en douceur pour atteindre un taux d\u2019\u00e9calage de plus de 98% tout en maintenant la casse des grains en dessous de<strong><mark class=\"has-inline-color has-luminous-vivid-amber-color\">1%<\/mark>.<\/strong><\/p> <\/div> <\/div>    <div class=\"wp-block-columns is-layout-flex wp-container-core-columns-is-layout-9d6595d7 wp-block-columns-is-layout-flex\"> <div class=\"wp-block-column is-layout-flow wp-block-column-is-layout-flow\"> <p class=\"has-text-align-center translation-block\"><strong>Corps en acier inoxydable durable<\/strong><\/p>    <p class=\"translation-block\">Toutes les pi\u00e8ces en contact avec le mat\u00e9riau sont fabriqu\u00e9es en<strong><mark class=\"has-inline-color has-luminous-vivid-amber-color\">acier inoxydable alimentaire 304<\/mark><\/strong>, garantissant durabilit\u00e9, hygi\u00e8ne et nettoyage facile conform\u00e9ment aux normes de s\u00e9curit\u00e9 alimentaire.<\/p> <\/div>    <div class=\"wp-block-column is-layout-flow wp-block-column-is-layout-flow\"> <p class=\"has-text-align-center translation-block\"><strong>R\u00e9glage de l\u2019\u00e9cartement de la lame<\/strong><\/p>    <p>L\u2019\u00e9cart entre les lames peut \u00eatre facilement ajust\u00e9 pour s\u2019adapter \u00e0 diff\u00e9rents diam\u00e8tres de tiges de ma\u00efs, garantissant un \u00e9calage complet pour toutes les vari\u00e9t\u00e9s de ma\u00efs doux.<\/p> <\/div> <\/div>    <div class=\"wp-block-columns is-layout-flex wp-container-core-columns-is-layout-9d6595d7 wp-block-columns-is-layout-flex\"> <div class=\"wp-block-column is-layout-flow wp-block-column-is-layout-flow\"> <p class=\"has-text-align-center translation-block\"><strong>Syst\u00e8me de s\u00e9paration automatique<\/strong><\/p>    <p>Apr\u00e8s l\u2019\u00e9calage, la machine s\u00e9pare automatiquement les grains de ma\u00efs des tiges, \u00e9liminant le besoin de tri manuel ou de tamisage suppl\u00e9mentaire.<\/p> <\/div>    <div class=\"wp-block-column is-layout-flow wp-block-column-is-layout-flow\"> <p class=\"has-text-align-center translation-block\"><strong>Performance fiable du moteur<\/strong><\/p>    <p class=\"translation-block\">Aliment\u00e9e par un<strong><mark class=\"has-inline-color has-luminous-vivid-amber-color\">moteur en cuivre de 2,2 kW<\/mark><\/strong>, elle offre un couple puissant avec un faible bruit et une faible consommation d\u2019\u00e9nergie \u2014 parfaite pour une utilisation continue en environnement de production.<\/p> <\/div> <\/div>   <div class=\"wp-block-image\"> <figure class=\"aligncenter size-full\"><img loading=\"lazy\" decoding=\"async\" width=\"720\" height=\"540\" src=\"https:\/\/maizemachine.com\/wp-content\/uploads\/2023\/07\/sweet-corn-Thresher-machine.webp\" alt=\"Machine d\u2019\u00e9grenage du ma\u00efs doux\" class=\"wp-image-691\" title=\"\" srcset=\"https:\/\/maizemachine.com\/wp-content\/uploads\/2023\/07\/sweet-corn-Thresher-machine.webp 720w, https:\/\/maizemachine.com\/wp-content\/uploads\/2023\/07\/sweet-corn-Thresher-machine-300x225.webp 300w, https:\/\/maizemachine.com\/wp-content\/uploads\/2023\/07\/sweet-corn-Thresher-machine-16x12.webp 16w\" sizes=\"auto, (max-width: 720px) 100vw, 720px\" \/><figcaption class=\"wp-element-caption\">Machine d\u2019\u00e9grenage du ma\u00efs doux<\/figcaption><\/figure> <\/div>   <h2 class=\"wp-block-heading\" id=\"h-application-of-fresh-corn-sheller\">Application d'une d\u00e9cortiqueuse de ma\u00efs frais<\/h2>    <p>La batteuse de ma\u00efs sucr\u00e9 peut battre toutes sortes de ma\u00efs frais, de ma\u00efs sucr\u00e9, de ma\u00efs cuit, de ma\u00efs cireux et de ma\u00efs d\u00e9congel\u00e9. Par cons\u00e9quent, cette batteuse peut \u00eatre utilis\u00e9e dans les principales usines alimentaires, les conserveries de ma\u00efs, les usines de boissons \u00e0 base de ma\u00efs et les usines de sirop de ma\u00efs.<\/p>   <div class=\"wp-block-image\"> <figure class=\"aligncenter size-full\"><img loading=\"lazy\" decoding=\"async\" width=\"720\" height=\"540\" src=\"http:\/\/maizemachine.com\/wp-content\/uploads\/2022\/08\/finished-product.webp\" alt=\"produit fini\" class=\"wp-image-124\" title=\"\" srcset=\"https:\/\/maizemachine.com\/wp-content\/uploads\/2022\/08\/finished-product.webp 720w, https:\/\/maizemachine.com\/wp-content\/uploads\/2022\/08\/finished-product-300x225.webp 300w\" sizes=\"auto, (max-width: 720px) 100vw, 720px\" \/><figcaption class=\"wp-element-caption\">produit fini<\/figcaption><\/figure> <\/div>   <h2 class=\"wp-block-heading\" id=\"h-advantages-of-sweet-corn-thresher\">Avantages de la batteuse de ma\u00efs sucr\u00e9<\/h2>    <ol class=\"wp-block-list\"> <li>Taux de battage \u00e9lev\u00e9. Le taux de battage de notre d\u00e9cortiqueuse de ma\u00efs frais atteint 100%.<\/li>    <li>Large gamme d'applications. La machine peut traiter du ma\u00efs sucr\u00e9, du ma\u00efs frais et du ma\u00efs cireux. Vous pouvez l'utiliser dans les grandes usines alimentaires<\/li>    <li>Facile \u00e0 d\u00e9placer. Il y a des roues au bas de la machine. Vous pourrez donc le d\u00e9placer facilement.<\/li>    <li>Des outils durables. Le couteau de la machine est en acier inoxydable sp\u00e9cial. Il est solide et durable.<\/li>    <li>Petite taille, efficacit\u00e9 de travail \u00e9lev\u00e9e.<\/li> <\/ol>   <div class=\"wp-block-image\"> <figure class=\"aligncenter size-full\"><img loading=\"lazy\" decoding=\"async\" width=\"720\" height=\"540\" src=\"https:\/\/maizemachine.com\/wp-content\/uploads\/2023\/07\/sweet-corn-shelling-machine.webp\" alt=\"\u00c9plucheuse de ma\u00efs sucr\u00e9\" class=\"wp-image-690\" title=\"\" srcset=\"https:\/\/maizemachine.com\/wp-content\/uploads\/2023\/07\/sweet-corn-shelling-machine.webp 720w, https:\/\/maizemachine.com\/wp-content\/uploads\/2023\/07\/sweet-corn-shelling-machine-300x225.webp 300w, https:\/\/maizemachine.com\/wp-content\/uploads\/2023\/07\/sweet-corn-shelling-machine-16x12.webp 16w\" sizes=\"auto, (max-width: 720px) 100vw, 720px\" \/><figcaption class=\"wp-element-caption\">\u00c9plucheuse de ma\u00efs sucr\u00e9<\/figcaption><\/figure> <\/div>   <h2 class=\"wp-block-heading\">Comment nettoyer l\u2019\u00e9grainoir de ma\u00efs doux ?<\/h2>    <p>\u00c9tapes pour nettoyer l\u2019\u00e9grainoir de ma\u00efs doux :<\/p>    <ol class=\"wp-block-list\"> <li><strong>Couper l'alimentation :<\/strong> Toujours d\u00e9brancher l'alimentation avant le nettoyage pour assurer la s\u00e9curit\u00e9.<\/li>    <li><strong>\u00c9liminer les r\u00e9sidus:<\/strong> Ouvrir le capot et utiliser une brosse ou un pistolet \u00e0 air pour enlever les grains de ma\u00efs et les d\u00e9bris de tambour d'enveloppement et de la sortie.<\/li>    <li><strong>Rincer \u00e0 l'eau :<\/strong> Laver la chambre d'enveloppage, l'entr\u00e9e et la sortie avec de l'eau propre pour \u00e9liminer tout jus de ma\u00efs et les particules.<\/li>    <li><strong>S\u00e9cher compl\u00e8tement :<\/strong> Pi\u00e9cer la surface et les pi\u00e8ces internes avec un chiffon sec ou les laisser s\u00e9cher \u00e0 l'air pour \u00e9viter la rouille.<\/li>    <li><strong>V\u00e9rifier et entretenir :<\/strong> Apr\u00e8s le nettoyage, v\u00e9rifier si la courroie, le tambour ou les roulements sont desserr\u00e9s ou us\u00e9s. Appliquer un lubrifiant si n\u00e9cessaire.<\/li> <\/ol>    <p class=\"translation-block\"><em>Conseil : Nettoyer apr\u00e8s chaque utilisation emp\u00eache le jus de ma\u00efs de durcir et garantit de meilleures performances d\u2019\u00e9calage la prochaine fois.<\/em><\/p>    <figure class=\"wp-block-embed is-type-video is-provider-youtube wp-block-embed-youtube wp-embed-aspect-16-9 wp-has-aspect-ratio\"><div class=\"wp-block-embed__wrapper\"> <iframe loading=\"lazy\" title=\"Nettoyez votre \u00e9plucheur de ma\u00efs en quelques secondes \u2013 Il suffit d&#039;utiliser de l&#039;eau !#cornsheller #sweetcorn #easycleaningtips\" width=\"500\" height=\"281\" src=\"https:\/\/www.youtube.com\/embed\/HcQYyqQx3ZA?feature=oembed\" frameborder=\"0\" allow=\"accelerometer; autoplay; clipboard-write; encrypted-media; gyroscope; picture-in-picture; web-share\" referrerpolicy=\"strict-origin-when-cross-origin\" allowfullscreen><\/iframe> <\/div><\/figure>    <h2 class=\"wp-block-heading\" id=\"h-faq\">FAQ<\/h2>    <p>Q : Quel est le mat\u00e9riau de la machine ?<br>R\u00a0: acier inoxydable 304<\/p>    <p>Q\u00a0: Quelle est la diff\u00e9rence entre le SL-268 et le SL-368\u00a0?<br>R\u00a0:\u00a0Le Sl-368 a une bande transporteuse de plus que le SL-268.<\/p>    <p>Q : Quel est le taux de pelage de la d\u00e9cortiqueuse de ma\u00efs sucr\u00e9 ?<br>R\u00a0:\u00a0100%<\/p>    <p>Q\u00a0: Cette machine peut-elle \u00e9plucher le ma\u00efs\u00a0?<br>R\u00a0: Peut-\u00eatre pas. Nous disposons d'une batteuse de ma\u00efs multifonctionnelle sp\u00e9ciale pour \u00e9plucher le ma\u00efs.<\/p>    <p class=\"translation-block\">Q: Avez-vous une <a href=\"https:\/\/maizemachine.com\/fr\/product\/corn-mill-grinder\/\">machine pour obtenir de la farine de ma\u00efs<\/a>?\\nA: Oui, c\u2019est le cas. De plus, nous avons aussi <a href=\"https:\/\/maizemachine.com\/fr\/product\/maize-planter\/\">planters de ma\u00efs<\/a> et <a href=\"https:\/\/maizemachine.com\/fr\/product\/one-row-corn-picker\/\">moissonneuses de ma\u00efs<\/a> \u00e0 vendre.<\/p>    <p><\/p>","protected":false},"excerpt":{"rendered":"<p>Sweet corn sheller is a machine that obtains corn kernels from fresh corn cobs. It can completely peel the corn kernels on the corn cob. In Taizy corn processing machinery, we have not only fresh corn threshers but also dry corn threshers. It is believed that this two separation equipment can meet the threshing needs [&hellip;]<\/p>\n","protected":false},"author":1,"featured_media":127,"parent":0,"template":"","tags":[14,18],"product-type":[9],"class_list":["post-120","product","type-product","status-publish","has-post-thumbnail","hentry","tag-corn-sheller","tag-sweet-corn-sheller","product-type-corn-sheller-machine"],"_links":{"self":[{"href":"https:\/\/maizemachine.com\/fr\/wp-json\/wp\/v2\/product\/120","targetHints":{"allow":["GET"]}}],"collection":[{"href":"https:\/\/maizemachine.com\/fr\/wp-json\/wp\/v2\/product"}],"about":[{"href":"https:\/\/maizemachine.com\/fr\/wp-json\/wp\/v2\/types\/product"}],"author":[{"embeddable":true,"href":"https:\/\/maizemachine.com\/fr\/wp-json\/wp\/v2\/users\/1"}],"wp:featuredmedia":[{"embeddable":true,"href":"https:\/\/maizemachine.com\/fr\/wp-json\/wp\/v2\/media\/127"}],"wp:attachment":[{"href":"https:\/\/maizemachine.com\/fr\/wp-json\/wp\/v2\/media?parent=120"}],"wp:term":[{"taxonomy":"post_tag","embeddable":true,"href":"https:\/\/maizemachine.com\/fr\/wp-json\/wp\/v2\/tags?post=120"},{"taxonomy":"product-type","embeddable":true,"href":"https:\/\/maizemachine.com\/fr\/wp-json\/wp\/v2\/product-type?post=120"}],"curies":[{"name":"wp","href":"https:\/\/api.w.org\/{rel}","templated":true}]}}