{"id":112,"date":"2022-08-24T03:50:33","date_gmt":"2022-08-24T03:50:33","guid":{"rendered":"https:\/\/maizemachine.com\/?post_type=product&#038;p=112"},"modified":"2026-02-10T17:48:17","modified_gmt":"2026-02-10T09:48:17","slug":"small-corn-planter","status":"publish","type":"product","link":"https:\/\/maizemachine.com\/fr\/product\/small-corn-planter\/","title":{"rendered":"Petit planteur de ma\u00efs | Machine de plantation de ma\u00efs manuelle"},"content":{"rendered":"<p class=\"translation-block\">Le petit semoir \u00e0 ma\u00efs est principalement con\u00e7u pour les utilisateurs familiaux. Compar\u00e9 au <a href=\"https:\/\/maizemachine.com\/fr\/product\/maize-planter\/\">semoir \u00e0 ma\u00efs<\/a> \u00e0 grande \u00e9chelle, il est plus \u00e9conomique et plus facile \u00e0 utiliser. Ils peuvent \u00e9galement corriger les probl\u00e8mes \u00e0 temps. Parce que c'est un semoir \u00e0 ma\u00efs portable, il convient aux champs plus lourds dans les montagnes et les collines.<\/p>    <h2 class=\"wp-block-heading\" id=\"h-what-are-the-types-of-corn-planters\">Quels sont les types de planteurs de ma\u00efs ?<\/h2>    <p>Il existe trois types diff\u00e9rents de planteuses de ma\u00efs manuelles en vente dans notre entreprise. Ils ont diff\u00e9rents modes de puissance et modes de fonctionnement.<\/p>    <h3 class=\"wp-block-heading\" id=\"h-walk-behind-corn-planter\">Planteuse de ma\u00efs \u00e0 conducteur marchant<\/h3>    <p>La planteuse de ma\u00efs \u00e0 conducteur marchant est une petite planteuse de ma\u00efs que notre entreprise vend bien. Cette machine n\u2019a besoin que d\u2019une seule personne pour planter les graines. Equip\u00e9s d\u2019un moteur \u00e0 essence, les gens peuvent facilement semer du ma\u00efs. Cela permet d'\u00e9conomiser du temps et des efforts. De plus, nous proposons deux mod\u00e8les diff\u00e9rents de moteurs \u00e0 essence parmi lesquels vous pouvez choisir. Si vous avez besoin de ce semoir de ma\u00efs manuel, n'h\u00e9sitez pas \u00e0 nous contacter.<\/p>   <div class=\"wp-block-image\"> <figure class=\"aligncenter size-full\"><img loading=\"lazy\" decoding=\"async\" width=\"720\" height=\"540\" src=\"http:\/\/maizemachine.com\/wp-content\/uploads\/2022\/08\/hand-corn-seed-planter.webp\" alt=\"semoir \u00e0 ma\u00efs \u00e0 conducteur marchant\" class=\"wp-image-115\" title=\"\" srcset=\"https:\/\/maizemachine.com\/wp-content\/uploads\/2022\/08\/hand-corn-seed-planter.webp 720w, https:\/\/maizemachine.com\/wp-content\/uploads\/2022\/08\/hand-corn-seed-planter-300x225.webp 300w\" sizes=\"auto, (max-width: 720px) 100vw, 720px\" \/><figcaption>semoir \u00e0 ma\u00efs \u00e0 conducteur marchant<\/figcaption><\/figure> <\/div>   <h3 class=\"wp-block-heading\" id=\"h-hand-corn-seed-planter\">Planteur de graines de ma\u00efs \u00e0 la main<\/h3>    <p>Ce planteur de ma\u00efs \u00e0 1 rang n\u00e9cessite que deux personnes travaillent ensemble pour semer le ma\u00efs. Une personne pousse la machine derri\u00e8re la machine et l'autre personne tire la corde devant la machine pour alimenter la machine. Cette machine pr\u00e9sente les caract\u00e9ristiques d\u2019un fonctionnement simple et d\u2019une structure simple. Vous pouvez l'utiliser pour fertiliser et semer. En raison du caract\u00e8re unique de la machine, ce semoir de ma\u00efs manuel n\u00e9cessite deux ouvriers pour fonctionner ensemble. Par cons\u00e9quent, cela peut aider les clients dans les zones non d\u00e9velopp\u00e9es.<\/p>    <h3 class=\"wp-block-heading\" id=\"h-corn-planting-machine-specification\">Sp\u00e9cifications de la machine de plantation de ma\u00efs<\/h3>    <figure class=\"wp-block-table\"><table><tbody><tr><td>Mod\u00e8le<\/td><td>TZY-100<\/td><\/tr><tr><td>Capacit\u00e9<\/td><td>0,5 acre\/h<\/td><\/tr><tr><td>Taille<\/td><td>1370*420*900mm<\/td><\/tr><tr><td>Poids<\/td><td>12 kg<\/td><\/tr><\/tbody><\/table><\/figure>   <div class=\"wp-block-image\"> <figure class=\"aligncenter size-full\"><img loading=\"lazy\" decoding=\"async\" width=\"720\" height=\"540\" src=\"http:\/\/maizemachine.com\/wp-content\/uploads\/2022\/08\/manual-corn-planter-machine.webp\" alt=\"planteuse de ma\u00efs manuelle\" class=\"wp-image-116\" title=\"\" srcset=\"https:\/\/maizemachine.com\/wp-content\/uploads\/2022\/08\/manual-corn-planter-machine.webp 720w, https:\/\/maizemachine.com\/wp-content\/uploads\/2022\/08\/manual-corn-planter-machine-300x225.webp 300w\" sizes=\"auto, (max-width: 720px) 100vw, 720px\" \/><figcaption>planteuse de ma\u00efs manuelle<\/figcaption><\/figure> <\/div>   <h3 class=\"wp-block-heading\" id=\"h-manual-corn-seeder-machine\">Raboteuse manuelle de ma\u00efs<\/h3>    <p>Le semoir de ma\u00efs manuel a besoin des deux mains pour tenir la main courante et appuyer sur la graine. Cette machine est l\u00e9g\u00e8re et facile \u00e0 transporter. Diff\u00e9rentes entretoises peuvent \u00e9galement \u00eatre utilis\u00e9es pour modifier la largeur de semis. De m\u00eame, la planteuse de ma\u00efs manuelle convient \u00e9galement \u00e0 la fertilisation et au semis dans les terres agricoles, les plaines et les collines.<\/p>   <div class=\"wp-block-image\"> <figure class=\"aligncenter size-full\"><img loading=\"lazy\" decoding=\"async\" width=\"720\" height=\"540\" src=\"http:\/\/maizemachine.com\/wp-content\/uploads\/2022\/08\/manual-corn-seeder-machine.webp\" alt=\"semoir de ma\u00efs manuel\" class=\"wp-image-117\" title=\"\" srcset=\"https:\/\/maizemachine.com\/wp-content\/uploads\/2022\/08\/manual-corn-seeder-machine.webp 720w, https:\/\/maizemachine.com\/wp-content\/uploads\/2022\/08\/manual-corn-seeder-machine-300x225.webp 300w\" sizes=\"auto, (max-width: 720px) 100vw, 720px\" \/><figcaption>semoir de ma\u00efs manuel<\/figcaption><\/figure> <\/div>   <h2 class=\"wp-block-heading\" id=\"h-how-does-a-small-corn-planter-work\">Comment fonctionne un petit planteur de ma\u00efs ?<\/h2>    <p class=\"translation-block\">Nous parlons principalement du <a href=\"https:\/\/maizemachine.com\/fr\/Info\/structure-of-maize-planter-machine\/\">principe de fonctionnement du semoir \u00e0 ma\u00efs \u00e0 pousser<\/a>. Cependant, le processus de fonctionnement de la plupart des petits semoirs \u00e0 ma\u00efs est similaire. Premi\u00e8rement, nous devons mettre les graines dans le r\u00e9servoir \u00e0 graines. Ensuite, d\u00e9marrez la machine (poussez vers l'avant). Ensuite, tenez la poign\u00e9e de la machine pour garder l'\u00e9quilibre et poussez vers l'avant. Enfin, les graines seront sem\u00e9es dans le champ.<\/p>    <h2 class=\"wp-block-heading\" id=\"h-characteristics-of-small-corn-planter\">Caract\u00e9ristiques du petit planteur de ma\u00efs<\/h2>    <ol class=\"wp-block-list\"><li>Petit volume et l\u00e9ger. Facile \u00e0 transporter et \u00e0 utiliser.<\/li><li>Il peut \u00e9galement semer une s\u00e9rie de c\u00e9r\u00e9ales telles que les arachides, le bl\u00e9, le soja et <a href=\"https:\/\/en.wikipedia.org\/wiki\/Sorghum\" target=\"_blank\" rel=\"noopener\">sorgho<\/a>.<\/li><li>Double fonction. Le petit planteur de ma\u00efs peut non seulement semer mais aussi fertiliser.<\/li><li>La hauteur et la longueur de la poign\u00e9e peuvent \u00eatre ajust\u00e9es. Cela s\u2019applique donc \u00e0 tout le monde.<\/li><li>Structure simple et d\u00e9bogage facile. Il pr\u00e9sente donc les caract\u00e9ristiques d\u2019un faible taux d\u2019\u00e9chec.<\/li><\/ol>   <div class=\"wp-block-image\"> <figure class=\"aligncenter size-full\"><img loading=\"lazy\" decoding=\"async\" width=\"720\" height=\"540\" src=\"http:\/\/maizemachine.com\/wp-content\/uploads\/2022\/08\/details-of-the-machine.webp\" alt=\"d\u00e9tails de la machine\" class=\"wp-image-114\" title=\"\" srcset=\"https:\/\/maizemachine.com\/wp-content\/uploads\/2022\/08\/details-of-the-machine.webp 720w, https:\/\/maizemachine.com\/wp-content\/uploads\/2022\/08\/details-of-the-machine-300x225.webp 300w\" sizes=\"auto, (max-width: 720px) 100vw, 720px\" \/><figcaption>d\u00e9tails de la machine<\/figcaption><\/figure> <\/div>   <h2 class=\"wp-block-heading\" id=\"h-small-corn-planter-for-sale\">Petit planteur de ma\u00efs \u00e0 vendre<\/h2>    <p class=\"translation-block\">Chez <a href=\"https:\/\/maizemachine.com\/fr\/\">Taizy corn machinery<\/a>, nous avons diff\u00e9rents types de petits semoirs \u00e0 ma\u00efs \u00e0 vendre. De plus, nous avons un grand semoir \u00e0 ma\u00efs. Nos <a href=\"https:\/\/maizemachine.com\/fr\/product\/one-row-corn-picker\/\">r\u00e9colteuses de ma\u00efs<\/a> sont les m\u00eames. Ils ont diff\u00e9rents mod\u00e8les. Vous pouvez choisir votre propre semoir en fonction de vos besoins. Et le prix de chaque semoir \u00e0 ma\u00efs est diff\u00e9rent. Parce que leur degr\u00e9 d'automatisation et leur rendement sont diff\u00e9rents. Si vous souhaitez un semoir \u00e0 ma\u00efs, n'h\u00e9sitez pas \u00e0 nous contacter.<\/p>    <h2 class=\"wp-block-heading\" id=\"h-when-should-corn-be-planted\">Quand faut-il planter le ma\u00efs ?<\/h2>    <p>La germination des graines n\u00e9cessite une certaine temp\u00e9rature et profondeur. La temp\u00e9rature appropri\u00e9e pour semer le ma\u00efs est d\u2019environ 12 \u2103. Et la profondeur est d'environ 10 cm. C\u2019est une p\u00e9riode propice pour planter du ma\u00efs. En raison des diff\u00e9rences entre les h\u00e9misph\u00e8res nord et sud, la saison de plantation appropri\u00e9e varie d'un endroit \u00e0 l'autre. D'une mani\u00e8re g\u00e9n\u00e9rale, la saison de plantation est le printemps et l'automne. Avez-vous besoin d'un petit planteur de ma\u00efs pour vous aider ? N'h\u00e9sitez pas \u00e0 nous contacter.<\/p>","protected":false},"excerpt":{"rendered":"<p>Small corn planter is mainly designed for family users. Compared with large-scale corn planter, it is more economical and easier to operate. They can also correct problems in time. Because it is a hand-held maize planter, it is suitable for heavier fields in mountains and hills. What are the types of corn planters? There are [&hellip;]<\/p>\n","protected":false},"author":1,"featured_media":864,"parent":0,"template":"","tags":[13],"product-type":[7],"class_list":["post-112","product","type-product","status-publish","has-post-thumbnail","hentry","tag-corn-planter","product-type-corn-planter"],"_links":{"self":[{"href":"https:\/\/maizemachine.com\/fr\/wp-json\/wp\/v2\/product\/112","targetHints":{"allow":["GET"]}}],"collection":[{"href":"https:\/\/maizemachine.com\/fr\/wp-json\/wp\/v2\/product"}],"about":[{"href":"https:\/\/maizemachine.com\/fr\/wp-json\/wp\/v2\/types\/product"}],"author":[{"embeddable":true,"href":"https:\/\/maizemachine.com\/fr\/wp-json\/wp\/v2\/users\/1"}],"wp:featuredmedia":[{"embeddable":true,"href":"https:\/\/maizemachine.com\/fr\/wp-json\/wp\/v2\/media\/864"}],"wp:attachment":[{"href":"https:\/\/maizemachine.com\/fr\/wp-json\/wp\/v2\/media?parent=112"}],"wp:term":[{"taxonomy":"post_tag","embeddable":true,"href":"https:\/\/maizemachine.com\/fr\/wp-json\/wp\/v2\/tags?post=112"},{"taxonomy":"product-type","embeddable":true,"href":"https:\/\/maizemachine.com\/fr\/wp-json\/wp\/v2\/product-type?post=112"}],"curies":[{"name":"wp","href":"https:\/\/api.w.org\/{rel}","templated":true}]}}