{"id":102,"date":"2022-08-24T03:01:59","date_gmt":"2022-08-24T03:01:59","guid":{"rendered":"https:\/\/maizemachine.com\/?post_type=product&#038;p=102"},"modified":"2025-12-30T17:40:40","modified_gmt":"2025-12-30T09:40:40","slug":"maize-sheller","status":"publish","type":"product","link":"https:\/\/maizemachine.com\/fr\/product\/maize-sheller\/","title":{"rendered":"3-4 Tons\/h \u00c9grainoir de ma\u00efs | \u00c9greneuse de ma\u00efs de haute qualit\u00e9"},"content":{"rendered":"<p class=\"translation-block\">Une \u00e9coseuse de ma\u00efs est une machine agricole con\u00e7ue pour s\u00e9parer les grains de l'\u00e9pi. Elle atteint un taux d'int\u00e9grit\u00e9 des grains de plus de<strong><em> 98%<\/em><\/strong> et un taux de d\u00e9g\u00e2ts inf\u00e9rieur \u00e0 <strong><em>3%,<\/em><\/strong> ce qui la rend largement utilis\u00e9e dans les grandes exploitations.<\/p>    <p class=\"translation-block\">Cette batteuse de ma\u00efs a une capacit\u00e9 de <strong><em>3\u20134 tons\/h<\/em><\/strong>. Elle est compacte, facile \u00e0 d\u00e9placer et prend en charge plusieurs options d'alimentation, y compris moteur \u00e9lectrique, moteur \u00e0 essence et moteur diesel. Elle s'adapte \u00e0 diff\u00e9rentes conditions de travail et est id\u00e9ale pour les exploitations domestiques et agricoles.<\/p>    <p class=\"translation-block\">Combin\u00e9e \u00e0 une <a href=\"https:\/\/maizemachine.com\/fr\/product\/2-row-corn-picker\/\">moissonneuse de ma\u00efs<\/a>, une production m\u00e9canis\u00e9e \u00e0 grande \u00e9chelle peut \u00eatre r\u00e9alis\u00e9e. En raison de ses excellentes performances et de sa haute efficacit\u00e9, cette machine a \u00e9t\u00e9 appr\u00e9ci\u00e9e et achet\u00e9e par des clients de nombreux pays. Dans cet article, nous vous pr\u00e9senterons une \u00e9coseuse de ma\u00efs populaire.<\/p>   <div class=\"wp-block-image\"> <figure class=\"aligncenter size-full\"><img loading=\"lazy\" decoding=\"async\" width=\"720\" height=\"540\" src=\"http:\/\/maizemachine.com\/wp-content\/uploads\/2022\/08\/maize-sheller.webp\" alt=\"d\u00e9cortiqueuse de ma\u00efs\" class=\"wp-image-104\" title=\"\" srcset=\"https:\/\/maizemachine.com\/wp-content\/uploads\/2022\/08\/maize-sheller.webp 720w, https:\/\/maizemachine.com\/wp-content\/uploads\/2022\/08\/maize-sheller-300x225.webp 300w\" sizes=\"auto, (max-width: 720px) 100vw, 720px\" \/><figcaption class=\"wp-element-caption\">d\u00e9cortiqueuse de ma\u00efs<\/figcaption><\/figure> <\/div>   <h2 class=\"wp-block-heading\">Applications de l'\u00e9coseuse de ma\u00efs SL-B2<\/h2>    <h3 class=\"wp-block-heading\">Usages industriels<\/h3>    <ul class=\"wp-block-list\"> <li><strong>Agriculteurs familiaux :<\/strong> Trois options d'alimentation \u2014 moteur \u00e9lectrique, moteur \u00e0 essence ou moteur diesel \u2014 pour s'adapter aux diff\u00e9rentes conditions d'\u00e9lectricit\u00e9 rurales<\/li>    <li><strong>Points de collecte des grains :<\/strong> Batte directement les \u00e9pis livr\u00e9s par les agriculteurs, r\u00e9duisant le volume de transport<\/li>    <li><strong>Petites usines de traitement des grains :<\/strong> Travailler avec des s\u00e9choirs, des moulins \u00e0 farine et des machines \u00e0 grits pour former une ligne de traitement simple<\/li>    <li><strong>Entrepreneuriat rural :<\/strong> Les particuliers peuvent fournir des services de battage payants pour les agriculteurs voisins en utilisant le batteur de ma\u00efs SL-B2<\/li> <\/ul>    <h3 class=\"wp-block-heading\">Cultures applicables<\/h3>    <p>En changeant le tamis, la machine peut \u00e9galement \u00eatre utilis\u00e9e pour battre le bl\u00e9, le soja, le sorgho et d'autres cultures.<\/p>    <div class=\"wp-block-columns is-layout-flex wp-container-core-columns-is-layout-9d6595d7 wp-block-columns-is-layout-flex\"> <div class=\"wp-block-column is-layout-flow wp-block-column-is-layout-flow\" style=\"flex-basis:66.66%\"> <figure class=\"wp-block-image size-full\"><img loading=\"lazy\" decoding=\"async\" width=\"720\" height=\"540\" src=\"https:\/\/maizemachine.com\/wp-content\/uploads\/2023\/01\/applications.webp\" alt=\"candidatures\" class=\"wp-image-250\" title=\"\" srcset=\"https:\/\/maizemachine.com\/wp-content\/uploads\/2023\/01\/applications.webp 720w, https:\/\/maizemachine.com\/wp-content\/uploads\/2023\/01\/applications-300x225.webp 300w\" sizes=\"auto, (max-width: 720px) 100vw, 720px\" \/><figcaption class=\"wp-element-caption\">Applications<\/figcaption><\/figure> <\/div>    <div class=\"wp-block-column is-layout-flow wp-block-column-is-layout-flow\" style=\"flex-basis:33.33%\"> <ul class=\"wp-block-list\"> <li><em>Bl\u00e9<\/em><\/li>    <li><em>Sorgho<\/em><\/li>    <li><em>Soja<\/em><\/li>    <li><em>Riz<\/em><\/li> <\/ul> <\/div> <\/div>    <h2 class=\"wp-block-heading\">La structure d'une batteuse \u00e0 ma\u00efs<\/h2>   <div class=\"wp-block-image\"> <figure class=\"aligncenter size-full\"><img loading=\"lazy\" decoding=\"async\" width=\"720\" height=\"540\" src=\"http:\/\/maizemachine.com\/wp-content\/uploads\/2022\/08\/corn-shellers-structure.webp\" alt=\"structure des d\u00e9cortiqueuses de ma\u00efs\" class=\"wp-image-106\" title=\"\" srcset=\"https:\/\/maizemachine.com\/wp-content\/uploads\/2022\/08\/corn-shellers-structure.webp 720w, https:\/\/maizemachine.com\/wp-content\/uploads\/2022\/08\/corn-shellers-structure-300x225.webp 300w\" sizes=\"auto, (max-width: 720px) 100vw, 720px\" \/><figcaption class=\"wp-element-caption\">structure des d\u00e9cortiqueuses de ma\u00efs<\/figcaption><\/figure> <\/div>   <div class=\"wp-block-columns is-layout-flex wp-container-core-columns-is-layout-9d6595d7 wp-block-columns-is-layout-flex\"> <div class=\"wp-block-column is-layout-flow wp-block-column-is-layout-flow\"> <details class=\"wp-block-details is-layout-flow wp-block-details-is-layout-flow\"><summary>Le dispositif de battage<\/summary> <p>La partie centrale de la machine qui s\u00e9pare les grains de l'\u00e9pi.<\/p> <\/details> <\/div>    <div class=\"wp-block-column is-layout-flow wp-block-column-is-layout-flow\"> <details class=\"wp-block-details is-layout-flow wp-block-details-is-layout-flow\"><summary>Unit\u00e9 motrice<\/summary> <p>Les options incluent moteur \u00e9lectrique, moteur \u00e0 essence ou moteur diesel, fournissant la puissance pour le fonctionnement.<\/p> <\/details> <\/div> <\/div>    <div class=\"wp-block-columns is-layout-flex wp-container-core-columns-is-layout-9d6595d7 wp-block-columns-is-layout-flex\"> <div class=\"wp-block-column is-layout-flow wp-block-column-is-layout-flow\"> <details class=\"wp-block-details is-layout-flow wp-block-details-is-layout-flow\"><summary>Sortie d'\u00e9pis de ma\u00efs<\/summary> <p>Le canal o\u00f9 les \u00e9pis sont \u00e9vacu\u00e9s apr\u00e8s le battage.<\/p> <\/details> <\/div>    <div class=\"wp-block-column is-layout-flow wp-block-column-is-layout-flow\"> <details class=\"wp-block-details is-layout-flow wp-block-details-is-layout-flow\"><summary>Entr\u00e9e de mati\u00e8re<\/summary> <p>Le point d'entr\u00e9e pour l'alimentation des \u00e9pis de ma\u00efs dans la machine.<\/p> <\/details> <\/div> <\/div>    <div class=\"wp-block-columns is-layout-flex wp-container-core-columns-is-layout-9d6595d7 wp-block-columns-is-layout-flex\"> <div class=\"wp-block-column is-layout-flow wp-block-column-is-layout-flow\"> <details class=\"wp-block-details is-layout-flow wp-block-details-is-layout-flow\"><summary>Cadre<\/summary> <p>La structure portante principale qui assure un fonctionnement stable.<\/p> <\/details> <\/div>    <div class=\"wp-block-column is-layout-flow wp-block-column-is-layout-flow\"> <details class=\"wp-block-details is-layout-flow wp-block-details-is-layout-flow\"><summary>Sortie des grains de ma\u00efs<\/summary> <p>La sortie o\u00f9 les grains sont \u00e9vacu\u00e9s apr\u00e8s le battage.<\/p> <\/details> <\/div> <\/div>    <h2 class=\"wp-block-heading\" id=\"h-how-does-maize-sheller-work\">Comment fonctionne la d\u00e9cortiqueuse de ma\u00efs ?<\/h2>    <p>Tout d'abord, nous devons mettre l'\u00e9pi de ma\u00efs dans la bouche d'alimentation. Ensuite, le ma\u00efs tombera automatiquement dans la chambre de battage. <\/p>    <p>Puis le tambour \u00e0 l'int\u00e9rieur de la machine tournera sous l'action du moteur. Le ma\u00efs frottera et tournera entre les rouleaux. Ainsi la s\u00e9paration de l'\u00e9pi et du grain de ma\u00efs est r\u00e9alis\u00e9e. <\/p>    <p>Enfin, l'\u00e9pi sera \u00e9vacu\u00e9 par l'arri\u00e8re de la batteuse \u00e0 ma\u00efs. Les grains tomberont hors du tamis. C'est le processus de travail de la machine commerciale d'\u00e9cossage du ma\u00efs.<\/p>    <figure class=\"wp-block-embed is-type-video is-provider-youtube wp-block-embed-youtube wp-embed-aspect-16-9 wp-has-aspect-ratio\"><div class=\"wp-block-embed__wrapper\"> <iframe loading=\"lazy\" title=\"D\u00e9cortiqueuse de ma\u00efs | Comment fonctionne la batteuse \u00e0 ma\u00efs ?\" width=\"500\" height=\"281\" src=\"https:\/\/www.youtube.com\/embed\/ZbyQcR_vREk?feature=oembed\" frameborder=\"0\" allow=\"accelerometer; autoplay; clipboard-write; encrypted-media; gyroscope; picture-in-picture; web-share\" referrerpolicy=\"strict-origin-when-cross-origin\" allowfullscreen><\/iframe> <\/div><\/figure>    <h2 class=\"wp-block-heading\" id=\"h-maize-thresher-specifications\">Sp\u00e9cifications de la batteuse de ma\u00efs<\/h2>    <figure class=\"wp-block-table\"><table><tbody><tr><td>Mod\u00e8le<\/td><td>SL-B2<\/td><\/tr><tr><td>Pouvoir<\/td><td>Moteur 2,2 kW, moteur \u00e0 essence et moteur diesel<\/td><\/tr><tr><td>Capacit\u00e9<\/td><td>3-4 t\/heure<\/td><\/tr><tr><td>Poids<\/td><td>71kg<\/td><\/tr><tr><td>Taille<\/td><td>1080*6500*1300mm<\/td><\/tr><\/tbody><\/table><\/figure>   <div class=\"wp-block-image\"> <figure class=\"aligncenter size-full\"><img loading=\"lazy\" decoding=\"async\" width=\"720\" height=\"540\" src=\"http:\/\/maizemachine.com\/wp-content\/uploads\/2022\/08\/threshing-effect.webp\" alt=\"effet de battage\" class=\"wp-image-110\" title=\"\" srcset=\"https:\/\/maizemachine.com\/wp-content\/uploads\/2022\/08\/threshing-effect.webp 720w, https:\/\/maizemachine.com\/wp-content\/uploads\/2022\/08\/threshing-effect-300x225.webp 300w\" sizes=\"auto, (max-width: 720px) 100vw, 720px\" \/><figcaption class=\"wp-element-caption\">effet de battage<\/figcaption><\/figure> <\/div>   <h2 class=\"wp-block-heading\">Avantages de la batteuse \u00e0 ma\u00efs<\/h2>    <p class=\"translation-block\"><strong>Haute efficacit\u00e9<\/strong><\/p>    <ul class=\"wp-block-list\"> <li>Capacit\u00e9 : 3\u20134 tonnes par heure, 20\u201330 fois plus efficace que le battage manuel.<\/li> <\/ul>    <p class=\"translation-block\"><strong>Large applicabilit\u00e9<\/strong><\/p>    <ul class=\"wp-block-list\"> <li>Peut traiter le ma\u00efs frais et sec ; certains mod\u00e8les peuvent \u00e9galement battre le bl\u00e9, le sorgho et d'autres cultures.<\/li> <\/ul>    <p class=\"translation-block\"><strong>Facile d'utilisation<\/strong><\/p>    <ul class=\"wp-block-list\"> <li>Poids : 71\u202fkg ; Dimensions : 1080\u00d7650\u00d71300\u202fmm. Structure compacte et facile \u00e0 d\u00e9placer.<\/li> <\/ul>    <p class=\"translation-block\"><strong>Plusieurs options d'alimentation<\/strong><\/p>    <p>Prend en charge moteur \u00e9lectrique, moteur \u00e0 essence et moteur diesel, facilitant l'utilisation pour les agriculteurs.<\/p>    <p class=\"translation-block\"><strong>Gain de temps et de main-d'\u0153uvre<\/strong><\/p>    <ul class=\"wp-block-list\"> <li>3\u20134 tonnes par heure peuvent remplacer le travail d'environ 10\u201315 personnes, r\u00e9duisant la pression de travail pendant la r\u00e9colte.<\/li> <\/ul>    <p class=\"translation-block\"><strong>Faible dommage des grains<\/strong><\/p>    <ul class=\"wp-block-list\"> <li>La conception optimis\u00e9e du tambour de battage maintient les dommages des grains en dessous de 3%.<\/li> <\/ul>    <p class=\"translation-block\"><strong>Forte capacit\u00e9 de nettoyage<\/strong><\/p>    <ul class=\"wp-block-list\"> <li>\u00c9quip\u00e9e d'un ventilateur, les grains sont propres sans tamisage suppl\u00e9mentaire. Les \u00e9pis restent intacts pour l'alimentation ou d'autres utilisations.<\/li> <\/ul>   <div class=\"wp-block-image\"> <figure class=\"aligncenter size-full\"><img loading=\"lazy\" decoding=\"async\" width=\"720\" height=\"540\" src=\"https:\/\/maizemachine.com\/wp-content\/uploads\/2022\/08\/working-picture.webp\" alt=\"La batteuse de ma\u00efs bat rapidement\" class=\"wp-image-111\" title=\"\" srcset=\"https:\/\/maizemachine.com\/wp-content\/uploads\/2022\/08\/working-picture.webp 720w, https:\/\/maizemachine.com\/wp-content\/uploads\/2022\/08\/working-picture-300x225.webp 300w\" sizes=\"auto, (max-width: 720px) 100vw, 720px\" \/><figcaption class=\"wp-element-caption\">La batteuse de ma\u00efs bat rapidement<\/figcaption><\/figure> <\/div>   <h2 class=\"wp-block-heading\" id=\"h-how-much-is-maize-sheller\">Combien co\u00fbte une d\u00e9cortiqueuse de ma\u00efs ?<\/h2>    <p>Le prix d'une batteuse \u00e0 ma\u00efs est influenc\u00e9 par plusieurs facteurs, pas seulement un seul. Les principaux facteurs incluent :<\/p>    <ul class=\"wp-block-list\"> <li>Capacit\u00e9 : Plus la production horaire de battage est \u00e9lev\u00e9e, plus la machine est grande et plus le co\u00fbt est \u00e9lev\u00e9.<\/li>    <li>Type d'alimentation : Diff\u00e9rentes options d'alimentation \u2014 moteur \u00e9lectrique, moteur \u00e0 essence ou moteur diesel \u2014 influencent le co\u00fbt ; les mod\u00e8les diesel sont g\u00e9n\u00e9ralement plus chers que les \u00e9lectriques.<\/li>    <li>Polyvalence : Les machines capables de traiter plusieurs cultures ou n\u00e9cessitant des tamis personnalis\u00e9s co\u00fbtent un peu plus en raison des besoins de personnalisation plus importants.<\/li>    <li>Personnalisation et services suppl\u00e9mentaires : Tension, taille, couleur personnalis\u00e9es ou accessoires suppl\u00e9mentaires augmenteront le co\u00fbt de l'\u00e9quipement.<\/li> <\/ul>    <p>Si vous souhaitez conna\u00eetre le prix le plus r\u00e9cent de la machine, n'h\u00e9sitez pas \u00e0 nous contacter. Notre \u00e9quipe commerciale vous contactera rapidement et vous fournira un devis d\u00e9taill\u00e9.<\/p>   <div class=\"wp-block-image\"> <figure class=\"aligncenter size-full\"><img loading=\"lazy\" decoding=\"async\" width=\"720\" height=\"540\" src=\"http:\/\/maizemachine.com\/wp-content\/uploads\/2022\/08\/picture-of-machine-packing.webp\" alt=\"photo de la machine d&#039;emballage\" class=\"wp-image-108\" title=\"\" srcset=\"https:\/\/maizemachine.com\/wp-content\/uploads\/2022\/08\/picture-of-machine-packing.webp 720w, https:\/\/maizemachine.com\/wp-content\/uploads\/2022\/08\/picture-of-machine-packing-300x225.webp 300w\" sizes=\"auto, (max-width: 720px) 100vw, 720px\" \/><figcaption class=\"wp-element-caption\">photo de la machine d'emballage<\/figcaption><\/figure> <\/div>   <h2 class=\"wp-block-heading\" id=\"h-where-to-buy-maize-sheller\">O\u00f9 acheter une d\u00e9cortiqueuse de ma\u00efs ?<\/h2>    <p class=\"translation-block\">L'usine de machines \u00e0 ma\u00efs Taizy est un <a href=\"https:\/\/maizemachine.com\/fr\/\">fabricant professionnel d'\u00e9quipements de ma\u00efs<\/a>. Nous vendons diff\u00e9rents types de machines \u00e0 ma\u00efs, tels que des <a href=\"https:\/\/maizemachine.com\/fr\/product\/maize-grits-milling-machine\/\">machines \u00e0 gruau de ma\u00efs<\/a>, des <a href=\"https:\/\/maizemachine.com\/fr\/product\/corn-mill-grinder\/\">broyeurs de ma\u00efs<\/a> et des <a href=\"https:\/\/maizemachine.com\/fr\/product\/maize-planter\/\">semoirs de ma\u00efs<\/a>. De plus, nous fournissons \u00e9galement aux clients de bons services avant-vente et apr\u00e8s-vente. De nombreux clients sont devenus nos clients fid\u00e8les. Par cons\u00e9quent, si vous recherchez une \u00e9greneuse de ma\u00efs, n'h\u00e9sitez pas \u00e0 nous contacter.<\/p>   <div class=\"wp-block-image\"> <figure class=\"aligncenter size-full\"><img loading=\"lazy\" decoding=\"async\" width=\"720\" height=\"540\" src=\"https:\/\/maizemachine.com\/wp-content\/uploads\/2025\/08\/Our-customer.webp\" alt=\"Notre client\" class=\"wp-image-577\" title=\"\" srcset=\"https:\/\/maizemachine.com\/wp-content\/uploads\/2025\/08\/Our-customer.webp 720w, https:\/\/maizemachine.com\/wp-content\/uploads\/2025\/08\/Our-customer-300x225.webp 300w, https:\/\/maizemachine.com\/wp-content\/uploads\/2025\/08\/Our-customer-16x12.webp 16w\" sizes=\"auto, (max-width: 720px) 100vw, 720px\" \/><figcaption class=\"wp-element-caption\">Notre client<\/figcaption><\/figure> <\/div>   <h2 class=\"wp-block-heading\">F&amp;Q<\/h2>   <div id=\"rank-math-faq\" class=\"rank-math-block\"> <div class=\"rank-math-list\"> <div id=\"faq-question-1757398121523\" class=\"rank-math-list-item\"> <h3 class=\"rank-math-question\">Pourquoi le battage n'est-il pas propre ?<\/h3> <div class=\"rank-math-answer\">  <p>Cela peut \u00eatre caus\u00e9 par une vitesse insuffisante du tambour ou des dents us\u00e9es. V\u00e9rifiez la puissance du moteur ou remplacez la plaque \u00e0 dents.<\/p>  <\/div> <\/div> <div id=\"faq-question-1757398186712\" class=\"rank-math-list-item\"> <h3 class=\"rank-math-question\">Pourquoi le taux de dommages du noyau est-il \u00e9lev\u00e9 ?<\/h3> <div class=\"rank-math-answer\">  <p>G\u00e9n\u00e9ralement d\u00fb \u00e0 une vitesse de tambour trop \u00e9lev\u00e9e ou \u00e0 des \u00e9pis de ma\u00efs trop secs. Ajustez la vitesse ou humidifiez l\u00e9g\u00e8rement les \u00e9pis.<\/p>  <\/div> <\/div> <div id=\"faq-question-1757398204641\" class=\"rank-math-list-item\"> <h3 class=\"rank-math-question\">Pourquoi la machine s'enraye ?<\/h3> <div class=\"rank-math-answer\">  <p>Possiblement parce que trop d'\u00e9pis sont introduits en m\u00eame temps ou que des d\u00e9bris obstruent la machine. Nettoyez la chambre de battage et contr\u00f4lez la quantit\u00e9 d'alimentation.<\/p>  <\/div> <\/div> <div id=\"faq-question-1757398218490\" class=\"rank-math-list-item\"> <h3 class=\"rank-math-question\">Pouvez-vous garantir la qualit\u00e9 ?<\/h3> <div class=\"rank-math-answer\">  <p>Bien s\u00fbr. Nous sommes l'usine de fabrication. Plus important encore, nous attachons une grande valeur \u00e0 notre r\u00e9putation.\u00a0<br \/>La meilleure qualit\u00e9 est notre principe en tout temps. Vous pouvez \u00eatre pleinement assur\u00e9 de notre production.\u00a0<\/p>  <\/div> <\/div> <div id=\"faq-question-1757398291146\" class=\"rank-math-list-item\"> <h3 class=\"rank-math-question\">Votre entreprise accepte-t-elle la personnalisation ?<\/h3> <div class=\"rank-math-answer\">  <p>Nous avons une excellente \u00e9quipe de conception,et nous pouvons accepter l'OEM.<\/p>  <\/div> <\/div> <div id=\"faq-question-1757398804821\" class=\"rank-math-list-item\"> <h3 class=\"rank-math-question\">Que pensez-vous de votre service ?<\/h3> <div class=\"rank-math-answer\">  <p>Service en ligne 24 heures sur 24 pour r\u00e9soudre n'importe quel probl\u00e8me. Votre satisfaction est notre objectif. Nous esp\u00e9rons sinc\u00e8rement pouvoir coop\u00e9rer.<\/p>  <\/div> <\/div> <div id=\"faq-question-1757398834468\" class=\"rank-math-list-item\"> <h3 class=\"rank-math-question\">Qu'en est-il des m\u00e9thodes d'exp\u00e9dition ?<\/h3> <div class=\"rank-math-answer\">  <p>Pour une commande urgente et un poids l\u00e9ger, vous pouvez choisir l'express : FEDEX, TNT, DHL ou EMS ; pour un poids important, vous pouvez choisir par avion ou par mer pour \u00e9conomiser les co\u00fbts.<\/p>  <\/div> <\/div> <div id=\"faq-question-1757398858587\" class=\"rank-math-list-item\"> <h3 class=\"rank-math-question\">Comment puis-je me rendre dans votre usine ?<\/h3> <div class=\"rank-math-answer\">  <p>Nous sommes au No.1394 East Hanghai Road, Economic-technological Development Area, Zhengzhou, China. Et nous pouvons fournir des accueils gratuits et attentionn\u00e9s pour vous.<\/p>  <\/div> <\/div> <\/div> <\/div>   <p><\/p>","protected":false},"excerpt":{"rendered":"<p>A maize sheller is an agricultural machine designed to separate kernels from the cob. It achieves a kernel integrity rate of over 98% and a damage rate of less than 3%, making it widely used on large farms. This corn thresher has a capacity of 3\u20134 tons\/h It is compact, easy to move, and supports [&hellip;]<\/p>\n","protected":false},"author":1,"featured_media":187,"parent":0,"template":"","tags":[14],"product-type":[9],"class_list":["post-102","product","type-product","status-publish","has-post-thumbnail","hentry","tag-corn-sheller","product-type-corn-sheller-machine"],"_links":{"self":[{"href":"https:\/\/maizemachine.com\/fr\/wp-json\/wp\/v2\/product\/102","targetHints":{"allow":["GET"]}}],"collection":[{"href":"https:\/\/maizemachine.com\/fr\/wp-json\/wp\/v2\/product"}],"about":[{"href":"https:\/\/maizemachine.com\/fr\/wp-json\/wp\/v2\/types\/product"}],"author":[{"embeddable":true,"href":"https:\/\/maizemachine.com\/fr\/wp-json\/wp\/v2\/users\/1"}],"wp:featuredmedia":[{"embeddable":true,"href":"https:\/\/maizemachine.com\/fr\/wp-json\/wp\/v2\/media\/187"}],"wp:attachment":[{"href":"https:\/\/maizemachine.com\/fr\/wp-json\/wp\/v2\/media?parent=102"}],"wp:term":[{"taxonomy":"post_tag","embeddable":true,"href":"https:\/\/maizemachine.com\/fr\/wp-json\/wp\/v2\/tags?post=102"},{"taxonomy":"product-type","embeddable":true,"href":"https:\/\/maizemachine.com\/fr\/wp-json\/wp\/v2\/product-type?post=102"}],"curies":[{"name":"wp","href":"https:\/\/api.w.org\/{rel}","templated":true}]}}