{"id":13,"date":"2022-08-17T03:36:51","date_gmt":"2022-08-17T03:36:51","guid":{"rendered":"http:\/\/maizemachine.com\/?page_id=13"},"modified":"2026-04-13T13:32:29","modified_gmt":"2026-04-13T05:32:29","slug":"about","status":"publish","type":"page","link":"https:\/\/maizemachine.com\/fr\/about\/","title":{"rendered":"\u00c0 propos de nous"},"content":{"rendered":"<h2 class=\"wp-block-heading\">Qui nous sommes<\/h2>    <p class=\"translation-block\"><strong><a href=\"https:\/\/maizemachine.com\/fr\/\">Taizy Machines \u00e0 Ma\u00efs<\/a><\/strong> est un fabricant et exportateur leader d'\u00e9quipements de traitement du ma\u00efs, d\u00e9di\u00e9 \u00e0 fournir des solutions de machinerie agricole de haute qualit\u00e9 aux agriculteurs et entreprises du monde entier. Avec plus de 20 ans d'exp\u00e9rience dans l'industrie, nous nous sommes \u00e9tablis comme un partenaire de confiance pour la r\u00e9colte, le d\u00e9corticage, le broyage, le s\u00e9chage et l'emballage du ma\u00efs.<\/p>   <div class=\"wp-block-image\"> <figure class=\"aligncenter size-full\"><img loading=\"lazy\" decoding=\"async\" width=\"720\" height=\"540\" src=\"https:\/\/maizemachine.com\/wp-content\/uploads\/2026\/04\/taizy-factory.webp\" alt=\"taizy-factory\" class=\"wp-image-934\" title=\"\" srcset=\"https:\/\/maizemachine.com\/wp-content\/uploads\/2026\/04\/taizy-factory.webp 720w, https:\/\/maizemachine.com\/wp-content\/uploads\/2026\/04\/taizy-factory-300x225.webp 300w, https:\/\/maizemachine.com\/wp-content\/uploads\/2026\/04\/taizy-factory-16x12.webp 16w\" sizes=\"auto, (max-width: 720px) 100vw, 720px\" \/><figcaption class=\"wp-element-caption\">taizy-factory<\/figcaption><\/figure> <\/div>   <p class=\"translation-block\">Notre portefeuille de produits complet comprend <strong><a href=\"https:\/\/maizemachine.com\/fr\/products\/corn-harvester\/\">r\u00e9colteuses de ma\u00efs<\/a><\/strong>, <strong><a href=\"https:\/\/maizemachine.com\/fr\/products\/corn-sheller-machine\/\">d\u00e9cortiqueuses de ma\u00efs<\/a><\/strong>, machines de mouture de ma\u00efs, <strong><a href=\"https:\/\/maizemachine.com\/fr\/products\/corn-planter\/\">semis de ma\u00efs<\/a><\/strong>, s\u00e9choirs \u00e0 ma\u00efs, machines d'emballage de ma\u00efs, et \u00e9quipements de traitement des tiges de ma\u00efs. Chaque machine est con\u00e7ue avec pr\u00e9cision pour r\u00e9pondre aux besoins divers de l'agriculture moderne.<\/p>    <figure class=\"wp-block-gallery has-nested-images columns-default is-cropped wp-block-gallery-2 is-layout-flex wp-block-gallery-is-layout-flex\"> <figure class=\"wp-block-image size-large\"><img loading=\"lazy\" decoding=\"async\" width=\"720\" height=\"540\" data-id=\"941\" src=\"https:\/\/maizemachine.com\/wp-content\/uploads\/2026\/04\/Corn-Planter-Factory-Photos.webp\" alt=\"Photos de l&#039;usine de semoirs \u00e0 ma\u00efs\" class=\"wp-image-941\" title=\"\" srcset=\"https:\/\/maizemachine.com\/wp-content\/uploads\/2026\/04\/Corn-Planter-Factory-Photos.webp 720w, https:\/\/maizemachine.com\/wp-content\/uploads\/2026\/04\/Corn-Planter-Factory-Photos-300x225.webp 300w, https:\/\/maizemachine.com\/wp-content\/uploads\/2026\/04\/Corn-Planter-Factory-Photos-16x12.webp 16w\" sizes=\"auto, (max-width: 720px) 100vw, 720px\" \/><figcaption class=\"wp-element-caption\">Photos de l'usine de semoirs \u00e0 ma\u00efs<\/figcaption><\/figure>    <figure class=\"wp-block-image size-large\"><img loading=\"lazy\" decoding=\"async\" width=\"720\" height=\"540\" data-id=\"942\" src=\"https:\/\/maizemachine.com\/wp-content\/uploads\/2026\/04\/Corn-Thresher-Factory-Photos.webp\" alt=\"Photos de l&#039;usine de d\u00e9cortiqueuses de ma\u00efs\" class=\"wp-image-942\" title=\"\" srcset=\"https:\/\/maizemachine.com\/wp-content\/uploads\/2026\/04\/Corn-Thresher-Factory-Photos.webp 720w, https:\/\/maizemachine.com\/wp-content\/uploads\/2026\/04\/Corn-Thresher-Factory-Photos-300x225.webp 300w, https:\/\/maizemachine.com\/wp-content\/uploads\/2026\/04\/Corn-Thresher-Factory-Photos-16x12.webp 16w\" sizes=\"auto, (max-width: 720px) 100vw, 720px\" \/><figcaption class=\"wp-element-caption\">Photos de l'usine de d\u00e9cortiqueuses de ma\u00efs<\/figcaption><\/figure>    <figure class=\"wp-block-image size-large\"><img loading=\"lazy\" decoding=\"async\" width=\"720\" height=\"540\" data-id=\"940\" src=\"https:\/\/maizemachine.com\/wp-content\/uploads\/2026\/04\/Corn-Grits-Machine-Factory-Photos.webp\" alt=\"Photos de l&#039;usine de broyeurs de ma\u00efs\" class=\"wp-image-940\" title=\"\" srcset=\"https:\/\/maizemachine.com\/wp-content\/uploads\/2026\/04\/Corn-Grits-Machine-Factory-Photos.webp 720w, https:\/\/maizemachine.com\/wp-content\/uploads\/2026\/04\/Corn-Grits-Machine-Factory-Photos-300x225.webp 300w, https:\/\/maizemachine.com\/wp-content\/uploads\/2026\/04\/Corn-Grits-Machine-Factory-Photos-16x12.webp 16w\" sizes=\"auto, (max-width: 720px) 100vw, 720px\" \/><figcaption class=\"wp-element-caption\">Photos de l'usine de broyeurs de ma\u00efs<\/figcaption><\/figure> <\/figure>    <h2 class=\"wp-block-heading\">Notre mission<\/h2>    <p>Permettre aux agriculteurs et aux entreprises agricoles du monde entier d'acc\u00e9der \u00e0 des machines de transformation du ma\u00efs fiables, efficaces et abordables, augmentant la productivit\u00e9 et r\u00e9duisant les co\u00fbts de main-d'\u0153uvre.<\/p>    <h2 class=\"wp-block-heading\">Notre vision<\/h2>    <p>Devenir la marque la plus fiable au monde dans le domaine des \u00e9quipements de transformation du ma\u00efs, reconnue pour la qualit\u00e9, l'innovation et un service client exceptionnel.<\/p>    <h2 class=\"wp-block-heading\">Pourquoi choisir Taizy ?<\/h2>    <h3 class=\"wp-block-heading\">Plus de 20 ans d'exp\u00e9rience dans l'industrie<\/h3>    <p>Depuis notre cr\u00e9ation, nous avons accumul\u00e9 une expertise approfondie dans la fabrication de machines agricoles. Notre exp\u00e9rience nous permet de comprendre les besoins des clients et de fournir des solutions qui fonctionnent r\u00e9ellement.<\/p>    <h3 class=\"wp-block-heading\">Pr\u00e9sence sur le march\u00e9 mondial<\/h3>    <p>Nous avons export\u00e9 avec succ\u00e8s nos machines dans plus de 100 pays et r\u00e9gions, notamment :<\/p>    <ul class=\"wp-block-list\"> <li>Afrique : Ghana, Afrique du Sud, Kenya, Zambie, Tanzanie, Mozambique, Maroc, Cap-Vert<\/li>    <li>Asie : Pakistan, Philippines, Indon\u00e9sie, Vietnam, Singapour<\/li>    <li>Am\u00e9riques : \u00c9tats-Unis, Mexique, Br\u00e9sil<\/li> <\/ul>   <div class=\"wp-block-image\"> <figure class=\"aligncenter size-full\"><img loading=\"lazy\" decoding=\"async\" width=\"720\" height=\"540\" src=\"https:\/\/maizemachine.com\/wp-content\/uploads\/2026\/04\/Client-Visit.webp\" alt=\"Visite client\" class=\"wp-image-943\" title=\"\" srcset=\"https:\/\/maizemachine.com\/wp-content\/uploads\/2026\/04\/Client-Visit.webp 720w, https:\/\/maizemachine.com\/wp-content\/uploads\/2026\/04\/Client-Visit-300x225.webp 300w, https:\/\/maizemachine.com\/wp-content\/uploads\/2026\/04\/Client-Visit-16x12.webp 16w\" sizes=\"auto, (max-width: 720px) 100vw, 720px\" \/><figcaption class=\"wp-element-caption\">Visite client<\/figcaption><\/figure> <\/div>   <h3 class=\"wp-block-heading\">Certifications de qualit\u00e9<\/h3>    <p>Tous nos produits r\u00e9pondent aux normes internationales de qualit\u00e9 et sont certifi\u00e9s avec :<\/p>    <ul class=\"wp-block-list\"> <li>Certification ISO<\/li>    <li>Certification CE<\/li>    <li>Certification SGS<\/li> <\/ul>   <div class=\"wp-block-image\"> <figure class=\"aligncenter size-full\"><img loading=\"lazy\" decoding=\"async\" width=\"720\" height=\"540\" src=\"https:\/\/maizemachine.com\/wp-content\/uploads\/2023\/07\/Certificates.webp\" alt=\"Certificats\" class=\"wp-image-683\" title=\"\" srcset=\"https:\/\/maizemachine.com\/wp-content\/uploads\/2023\/07\/Certificates.webp 720w, https:\/\/maizemachine.com\/wp-content\/uploads\/2023\/07\/Certificates-300x225.webp 300w, https:\/\/maizemachine.com\/wp-content\/uploads\/2023\/07\/Certificates-16x12.webp 16w\" sizes=\"auto, (max-width: 720px) 100vw, 720px\" \/><figcaption class=\"wp-element-caption\">Certificats<\/figcaption><\/figure> <\/div>   <h3 class=\"wp-block-heading\">Gamme compl\u00e8te de produits<\/h3>    <p>Nous proposons des solutions compl\u00e8tes pour la transformation du ma\u00efs :<\/p>    <ul class=\"wp-block-list\"> <li><strong><a href=\"https:\/\/maizemachine.com\/fr\/products\/corn-harvester\/\">R\u00e9colteuses de ma\u00efs<\/a><\/strong> \u2013 Des r\u00e9colteuses \u00e0 une seule rang\u00e9e aux r\u00e9colteuses multi-rangs<\/li>    <li><strong><a href=\"https:\/\/maizemachine.com\/fr\/products\/corn-sheller-machine\/\">D\u00e9cortiqueurs de ma\u00efs<\/a><\/strong> \u2013 Des petites \u00e0 grandes machines de d\u00e9corticage<\/li>    <li>Machines de mouture de ma\u00efs \u2013 \u00c9quipements pour la fabrication de gruaux et la mouture de farine<\/li>    <li>Semoirs \u00e0 ma\u00efs \u2013 Manuels et mont\u00e9s sur tracteur<\/li>    <li>S\u00e9chateurs de ma\u00efs \u2013 Solutions de s\u00e9chage efficaces<\/li>    <li>Machines d'emballage de ma\u00efs \u2013 \u00c9quipements de conditionnement sous vide et en farine<\/li>    <li>Transformation des tiges de ma\u00efs \u2013 Ensileuses et d\u00e9chiqueteuses<\/li> <\/ul>    <figure class=\"wp-block-gallery has-nested-images columns-default is-cropped wp-block-gallery-3 is-layout-flex wp-block-gallery-is-layout-flex\"> <figure class=\"wp-block-image size-large\"><img loading=\"lazy\" decoding=\"async\" width=\"720\" height=\"540\" data-id=\"767\" src=\"https:\/\/maizemachine.com\/wp-content\/uploads\/2022\/08\/IMG_6451.webp\" alt=\"Meilleurs mod\u00e8les de planter de ma\u00efs en 2025-2026\" class=\"wp-image-767\" title=\"\" srcset=\"https:\/\/maizemachine.com\/wp-content\/uploads\/2022\/08\/IMG_6451.webp 720w, https:\/\/maizemachine.com\/wp-content\/uploads\/2022\/08\/IMG_6451-300x225.webp 300w, https:\/\/maizemachine.com\/wp-content\/uploads\/2022\/08\/IMG_6451-16x12.webp 16w\" sizes=\"auto, (max-width: 720px) 100vw, 720px\" \/><figcaption class=\"wp-element-caption\">Meilleurs mod\u00e8les de planter de ma\u00efs en 2025-2026<\/figcaption><\/figure>    <figure class=\"wp-block-image size-large\"><img loading=\"lazy\" decoding=\"async\" width=\"720\" height=\"540\" data-id=\"111\" src=\"https:\/\/maizemachine.com\/wp-content\/uploads\/2022\/08\/working-picture.webp\" alt=\"La batteuse de ma\u00efs bat rapidement\" class=\"wp-image-111\" title=\"\" srcset=\"https:\/\/maizemachine.com\/wp-content\/uploads\/2022\/08\/working-picture.webp 720w, https:\/\/maizemachine.com\/wp-content\/uploads\/2022\/08\/working-picture-300x225.webp 300w\" sizes=\"auto, (max-width: 720px) 100vw, 720px\" \/><figcaption class=\"wp-element-caption\">La batteuse de ma\u00efs bat rapidement<\/figcaption><\/figure>    <figure class=\"wp-block-image size-large\"><img loading=\"lazy\" decoding=\"async\" width=\"720\" height=\"540\" data-id=\"283\" src=\"https:\/\/maizemachine.com\/wp-content\/uploads\/2023\/03\/our-stock.webp\" alt=\"notre stock\" class=\"wp-image-283\" title=\"\" srcset=\"https:\/\/maizemachine.com\/wp-content\/uploads\/2023\/03\/our-stock.webp 720w, https:\/\/maizemachine.com\/wp-content\/uploads\/2023\/03\/our-stock-300x225.webp 300w\" sizes=\"auto, (max-width: 720px) 100vw, 720px\" \/><figcaption class=\"wp-element-caption\">Notre stock<\/figcaption><\/figure>    <figure class=\"wp-block-image size-large\"><img loading=\"lazy\" decoding=\"async\" width=\"720\" height=\"540\" data-id=\"506\" src=\"https:\/\/maizemachine.com\/wp-content\/uploads\/2022\/08\/Small-1-Row-Corn-Harvester.webp\" alt=\"Moissonneuse \u00e0 ma\u00efs 1 rang\u00e9e\" class=\"wp-image-506\" title=\"\" srcset=\"https:\/\/maizemachine.com\/wp-content\/uploads\/2022\/08\/Small-1-Row-Corn-Harvester.webp 720w, https:\/\/maizemachine.com\/wp-content\/uploads\/2022\/08\/Small-1-Row-Corn-Harvester-300x225.webp 300w, https:\/\/maizemachine.com\/wp-content\/uploads\/2022\/08\/Small-1-Row-Corn-Harvester-16x12.webp 16w\" sizes=\"auto, (max-width: 720px) 100vw, 720px\" \/><figcaption class=\"wp-element-caption\">Moissonneuse \u00e0 ma\u00efs 1 rang\u00e9e<\/figcaption><\/figure>    <figure class=\"wp-block-image size-large\"><img loading=\"lazy\" decoding=\"async\" width=\"720\" height=\"540\" data-id=\"586\" src=\"https:\/\/maizemachine.com\/wp-content\/uploads\/2023\/02\/Wheeled-Corn-Silage-Harvester.webp\" alt=\"Moissonneuse sur roues de silage de ma\u00efs\" class=\"wp-image-586\" title=\"\" srcset=\"https:\/\/maizemachine.com\/wp-content\/uploads\/2023\/02\/Wheeled-Corn-Silage-Harvester.webp 720w, https:\/\/maizemachine.com\/wp-content\/uploads\/2023\/02\/Wheeled-Corn-Silage-Harvester-300x225.webp 300w, https:\/\/maizemachine.com\/wp-content\/uploads\/2023\/02\/Wheeled-Corn-Silage-Harvester-16x12.webp 16w\" sizes=\"auto, (max-width: 720px) 100vw, 720px\" \/><figcaption class=\"wp-element-caption\">Moissonneuse sur roues de silage de ma\u00efs<\/figcaption><\/figure>    <figure class=\"wp-block-image size-large\"><img loading=\"lazy\" decoding=\"async\" width=\"720\" height=\"540\" data-id=\"813\" src=\"https:\/\/maizemachine.com\/wp-content\/uploads\/2025\/12\/Maize-Sheller-Machine.webp\" alt=\"Machine \u00e0 d\u00e9cortiquer le ma\u00efs\" class=\"wp-image-813\" title=\"\" srcset=\"https:\/\/maizemachine.com\/wp-content\/uploads\/2025\/12\/Maize-Sheller-Machine.webp 720w, https:\/\/maizemachine.com\/wp-content\/uploads\/2025\/12\/Maize-Sheller-Machine-300x225.webp 300w, https:\/\/maizemachine.com\/wp-content\/uploads\/2025\/12\/Maize-Sheller-Machine-16x12.webp 16w\" sizes=\"auto, (max-width: 720px) 100vw, 720px\" \/><figcaption class=\"wp-element-caption\">Machine \u00e0 d\u00e9cortiquer le ma\u00efs<\/figcaption><\/figure> <\/figure>    <h3 class=\"wp-block-heading\">Service centr\u00e9 sur le client<\/h3>    <ul class=\"wp-block-list\"> <li>Pr\u00e9-vente : Consultation professionnelle pour vous aider \u00e0 choisir la bonne machine<\/li>    <li>Pendant la vente : Tarification transparente et communication claire<\/li>    <li>Apr\u00e8s-vente : Garantie d'un an, support technique \u00e0 vie, et fourniture de pi\u00e8ces d\u00e9tach\u00e9es<\/li> <\/ul>   <div class=\"wp-block-image\"> <figure class=\"aligncenter size-full\"><img loading=\"lazy\" decoding=\"async\" width=\"1024\" height=\"620\" src=\"https:\/\/maizemachine.com\/wp-content\/uploads\/2022\/08\/people-from-many-countries-have-chosen-us.webp\" alt=\"des personnes de nombreux pays nous ont choisis\" class=\"wp-image-25\" title=\"\" srcset=\"https:\/\/maizemachine.com\/wp-content\/uploads\/2022\/08\/people-from-many-countries-have-chosen-us.webp 1024w, https:\/\/maizemachine.com\/wp-content\/uploads\/2022\/08\/people-from-many-countries-have-chosen-us-300x182.webp 300w, https:\/\/maizemachine.com\/wp-content\/uploads\/2022\/08\/people-from-many-countries-have-chosen-us-768x465.webp 768w\" sizes=\"auto, (max-width: 1024px) 100vw, 1024px\" \/><figcaption class=\"wp-element-caption\">des personnes de nombreux pays nous ont choisis<\/figcaption><\/figure> <\/div>   <h2 class=\"wp-block-heading\">Nos valeurs fondamentales<\/h2>    <p>Qualit\u00e9 avant tout : Nous ne faisons jamais de compromis sur la qualit\u00e9 du produit. Chaque machine subit des tests rigoureux avant de quitter notre usine.<\/p>    <p>Orientation client : Votre succ\u00e8s est notre succ\u00e8s. Nous \u00e9coutons vos besoins et proposons des solutions adapt\u00e9es.<\/p>    <p>Innovation continue : Nous investissons constamment dans la R&amp;D pour am\u00e9liorer nos produits et d\u00e9velopper de nouvelles technologies.<\/p>    <p>Int\u00e9grit\u00e9 &amp; Confiance : Nous construisons des relations \u00e0 long terme bas\u00e9es sur l'honn\u00eatet\u00e9, la transparence et le respect mutuel.<\/p>   <div class=\"wp-block-image\"> <figure class=\"aligncenter size-full\"><img loading=\"lazy\" decoding=\"async\" width=\"720\" height=\"540\" src=\"https:\/\/maizemachine.com\/wp-content\/uploads\/2025\/08\/Our-customer.webp\" alt=\"Notre client\" class=\"wp-image-577\" title=\"\" srcset=\"https:\/\/maizemachine.com\/wp-content\/uploads\/2025\/08\/Our-customer.webp 720w, https:\/\/maizemachine.com\/wp-content\/uploads\/2025\/08\/Our-customer-300x225.webp 300w, https:\/\/maizemachine.com\/wp-content\/uploads\/2025\/08\/Our-customer-16x12.webp 16w\" sizes=\"auto, (max-width: 720px) 100vw, 720px\" \/><figcaption class=\"wp-element-caption\">Notre client<\/figcaption><\/figure> <\/div>   <h2 class=\"wp-block-heading\">Notre force de fabrication<\/h2>    <h3 class=\"wp-block-heading\">Installations de production avanc\u00e9es<\/h3>    <p>\u00c9quip\u00e9 d'\u00e9quipements de fabrication modernes et de lignes de production automatis\u00e9es pour garantir une qualit\u00e9 constante et une production efficace.<\/p>    <h3 class=\"wp-block-heading\">Contr\u00f4le qualit\u00e9 strict<\/h3>    <p>Processus d'inspection de qualit\u00e9 en plusieurs \u00e9tapes, des mati\u00e8res premi\u00e8res aux produits finis.<\/p>    <h3 class=\"wp-block-heading\">\u00c9quipe de R&amp;D professionnelle<\/h3>    <p>Ing\u00e9nieurs exp\u00e9riment\u00e9s d\u00e9di\u00e9s \u00e0 l'innovation et \u00e0 l'am\u00e9lioration des produits.<\/p>    <h3 class=\"wp-block-heading\">Main-d'\u0153uvre qualifi\u00e9e<\/h3>    <p>Techniciens et ouvriers form\u00e9s engag\u00e9s dans l'excellence artisanale.<\/p>    <h2 class=\"wp-block-heading\">Histoires de succ\u00e8s<\/h2>    <p>Nous avons aid\u00e9 des milliers de clients dans le monde \u00e0 am\u00e9liorer leurs op\u00e9rations agricoles :<\/p>    <ul class=\"wp-block-list\"> <li>Ghana : Fourniture de semoirs \u00e0 ma\u00efs 6 rangs aux coop\u00e9ratives locales<\/li>    <li>Kenya : Livraison de semoirs \u00e0 ma\u00efs 4 rangs aux grandes exploitations<\/li>    <li>\u00c9tats-Unis : Machines de battage de ma\u00efs fra\u00eeches export\u00e9es vers des installations de transformation<\/li>    <li>Philippines : Livraison de machines de mouture de gruaux de ma\u00efs aux producteurs alimentaires<\/li>    <li>Mexique : Installation de d\u00e9cortiqueuses de ma\u00efs fra\u00eeches pour des op\u00e9rations commerciales<\/li> <\/ul>    <figure class=\"wp-block-gallery has-nested-images columns-default is-cropped wp-block-gallery-4 is-layout-flex wp-block-gallery-is-layout-flex\"> <figure class=\"wp-block-image size-large\"><img loading=\"lazy\" decoding=\"async\" width=\"720\" height=\"540\" data-id=\"699\" src=\"https:\/\/maizemachine.com\/wp-content\/uploads\/2025\/10\/Shipping-packaging-diagram.webp\" alt=\"Diagramme d&#039;emballage d&#039;exp\u00e9dition\" class=\"wp-image-699\" title=\"\" srcset=\"https:\/\/maizemachine.com\/wp-content\/uploads\/2025\/10\/Shipping-packaging-diagram.webp 720w, https:\/\/maizemachine.com\/wp-content\/uploads\/2025\/10\/Shipping-packaging-diagram-300x225.webp 300w, https:\/\/maizemachine.com\/wp-content\/uploads\/2025\/10\/Shipping-packaging-diagram-16x12.webp 16w\" sizes=\"auto, (max-width: 720px) 100vw, 720px\" \/><figcaption class=\"wp-element-caption\">Sch\u00e9ma d'emballage pour l'exp\u00e9dition<\/figcaption><\/figure>    <figure class=\"wp-block-image size-large\"><img loading=\"lazy\" decoding=\"async\" width=\"720\" height=\"540\" data-id=\"454\" src=\"https:\/\/maizemachine.com\/wp-content\/uploads\/2025\/06\/Workers-are-nailing-the-crates.webp\" alt=\"Les travailleurs clouent les caisses.\" class=\"wp-image-454\" title=\"\" srcset=\"https:\/\/maizemachine.com\/wp-content\/uploads\/2025\/06\/Workers-are-nailing-the-crates.webp 720w, https:\/\/maizemachine.com\/wp-content\/uploads\/2025\/06\/Workers-are-nailing-the-crates-300x225.webp 300w, https:\/\/maizemachine.com\/wp-content\/uploads\/2025\/06\/Workers-are-nailing-the-crates-16x12.webp 16w\" sizes=\"auto, (max-width: 720px) 100vw, 720px\" \/><figcaption class=\"wp-element-caption\">Les travailleurs clouent les caisses.<\/figcaption><\/figure>    <figure class=\"wp-block-image size-large\"><img loading=\"lazy\" decoding=\"async\" width=\"720\" height=\"540\" data-id=\"509\" src=\"https:\/\/maizemachine.com\/wp-content\/uploads\/2022\/08\/Workers-are-packing.webp\" alt=\"Les travailleurs sont en train de faire les paquets\" class=\"wp-image-509\" title=\"\" srcset=\"https:\/\/maizemachine.com\/wp-content\/uploads\/2022\/08\/Workers-are-packing.webp 720w, https:\/\/maizemachine.com\/wp-content\/uploads\/2022\/08\/Workers-are-packing-300x225.webp 300w, https:\/\/maizemachine.com\/wp-content\/uploads\/2022\/08\/Workers-are-packing-16x12.webp 16w\" sizes=\"auto, (max-width: 720px) 100vw, 720px\" \/><figcaption class=\"wp-element-caption\">Les travailleurs emballent<\/figcaption><\/figure>    <figure class=\"wp-block-image size-large\"><img loading=\"lazy\" decoding=\"async\" width=\"720\" height=\"540\" data-id=\"279\" src=\"https:\/\/maizemachine.com\/wp-content\/uploads\/2023\/03\/delivery-chart.webp\" alt=\"Maize Thresher Shipped to Nigeria\" class=\"wp-image-279\" title=\"\" srcset=\"https:\/\/maizemachine.com\/wp-content\/uploads\/2023\/03\/delivery-chart.webp 720w, https:\/\/maizemachine.com\/wp-content\/uploads\/2023\/03\/delivery-chart-300x225.webp 300w\" sizes=\"auto, (max-width: 720px) 100vw, 720px\" \/><figcaption class=\"wp-element-caption\">Maize Thresher Shipped To Nigeria<\/figcaption><\/figure>    <figure class=\"wp-block-image size-large\"><img loading=\"lazy\" decoding=\"async\" width=\"720\" height=\"540\" data-id=\"108\" src=\"https:\/\/maizemachine.com\/wp-content\/uploads\/2022\/08\/picture-of-machine-packing.webp\" alt=\"photo de la machine d&#039;emballage\" class=\"wp-image-108\" title=\"\" srcset=\"https:\/\/maizemachine.com\/wp-content\/uploads\/2022\/08\/picture-of-machine-packing.webp 720w, https:\/\/maizemachine.com\/wp-content\/uploads\/2022\/08\/picture-of-machine-packing-300x225.webp 300w\" sizes=\"auto, (max-width: 720px) 100vw, 720px\" \/><figcaption class=\"wp-element-caption\">Photo de l'emballage de la machine<\/figcaption><\/figure> <\/figure>    <h2 class=\"wp-block-heading\">Notre engagement<\/h2>    <p>Lorsque vous choisissez Taizy, vous choisissez :<\/p>    <ul class=\"wp-block-list\"> <li>\u00c9quipements fiables qui durent<\/li>    <li>Prix comp\u00e9titifs direct usine<\/li>    <li>Support technique professionnel<\/li>    <li>Exp\u00e9dition mondiale rapide et s\u00e9curis\u00e9e<\/li>    <li>Service apr\u00e8s-vente complet<\/li> <\/ul>    <h2 class=\"wp-block-heading\">Contactez-nous<\/h2>    <p>Pr\u00eat \u00e0 moderniser vos op\u00e9rations de transformation du ma\u00efs ? Contactez-nous d\u00e8s aujourd'hui !<\/p>    <p>Nous sommes impatients de collaborer avec vous pour un avenir agricole plus productif.<\/p>    <div class=\"wp-block-buttons is-layout-flex wp-block-buttons-is-layout-flex\"> <div class=\"wp-block-button\"><a class=\"wp-block-button__link wp-element-button\" href=\"https:\/\/wa.me\/+8619139761487\" target=\"_blank\" rel=\"noopener\">WhatsApp\/WeChat\/T\u00e9l :  86 19139761487<\/a><\/div> <\/div>    <p><\/p>    <div class=\"wp-block-buttons is-layout-flex wp-block-buttons-is-layout-flex\"> <div class=\"wp-block-button\"><a class=\"wp-block-button__link wp-element-button\">Email : info@maizemachine.com<\/a><\/div> <\/div>    <p><\/p>    <p><\/p>","protected":false},"excerpt":{"rendered":"<p>Who We Are Taizy Corn Machinery is a leading manufacturer and exporter of corn processing equipment, dedicated to providing high-quality agricultural machinery solutions to farmers and businesses worldwide. With over 20 years of experience in the industry, we have established ourselves as a trusted partner for corn harvesting, threshing, milling, drying, and packaging equipment. Our [&hellip;]<\/p>\n","protected":false},"author":1,"featured_media":0,"parent":0,"menu_order":0,"comment_status":"closed","ping_status":"closed","template":"","meta":{"footnotes":""},"class_list":["post-13","page","type-page","status-publish","hentry"],"_links":{"self":[{"href":"https:\/\/maizemachine.com\/fr\/wp-json\/wp\/v2\/pages\/13","targetHints":{"allow":["GET"]}}],"collection":[{"href":"https:\/\/maizemachine.com\/fr\/wp-json\/wp\/v2\/pages"}],"about":[{"href":"https:\/\/maizemachine.com\/fr\/wp-json\/wp\/v2\/types\/page"}],"author":[{"embeddable":true,"href":"https:\/\/maizemachine.com\/fr\/wp-json\/wp\/v2\/users\/1"}],"replies":[{"embeddable":true,"href":"https:\/\/maizemachine.com\/fr\/wp-json\/wp\/v2\/comments?post=13"}],"version-history":[{"count":12,"href":"https:\/\/maizemachine.com\/fr\/wp-json\/wp\/v2\/pages\/13\/revisions"}],"predecessor-version":[{"id":949,"href":"https:\/\/maizemachine.com\/fr\/wp-json\/wp\/v2\/pages\/13\/revisions\/949"}],"wp:attachment":[{"href":"https:\/\/maizemachine.com\/fr\/wp-json\/wp\/v2\/media?parent=13"}],"curies":[{"name":"wp","href":"https:\/\/api.w.org\/{rel}","templated":true}]}}