{"id":95,"date":"2022-08-24T02:13:52","date_gmt":"2022-08-24T02:13:52","guid":{"rendered":"https:\/\/maizemachine.com\/?post_type=product&#038;p=95"},"modified":"2025-06-20T18:04:57","modified_gmt":"2025-06-20T10:04:57","slug":"2-row-corn-picker","status":"publish","type":"product","link":"https:\/\/maizemachine.com\/es\/product\/2-row-corn-picker\/","title":{"rendered":"Recolector de ma\u00edz de 2 hileras | Cosechadora de ma\u00edz de 2 hileras"},"content":{"rendered":"<p class=\"translation-block\">El recolector de ma\u00edz de 2 filas es una m\u00e1quina que cosecha dos filas de ma\u00edz al mismo tiempo. Pertenece al equipo de recolecci\u00f3n de ma\u00edz de varias filas. Tambi\u00e9n tenemos una <a href=\"https:\/\/maizemachine.com\/es\/product\/one-row-corn-picker\/\">recolectora de ma\u00edz de una fila<\/a>, una recolectora de ma\u00edz de 3 filas y una cosechadora de ma\u00edz de 4 filas para que usted elija.<\/p>    <p> En comparaci\u00f3n con la cosechadora de ma\u00edz de una fila, la cosechadora de dos filas tiene un gran volumen y alta eficiencia de trabajo. Adem\u00e1s, la m\u00e1quina est\u00e1 equipada con una cabina para que las personas operen la m\u00e1quina. Por lo tanto, esta m\u00e1quina puede cosechar f\u00e1cilmente m\u00faltiples filas de ma\u00edz en muy poco tiempo.<\/p>   <div class=\"wp-block-image\"> <figure class=\"aligncenter size-full\"><img loading=\"lazy\" decoding=\"async\" width=\"720\" height=\"540\" src=\"http:\/\/maizemachine.com\/wp-content\/uploads\/2022\/08\/two-row-corn-harvester.webp\" alt=\"cosechadora de ma\u00edz de dos hileras\" class=\"wp-image-101\" title=\"\" srcset=\"https:\/\/maizemachine.com\/wp-content\/uploads\/2022\/08\/two-row-corn-harvester.webp 720w, https:\/\/maizemachine.com\/wp-content\/uploads\/2022\/08\/two-row-corn-harvester-300x225.webp 300w\" sizes=\"auto, (max-width: 720px) 100vw, 720px\" \/><figcaption class=\"wp-element-caption\">cosechadora de ma\u00edz de dos hileras<\/figcaption><\/figure> <\/div>   <h2 class=\"wp-block-heading\" id=\"h-advantages-of-2-row-corn-picker\">Ventajas del recolector de ma\u00edz de 2 filas de Shuliy<\/h2>    <ol class=\"wp-block-list\"> <li>Nuestra cosechadora de ma\u00edz adopta tecnolog\u00eda de accionamiento mec\u00e1nico e hidr\u00e1ulico de primera clase. Es f\u00e1cil de controlar y operar.<\/li>    <li>Al mismo tiempo, el recolector de ma\u00edz de 2 hileras est\u00e1 integrado con la cosecha, el transporte, el pelado y la trituraci\u00f3n de la paja. Esto puede satisfacer una variedad de necesidades.<\/li>    <li>La tasa de p\u00e9rdida de ma\u00edz durante la recolecci\u00f3n es inferior a 3%.<\/li>    <li>La cabina equipada con la m\u00e1quina permite a las personas operar la m\u00e1quina.<\/li>    <li>8 rodillos de goma en espiral pueden quitar f\u00e1cilmente la c\u00e1scara del ma\u00edz. Esto evita la molestia de pelar.<\/li>    <li>Adem\u00e1s, los agricultores no necesitan pagar dinero extra para comprar peladoras de ma\u00edz.<\/li>    <li>Nuestra cosechadora de ma\u00edz es multifuncional, puede cosechar ma\u00edz y triturar tallos para devolverlos al campo.<\/li>    <li>Esta m\u00e1quina tiene una fuerte adaptabilidad y es adecuada para terrenos complejos y malas condiciones de camino.<\/li>    <li>Tambi\u00e9n es altamente eficiente: un operador experimentado puede cosechar m\u00e1s de 10 mu (aproximadamente 1.6 acres) por d\u00eda.<\/li> <\/ol>   <div class=\"wp-block-image\"> <figure class=\"aligncenter size-full\"><img loading=\"lazy\" decoding=\"async\" width=\"720\" height=\"540\" src=\"http:\/\/maizemachine.com\/wp-content\/uploads\/2022\/08\/2-row-corn-harvester.webp\" alt=\"Cosechadora de ma\u00edz de 2 hileras.\" class=\"wp-image-97\" title=\"\" srcset=\"https:\/\/maizemachine.com\/wp-content\/uploads\/2022\/08\/2-row-corn-harvester.webp 720w, https:\/\/maizemachine.com\/wp-content\/uploads\/2022\/08\/2-row-corn-harvester-300x225.webp 300w\" sizes=\"auto, (max-width: 720px) 100vw, 720px\" \/><figcaption class=\"wp-element-caption\">Cosechadora de ma\u00edz de 2 hileras.<\/figcaption><\/figure> <\/div>   <h2 class=\"wp-block-heading\">Aplicaciones de la cosechadora de ma\u00edz de 2 filas<\/h2>    <ul class=\"wp-block-list\"> <li>Grandes tierras agr\u00edcolas planas<\/li>    <li>Terrenos monta\u00f1osos o inclinados<\/li>    <li>Parcelas de tierra irregulares o peque\u00f1as<\/li>    <li>Campos con suelo blando o h\u00famedo<\/li>    <li>\u00c1reas rurales remotas con acceso a caminos estrechos o en malas condiciones.<\/li>    <li>\u00c1reas de invernadero o bordes de campo estrechos donde las m\u00e1quinas grandes no pueden entrar.<\/li> <\/ul>    <figure class=\"wp-block-image size-full\"><img loading=\"lazy\" decoding=\"async\" width=\"720\" height=\"540\" src=\"https:\/\/maizemachine.com\/wp-content\/uploads\/2022\/08\/Application-of-the-2-Row-corn-picker.webp\" alt=\"Aplicaci\u00f3n del recogedor de ma\u00edz de 2 filas\" class=\"wp-image-443\" title=\"\" srcset=\"https:\/\/maizemachine.com\/wp-content\/uploads\/2022\/08\/Application-of-the-2-Row-corn-picker.webp 720w, https:\/\/maizemachine.com\/wp-content\/uploads\/2022\/08\/Application-of-the-2-Row-corn-picker-300x225.webp 300w, https:\/\/maizemachine.com\/wp-content\/uploads\/2022\/08\/Application-of-the-2-Row-corn-picker-16x12.webp 16w\" sizes=\"auto, (max-width: 720px) 100vw, 720px\" \/><figcaption class=\"wp-element-caption\">Aplicaci\u00f3n del recolector de ma\u00edz de 2 filas<\/figcaption><\/figure>    <h2 class=\"wp-block-heading\">Estructura principal y apariencia de la recolectora de ma\u00edz de 2 filas.<\/h2>    <p>Los componentes principales de la cosechadora de ma\u00edz de 2 hileras incluyen el bot\u00f3n de parada, el acelerador, el embrague de marcha, las manijas de ajuste de direcci\u00f3n y altura, el tanque de combustible, la palanca de cambio de marchas, el embrague de cosecha y la tolva de cosecha.<\/p>    <figure class=\"wp-block-image size-full\"><img loading=\"lazy\" decoding=\"async\" width=\"720\" height=\"540\" src=\"https:\/\/maizemachine.com\/wp-content\/uploads\/2022\/08\/Various-views-of-a-2-row-corn-harvester.webp\" alt=\"Vistas varias de una cosechadora de ma\u00edz de 2 filas\" class=\"wp-image-446\" title=\"\" srcset=\"https:\/\/maizemachine.com\/wp-content\/uploads\/2022\/08\/Various-views-of-a-2-row-corn-harvester.webp 720w, https:\/\/maizemachine.com\/wp-content\/uploads\/2022\/08\/Various-views-of-a-2-row-corn-harvester-300x225.webp 300w, https:\/\/maizemachine.com\/wp-content\/uploads\/2022\/08\/Various-views-of-a-2-row-corn-harvester-16x12.webp 16w\" sizes=\"auto, (max-width: 720px) 100vw, 720px\" \/><figcaption class=\"wp-element-caption\">Vistas varias de una cosechadora de ma\u00edz de 2 filas<\/figcaption><\/figure>    <h2 class=\"wp-block-heading\">C\u00f3mo operar el recolector de ma\u00edz de 2 filas<\/h2>    <p class=\"translation-block\"><strong>Encender el motor \u2192 Caminar y cosechar \u2192 Apagar<\/strong><\/p>    <h3 class=\"wp-block-heading\">Arrancando el motor<\/h3>    <ul class=\"wp-block-list\"> <li>A\u00f1adir gasolina (se recomienda 90 octanos o m\u00e1s).<\/li>    <li>Abrir la v\u00e1lvula de combustible y comenzar la compuerta de aire.<\/li>    <li>Tirar de la manija de arranque para encender el motor.<\/li>    <li>Una vez que el motor est\u00e9 estable, cierre lentamente la compuerta de aire.<\/li> <\/ul>    <h3 class=\"wp-block-heading\">Caminando y cosechando<\/h3>    <ul class=\"wp-block-list\"> <li>Ajusta las manijas de direcci\u00f3n y altura.<\/li>    <li>Utilice el embrague de marcha y el embrague de cosecha juntos.<\/li>    <li>Cuando las mazorcas de ma\u00edz est\u00e1n llenas, lib\u00e9ralas usando la manija de control.<\/li>    <li>Levanta la rueda motriz al girar para reducir la resistencia.<\/li> <\/ul>    <h3 class=\"wp-block-heading\">Apagando<\/h3>    <ul class=\"wp-block-list\"> <li>Baja el acelerador \u2192 desconecta el embrague \u2192 presiona el bot\u00f3n de parada.<\/li> <\/ul>    <h2 class=\"wp-block-heading\" id=\"h-parameters-of-2-row-corn-picker\">Par\u00e1metros del recolector de ma\u00edz de 2 hileras<\/h2>    <figure class=\"wp-block-table\"><table><tbody><tr><td>Modelo<\/td><td>CH-2<\/td><\/tr><tr><td>Cilindro<\/td><td>4<\/td><\/tr><tr><td>Dimensi\u00f3n<\/td><td>4850*1450*2600mm<\/td><\/tr><tr><td>Peso<\/td><td>2650<\/td><\/tr><tr><td>Fila<\/td><td>2<\/td><\/tr><tr><td>Ancho de corte<\/td><td>1135mm<\/td><\/tr><tr><td>Espaciado de filas<\/td><td>420-890 mm<\/td><\/tr><tr><td>Altura m\u00e1xima de corte<\/td><td>2120 mm<\/td><\/tr><tr><td>Distancia m\u00ednima desde el suelo<\/td><td>150mm<\/td><\/tr><tr><td>Velocidad de trabajo<\/td><td>2,2-5,0 km\/h<\/td><\/tr><tr><td>Capacidad<\/td><td>0,15-0,3 h\u33a1\/h<\/td><\/tr><tr><td>Consumo de combustible<\/td><td>Menos 25kg\/h\u33a1<\/td><\/tr><tr><td>Rodillo pelador<\/td><td>Rodillo de goma en espiral<\/td><\/tr><tr><td>Dispositivo de pelado<\/td><td>8 rodillos peladores<\/td><\/tr><tr><td>Distancia del eje<\/td><td>2300 mm<\/td><\/tr><tr><td>Ancho de paja que regresa al campo<\/td><td>930 mm<\/td><\/tr><tr><td>Distancia de la rueda<\/td><td>Rueda delantera (1200 mm)<br>Rueda trasera (1300 mm)<\/td><\/tr><\/tbody><\/table><\/figure>    <figure class=\"wp-block-gallery has-nested-images columns-default is-cropped wp-block-gallery-2 is-layout-flex wp-block-gallery-is-layout-flex\"> <figure class=\"wp-block-image size-large\"><img loading=\"lazy\" decoding=\"async\" width=\"720\" height=\"540\" data-id=\"444\" src=\"https:\/\/maizemachine.com\/wp-content\/uploads\/2022\/08\/2-row-corn-harvester-with-cab.webp\" alt=\"Cosechadora de ma\u00edz de 2 filas con cabina\" class=\"wp-image-444\" title=\"\" srcset=\"https:\/\/maizemachine.com\/wp-content\/uploads\/2022\/08\/2-row-corn-harvester-with-cab.webp 720w, https:\/\/maizemachine.com\/wp-content\/uploads\/2022\/08\/2-row-corn-harvester-with-cab-300x225.webp 300w, https:\/\/maizemachine.com\/wp-content\/uploads\/2022\/08\/2-row-corn-harvester-with-cab-16x12.webp 16w\" sizes=\"auto, (max-width: 720px) 100vw, 720px\" \/><figcaption class=\"wp-element-caption\">Cosechadora de ma\u00edz de 2 filas con cabina<\/figcaption><\/figure>    <figure class=\"wp-block-image size-large\"><img loading=\"lazy\" decoding=\"async\" width=\"720\" height=\"540\" data-id=\"445\" src=\"https:\/\/maizemachine.com\/wp-content\/uploads\/2022\/08\/2-row-corn-harvester-without-cab.webp\" alt=\"Cosechadora de ma\u00edz de 2 filas sin cabina\" class=\"wp-image-445\" title=\"\" srcset=\"https:\/\/maizemachine.com\/wp-content\/uploads\/2022\/08\/2-row-corn-harvester-without-cab.webp 720w, https:\/\/maizemachine.com\/wp-content\/uploads\/2022\/08\/2-row-corn-harvester-without-cab-300x225.webp 300w, https:\/\/maizemachine.com\/wp-content\/uploads\/2022\/08\/2-row-corn-harvester-without-cab-16x12.webp 16w\" sizes=\"auto, (max-width: 720px) 100vw, 720px\" \/><figcaption class=\"wp-element-caption\">Cosechadora de ma\u00edz de 2 filas sin cabina<\/figcaption><\/figure> <\/figure>    <h2 class=\"wp-block-heading\" id=\"h-maintenance-of-corn-harvester\">Mantenimiento y reparaci\u00f3n de la cosechadora de ma\u00edz<\/h2>    <p>El mantenimiento de la cosechadora de ma\u00edz de 2 filas es un proyecto rutinario e importante. Principalmente incluye dos niveles: antes de la operaci\u00f3n y despu\u00e9s de la operaci\u00f3n. <\/p>    <p>El mantenimiento antes de la operaci\u00f3n tiene como objetivo principal asegurar que la maquinaria est\u00e9 en buenas condiciones de funcionamiento. El trabajo de una cosechadora de ma\u00edz tiene una cierta etapa. Las m\u00e1quinas suelen trabajar en oto\u00f1o. Cuando la cosecha de ma\u00edz se completa, entra en estado de inactividad. Por lo tanto, es necesario realizar una revisi\u00f3n despu\u00e9s de la operaci\u00f3n.<\/p>    <ul class=\"wp-block-list\"> <li>Opera de acuerdo con las instrucciones antes de la operaci\u00f3n. Verifica si el agua de refrigeraci\u00f3n, el combustible, <a href=\"https:\/\/en.wikipedia.org\/wiki\/Lubrication\" target=\"_blank\" rel=\"noopener\">lubricante<\/a> El aceite y los componentes est\u00e1n conectados normalmente.<\/li>    <li>Revisar y limpiar el filtro de aire. Compruebe si las piezas del equipo est\u00e1n seguras. Compruebe frecuentemente las piezas sueltas. Se encontraron problemas de ajuste oportuno.<\/li>    <li>Despu\u00e9s de la operaci\u00f3n, verifique si hay malezas, sedimentos y suciedad en la m\u00e1quina. Limpiar a tiempo si es necesario.<\/li>    <li>Compruebe si hay da\u00f1os dentro de la m\u00e1quina.<\/li>    <li>Compruebe si la cinta transportadora est\u00e1 suelta.<\/li>    <li>Una vez completados los pasos anteriores, es necesario llenar el cortador con aceite para garantizar que el equipo est\u00e9 en condiciones normales.<\/li> <\/ul>   <div class=\"wp-block-image\"> <figure class=\"aligncenter size-full\"><img loading=\"lazy\" decoding=\"async\" width=\"720\" height=\"540\" src=\"http:\/\/maizemachine.com\/wp-content\/uploads\/2022\/08\/2-row-maize-harvester-in-factory.webp\" alt=\"Cosechadora de ma\u00edz de 2 hileras en f\u00e1brica\" class=\"wp-image-99\" title=\"\" srcset=\"https:\/\/maizemachine.com\/wp-content\/uploads\/2022\/08\/2-row-maize-harvester-in-factory.webp 720w, https:\/\/maizemachine.com\/wp-content\/uploads\/2022\/08\/2-row-maize-harvester-in-factory-300x225.webp 300w\" sizes=\"auto, (max-width: 720px) 100vw, 720px\" \/><figcaption class=\"wp-element-caption\">Cosechadora de ma\u00edz de 2 filas en la f\u00e1brica<\/figcaption><\/figure> <\/div>   <h3 class=\"wp-block-heading\">Mantenimiento regular<\/h3>    <ul class=\"wp-block-list\"> <li>Mantenimiento de Nivel 1: Cada 150 horas<\/li>    <li>Mantenimiento de Nivel 2: Cada 800 horas<\/li>    <li>Revisi\u00f3n Mayor: Cada 1500\u20132000 horas<\/li>    <li>Si se almacena por un largo tiempo, limpia la m\u00e1quina, cambia el aceite, aplica tratamiento anti-\u00f3xido y mantenla seca.<\/li>    <li>Para una m\u00e1quina nueva o despu\u00e9s de reparaciones importantes, se requiere un adecuado rodaje antes del uso regular.<\/li> <\/ul>    <h2 class=\"wp-block-heading\" id=\"h-2-row-corn-picker-for-sale\">Vendo recolector de ma\u00edz de 2 hileras<\/h2>    <p>La cosechadora de ma\u00edz de dos filas es un modelo popular en el equipo de cosecha de ma\u00edz. Tambi\u00e9n tenemos recolectores de ma\u00edz de 2 filas de alta calidad a la venta. Adem\u00e1s, tambi\u00e9n vendemos cosechadoras de ma\u00edz de una sola fila. <\/p>    <p class=\"translation-block\">Como productor profesional de equipos de procesamiento de ma\u00edz, tambi\u00e9n tenemos una m\u00e1quina trituradora de ma\u00edz, una sembradora de ma\u00edz y una <a href=\"https:\/\/maizemachine.com\/es\/product\/corn-mill-grinder\/\">m\u00e1quina molinillo de harina de ma\u00edz<\/a>. Adem\u00e1s, estas m\u00e1quinas tambi\u00e9n se han exportado a muchos pa\u00edses. Por lo tanto, tenemos una rica experiencia en producci\u00f3n y exportaci\u00f3n de maquinaria. Si est\u00e1 interesado en esta cosechadora de ma\u00edz de dos filas, no dude en contactarnos.<\/p>    <h2 class=\"wp-block-heading\">Video de cosechadora de ma\u00edz de dos hileras.<\/h2>    <figure class=\"wp-block-embed is-type-video is-provider-youtube wp-block-embed-youtube wp-embed-aspect-16-9 wp-has-aspect-ratio\"><div class=\"wp-block-embed__wrapper\"> <iframe loading=\"lazy\" title=\"Recolector de ma\u00edz de 2 hileras | Cosechadora de ma\u00edz a bajo precio\" width=\"500\" height=\"281\" src=\"https:\/\/www.youtube.com\/embed\/pkEAzDVLqJM?feature=oembed\" frameborder=\"0\" allow=\"accelerometer; autoplay; clipboard-write; encrypted-media; gyroscope; picture-in-picture; web-share\" referrerpolicy=\"strict-origin-when-cross-origin\" allowfullscreen><\/iframe> <\/div><\/figure>    <h2 class=\"wp-block-heading\">Soluci\u00f3n de problemas para cosechadora de ma\u00edz de 2 filas<\/h2>    <h3 class=\"wp-block-heading\">Bloqueo del rodillo de limpieza de o\u00eddos<\/h3>    <p class=\"translation-block\">Las causas posibles incluyen demasiada maleza en el campo, un gran espacio entre las cuchillas de corte de maleza, un peque\u00f1o espacio entre los rodillos recolectores de mazorcas, una velocidad de avance inadecuada o problemas con la cadena gu\u00eda de cultivo.<br><strong>Soluciones:<\/strong> Reducir la velocidad de avance, ajustar el espacio entre cuchillas, ajustar el espacio entre rodillos, cambiar la marcha de trabajo, arreglar la cadena gu\u00eda de cultivo y ajustar el resorte.<\/p>    <h3 class=\"wp-block-heading\">Sobrecalentamiento del eje principal del picador<\/h3>    <p class=\"translation-block\">Las causas posibles incluyen falta o fallo de aceite, una correa trapezoidal demasiado tensa o cojinetes da\u00f1ados.<br><strong>Soluciones: <\/strong>A\u00f1adir aceite, ajustar la tensi\u00f3n de la correa trapezoidal o reemplazar los cojinetes o la correa trapezoidal.<\/p>    <h3 class=\"wp-block-heading\">Cadena del elevador no se mueve<\/h3>    <p class=\"translation-block\">Las causas posibles incluyen que la cadena se salga, ejes da\u00f1ados u obstrucci\u00f3n por escombros dentro del elevador.<br><strong>Soluciones:<\/strong> Ajustar o reemplazar la cadena o las piezas, y eliminar los escombros del interior del elevador.<\/p>    <h3 class=\"wp-block-heading\">Mala calidad de trituraci\u00f3n de paja<\/h3>    <p class=\"translation-block\">Las causas posibles incluyen un espaciado de filas inadecuado, una correa de transmisi\u00f3n floja o deslizante, una alta velocidad de avance, un terreno irregular o cuchillas de martillo severamente desgastadas.<br><strong>Soluciones: <\/strong>Ajustar el avance para mejorar el espaciado de filas, tensar la correa para aumentar la fricci\u00f3n y reducir la velocidad para evitar el desgaste de las cuchillas de martillo.<\/p>    <h3 class=\"wp-block-heading\">Ruido inusual del engranaje<\/h3>    <p class=\"translation-block\">Las causas posibles incluyen un juego de engranajes incorrecto, engranajes o cojinetes da\u00f1ados o falta de lubricaci\u00f3n.<br><strong>Soluciones<\/strong>: Ajustar el juego de engranajes al rango adecuado, reemplazar las piezas da\u00f1adas y a\u00f1adir aceite para lubricar.<\/p>    <p>Para m\u00e1s preguntas sobre la cosechadora de ma\u00edz de 2 filas, no dude en contactarnos. Ofrecemos consulta de productos gratuita.<\/p>","protected":false},"excerpt":{"rendered":"<p>The 2 row corn picker is a machine that harvests two rows of corn at the same time. It belongs to multi row corn harvesting equipment. We also have a single-row maize harvester, 3 row corn picker, and 4 row corn harvester for you to choose from. Compared with 1 row corn picker, the two [&hellip;]<\/p>\n","protected":false},"author":1,"featured_media":98,"parent":0,"template":"","tags":[12],"product-type":[8],"class_list":["post-95","product","type-product","status-publish","has-post-thumbnail","hentry","tag-corn-harvester","product-type-corn-harvester"],"_links":{"self":[{"href":"https:\/\/maizemachine.com\/es\/wp-json\/wp\/v2\/product\/95","targetHints":{"allow":["GET"]}}],"collection":[{"href":"https:\/\/maizemachine.com\/es\/wp-json\/wp\/v2\/product"}],"about":[{"href":"https:\/\/maizemachine.com\/es\/wp-json\/wp\/v2\/types\/product"}],"author":[{"embeddable":true,"href":"https:\/\/maizemachine.com\/es\/wp-json\/wp\/v2\/users\/1"}],"wp:featuredmedia":[{"embeddable":true,"href":"https:\/\/maizemachine.com\/es\/wp-json\/wp\/v2\/media\/98"}],"wp:attachment":[{"href":"https:\/\/maizemachine.com\/es\/wp-json\/wp\/v2\/media?parent=95"}],"wp:term":[{"taxonomy":"post_tag","embeddable":true,"href":"https:\/\/maizemachine.com\/es\/wp-json\/wp\/v2\/tags?post=95"},{"taxonomy":"product-type","embeddable":true,"href":"https:\/\/maizemachine.com\/es\/wp-json\/wp\/v2\/product-type?post=95"}],"curies":[{"name":"wp","href":"https:\/\/api.w.org\/{rel}","templated":true}]}}