{"id":86,"date":"2022-08-24T01:46:15","date_gmt":"2022-08-24T01:46:15","guid":{"rendered":"https:\/\/maizemachine.com\/?post_type=product&#038;p=86"},"modified":"2026-02-10T17:55:03","modified_gmt":"2026-02-10T09:55:03","slug":"one-row-corn-picker","status":"publish","type":"product","link":"https:\/\/maizemachine.com\/es\/product\/one-row-corn-picker\/","title":{"rendered":"Recolector de ma\u00edz de una hilera | Cosechadora de ma\u00edz"},"content":{"rendered":"<p class=\"translation-block\">El <strong><mark class=\"has-inline-color has-luminous-vivid-amber-color\">recolector de ma\u00edz de una fila <\/mark><\/strong>es una m\u00e1quina compacta y flexible, dise\u00f1ada para campos peque\u00f1os a medianos, \u00e1reas monta\u00f1osas y granjas familiares. Puede <strong><mark class=\"has-inline-color has-luminous-vivid-amber-color\">cosechar ma\u00edz, triturar y devolver los tallos al campo, y recoger las mazorcas<\/mark><\/strong> todo en una sola pasada, mejorando en gran medida la eficiencia en comparaci\u00f3n con la cosecha manual. Es una opci\u00f3n ideal para agricultores que buscan mecanizar la cosecha de ma\u00edz.<\/p>    <figure class=\"wp-block-embed is-type-video is-provider-youtube wp-block-embed-youtube wp-embed-aspect-16-9 wp-has-aspect-ratio\"><div class=\"wp-block-embed__wrapper\"> <iframe loading=\"lazy\" title=\"Una cosechadora de ma\u00edz peque\u00f1a adecuada para granjas de tama\u00f1o reducido, terrenos monta\u00f1osos y granjas familiares.\" width=\"500\" height=\"281\" src=\"https:\/\/www.youtube.com\/embed\/WwK4wuOOnIQ?feature=oembed\" frameborder=\"0\" allow=\"accelerometer; autoplay; clipboard-write; encrypted-media; gyroscope; picture-in-picture; web-share\" referrerpolicy=\"strict-origin-when-cross-origin\" allowfullscreen><\/iframe> <\/div><\/figure>    <p class=\"translation-block\">Ofrecemos dos modelos: <mark class=\"has-inline-color has-luminous-vivid-amber-color\"><strong>TZ-125<\/strong><\/mark> y<mark class=\"has-inline-color has-luminous-vivid-amber-color\"> <strong>TZ-265<\/strong><\/mark>, equipados con un motor de gasolina y un motor di\u00e9sel enfriado por aire, respectivamente, con una capacidad de trabajo de<strong><mark class=\"has-inline-color has-luminous-vivid-amber-color\"> 0,03\u20130,06 <\/mark><\/strong>hect\u00e1reas por hora.<\/p>    <p class=\"translation-block\">Este tipo de cosechadora de ma\u00edz de una fila es popular entre clientes de muchos pa\u00edses, incluidos <strong><em>Brasil, Tanzania, M\u00e9xico, Indonesia y Vietnam, etc.<\/em><\/strong><\/p>   <div class=\"wp-block-image\"> <figure class=\"aligncenter size-full\"><img loading=\"lazy\" decoding=\"async\" width=\"720\" height=\"540\" src=\"http:\/\/maizemachine.com\/wp-content\/uploads\/2022\/08\/maize-harvester-for-sale.webp\" alt=\"Vendo cosechadora de ma\u00edz\" class=\"wp-image-91\" title=\"\" srcset=\"https:\/\/maizemachine.com\/wp-content\/uploads\/2022\/08\/maize-harvester-for-sale.webp 720w, https:\/\/maizemachine.com\/wp-content\/uploads\/2022\/08\/maize-harvester-for-sale-300x225.webp 300w\" sizes=\"auto, (max-width: 720px) 100vw, 720px\" \/><figcaption class=\"wp-element-caption\">Vendo cosechadora de ma\u00edz<\/figcaption><\/figure> <\/div>   <h2 class=\"wp-block-heading\" id=\"h-what-are-the-characteristics-of-single-row-corn-harvester\">\u00bfCu\u00e1les son las caracter\u00edsticas del recolector de ma\u00edz de una fila?<\/h2>    <div class=\"wp-block-columns is-layout-flex wp-container-core-columns-is-layout-9d6595d7 wp-block-columns-is-layout-flex\"> <div class=\"wp-block-column is-layout-flow wp-block-column-is-layout-flow\"> <h3 class=\"wp-block-heading\">Dise\u00f1o compacto, tama\u00f1o de cuerpo peque\u00f1o<\/h3>    <ul class=\"wp-block-list\"> <li>Con un tama\u00f1o de m\u00e1quina de solo <strong><em>1820\u00d7800\u00d71190mm<\/em><\/strong>, es ideal para campos estrechos, surcos irregulares y parcelas peque\u00f1as.<\/li>    <li>F\u00e1cil de maniobrar en espacios reducidos, especialmente en regiones monta\u00f1osas o colinas donde las m\u00e1quinas m\u00e1s grandes no pueden operar.<\/li> <\/ul> <\/div>    <div class=\"wp-block-column is-layout-flow wp-block-column-is-layout-flow\"> <h3 class=\"wp-block-heading\">Multifuncional, alta automatizaci\u00f3n<\/h3>    <ul class=\"wp-block-list\"> <li>Puede cosechar ma\u00edz, triturar y devolver las mazorcas al campo, y recoger las mazorcas en una sola pasada.<\/li>    <li>Reduce significativamente el costo laboral y mejora la eficiencia general de la cosecha; no se necesita un desgranado manual secundario.<\/li> <\/ul> <\/div> <\/div>    <div class=\"wp-block-columns is-layout-flex wp-container-core-columns-is-layout-9d6595d7 wp-block-columns-is-layout-flex\"> <div class=\"wp-block-column is-layout-flow wp-block-column-is-layout-flow\"> <h3 class=\"wp-block-heading\">Sistema de corte eficiente con 10 cuchillas<\/h3>    <ul class=\"wp-block-list\"> <li>Equipado con <strong><em>10 <\/em><\/strong>Cuchillas duraderas y de alta velocidad que pueden manejar diversas densidades de ma\u00edz.<\/li>    <li>Asegura un corte limpio con m\u00ednima p\u00e9rdida o tallos perdidos, mejorando la productividad y la calidad de la producci\u00f3n.<\/li> <\/ul> <\/div>    <div class=\"wp-block-column is-layout-flow wp-block-column-is-layout-flow\"> <h3 class=\"wp-block-heading\">Bajo Consumo de Combustible, Eficiente Energ\u00e9ticamente<\/h3>    <ul class=\"wp-block-list\"> <li>El consumo de combustible es <strong><em>\u226410 kg<\/em><\/strong> por hora por hect\u00e1rea, gracias a su dise\u00f1o ligero y eficiente.<\/li> <\/ul>    <ul class=\"wp-block-list\"> <li>Ideal para peque\u00f1as granjas o usuarios individuales que buscan ahorrar en costos de combustible mientras mantienen una alta productividad.<\/li> <\/ul> <\/div> <\/div>   <div class=\"wp-block-image\"> <figure class=\"aligncenter size-full\"><img loading=\"lazy\" decoding=\"async\" width=\"720\" height=\"540\" src=\"https:\/\/maizemachine.com\/wp-content\/uploads\/2022\/08\/Small-1-Row-Corn-Harvester.webp\" alt=\"Peque\u00f1a cosechadora de ma\u00edz de 1 fila\" class=\"wp-image-506\" title=\"\" srcset=\"https:\/\/maizemachine.com\/wp-content\/uploads\/2022\/08\/Small-1-Row-Corn-Harvester.webp 720w, https:\/\/maizemachine.com\/wp-content\/uploads\/2022\/08\/Small-1-Row-Corn-Harvester-300x225.webp 300w, https:\/\/maizemachine.com\/wp-content\/uploads\/2022\/08\/Small-1-Row-Corn-Harvester-16x12.webp 16w\" sizes=\"auto, (max-width: 720px) 100vw, 720px\" \/><figcaption class=\"wp-element-caption\">Peque\u00f1a cosechadora de ma\u00edz de 1 fila<\/figcaption><\/figure> <\/div>   <div class=\"wp-block-columns is-layout-flex wp-container-core-columns-is-layout-9d6595d7 wp-block-columns-is-layout-flex\"> <div class=\"wp-block-column is-layout-flow wp-block-column-is-layout-flow\"> <h3 class=\"wp-block-heading\">Adaptable a Terrenos Complejos<\/h3>    <ul class=\"wp-block-list\"> <li>Con un peso total de solo<strong><em> 265 kg <\/em><\/strong>y un bajo centro de gravedad, la m\u00e1quina se mantiene estable incluso en terrenos irregulares.<\/li>    <li>Perfecto para su uso en campos monta\u00f1osos o inclinados donde los cosechadores a gran escala son inadecuados.<\/li> <\/ul> <\/div>    <div class=\"wp-block-column is-layout-flow wp-block-column-is-layout-flow\"> <h3 class=\"wp-block-heading\">F\u00e1cil de Operar \u2013 Operaci\u00f3n por Una Sola Persona<\/h3>    <ul class=\"wp-block-list\"> <li>Controles simples e intuitivos; manillar ajustable para la comodidad del operador.<\/li>    <li>No se requiere formaci\u00f3n especial; adecuado incluso para agricultores mayores o operadoras femeninas.<\/li> <\/ul> <\/div> <\/div>    <div class=\"wp-block-columns is-layout-flex wp-container-core-columns-is-layout-9d6595d7 wp-block-columns-is-layout-flex\"> <div class=\"wp-block-column is-layout-flow wp-block-column-is-layout-flow\"> <h3 class=\"wp-block-heading\">F\u00e1cil Mantenimiento, Baja Tasa de Fallos<\/h3>    <ul class=\"wp-block-list\"> <li>Una estructura mec\u00e1nica simple hace <strong><em>la limpieza<\/em><\/strong> y el mantenimiento es f\u00e1cil, principalmente revisando correas, engrasando partes y limpiando cuchillas.<\/li>    <li>Bajos costos de mantenimiento y larga vida \u00fatil, asegurando fiabilidad en el campo.<\/li> <\/ul> <\/div>    <div class=\"wp-block-column is-layout-flow wp-block-column-is-layout-flow\"> <h3 class=\"wp-block-heading\">Opciones de Adaptaci\u00f3n Flexibles<\/h3>    <ul class=\"wp-block-list\"> <li>Puede ser remolcado por un tractor peque\u00f1o o modificado para operaci\u00f3n autopropulsada con un motor.<\/li>    <li>Adaptable a varios tama\u00f1os de granjas y configuraciones de potencia seg\u00fan las necesidades del usuario.<\/li> <\/ul> <\/div> <\/div>   <div class=\"wp-block-image\"> <figure class=\"aligncenter size-full\"><img loading=\"lazy\" decoding=\"async\" width=\"720\" height=\"540\" src=\"http:\/\/maizemachine.com\/wp-content\/uploads\/2022\/08\/one-row-corn-picker.webp\" alt=\"recolector de ma\u00edz de una hilera\" class=\"wp-image-93\" title=\"\" srcset=\"https:\/\/maizemachine.com\/wp-content\/uploads\/2022\/08\/one-row-corn-picker.webp 720w, https:\/\/maizemachine.com\/wp-content\/uploads\/2022\/08\/one-row-corn-picker-300x225.webp 300w\" sizes=\"auto, (max-width: 720px) 100vw, 720px\" \/><figcaption class=\"wp-element-caption\">recolector de ma\u00edz de una hilera<\/figcaption><\/figure> <\/div>   <h2 class=\"wp-block-heading\" id=\"h-structure-of-one-row-corn-picker\">Estructura del recolector de ma\u00edz de una hilera.<\/h2>    <p>La estructura de la cosechadora de ma\u00edz de una sola fila es compacta. Se compone principalmente de un marco, un embudo, un motor, una rueda, un mango ajustable en altura, un embrague de desplazamiento, un rodillo y un dispositivo de trituraci\u00f3n.<\/p>   <div class=\"wp-block-image\"> <figure class=\"aligncenter size-full\"><img loading=\"lazy\" decoding=\"async\" width=\"720\" height=\"540\" src=\"http:\/\/maizemachine.com\/wp-content\/uploads\/2022\/08\/small-corn-harvester.webp\" alt=\"La estructura de la peque\u00f1a cosechadora de ma\u00edz.\" class=\"wp-image-94\" title=\"\" srcset=\"https:\/\/maizemachine.com\/wp-content\/uploads\/2022\/08\/small-corn-harvester.webp 720w, https:\/\/maizemachine.com\/wp-content\/uploads\/2022\/08\/small-corn-harvester-300x225.webp 300w\" sizes=\"auto, (max-width: 720px) 100vw, 720px\" \/><figcaption class=\"wp-element-caption\">La estructura de una peque\u00f1a cosechadora de ma\u00edz<\/figcaption><\/figure> <\/div>   <h2 class=\"wp-block-heading\" id=\"h-parameters-of-corn-harvester\">Par\u00e1metros de la cosechadora de ma\u00edz.<\/h2>    <h3 class=\"wp-block-heading has-text-align-center\">TZ-265<\/h3>    <figure class=\"wp-block-table\"><table><tbody><tr><td>Modelo<\/td><td>TZ-265<\/td><\/tr><tr><td>Tama\u00f1o<\/td><td>1820*800*1190mm<\/td><\/tr><tr><td>Peso<\/td><td>265 kilos<\/td><\/tr><tr><td>Velocidad de trabajo<\/td><td>0,75-1,44 km\/h<\/td><\/tr><tr><td>Consumo de combustible del \u00e1rea de trabajo de la unidad<\/td><td>\u226410kg\/hm\u00b2<\/td><\/tr><tr><td>Horas de productividad<\/td><td>0,03-0,06 hect\u00e1reas\/h<\/td><\/tr><tr><td>N\u00fameros de cuchillas<\/td><td>10<\/td><\/tr><tr><td>Fuerza<\/td><td>motor di\u00e9sel refrigerado por aire<\/td><\/tr><tr><td>Altura de rastrojo<\/td><td>8-15 cm (ajustable)<\/td><\/tr><tr><td>Tasa de trituraci\u00f3n<\/td><td>&gt;98%<\/td><\/tr><\/tbody><\/table><\/figure>   <div class=\"wp-block-image\"> <figure class=\"aligncenter size-full\"><img loading=\"lazy\" decoding=\"async\" width=\"720\" height=\"540\" src=\"https:\/\/maizemachine.com\/wp-content\/uploads\/2026\/02\/Small-Corn-Harvester-with-Diesel-Engine.webp\" alt=\"Peque\u00f1a cosechadora de ma\u00edz con motor di\u00e9sel\" class=\"wp-image-855\" title=\"\" srcset=\"https:\/\/maizemachine.com\/wp-content\/uploads\/2026\/02\/Small-Corn-Harvester-with-Diesel-Engine.webp 720w, https:\/\/maizemachine.com\/wp-content\/uploads\/2026\/02\/Small-Corn-Harvester-with-Diesel-Engine-300x225.webp 300w, https:\/\/maizemachine.com\/wp-content\/uploads\/2026\/02\/Small-Corn-Harvester-with-Diesel-Engine-16x12.webp 16w\" sizes=\"auto, (max-width: 720px) 100vw, 720px\" \/><figcaption class=\"wp-element-caption\">Peque\u00f1a cosechadora de ma\u00edz con motor di\u00e9sel<\/figcaption><\/figure> <\/div>   <h3 class=\"wp-block-heading has-text-align-center\">TZ-125<\/h3>    <figure class=\"wp-block-table\"><table><tbody><tr><td>Modelo<\/td><td>TZ-125<\/td><\/tr><tr><td>Tama\u00f1o<\/td><td>1820*800*1190mm<\/td><\/tr><tr><td>Peso<\/td><td>265 kilos<\/td><\/tr><tr><td>Velocidad de trabajo<\/td><td>0,75-1,44 km\/h<\/td><\/tr><tr><td>Consumo de combustible del \u00e1rea de trabajo de la unidad<\/td><td>\u226410kg\/hm\u00b2<\/td><\/tr><tr><td>Horas de productividad<\/td><td>0,03-0,06 hect\u00e1reas\/h<\/td><\/tr><tr><td>N\u00fameros de cuchillas<\/td><td>10<\/td><\/tr><tr><td>Fuerza<\/td><td>motor de gasolina<\/td><\/tr><tr><td>Altura de rastrojo<\/td><td>8-15 cm (ajustable)<\/td><\/tr><tr><td>Tasa de trituraci\u00f3n<\/td><td>&gt;98%<\/td><\/tr><\/tbody><\/table><\/figure>   <div class=\"wp-block-image\"> <figure class=\"aligncenter size-full\"><img loading=\"lazy\" decoding=\"async\" width=\"720\" height=\"540\" src=\"https:\/\/maizemachine.com\/wp-content\/uploads\/2026\/02\/Small-Corn-Harvester-with-Gasoline-Engine.webp\" alt=\"Peque\u00f1a cosechadora de ma\u00edz con motor de gasolina\" class=\"wp-image-856\" title=\"\" srcset=\"https:\/\/maizemachine.com\/wp-content\/uploads\/2026\/02\/Small-Corn-Harvester-with-Gasoline-Engine.webp 720w, https:\/\/maizemachine.com\/wp-content\/uploads\/2026\/02\/Small-Corn-Harvester-with-Gasoline-Engine-300x225.webp 300w, https:\/\/maizemachine.com\/wp-content\/uploads\/2026\/02\/Small-Corn-Harvester-with-Gasoline-Engine-16x12.webp 16w\" sizes=\"auto, (max-width: 720px) 100vw, 720px\" \/><figcaption class=\"wp-element-caption\">Peque\u00f1a cosechadora de ma\u00edz con motor de gasolina<\/figcaption><\/figure> <\/div>   <p class=\"translation-block\">El tama\u00f1o de esta peque\u00f1a cosechadora de ma\u00edz es <strong><em>1820 * 800 * 1190 mm<\/em><\/strong>. El peso es <strong><em>265 kg<\/em><\/strong>. La velocidad m\u00e1xima de trabajo puede alcanzar <strong><em>1,4 km\/h. <\/em><\/strong>La productividad por hora es <strong><em>0,03-0,06 hect\u00e1reas.<\/em><\/strong> Por lo tanto, puede cumplir con la mayor\u00eda de los requisitos de trabajo en \u00e1reas peque\u00f1as.<\/p>    <h2 class=\"wp-block-heading\" id=\"h-how-does-a-corn-harvester-work\">\u00bfC\u00f3mo funciona una cosechadora de ma\u00edz?<\/h2>    <p class=\"translation-block\">El recogedor de ma\u00edz de una fila tiene un motor. Puede recoger ma\u00edz y almacenarlo en una cesta. Al mismo tiempo, el rastrojo de ma\u00edz se tritura. Las ruedas son impulsadas por una <a href=\"https:\/\/en.wikipedia.org\/wiki\/Propulsion_transmission#Multi-ratio_systems\" target=\"_blank\" rel=\"noopener\">caja de cambios<\/a>. Dos ruedas de cosecha y un grupo de cuchillas trituradoras son impulsados por otra caja de cambios. Cuando la m\u00e1quina avanza, arrastrar\u00e1 el rastrojo de ma\u00edz hacia el cabezal. Luego, el grupo de cuchillas de rotura romper\u00e1 el rastrojo de ma\u00edz.<\/p>    <div class=\"wp-block-columns is-layout-flex wp-container-core-columns-is-layout-9d6595d7 wp-block-columns-is-layout-flex\"> <div class=\"wp-block-column is-layout-flow wp-block-column-is-layout-flow\"> <figure class=\"wp-block-image size-full\"><img loading=\"lazy\" decoding=\"async\" width=\"479\" height=\"359\" src=\"http:\/\/maizemachine.com\/wp-content\/uploads\/2022\/08\/corn-pickers-in-factory.webp\" alt=\"recolectores de ma\u00edz en f\u00e1brica\" class=\"wp-image-90\" title=\"\" srcset=\"https:\/\/maizemachine.com\/wp-content\/uploads\/2022\/08\/corn-pickers-in-factory.webp 479w, https:\/\/maizemachine.com\/wp-content\/uploads\/2022\/08\/corn-pickers-in-factory-300x225.webp 300w\" sizes=\"auto, (max-width: 479px) 100vw, 479px\" \/><figcaption class=\"wp-element-caption\">Recolectores de ma\u00edz en f\u00e1brica<\/figcaption><\/figure> <\/div>    <div class=\"wp-block-column is-layout-flow wp-block-column-is-layout-flow\"> <figure class=\"wp-block-image size-full\"><img loading=\"lazy\" decoding=\"async\" width=\"479\" height=\"359\" src=\"http:\/\/maizemachine.com\/wp-content\/uploads\/2022\/08\/corn-picker.webp\" alt=\"recolector de ma\u00edz\" class=\"wp-image-89\" title=\"\" srcset=\"https:\/\/maizemachine.com\/wp-content\/uploads\/2022\/08\/corn-picker.webp 479w, https:\/\/maizemachine.com\/wp-content\/uploads\/2022\/08\/corn-picker-300x225.webp 300w\" sizes=\"auto, (max-width: 479px) 100vw, 479px\" \/><figcaption class=\"wp-element-caption\">Recolector de ma\u00edz<\/figcaption><\/figure> <\/div> <\/div>    <h2 class=\"wp-block-heading\">Casos de entrega de cosechadoras de ma\u00edz de una sola fila<\/h2>    <figure class=\"wp-block-gallery has-nested-images columns-default is-cropped wp-block-gallery-2 is-layout-flex wp-block-gallery-is-layout-flex\"> <figure class=\"wp-block-image size-large\"><img loading=\"lazy\" decoding=\"async\" width=\"720\" height=\"540\" data-id=\"509\" src=\"https:\/\/maizemachine.com\/wp-content\/uploads\/2022\/08\/Workers-are-packing.webp\" alt=\"Los trabajadores est\u00e1n empacando\" class=\"wp-image-509\" title=\"\" srcset=\"https:\/\/maizemachine.com\/wp-content\/uploads\/2022\/08\/Workers-are-packing.webp 720w, https:\/\/maizemachine.com\/wp-content\/uploads\/2022\/08\/Workers-are-packing-300x225.webp 300w, https:\/\/maizemachine.com\/wp-content\/uploads\/2022\/08\/Workers-are-packing-16x12.webp 16w\" sizes=\"auto, (max-width: 720px) 100vw, 720px\" \/><figcaption class=\"wp-element-caption\">Los trabajadores est\u00e1n empacando<\/figcaption><\/figure>    <figure class=\"wp-block-image size-large\"><img loading=\"lazy\" decoding=\"async\" width=\"720\" height=\"540\" data-id=\"507\" src=\"https:\/\/maizemachine.com\/wp-content\/uploads\/2022\/08\/The-corn-harvester-has-been-packed.webp\" alt=\"La cosechadora de ma\u00edz ha sido empacada\" class=\"wp-image-507\" title=\"\" srcset=\"https:\/\/maizemachine.com\/wp-content\/uploads\/2022\/08\/The-corn-harvester-has-been-packed.webp 720w, https:\/\/maizemachine.com\/wp-content\/uploads\/2022\/08\/The-corn-harvester-has-been-packed-300x225.webp 300w, https:\/\/maizemachine.com\/wp-content\/uploads\/2022\/08\/The-corn-harvester-has-been-packed-16x12.webp 16w\" sizes=\"auto, (max-width: 720px) 100vw, 720px\" \/><figcaption class=\"wp-element-caption\">La cosechadora de ma\u00edz ha sido empacada<\/figcaption><\/figure> <\/figure>    <h2 class=\"wp-block-heading\" id=\"h-one-row-corn-picker-for-sale\">Se vende recolector de ma\u00edz de una hilera<\/h2>    <p class=\"translation-block\">En <a href=\"https:\/\/maizemachine.com\/es\/\">Taizy corn machinery factory<\/a>, tenemos una desgranadora de ma\u00edz de una hilera en venta. Adem\u00e1s, tenemos muchas hileras de cosechadoras de ma\u00edz en venta. Puedes elegir seg\u00fan tus propias necesidades. Si tienes otras necesidades especiales, tambi\u00e9n podemos ofrecer servicios personalizados para ti. Lo m\u00e1s importante es que el precio de la desgranadora de ma\u00edz de una hilera es asequible. As\u00ed que es rentable ya sea que la uses o la alquiles.<\/p>    <h2 class=\"wp-block-heading\">Recomendaciones de m\u00e1quinas relacionadas<\/h2>    <p class=\"translation-block\">Al mismo tiempo, tambi\u00e9n ofrecemos <strong><a href=\"https:\/\/maizemachine.com\/es\/product\/multifunctional-maize-thresher-machine\/\">trilladoras de ma\u00edz<\/a><\/strong> y <strong><a href=\"https:\/\/maizemachine.com\/es\/product\/corn-grits-making-machine\/\">m\u00e1quinas para hacer grits de ma\u00edz<\/a><\/strong>. Si est\u00e1 interesado en procesar m\u00e1s el ma\u00edz, no dude en consultarnos para m\u00e1s detalles.<\/p>    <figure class=\"wp-block-gallery has-nested-images columns-default is-cropped wp-block-gallery-3 is-layout-flex wp-block-gallery-is-layout-flex\"> <figure class=\"wp-block-image size-large\"><img loading=\"lazy\" decoding=\"async\" width=\"720\" height=\"540\" data-id=\"280\" src=\"https:\/\/maizemachine.com\/wp-content\/uploads\/2023\/03\/maize-thresher-machine.webp\" alt=\"Se vende desgranadora de ma\u00edz multifuncional.\" class=\"wp-image-280\" title=\"\" srcset=\"https:\/\/maizemachine.com\/wp-content\/uploads\/2023\/03\/maize-thresher-machine.webp 720w, https:\/\/maizemachine.com\/wp-content\/uploads\/2023\/03\/maize-thresher-machine-300x225.webp 300w\" sizes=\"auto, (max-width: 720px) 100vw, 720px\" \/><figcaption class=\"wp-element-caption\">Desgranadora de ma\u00edz multifuncional a la venta<\/figcaption><\/figure>    <figure class=\"wp-block-image size-large\"><img loading=\"lazy\" decoding=\"async\" width=\"720\" height=\"540\" data-id=\"326\" src=\"https:\/\/maizemachine.com\/wp-content\/uploads\/2023\/08\/corn-grits-machine.webp\" alt=\"m\u00e1quina de s\u00e9mola de ma\u00edz\" class=\"wp-image-326\" title=\"\" srcset=\"https:\/\/maizemachine.com\/wp-content\/uploads\/2023\/08\/corn-grits-machine.webp 720w, https:\/\/maizemachine.com\/wp-content\/uploads\/2023\/08\/corn-grits-machine-300x225.webp 300w\" sizes=\"auto, (max-width: 720px) 100vw, 720px\" \/><figcaption class=\"wp-element-caption\">M\u00e1quina de s\u00e9mola de ma\u00edz<\/figcaption><\/figure> <\/figure>    <div class=\"wp-block-columns is-layout-flex wp-container-core-columns-is-layout-9d6595d7 wp-block-columns-is-layout-flex\"> <div class=\"wp-block-column is-layout-flow wp-block-column-is-layout-flow\"> <figure class=\"wp-block-embed is-type-wp-embed is-provider-maize-machine wp-block-embed-maize-machine\"><div class=\"wp-block-embed__wrapper\"> <blockquote class=\"wp-embedded-content\" data-secret=\"PbJBFQpCXI\"><a href=\"https:\/\/maizemachine.com\/es\/product\/multifunctional-maize-thresher-machine\/\">M\u00e1quina Desgranadora Multifuncional de Ma\u00edz de 2-4 Ton\/h en Venta<\/a><\/blockquote><iframe loading=\"lazy\" class=\"wp-embedded-content\" sandbox=\"allow-scripts\" security=\"restricted\" style=\"position: absolute; visibility: hidden;\" title=\"\u201cM\u00e1quina multifuncional de trilla de ma\u00edz de 2-4 toneladas\/h para la venta\u201d \u2014 M\u00e1quina de ma\u00edz\" src=\"https:\/\/maizemachine.com\/product\/multifunctional-maize-thresher-machine\/embed\/#?secret=wcJsr7KeT8#?secret=PbJBFQpCXI\" data-secret=\"PbJBFQpCXI\" width=\"500\" height=\"282\" frameborder=\"0\" marginwidth=\"0\" marginheight=\"0\" scrolling=\"no\"><\/iframe> <\/div><\/figure> <\/div>    <div class=\"wp-block-column is-layout-flow wp-block-column-is-layout-flow\"> <figure class=\"wp-block-embed is-type-wp-embed is-provider-maize-machine wp-block-embed-maize-machine\"><div class=\"wp-block-embed__wrapper\"> <blockquote class=\"wp-embedded-content\" data-secret=\"KTj3yz68Me\"><a href=\"https:\/\/maizemachine.com\/es\/product\/corn-grits-making-machine\/\">M\u00e1quina para fabricar s\u00e9mola de ma\u00edz para hacer s\u00e9mola de ma\u00edz, harina de ma\u00edz<\/a><\/blockquote><iframe loading=\"lazy\" class=\"wp-embedded-content\" sandbox=\"allow-scripts\" security=\"restricted\" style=\"position: absolute; visibility: hidden;\" title=\"\u201cM\u00e1quina para hacer s\u00e9mola de ma\u00edz, harina de ma\u00edz\u201d \u2014 M\u00e1quina de ma\u00edz\" src=\"https:\/\/maizemachine.com\/product\/corn-grits-making-machine\/embed\/#?secret=GWoQBzoZLk#?secret=KTj3yz68Me\" data-secret=\"KTj3yz68Me\" width=\"500\" height=\"282\" frameborder=\"0\" marginwidth=\"0\" marginheight=\"0\" scrolling=\"no\"><\/iframe> <\/div><\/figure> <\/div> <\/div>    <h2 class=\"wp-block-heading\">Preguntas frecuentes \u2013 recolector de ma\u00edz de una fila<\/h2>   <div id=\"rank-math-faq\" class=\"rank-math-block\"> <div class=\"rank-math-list\"> <div id=\"faq-question-1770716338753\" class=\"rank-math-list-item\"> <h3 class=\"rank-math-question\">\u00bfPuede pelar ma\u00edz?<\/h3> <div class=\"rank-math-answer\">  <p>No.<\/p>  <\/div> <\/div> <div id=\"faq-question-1770716351237\" class=\"rank-math-list-item\"> <h3 class=\"rank-math-question\">\u00bfQu\u00e9 pasa con los tallos de ma\u00edz?<\/h3> <div class=\"rank-math-answer\">  <p>Los tallos se trituran con las cuchillas de trituraci\u00f3n y se devuelven al campo.<\/p>  <\/div> <\/div> <div id=\"faq-question-1770716382840\" class=\"rank-math-list-item\"> <h3 class=\"rank-math-question\">\u00bfCu\u00e1l es la altura del rastro?<\/h3> <div class=\"rank-math-answer\">  <p>Ajustable, con una altura m\u00ednima de 10 cm.<\/p>  <\/div> <\/div> <div id=\"faq-question-1770716410381\" class=\"rank-math-list-item\"> <h3 class=\"rank-math-question\">\u00bfCu\u00e1l es la configuraci\u00f3n de potencia?<\/h3> <div class=\"rank-math-answer\">  <p>Motor de gasolina: 188F; motor di\u00e9sel (enfriado por aire): 188F.<\/p>  <\/div> <\/div> <div id=\"faq-question-1770716420722\" class=\"rank-math-list-item\"> <h3 class=\"rank-math-question\">\u00bfEs posible que se pierdan algunas mazorcas?<\/h3> <div class=\"rank-math-answer\">  <p>La probabilidad es muy baja.<\/p>  <\/div> <\/div> <div id=\"faq-question-1770716438805\" class=\"rank-math-list-item\"> <h3 class=\"rank-math-question\">\u00bfCu\u00e1ntas mazorcas puede contener la tolva?<\/h3> <div class=\"rank-math-answer\">  <p>30\u201350 mazorcas.<\/p>  <\/div> <\/div> <div id=\"faq-question-1770716450893\" class=\"rank-math-list-item\"> <h3 class=\"rank-math-question\">\u00bfPuede cosechar ma\u00edz dulce?<\/h3> <div class=\"rank-math-answer\">  <p>S\u00ed.<\/p>  <\/div> <\/div> <div id=\"faq-question-1770716463482\" class=\"rank-math-list-item\"> <h3 class=\"rank-math-question\">\u00bfCu\u00e1ntas unidades caben en un contenedor de 20 pies o 40 pies?<\/h3> <div class=\"rank-math-answer\">  <p>26 unidades para un contenedor de 20 pies, 54 unidades para un contenedor de 40 pies.<\/p>  <\/div> <\/div> <div id=\"faq-question-1770716477125\" class=\"rank-math-list-item\"> <h3 class=\"rank-math-question\">\u00bfCu\u00e1l es el tiempo estimado de entrega para 100 unidades?<\/h3> <div class=\"rank-math-answer\">  <p>Aproximadamente 7 d\u00edas.<\/p>  <\/div> <\/div> <\/div> <\/div>","protected":false},"excerpt":{"rendered":"<p>The one row corn picker is a compact and flexible small machine, designed for small to medium fields, hilly areas, and family farms. It can harvest corn, crush and return stalks to the field, and collect corn ears all in one pass, greatly improving efficiency compared to manual harvesting. It is an ideal choice for [&hellip;]<\/p>\n","protected":false},"author":1,"featured_media":505,"parent":0,"template":"","tags":[12],"product-type":[8],"class_list":["post-86","product","type-product","status-publish","has-post-thumbnail","hentry","tag-corn-harvester","product-type-corn-harvester"],"_links":{"self":[{"href":"https:\/\/maizemachine.com\/es\/wp-json\/wp\/v2\/product\/86","targetHints":{"allow":["GET"]}}],"collection":[{"href":"https:\/\/maizemachine.com\/es\/wp-json\/wp\/v2\/product"}],"about":[{"href":"https:\/\/maizemachine.com\/es\/wp-json\/wp\/v2\/types\/product"}],"author":[{"embeddable":true,"href":"https:\/\/maizemachine.com\/es\/wp-json\/wp\/v2\/users\/1"}],"wp:featuredmedia":[{"embeddable":true,"href":"https:\/\/maizemachine.com\/es\/wp-json\/wp\/v2\/media\/505"}],"wp:attachment":[{"href":"https:\/\/maizemachine.com\/es\/wp-json\/wp\/v2\/media?parent=86"}],"wp:term":[{"taxonomy":"post_tag","embeddable":true,"href":"https:\/\/maizemachine.com\/es\/wp-json\/wp\/v2\/tags?post=86"},{"taxonomy":"product-type","embeddable":true,"href":"https:\/\/maizemachine.com\/es\/wp-json\/wp\/v2\/product-type?post=86"}],"curies":[{"name":"wp","href":"https:\/\/api.w.org\/{rel}","templated":true}]}}