{"id":810,"date":"2025-12-30T17:49:35","date_gmt":"2025-12-30T09:49:35","guid":{"rendered":"https:\/\/maizemachine.com\/?post_type=product&#038;p=810"},"modified":"2026-01-16T11:22:03","modified_gmt":"2026-01-16T03:22:03","slug":"multifunctional-corn-thresher","status":"publish","type":"product","link":"https:\/\/maizemachine.com\/es\/product\/multifunctional-corn-thresher\/","title":{"rendered":"Desgranadora multifuncional de ma\u00edz de 5\u202fT\/h"},"content":{"rendered":"<p class=\"translation-block\">Esta <strong>desgranadora multifuncional de ma\u00edz<\/strong> es una m\u00e1quina de alta eficiencia y estabilidad para separar los granos de ma\u00edz de las mazorcas.<\/p>   <div class=\"wp-block-image\"> <figure class=\"aligncenter size-full\"><img loading=\"lazy\" decoding=\"async\" width=\"720\" height=\"540\" src=\"https:\/\/maizemachine.com\/wp-content\/uploads\/2025\/12\/Multifunctional-Corn-Thresher.webp\" alt=\"Trilladora multifuncional de ma\u00edz\" class=\"wp-image-815\" title=\"\" srcset=\"https:\/\/maizemachine.com\/wp-content\/uploads\/2025\/12\/Multifunctional-Corn-Thresher.webp 720w, https:\/\/maizemachine.com\/wp-content\/uploads\/2025\/12\/Multifunctional-Corn-Thresher-300x225.webp 300w, https:\/\/maizemachine.com\/wp-content\/uploads\/2025\/12\/Multifunctional-Corn-Thresher-16x12.webp 16w\" sizes=\"auto, (max-width: 720px) 100vw, 720px\" \/><figcaption class=\"wp-element-caption\">Trilladora multifuncional de ma\u00edz<\/figcaption><\/figure> <\/div>   <p class=\"translation-block\">Esta m\u00e1quina puede desgranarse <strong><mark class=\"has-inline-color has-luminous-vivid-amber-color\">ma\u00edz, mijo, sorgo, soja, arroz, trigo y otros granos<\/mark><\/strong>, adecuada para granjas, cooperativas y peque\u00f1os sitios de procesamiento, mejorando la eficiencia y reduciendo costos laborales.<\/p>    <p class=\"translation-block\">La capacidad m\u00e1xima es<strong><mark class=\"has-inline-color has-luminous-vivid-amber-color\"> 5\u202ft\/h<\/mark><\/strong> para ma\u00edz,<strong> <mark class=\"has-inline-color has-luminous-vivid-amber-color\">3\u202ft\/h<\/mark><\/strong> para granos, y<strong> <mark class=\"has-inline-color has-luminous-vivid-amber-color\">2\u202ft\/h<\/mark><\/strong> para trigo y arroz. Cambiar la malla permite manejar diferentes granos.<\/p>    <figure class=\"wp-block-embed is-type-video is-provider-youtube wp-block-embed-youtube wp-embed-aspect-16-9 wp-has-aspect-ratio\"><div class=\"wp-block-embed__wrapper\"> <iframe loading=\"lazy\" title=\"One Machine for Corn, Sorghum, Wheat &amp; Rice | Multifunctional Thresher\" width=\"500\" height=\"281\" src=\"https:\/\/www.youtube.com\/embed\/Ky--tWY0BAQ?feature=oembed\" frameborder=\"0\" allow=\"accelerometer; autoplay; clipboard-write; encrypted-media; gyroscope; picture-in-picture; web-share\" referrerpolicy=\"strict-origin-when-cross-origin\" allowfullscreen><\/iframe> <\/div><\/figure>    <h2 class=\"wp-block-heading\">Aplicaciones<\/h2>    <p class=\"translation-block\">La <strong>desgranadora de ma\u00edz multifuncional<\/strong> se usa ampliamente en:<\/p>    <ul class=\"wp-block-list\"> <li>Granjas y cooperativas agr\u00edcolas<\/li>    <li>Estaciones de recolecci\u00f3n de granos<\/li>    <li>Peque\u00f1as plantas de procesamiento de granos<\/li>    <li>Operaciones rurales m\u00f3viles y procesamiento en casa<\/li>    <li>Desgranado continuo durante las temporadas pico de ma\u00edz y granos<\/li> <\/ul>    <figure class=\"wp-block-gallery has-nested-images columns-default is-cropped wp-block-gallery-2 is-layout-flex wp-block-gallery-is-layout-flex\"> <figure class=\"wp-block-image size-large\"><img loading=\"lazy\" decoding=\"async\" width=\"720\" height=\"540\" data-id=\"821\" src=\"https:\/\/maizemachine.com\/wp-content\/uploads\/2025\/12\/Wheat.webp\" alt=\"Trigo\" class=\"wp-image-821\" title=\"\" srcset=\"https:\/\/maizemachine.com\/wp-content\/uploads\/2025\/12\/Wheat.webp 720w, https:\/\/maizemachine.com\/wp-content\/uploads\/2025\/12\/Wheat-300x225.webp 300w, https:\/\/maizemachine.com\/wp-content\/uploads\/2025\/12\/Wheat-16x12.webp 16w\" sizes=\"auto, (max-width: 720px) 100vw, 720px\" \/><figcaption class=\"wp-element-caption\">Trigo<\/figcaption><\/figure>    <figure class=\"wp-block-image size-large\"><img loading=\"lazy\" decoding=\"async\" width=\"720\" height=\"540\" data-id=\"818\" src=\"https:\/\/maizemachine.com\/wp-content\/uploads\/2025\/12\/Soybean.webp\" alt=\"Soja\" class=\"wp-image-818\" title=\"\" srcset=\"https:\/\/maizemachine.com\/wp-content\/uploads\/2025\/12\/Soybean.webp 720w, https:\/\/maizemachine.com\/wp-content\/uploads\/2025\/12\/Soybean-300x225.webp 300w, https:\/\/maizemachine.com\/wp-content\/uploads\/2025\/12\/Soybean-16x12.webp 16w\" sizes=\"auto, (max-width: 720px) 100vw, 720px\" \/><figcaption class=\"wp-element-caption\">Soja<\/figcaption><\/figure>    <figure class=\"wp-block-image size-large\"><img loading=\"lazy\" decoding=\"async\" width=\"720\" height=\"540\" data-id=\"817\" src=\"https:\/\/maizemachine.com\/wp-content\/uploads\/2025\/12\/Sorghum.webp\" alt=\"Sorgo\" class=\"wp-image-817\" title=\"\" srcset=\"https:\/\/maizemachine.com\/wp-content\/uploads\/2025\/12\/Sorghum.webp 720w, https:\/\/maizemachine.com\/wp-content\/uploads\/2025\/12\/Sorghum-300x225.webp 300w, https:\/\/maizemachine.com\/wp-content\/uploads\/2025\/12\/Sorghum-16x12.webp 16w\" sizes=\"auto, (max-width: 720px) 100vw, 720px\" \/><figcaption class=\"wp-element-caption\">Sorgo<\/figcaption><\/figure>    <figure class=\"wp-block-image size-large\"><img loading=\"lazy\" decoding=\"async\" width=\"720\" height=\"540\" data-id=\"816\" src=\"https:\/\/maizemachine.com\/wp-content\/uploads\/2025\/12\/Rice.webp\" alt=\"Arroz\" class=\"wp-image-816\" title=\"\" srcset=\"https:\/\/maizemachine.com\/wp-content\/uploads\/2025\/12\/Rice.webp 720w, https:\/\/maizemachine.com\/wp-content\/uploads\/2025\/12\/Rice-300x225.webp 300w, https:\/\/maizemachine.com\/wp-content\/uploads\/2025\/12\/Rice-16x12.webp 16w\" sizes=\"auto, (max-width: 720px) 100vw, 720px\" \/><figcaption class=\"wp-element-caption\">Arroz<\/figcaption><\/figure>    <figure class=\"wp-block-image size-large\"><img loading=\"lazy\" decoding=\"async\" width=\"720\" height=\"540\" data-id=\"213\" src=\"https:\/\/maizemachine.com\/wp-content\/uploads\/2022\/10\/corn-field.webp\" alt=\"Ma\u00edz \" class=\"wp-image-213\" title=\"\" srcset=\"https:\/\/maizemachine.com\/wp-content\/uploads\/2022\/10\/corn-field.webp 720w, https:\/\/maizemachine.com\/wp-content\/uploads\/2022\/10\/corn-field-300x225.webp 300w\" sizes=\"auto, (max-width: 720px) 100vw, 720px\" \/><figcaption class=\"wp-element-caption\">Ma\u00edz <\/figcaption><\/figure> <\/figure>    <h2 class=\"wp-block-heading\">Caracter\u00edsticas de la desgranadora multifuncional de ma\u00edz<\/h2>    <div class=\"wp-block-columns is-layout-flex wp-container-core-columns-is-layout-9d6595d7 wp-block-columns-is-layout-flex\"> <div class=\"wp-block-column is-layout-flow wp-block-column-is-layout-flow\"> <p class=\"has-text-align-center translation-block\"><strong><mark class=\"has-inline-color has-luminous-vivid-amber-color\">Vers\u00e1til y flexible<\/mark><\/strong><\/p>    <p>Al cambiar el tama\u00f1o de la malla, esta m\u00e1quina puede adaptarse r\u00e1pidamente a desgranado de ma\u00edz, soja, trigo y otros granos, logrando un verdadero uso m\u00faltiple, mejorando la utilizaci\u00f3n del equipo y reduciendo los costos del usuario.<\/p> <\/div>    <div class=\"wp-block-column is-layout-flow wp-block-column-is-layout-flow\"> <p class=\"has-text-align-center translation-block\"><strong><mark class=\"has-inline-color has-luminous-vivid-amber-color\">M\u00faltiples opciones de potencia<\/mark><\/strong><\/p>    <p>Para satisfacer diferentes condiciones de trabajo, la m\u00e1quina soporta varias fuentes de energ\u00eda, incluyendo motor el\u00e9ctrico, motor di\u00e9sel y transmisi\u00f3n por PTO de tractor, ideal para operaciones en zonas sin red el\u00e9ctrica o en tierras remotas.<\/p> <\/div> <\/div>    <div class=\"wp-block-columns is-layout-flex wp-container-core-columns-is-layout-9d6595d7 wp-block-columns-is-layout-flex\"> <div class=\"wp-block-column is-layout-flow wp-block-column-is-layout-flow\"> <p class=\"has-text-align-center translation-block\"><strong><mark class=\"has-inline-color has-luminous-vivid-amber-color\">Desgranado limpio, baja p\u00e9rdida<\/mark><\/strong><\/p>    <p>El dise\u00f1o optimizado del tambor de desgranado, combinado con doble ventilador y sistema de tamiz, asegura una tasa de desgranado superior al 98% mientras controla la rotura del grano para mantener la calidad y el valor econ\u00f3mico.<\/p> <\/div>    <div class=\"wp-block-column is-layout-flow wp-block-column-is-layout-flow\"> <p class=\"has-text-align-center translation-block\"><strong><mark class=\"has-inline-color has-luminous-vivid-amber-color\">Compacto y m\u00f3vil<\/mark><\/strong><\/p>    <p>Los modelos medianos y peque\u00f1os vienen con ruedas de desplazamiento, permitiendo mover f\u00e1cilmente entre secaderos, \u00e1reas de almacenamiento y campos. Esto facilita operaciones en m\u00faltiples ubicaciones, continuas y sencillas, ahorrando mano de obra.<\/p> <\/div> <\/div>   <div class=\"wp-block-image\"> <figure class=\"aligncenter size-full\"><img loading=\"lazy\" decoding=\"async\" width=\"720\" height=\"540\" src=\"https:\/\/maizemachine.com\/wp-content\/uploads\/2025\/12\/Farmers-are-using-the-multifunctional-Corn-Thresher-Machine.webp\" alt=\"Los agricultores est\u00e1n usando la m\u00e1quina desgranadora multifuncional de ma\u00edz\" class=\"wp-image-811\" title=\"\" srcset=\"https:\/\/maizemachine.com\/wp-content\/uploads\/2025\/12\/Farmers-are-using-the-multifunctional-Corn-Thresher-Machine.webp 720w, https:\/\/maizemachine.com\/wp-content\/uploads\/2025\/12\/Farmers-are-using-the-multifunctional-Corn-Thresher-Machine-300x225.webp 300w, https:\/\/maizemachine.com\/wp-content\/uploads\/2025\/12\/Farmers-are-using-the-multifunctional-Corn-Thresher-Machine-16x12.webp 16w\" sizes=\"auto, (max-width: 720px) 100vw, 720px\" \/><figcaption class=\"wp-element-caption\">Los agricultores est\u00e1n usando la m\u00e1quina desgranadora multifuncional de ma\u00edz<\/figcaption><\/figure> <\/div>   <h2 class=\"wp-block-heading\">Dise\u00f1o de la m\u00e1quina desgranadora multifuncional de ma\u00edz<\/h2>    <p class=\"translation-block\">Esta desgranadora de ma\u00edz presenta una <strong><mark class=\"has-inline-color has-luminous-vivid-amber-color\">estructura de doble c\u00e1mara<\/mark><\/strong> para mejorar la integridad del desgranado y la eficiencia del procesamiento.<\/p>    <p class=\"translation-block\">Est\u00e1 equipado con un <strong><mark class=\"has-inline-color has-luminous-vivid-amber-color\">sistema de malla simple<\/mark><\/strong> para desgranado y cribado simult\u00e1neo.<\/p>    <p class=\"translation-block\">El <strong><mark class=\"has-inline-color has-luminous-vivid-amber-color\">sistema de flujo de aire de doble ventilador<\/mark><\/strong> proporciona viento estable y eliminaci\u00f3n efectiva de residuos, asegurando una salida limpia con baja impureza.<\/p>    <p>El dise\u00f1o compacto y estable soporta operaci\u00f3n continua a largo plazo.<\/p>   <div class=\"wp-block-image\"> <figure class=\"aligncenter size-full\"><img loading=\"lazy\" decoding=\"async\" width=\"720\" height=\"540\" src=\"https:\/\/maizemachine.com\/wp-content\/uploads\/2025\/12\/Maize-Sheller.webp\" alt=\"Desgranadora de ma\u00edz\" class=\"wp-image-814\" title=\"\" srcset=\"https:\/\/maizemachine.com\/wp-content\/uploads\/2025\/12\/Maize-Sheller.webp 720w, https:\/\/maizemachine.com\/wp-content\/uploads\/2025\/12\/Maize-Sheller-300x225.webp 300w, https:\/\/maizemachine.com\/wp-content\/uploads\/2025\/12\/Maize-Sheller-16x12.webp 16w\" sizes=\"auto, (max-width: 720px) 100vw, 720px\" \/><figcaption class=\"wp-element-caption\">Desgranadora de ma\u00edz<\/figcaption><\/figure> <\/div>   <h2 class=\"wp-block-heading\">Par\u00e1metros t\u00e9cnicos<\/h2>    <figure class=\"wp-block-table\"><table class=\"has-fixed-layout\"><thead><tr><th>Art\u00edculo<\/th><th>Especificaci\u00f3n<\/th><\/tr><\/thead><tbody><tr><td>Modelo<\/td><td>MT-1500<\/td><\/tr><tr><td>Tipo de potencia<\/td><td>Motor di\u00e9sel \/ Motor el\u00e9ctrico<\/td><\/tr><tr><td>Motor di\u00e9sel<\/td><td>Arranque el\u00e9ctrico, 15\u201318 HP<\/td><\/tr><tr><td>Motor el\u00e9ctrico<\/td><td>Trif\u00e1sico, 7.5 kW<\/td><\/tr><tr><td>Cultivos aplicables<\/td><td>Ma\u00edz, mijo, sorgo, soja, <br>arroz, trigo, granos mezclados<\/td><\/tr><tr><td>C\u00e1maras de trabajo<\/td><td>C\u00e1maras de trabajo dobles<\/td><\/tr><tr><td>Sistema de cribado<\/td><td>Malla \u00fanica<\/td><\/tr><tr><td>Separaci\u00f3n por aire<\/td><td>Doble ventilador<\/td><\/tr><tr><td>Capacidad de mijo<\/td><td>3 t\/h<\/td><\/tr><tr><td>Capacidad de ma\u00edz<\/td><td>5 t\/h<\/td><\/tr><tr><td>Capacidad de arroz \/ trigo<\/td><td>2 t\/h<\/td><\/tr><\/tbody><\/table><\/figure>    <p>Lo anterior es nuestro modelo est\u00e1ndar. La potencia, voltaje, malla y otras opciones pueden personalizarse. Si no est\u00e1 seguro de qu\u00e9 desgranadora de ma\u00edz es adecuada, no dude en contactarnos para asesoramiento.<\/p>    <h2 class=\"wp-block-heading\">\u00bfCu\u00e1les son las ventajas de la m\u00e1quina desgranadora multifuncional de ma\u00edz?<\/h2>    <div class=\"wp-block-columns is-layout-flex wp-container-core-columns-is-layout-9d6595d7 wp-block-columns-is-layout-flex\"> <div class=\"wp-block-column is-layout-flow wp-block-column-is-layout-flow\"> <p class=\"has-text-align-center translation-block\"><strong><mark class=\"has-inline-color has-luminous-vivid-amber-color\">Alta eficiencia y salida clara<\/mark><\/strong><\/p>    <ul class=\"wp-block-list\"> <li>Ma\u00edz: 5\u202ft\/h<\/li>    <li>Granos: 3\u202ft\/h<\/li>    <li>Arroz \/ Trigo: 2\u202ft\/h<br>Dise\u00f1ada para alta productividad, adecuada para operaciones continuas de desgranado.<\/li> <\/ul> <\/div>    <div class=\"wp-block-column is-layout-flow wp-block-column-is-layout-flow\"> <p class=\"has-text-align-center translation-block\"><strong><mark class=\"has-inline-color has-luminous-vivid-amber-color\">Estructura de doble c\u00e1mara para un desgranado completo<\/mark><\/strong><\/p>    <p>El dise\u00f1o de doble c\u00e1mara reduce la p\u00e9rdida de grano, mejora la estabilidad y logra una tasa de desgranado superior al 98%.<\/p> <\/div> <\/div>    <div class=\"wp-block-columns is-layout-flex wp-container-core-columns-is-layout-9d6595d7 wp-block-columns-is-layout-flex\"> <div class=\"wp-block-column is-layout-flow wp-block-column-is-layout-flow\"> <p class=\"has-text-align-center translation-block\"><strong><mark class=\"has-inline-color has-luminous-vivid-amber-color\">Sistema de doble ventilador   tamiz para una salida m\u00e1s limpia<\/mark><\/strong><\/p>    <p>Un tamiz combinado con doble ventilador elimina eficazmente residuos ligeros y polvo, reduciendo impurezas.<\/p> <\/div>    <div class=\"wp-block-column is-layout-flow wp-block-column-is-layout-flow\"> <p class=\"has-text-align-center translation-block\"><strong><mark class=\"has-inline-color has-luminous-vivid-amber-color\">Bajo \u00edndice de rotura para proteger la calidad del grano<\/mark><\/strong><\/p>    <p>Estructura optimizada del tambor y velocidad de rotaci\u00f3n adecuada mantienen baja rotura mientras aseguran alta eficiencia, ideal para granos comerciales y semillas.<\/p> <\/div> <\/div>    <div class=\"wp-block-columns is-layout-flex wp-container-core-columns-is-layout-9d6595d7 wp-block-columns-is-layout-flex\"> <div class=\"wp-block-column is-layout-flow wp-block-column-is-layout-flow\"> <p class=\"has-text-align-center translation-block\"><strong><mark class=\"has-inline-color has-luminous-vivid-amber-color\">M\u00faltiples opciones de potencia para una fuerte adaptabilidad<\/mark><\/strong><\/p>    <ul class=\"wp-block-list\"> <li>Motor di\u00e9sel: 15\u201318\u202fHP, arranque el\u00e9ctrico<\/li>    <li>Motor el\u00e9ctrico: trif\u00e1sico, 7.5\u202fkW<br>Adecuado para \u00e1reas electrificadas y fuera de red.<\/li> <\/ul> <\/div>    <div class=\"wp-block-column is-layout-flow wp-block-column-is-layout-flow\"> <p class=\"has-text-align-center translation-block\"><strong><mark class=\"has-inline-color has-luminous-vivid-amber-color\">Multiuso, rentable<\/mark><\/strong><\/p>    <p>Cambiar la malla permite que la m\u00e1quina maneje varios granos, proporcionando un alto retorno de inversi\u00f3n con una sola m\u00e1quina.<\/p> <\/div> <\/div>    <figure class=\"wp-block-gallery has-nested-images columns-default is-cropped wp-block-gallery-3 is-layout-flex wp-block-gallery-is-layout-flex\"> <figure class=\"wp-block-image size-large\"><img loading=\"lazy\" decoding=\"async\" width=\"720\" height=\"540\" data-id=\"819\" src=\"https:\/\/maizemachine.com\/wp-content\/uploads\/2025\/12\/The-multifunctional-Corn-Thresher-is-threshing-millet.webp\" alt=\"La desgranadora multifuncional de ma\u00edz est\u00e1 desgranando mijo\" class=\"wp-image-819\" title=\"\" srcset=\"https:\/\/maizemachine.com\/wp-content\/uploads\/2025\/12\/The-multifunctional-Corn-Thresher-is-threshing-millet.webp 720w, https:\/\/maizemachine.com\/wp-content\/uploads\/2025\/12\/The-multifunctional-Corn-Thresher-is-threshing-millet-300x225.webp 300w, https:\/\/maizemachine.com\/wp-content\/uploads\/2025\/12\/The-multifunctional-Corn-Thresher-is-threshing-millet-16x12.webp 16w\" sizes=\"auto, (max-width: 720px) 100vw, 720px\" \/><figcaption class=\"wp-element-caption\">La Desgranadora Multifuncional de Ma\u00edz est\u00e1 desgranando mijo<\/figcaption><\/figure>    <figure class=\"wp-block-image size-large\"><img loading=\"lazy\" decoding=\"async\" width=\"720\" height=\"540\" data-id=\"820\" src=\"https:\/\/maizemachine.com\/wp-content\/uploads\/2025\/12\/The-multifunctional-Thresher-is-threshing-corn.webp\" alt=\"The multifunctional Thresher is threshing corn\" class=\"wp-image-820\" title=\"\" srcset=\"https:\/\/maizemachine.com\/wp-content\/uploads\/2025\/12\/The-multifunctional-Thresher-is-threshing-corn.webp 720w, https:\/\/maizemachine.com\/wp-content\/uploads\/2025\/12\/The-multifunctional-Thresher-is-threshing-corn-300x225.webp 300w, https:\/\/maizemachine.com\/wp-content\/uploads\/2025\/12\/The-multifunctional-Thresher-is-threshing-corn-16x12.webp 16w\" sizes=\"auto, (max-width: 720px) 100vw, 720px\" \/><figcaption class=\"wp-element-caption\">La Desgranadora Multifuncional est\u00e1 desgranando ma\u00edz<\/figcaption><\/figure> <\/figure>    <h2 class=\"wp-block-heading\">Principio de funcionamiento de la desgranadora multifuncional de ma\u00edz<\/h2>    <p>El material entra en la c\u00e1mara doble a trav\u00e9s de la entrada de alimentaci\u00f3n. Los componentes de desgranado de alta velocidad separan los granos de las mazorcas y tallos. Los granos desgranados pasan por un tamiz para una criba preliminar, luego el sistema de doble ventilador sopla los residuos ligeros, polvo y c\u00e1scaras, produciendo un grano final limpio.<\/p>   <div class=\"wp-block-image\"> <figure class=\"aligncenter size-full\"><img loading=\"lazy\" decoding=\"async\" width=\"720\" height=\"540\" src=\"https:\/\/maizemachine.com\/wp-content\/uploads\/2025\/12\/Internal-Structure-of-the-Corn-Thresher.webp\" alt=\"Estructura interna de la desgranadora de ma\u00edz\" class=\"wp-image-812\" title=\"\" srcset=\"https:\/\/maizemachine.com\/wp-content\/uploads\/2025\/12\/Internal-Structure-of-the-Corn-Thresher.webp 720w, https:\/\/maizemachine.com\/wp-content\/uploads\/2025\/12\/Internal-Structure-of-the-Corn-Thresher-300x225.webp 300w, https:\/\/maizemachine.com\/wp-content\/uploads\/2025\/12\/Internal-Structure-of-the-Corn-Thresher-16x12.webp 16w\" sizes=\"auto, (max-width: 720px) 100vw, 720px\" \/><figcaption class=\"wp-element-caption\">Estructura interna de la desgranadora de ma\u00edz<\/figcaption><\/figure> <\/div>   <h2 class=\"wp-block-heading\">Precio del Desgranador Multifuncional de Ma\u00edz<\/h2>    <p>El precio de una desgranadora de ma\u00edz var\u00eda seg\u00fan la configuraci\u00f3n, tipo de potencia y cantidad de pedido. Los modelos b\u00e1sicos se valoran seg\u00fan la fuente de energ\u00eda, capacidad y si incluye env\u00edo e instalaci\u00f3n. El modelo est\u00e1ndar MT-1500 ofrece mayor eficiencia de desgranado y mejor versatilidad en comparaci\u00f3n con versiones m\u00e1s simples. Para pedidos en volumen o configuraciones personalizadas, se puede ofrecer una tarifa escalonada seg\u00fan los requisitos del cliente.<\/p>   <div class=\"wp-block-image\"> <figure class=\"aligncenter size-full\"><img loading=\"lazy\" decoding=\"async\" width=\"720\" height=\"540\" src=\"https:\/\/maizemachine.com\/wp-content\/uploads\/2025\/12\/Maize-Sheller-Machine.webp\" alt=\"M\u00e1quina desgranadora de ma\u00edz\" class=\"wp-image-813\" title=\"\" srcset=\"https:\/\/maizemachine.com\/wp-content\/uploads\/2025\/12\/Maize-Sheller-Machine.webp 720w, https:\/\/maizemachine.com\/wp-content\/uploads\/2025\/12\/Maize-Sheller-Machine-300x225.webp 300w, https:\/\/maizemachine.com\/wp-content\/uploads\/2025\/12\/Maize-Sheller-Machine-16x12.webp 16w\" sizes=\"auto, (max-width: 720px) 100vw, 720px\" \/><figcaption class=\"wp-element-caption\">M\u00e1quina desgranadora de ma\u00edz<\/figcaption><\/figure> <\/div>   <h2 class=\"wp-block-heading\">\u00bfPor qu\u00e9 elegir Taizy?<\/h2>    <ul class=\"wp-block-list\"> <li><strong>Certificaci\u00f3n internacional, calidad confiable:<\/strong> Certificados CE, ISO9001, SGS y TUV, cumpliendo con est\u00e1ndares globales.<\/li>    <li><strong>Fabricaci\u00f3n de alta calidad:<\/strong> Acero grueso y mecanizado preciso, piezas clave resistentes al desgaste, tasa de desgranado \u226598%.<\/li>    <li><strong>Soluciones completas de procesamiento de ma\u00edz:<\/strong> Ofrece desgranadoras de ma\u00edz, <strong><a href=\"https:\/\/maizemachine.com\/es\/product\/corn-grits-making-machine\/\">m\u00e1quina de s\u00e9mola de ma\u00edz<\/a><\/strong>s, <strong><a href=\"https:\/\/maizemachine.com\/es\/product\/small-scale-maize-milling-machine\/\">molinos de harina de ma\u00edz<\/a><\/strong>, y <strong><a href=\"https:\/\/maizemachine.com\/es\/product\/corn-flour-packing-machine\/\">m\u00e1quinas de envasado de harina de ma\u00edz<\/a><\/strong>, cubriendo todo el proceso desde el desgranado hasta el embalaje.<\/li>    <li><strong>Soporte profesional:<\/strong> Asesoramiento previo a la venta sobre capacidad y opciones de potencia, respuesta r\u00e1pida postventa y servicio integral de instalaci\u00f3n y capacitaci\u00f3n.<\/li>    <li><strong>Garant\u00eda a largo plazo:<\/strong> Garant\u00eda de un a\u00f1o con soporte t\u00e9cnico y piezas continuas, minimizando el tiempo de inactividad y maximizando el ROI.<\/li> <\/ul>    <figure class=\"wp-block-gallery has-nested-images columns-default is-cropped wp-block-gallery-4 is-layout-flex wp-block-gallery-is-layout-flex\"> <figure class=\"wp-block-image size-large\"><img loading=\"lazy\" decoding=\"async\" width=\"720\" height=\"540\" data-id=\"683\" src=\"https:\/\/maizemachine.com\/wp-content\/uploads\/2023\/07\/Certificates.webp\" alt=\"Certificados\" class=\"wp-image-683\" title=\"\" srcset=\"https:\/\/maizemachine.com\/wp-content\/uploads\/2023\/07\/Certificates.webp 720w, https:\/\/maizemachine.com\/wp-content\/uploads\/2023\/07\/Certificates-300x225.webp 300w, https:\/\/maizemachine.com\/wp-content\/uploads\/2023\/07\/Certificates-16x12.webp 16w\" sizes=\"auto, (max-width: 720px) 100vw, 720px\" \/><figcaption class=\"wp-element-caption\">Certificados<\/figcaption><\/figure>    <figure class=\"wp-block-image size-large\"><img loading=\"lazy\" decoding=\"async\" width=\"720\" height=\"540\" data-id=\"577\" src=\"https:\/\/maizemachine.com\/wp-content\/uploads\/2025\/08\/Our-customer.webp\" alt=\"Nuestro cliente\" class=\"wp-image-577\" title=\"\" srcset=\"https:\/\/maizemachine.com\/wp-content\/uploads\/2025\/08\/Our-customer.webp 720w, https:\/\/maizemachine.com\/wp-content\/uploads\/2025\/08\/Our-customer-300x225.webp 300w, https:\/\/maizemachine.com\/wp-content\/uploads\/2025\/08\/Our-customer-16x12.webp 16w\" sizes=\"auto, (max-width: 720px) 100vw, 720px\" \/><figcaption class=\"wp-element-caption\">Nuestro Cliente<\/figcaption><\/figure> <\/figure>    <p><\/p>","protected":false},"excerpt":{"rendered":"<p>This multifunctional corn thresher is a high-efficiency, stable machine for separating corn kernels from cobs. This machine can thresh corn, millet, sorghum, soybean, rice, wheat, and other grains, suitable for farms, cooperatives, and small processing sites, improving efficiency and reducing labor costs. The maximum capacity is 5\u202ft\/h for corn, 3\u202ft\/h for grains, and 2\u202ft\/h for [&hellip;]<\/p>\n","protected":false},"author":1,"featured_media":822,"parent":0,"template":"","tags":[],"product-type":[9],"class_list":["post-810","product","type-product","status-publish","has-post-thumbnail","hentry","product-type-corn-sheller-machine"],"_links":{"self":[{"href":"https:\/\/maizemachine.com\/es\/wp-json\/wp\/v2\/product\/810","targetHints":{"allow":["GET"]}}],"collection":[{"href":"https:\/\/maizemachine.com\/es\/wp-json\/wp\/v2\/product"}],"about":[{"href":"https:\/\/maizemachine.com\/es\/wp-json\/wp\/v2\/types\/product"}],"author":[{"embeddable":true,"href":"https:\/\/maizemachine.com\/es\/wp-json\/wp\/v2\/users\/1"}],"wp:featuredmedia":[{"embeddable":true,"href":"https:\/\/maizemachine.com\/es\/wp-json\/wp\/v2\/media\/822"}],"wp:attachment":[{"href":"https:\/\/maizemachine.com\/es\/wp-json\/wp\/v2\/media?parent=810"}],"wp:term":[{"taxonomy":"post_tag","embeddable":true,"href":"https:\/\/maizemachine.com\/es\/wp-json\/wp\/v2\/tags?post=810"},{"taxonomy":"product-type","embeddable":true,"href":"https:\/\/maizemachine.com\/es\/wp-json\/wp\/v2\/product-type?post=810"}],"curies":[{"name":"wp","href":"https:\/\/api.w.org\/{rel}","templated":true}]}}