{"id":323,"date":"2023-08-22T18:17:39","date_gmt":"2023-08-22T10:17:39","guid":{"rendered":"https:\/\/maizemachine.com\/?post_type=product&#038;p=323"},"modified":"2025-07-04T14:14:21","modified_gmt":"2025-07-04T06:14:21","slug":"corn-grits-making-machine","status":"publish","type":"product","link":"https:\/\/maizemachine.com\/es\/product\/corn-grits-making-machine\/","title":{"rendered":"M\u00e1quina para fabricar s\u00e9mola de ma\u00edz para hacer s\u00e9mola de ma\u00edz, harina de ma\u00edz"},"content":{"rendered":"<p class=\"translation-block\"><strong><em>M\u00e1quina para Fabricar Grits de Ma\u00edz<\/em><\/strong> es un equipo dise\u00f1ado para procesar granos de ma\u00edz en grits de ma\u00edz, que son part\u00edculas gruesas de ma\u00edz utilizadas en diversas aplicaciones culinarias. Los grits de ma\u00edz se usan com\u00fanmente en platos como la polenta, las gachas y algunos tipos de pan. Esta m\u00e1quina no solo fabrica grits de ma\u00edz, sino tambi\u00e9n harina de ma\u00edz. Por lo tanto, es una m\u00e1quina necesaria para una planta de procesamiento de grits de ma\u00edz.<\/p>    <p class=\"translation-block\">La M\u00e1quina Procesadora de Grits de Ma\u00edz puede producir hasta <strong><em>1000 kg de grits de ma\u00edz<\/em><\/strong> por hora, con una capacidad de <strong><em>pelado de ma\u00edz<\/em><\/strong> de <strong><em>350\u2013450 kg<\/em><\/strong> y una <strong><em>producci\u00f3n de harina de ma\u00edz que alcanza los 350 kg.<\/em><\/strong><\/p>    <p class=\"translation-block\">Para satisfacer las necesidades de diferentes clientes, hemos producido cinco modelos diferentes de m\u00e1quinas para fabricar grits de ma\u00edz: <strong><em>T1, <\/em><\/strong><em>T2<\/em><strong><em>, T3, <\/em><\/strong><em>C2,<\/em><strong><em> <\/em><\/strong><em>y PH.<\/em> Estos modelos difieren en t\u00e9rminos de capacidad de producci\u00f3n, apariencia y funciones. El ma\u00edz puede ser procesado primero con una <strong><a href=\"https:\/\/maizemachine.com\/es\/product\/multifunctional-maize-thresher-machine\/\">m\u00e1quina trilladora de ma\u00edz<\/a><\/strong> antes de someterse a un procesamiento adicional.<\/p>   <div class=\"wp-block-image\"> <figure class=\"aligncenter size-full\"><img loading=\"lazy\" decoding=\"async\" width=\"720\" height=\"540\" src=\"http:\/\/maizemachine.com\/wp-content\/uploads\/2023\/08\/multifuctional-maize-grits-making-machine.webp\" alt=\"M\u00e1quina multifuncional para fabricar s\u00e9mola de ma\u00edz\" class=\"wp-image-332\" title=\"\" srcset=\"https:\/\/maizemachine.com\/wp-content\/uploads\/2023\/08\/multifuctional-maize-grits-making-machine.webp 720w, https:\/\/maizemachine.com\/wp-content\/uploads\/2023\/08\/multifuctional-maize-grits-making-machine-300x225.webp 300w\" sizes=\"auto, (max-width: 720px) 100vw, 720px\" \/><figcaption class=\"wp-element-caption\">M\u00e1quina multifuncional para fabricar s\u00e9mola de ma\u00edz<\/figcaption><\/figure> <\/div>   <h2 class=\"wp-block-heading\">La funci\u00f3n de la m\u00e1quina para fabricar s\u00e9mola de ma\u00edz<\/h2>    <p>La m\u00e1quina de s\u00e9mola de ma\u00edz es un equipo de vanguardia que ofrece una soluci\u00f3n integral para procesar granos de ma\u00edz en s\u00e9mola de ma\u00edz de alta calidad. <\/p>    <p>Con caracter\u00edsticas como limpieza, desgranado, eliminaci\u00f3n de g\u00e9rmenes, eliminaci\u00f3n de ra\u00edces, eliminaci\u00f3n de ombligos negros, molienda y clasificaci\u00f3n, esta m\u00e1quina para hacer s\u00e9mola de ma\u00edz elimina la necesidad de m\u00faltiples procesos independientes.<\/p>    <p class=\"translation-block\"> Incluso es capaz de producir grits de ma\u00edz de diferentes tama\u00f1os y grados de part\u00edcula, satisfaciendo diversos requisitos culinarios. Si solo desea obtener harina de ma\u00edz, tenemos una <a href=\"https:\/\/maizemachine.com\/es\/product\/corn-hammer-mill-machine\/\">m\u00e1quina molinera de ma\u00edz<\/a> especial a la venta.<\/p>   <div class=\"wp-block-image\"> <figure class=\"aligncenter size-full\"><img loading=\"lazy\" decoding=\"async\" width=\"720\" height=\"540\" src=\"http:\/\/maizemachine.com\/wp-content\/uploads\/2022\/08\/finished-products.webp\" alt=\"productos terminados\" class=\"wp-image-53\" title=\"\" srcset=\"https:\/\/maizemachine.com\/wp-content\/uploads\/2022\/08\/finished-products.webp 720w, https:\/\/maizemachine.com\/wp-content\/uploads\/2022\/08\/finished-products-300x225.webp 300w\" sizes=\"auto, (max-width: 720px) 100vw, 720px\" \/><figcaption class=\"wp-element-caption\">productos terminados<\/figcaption><\/figure> <\/div>   <h2 class=\"wp-block-heading\">Proceso de fabricaci\u00f3n de s\u00e9mola de ma\u00edz<\/h2>    <p class=\"translation-block\">La secuencia operativa del <strong><em>Molino de Grits de Ma\u00edz<\/em><\/strong> est\u00e1 estrat\u00e9gicamente dise\u00f1ada para maximizar la eficiencia. <\/p>    <p>El proceso de fabricaci\u00f3n de s\u00e9mola de ma\u00edz comienza con la eliminaci\u00f3n de la c\u00e1scara del ma\u00edz, seguida de la separaci\u00f3n de los granos de ma\u00edz individuales. Estos granos se introducen en el canal de entrada de la m\u00e1quina, donde pasan por una serie de procesos, culminando en la producci\u00f3n de s\u00e9mola de ma\u00edz de alta calidad. <\/p>    <p>La versatilidad de la m\u00e1quina le permite producir tres productos de ma\u00edz distintos: s\u00e9mola de ma\u00edz gruesa, s\u00e9mola de ma\u00edz fina y harina de ma\u00edz.<\/p>    <figure class=\"wp-block-embed is-type-video is-provider-youtube wp-block-embed-youtube wp-embed-aspect-16-9 wp-has-aspect-ratio\"><div class=\"wp-block-embed__wrapper\"> <iframe loading=\"lazy\" title=\"M\u00e1quina para fabricar s\u00e9mola de ma\u00edz | V\u00eddeo de prueba de la fresadora de s\u00e9mola de ma\u00edz\" width=\"500\" height=\"281\" src=\"https:\/\/www.youtube.com\/embed\/G54e1Zb1bxo?feature=oembed\" frameborder=\"0\" allow=\"accelerometer; autoplay; clipboard-write; encrypted-media; gyroscope; picture-in-picture; web-share\" referrerpolicy=\"strict-origin-when-cross-origin\" allowfullscreen><\/iframe> <\/div><\/figure>    <h3 class=\"wp-block-heading\">Par\u00e1metros t\u00e9cnicos de la fresadora de s\u00e9mola de ma\u00edz<\/h3>    <h3 class=\"wp-block-heading has-text-align-center\">Tipo T1<\/h3>    <figure class=\"wp-block-table\"><table><tbody><tr><td>Modelo<\/td><td>T1<\/td><\/tr><tr><td>Fuerza<\/td><td>7,5 kw<\/td><\/tr><tr><td>Capacidad<\/td><td>1000 kilos<\/td><\/tr><tr><td>Velocidad del husillo<\/td><td>1150 rpm<\/td><\/tr><tr><td>Tensi\u00f3n nominal<\/td><td>380v<\/td><\/tr><\/tbody><\/table><\/figure>   <div class=\"wp-block-image\"> <figure class=\"aligncenter size-full\"><img loading=\"lazy\" decoding=\"async\" width=\"720\" height=\"540\" src=\"https:\/\/maizemachine.com\/wp-content\/uploads\/2023\/08\/T1.webp\" alt=\"T1\" class=\"wp-image-466\" title=\"\" srcset=\"https:\/\/maizemachine.com\/wp-content\/uploads\/2023\/08\/T1.webp 720w, https:\/\/maizemachine.com\/wp-content\/uploads\/2023\/08\/T1-300x225.webp 300w, https:\/\/maizemachine.com\/wp-content\/uploads\/2023\/08\/T1-16x12.webp 16w\" sizes=\"auto, (max-width: 720px) 100vw, 720px\" \/><figcaption class=\"wp-element-caption\">T1<\/figcaption><\/figure> <\/div>   <p>Arriba est\u00e1n los par\u00e1metros de la m\u00e1quina de s\u00e9mola de ma\u00edz. La potencia de esta m\u00e1quina es de 7.5 kW. La capacidad de producci\u00f3n es de 1000 kg\/h. Si tiene otras necesidades, no dude en contactarnos.<\/p>    <h3 class=\"wp-block-heading has-text-align-center\">Tipo T3<\/h3>    <figure class=\"wp-block-table\"><table><tbody><tr><td>Modelo<\/td><td>T3<\/td><\/tr><tr><td>Fuerza<\/td><td>7,5 kw+4 kw<\/td><\/tr><tr><td>Capacidad<\/td><td>300-400Kg\/h<\/td><\/tr><tr><td>Dimensiones<\/td><td>140*230*130CM<\/td><\/tr><tr><td>Tensi\u00f3n nominal<\/td><td>380v<\/td><\/tr><\/tbody><\/table><\/figure>   <div class=\"wp-block-image\"> <figure class=\"aligncenter size-full\"><img loading=\"lazy\" decoding=\"async\" width=\"720\" height=\"540\" src=\"https:\/\/maizemachine.com\/wp-content\/uploads\/2023\/08\/T3.webp\" alt=\"T3\" class=\"wp-image-467\" title=\"\" srcset=\"https:\/\/maizemachine.com\/wp-content\/uploads\/2023\/08\/T3.webp 720w, https:\/\/maizemachine.com\/wp-content\/uploads\/2023\/08\/T3-300x225.webp 300w, https:\/\/maizemachine.com\/wp-content\/uploads\/2023\/08\/T3-16x12.webp 16w\" sizes=\"auto, (max-width: 720px) 100vw, 720px\" \/><figcaption class=\"wp-element-caption\">T3<\/figcaption><\/figure> <\/div>   <h3 class=\"wp-block-heading has-text-align-center\">Tipo PH<\/h3>    <figure class=\"wp-block-table\"><table><tbody><tr><td>Modelo<\/td><td>PH<\/td><\/tr><tr><td>Fuerza<\/td><td>11kw<\/td><\/tr><tr><td>Capacidad<\/td><td>300kg\/h<\/td><\/tr><tr><td>Dimensiones<\/td><td>200*130*65CM<\/td><\/tr><tr><td>Tensi\u00f3n nominal<\/td><td>380v<\/td><\/tr><\/tbody><\/table><\/figure>   <div class=\"wp-block-image\"> <figure class=\"aligncenter size-full\"><img loading=\"lazy\" decoding=\"async\" width=\"720\" height=\"540\" src=\"https:\/\/maizemachine.com\/wp-content\/uploads\/2023\/08\/PH.webp\" alt=\"PH\" class=\"wp-image-469\" title=\"\" srcset=\"https:\/\/maizemachine.com\/wp-content\/uploads\/2023\/08\/PH.webp 720w, https:\/\/maizemachine.com\/wp-content\/uploads\/2023\/08\/PH-300x225.webp 300w, https:\/\/maizemachine.com\/wp-content\/uploads\/2023\/08\/PH-16x12.webp 16w\" sizes=\"auto, (max-width: 720px) 100vw, 720px\" \/><figcaption class=\"wp-element-caption\">PH<\/figcaption><\/figure> <\/div>   <h3 class=\"wp-block-heading has-text-align-center\">Tipo C2<\/h3>    <figure class=\"wp-block-table\"><table><tbody><tr><td>Modelo<\/td><td>C2<\/td><\/tr><tr><td>Fuerza<\/td><td>7,5 kw<\/td><\/tr><tr><td>Capacidad<\/td><td>300-400kg\/hora<\/td><\/tr><tr><td>Dimensiones<\/td><td>190*60*130CM<\/td><\/tr><tr><td>Tensi\u00f3n nominal<\/td><td>380v<\/td><\/tr><\/tbody><\/table><\/figure>   <div class=\"wp-block-image\"> <figure class=\"aligncenter size-full\"><img loading=\"lazy\" decoding=\"async\" width=\"720\" height=\"540\" src=\"https:\/\/maizemachine.com\/wp-content\/uploads\/2023\/08\/C2.webp\" alt=\"C2\" class=\"wp-image-468\" title=\"\" srcset=\"https:\/\/maizemachine.com\/wp-content\/uploads\/2023\/08\/C2.webp 720w, https:\/\/maizemachine.com\/wp-content\/uploads\/2023\/08\/C2-300x225.webp 300w, https:\/\/maizemachine.com\/wp-content\/uploads\/2023\/08\/C2-16x12.webp 16w\" sizes=\"auto, (max-width: 720px) 100vw, 720px\" \/><figcaption class=\"wp-element-caption\">C2<\/figcaption><\/figure> <\/div>   <p class=\"translation-block\">Entre los modelos disponibles, <strong><em>T1 y T3<\/em><\/strong> son nuestras principales recomendaciones debido a su funcionalidad mejorada y excelente relaci\u00f3n coste-eficacia. No dude en contactarnos para obtener m\u00e1s detalles sobre estas m\u00e1quinas.<\/p>    <h2 class=\"wp-block-heading\">\u00bfCu\u00e1les son los beneficios de la m\u00e1quina para fabricar s\u00e9mola de ma\u00edz?<\/h2>    <ul class=\"wp-block-list\"> <li><strong>Multifuncionalidad:<\/strong> La m\u00e1quina de fabricaci\u00f3n de s\u00e9mola de ma\u00edz integra m\u00faltiples pasos de procesamiento, incluyendo limpieza, descascarado, desembriado, desraizado, molienda, clasificaci\u00f3n y pulido, todo en una sola operaci\u00f3n. Esta versatilidad no solo mejora la eficiencia del procesamiento, sino que tambi\u00e9n reduce los costos de mano de obra y tiempo.<\/li>    <li><strong>Procesamiento preciso: <\/strong>La m\u00e1quina es capaz de producir s\u00e9mola de ma\u00edz de diferentes tama\u00f1os y grados de grano de manera precisa seg\u00fan las necesidades.<\/li>    <li><strong>Alta calidad de productos terminados:<\/strong> La m\u00e1quina de hacer s\u00e9mola de ma\u00edz garantiza la consistencia en la calidad y el sabor de la s\u00e9mola producida a trav\u00e9s de procedimientos de procesamiento estandarizados. Esto ayuda a satisfacer la demanda del consumidor de alimentos de alta calidad.<\/li>    <li><strong>Alta capacidad y excepcional eficiencia: <\/strong>Con una capacidad de procesamiento de <strong>1000 kilos<\/strong> por hora, es ideal para granos de escala media a grande.<\/li>    <li><strong>Rendimiento potente del motor:<\/strong> Equipado con un <strong>7.5kW<\/strong> motor de grado industrial para una salida de potencia fuerte y estable.<\/li>    <li><strong>Operaci\u00f3n f\u00e1cil y mantenimiento sencillo: <\/strong>Panel de control simple e intuitivo: f\u00e1cil de operar incluso para trabajadores no calificados despu\u00e9s de una breve capacitaci\u00f3n.<\/li> <\/ul>   <div class=\"wp-block-image\"> <figure class=\"aligncenter size-full\"><img loading=\"lazy\" decoding=\"async\" width=\"720\" height=\"540\" src=\"http:\/\/maizemachine.com\/wp-content\/uploads\/2023\/08\/corn-grits-milling-machine-for-sale.webp\" alt=\"Venta de fresadora de s\u00e9mola de ma\u00edz\" class=\"wp-image-328\" title=\"\" srcset=\"https:\/\/maizemachine.com\/wp-content\/uploads\/2023\/08\/corn-grits-milling-machine-for-sale.webp 720w, https:\/\/maizemachine.com\/wp-content\/uploads\/2023\/08\/corn-grits-milling-machine-for-sale-300x225.webp 300w\" sizes=\"auto, (max-width: 720px) 100vw, 720px\" \/><figcaption class=\"wp-element-caption\">Venta de fresadora de s\u00e9mola de ma\u00edz<\/figcaption><\/figure> <\/div>   <h2 class=\"wp-block-heading\">\u00bfC\u00f3mo funciona la m\u00e1quina de molienda de s\u00e9mola de ma\u00edz?<\/h2>    <h3 class=\"wp-block-heading\">Pelado de ma\u00edz<\/h3>    <p>El pelado en h\u00famedo se adopta generalmente, requiriendo que el contenido de humedad del ma\u00edz alcance el 16-17% antes de entrar en la m\u00e1quina. El tiempo de remojo debe ser de alrededor de 10 minutos. La condici\u00f3n ideal es cuando la piel del ma\u00edz se puede pelar f\u00e1cilmente con una u\u00f1a.<br>Nota: Se proh\u00edbe estrictamente la entrada de granos de ma\u00edz con agua visible en la superficie a la m\u00e1quina, ya que esto puede causar atascos en la m\u00e1quina. Adem\u00e1s, evite un tiempo de remojo excesivo. El proceso de pelado debe realizarse dos veces para asegurar la eliminaci\u00f3n completa.<\/p>    <h3 class=\"wp-block-heading\">Operaci\u00f3n<\/h3>    <ul class=\"wp-block-list\"> <li>Encienda la m\u00e1quina y espere hasta que funcione de manera estable. Luego, abra gradualmente la compuerta de alimentaci\u00f3n y ajuste el flujo de material seg\u00fan la carga del motor.<\/li> <\/ul>    <ul class=\"wp-block-list\"> <li>Si, durante la operaci\u00f3n inicial, la calidad del ma\u00edz desgranado o la s\u00e9mola no es satisfactoria, el material debe ser devuelto para volver a pelar.<\/li> <\/ul>    <ul class=\"wp-block-list\"> <li>Durante la operaci\u00f3n de la m\u00e1quina, siempre monitoree el sonido de la m\u00e1quina. Si ocurre alg\u00fan ruido anormal, detenga la m\u00e1quina inmediatamente para su inspecci\u00f3n.<\/li> <\/ul>    <ul class=\"wp-block-list\"> <li>En caso de atascos, cierre r\u00e1pidamente la compuerta de alimentaci\u00f3n, reduzca la presi\u00f3n de salida, gire lentamente la polea del motor a mano o retire el marco de la criba para despejar el bloqueo. Luego, reinicie la m\u00e1quina para reanudar el funcionamiento normal.<\/li> <\/ul>    <h3 class=\"wp-block-heading\">Apagado<\/h3>    <p>Antes de apagar, cierre la compuerta de alimentaci\u00f3n para detener la alimentaci\u00f3n. Tire ligeramente de la placa de descarga y deje que la m\u00e1quina funcione durante unos 30 segundos antes de apagar la energ\u00eda.<\/p>    <h2 class=\"wp-block-heading\">Aplicaciones de la s\u00e9mola de ma\u00edz<\/h2>    <p class=\"translation-block\">Los grits de ma\u00edz son un ingrediente vers\u00e1til que tiene una amplia gama de aplicaciones en diversas preparaciones culinarias y alimentarias. Los grits de ma\u00edz se pueden usar para hacer una variedad de alimentos como <strong><em>gachas de ma\u00edz, <a href=\"http:\/\/cornbread\">pan de ma\u00edz<\/a>, pasteles de ma\u00edz, chips de ma\u00edz, tortitas de ma\u00edz, pasta de grits, sopa de grits y postres de grits.<\/em><\/strong><\/p>   <div class=\"wp-block-image\"> <figure class=\"aligncenter size-full\"><img loading=\"lazy\" decoding=\"async\" width=\"720\" height=\"540\" src=\"https:\/\/maizemachine.com\/wp-content\/uploads\/2023\/08\/Deep-Processing-of-Corn.webp\" alt=\"Procesamiento profundo de ma\u00edz\" class=\"wp-image-470\" title=\"\" srcset=\"https:\/\/maizemachine.com\/wp-content\/uploads\/2023\/08\/Deep-Processing-of-Corn.webp 720w, https:\/\/maizemachine.com\/wp-content\/uploads\/2023\/08\/Deep-Processing-of-Corn-300x225.webp 300w, https:\/\/maizemachine.com\/wp-content\/uploads\/2023\/08\/Deep-Processing-of-Corn-16x12.webp 16w\" sizes=\"auto, (max-width: 720px) 100vw, 720px\" \/><figcaption class=\"wp-element-caption\">Procesamiento profundo de ma\u00edz<\/figcaption><\/figure> <\/div>   <h2 class=\"wp-block-heading\">La aplicaci\u00f3n de la m\u00e1quina de s\u00e9mola de ma\u00edz en el mercado global<\/h2>    <p>La versatilidad y eficiencia de la m\u00e1quina para fabricar s\u00e9mola de ma\u00edz han llevado a su adopci\u00f3n en numerosos pa\u00edses, incluidos Filipinas, Timor Oriental, Bangladesh, Kenia, Burkina Faso, Angola, Zambia y Somalia. Esta maquinaria ha mejorado significativamente las capacidades de procesamiento de ma\u00edz en estas regiones, permitiendo la producci\u00f3n de s\u00e9mola de ma\u00edz consistente y de primera calidad.<\/p>   <div class=\"wp-block-image\"> <figure class=\"aligncenter size-full\"><img loading=\"lazy\" decoding=\"async\" width=\"720\" height=\"540\" src=\"http:\/\/maizemachine.com\/wp-content\/uploads\/2023\/08\/corn-grits-machine-shipped-to-usa.webp\" alt=\"M\u00e1quina de s\u00e9mola de ma\u00edz enviada a EE. UU.\" class=\"wp-image-325\" title=\"\" srcset=\"https:\/\/maizemachine.com\/wp-content\/uploads\/2023\/08\/corn-grits-machine-shipped-to-usa.webp 720w, https:\/\/maizemachine.com\/wp-content\/uploads\/2023\/08\/corn-grits-machine-shipped-to-usa-300x225.webp 300w\" sizes=\"auto, (max-width: 720px) 100vw, 720px\" \/><figcaption class=\"wp-element-caption\">M\u00e1quina de s\u00e9mola de ma\u00edz enviada a EE. UU.<\/figcaption><\/figure> <\/div>   <h2 class=\"wp-block-heading\">\u00bfC\u00f3mo adquirir una fresadora de s\u00e9mola de ma\u00edz?<\/h2>    <p>Para aquellos que buscan invertir en una m\u00e1quina de hacer s\u00e9mola de ma\u00edz, contactar a Taizy Corn Machinery es una elecci\u00f3n prudente. Con una variedad de modelos disponibles, Taizy Corn Machinery ofrece soluciones personalizadas para satisfacer diversos requisitos de procesamiento. Para explorar sus ofertas o realizar una compra, las partes interesadas pueden contactarlos f\u00e1cilmente. <\/p>   <div class=\"wp-block-image\"> <figure class=\"aligncenter size-full\"><img loading=\"lazy\" decoding=\"async\" width=\"720\" height=\"540\" src=\"http:\/\/maizemachine.com\/wp-content\/uploads\/2023\/08\/maize-grits-making-machine-for-sale.webp\" alt=\"M\u00e1quina para fabricar s\u00e9mola de ma\u00edz a la venta\" class=\"wp-image-331\" title=\"\" srcset=\"https:\/\/maizemachine.com\/wp-content\/uploads\/2023\/08\/maize-grits-making-machine-for-sale.webp 720w, https:\/\/maizemachine.com\/wp-content\/uploads\/2023\/08\/maize-grits-making-machine-for-sale-300x225.webp 300w\" sizes=\"auto, (max-width: 720px) 100vw, 720px\" \/><figcaption class=\"wp-element-caption\">M\u00e1quina para fabricar s\u00e9mola de ma\u00edz a la venta<\/figcaption><\/figure> <\/div>   <h2 class=\"wp-block-heading\">Taizy Corn Machinery: un fabricante l\u00edder en China<\/h2>    <p class=\"translation-block\">Al hablar de fabricantes de maquinaria de ma\u00edz, Taizy <a href=\"https:\/\/maizemachine.com\/es\/\">Maquinaria de Ma\u00edz<\/a> inevitablemente ocupa un lugar destacado. Reconocida por su experiencia y compromiso con la calidad, Taizy Maquinaria de Ma\u00edz se ha consolidado como un nombre l\u00edder en la industria. Nuestra M\u00e1quina Molinera de Grits de Ma\u00edz ejemplifica la ingenier\u00eda de precisi\u00f3n y la innovaci\u00f3n, satisfaciendo las demandas de un panorama de procesamiento de alimentos en r\u00e1pida evoluci\u00f3n.<\/p>    <p>La m\u00e1quina para fabricar s\u00e9mola de ma\u00edz es un testimonio del avance tecnol\u00f3gico en la industria de procesamiento de alimentos. Su capacidad para optimizar varias etapas del procesamiento del ma\u00edz, junto con su aplicaci\u00f3n global, subraya su importancia. Con Taizy Corn Machinery liderando la excelencia en la fabricaci\u00f3n, las partes interesadas pueden recurrir con confianza a nosotros para sus necesidades de procesamiento de ma\u00edz.<\/p>    <h2 class=\"wp-block-heading\">Recomendaciones de equipos para el procesamiento de ma\u00edz<\/h2>    <div class=\"wp-block-columns is-layout-flex wp-container-core-columns-is-layout-9d6595d7 wp-block-columns-is-layout-flex\"> <div class=\"wp-block-column is-layout-flow wp-block-column-is-layout-flow\"> <figure class=\"wp-block-embed is-type-wp-embed is-provider-maize-machine wp-block-embed-maize-machine\"><div class=\"wp-block-embed__wrapper\"> <blockquote class=\"wp-embedded-content\" data-secret=\"Ff4nu8J8S5\"><a href=\"https:\/\/maizemachine.com\/es\/product\/2-row-corn-picker\/\">Recolector de ma\u00edz de 2 hileras | Cosechadora de ma\u00edz de 2 hileras<\/a><\/blockquote><iframe loading=\"lazy\" class=\"wp-embedded-content\" sandbox=\"allow-scripts\" security=\"restricted\" style=\"position: absolute; visibility: hidden;\" title=\"&quot;Recogedor de ma\u00edz de 2 filas | Cosechadora de ma\u00edz de 2 filas&quot; \u2014 M\u00e1quina de ma\u00edz\" src=\"https:\/\/maizemachine.com\/product\/2-row-corn-picker\/embed\/#?secret=SCskyf9Z0v#?secret=Ff4nu8J8S5\" data-secret=\"Ff4nu8J8S5\" width=\"500\" height=\"282\" frameborder=\"0\" marginwidth=\"0\" marginheight=\"0\" scrolling=\"no\"><\/iframe> <\/div><\/figure> <\/div>    <div class=\"wp-block-column is-layout-flow wp-block-column-is-layout-flow\"> <figure class=\"wp-block-embed is-type-wp-embed is-provider-maize-machine wp-block-embed-maize-machine\"><div class=\"wp-block-embed__wrapper\"> <blockquote class=\"wp-embedded-content\" data-secret=\"eOCgqfwYH7\"><a href=\"https:\/\/maizemachine.com\/es\/product\/multifunctional-maize-thresher-machine\/\">M\u00e1quina trilladora de ma\u00edz multifuncional a la venta<\/a><\/blockquote><iframe loading=\"lazy\" class=\"wp-embedded-content\" sandbox=\"allow-scripts\" security=\"restricted\" style=\"position: absolute; visibility: hidden;\" title=\"&quot;M\u00e1quina desgranadora de ma\u00edz multifuncional en venta&quot; \u2014 M\u00e1quina de ma\u00edz\" src=\"https:\/\/maizemachine.com\/product\/multifunctional-maize-thresher-machine\/embed\/#?secret=Cmn9PRgbde#?secret=eOCgqfwYH7\" data-secret=\"eOCgqfwYH7\" width=\"500\" height=\"282\" frameborder=\"0\" marginwidth=\"0\" marginheight=\"0\" scrolling=\"no\"><\/iframe> <\/div><\/figure> <\/div> <\/div>    <p><\/p>","protected":false},"excerpt":{"rendered":"<p>La m\u00e1quina para hacer s\u00e9mola de ma\u00edz es un equipo dise\u00f1ado para procesar granos de ma\u00edz en s\u00e9mola de ma\u00edz, que son part\u00edculas gruesas de ma\u00edz utilizadas en diversas aplicaciones culinarias.<\/p>","protected":false},"author":1,"featured_media":329,"parent":0,"template":"","tags":[23],"product-type":[10],"class_list":["post-323","product","type-product","status-publish","has-post-thumbnail","hentry","tag-corn-grits","product-type-corn-milling-machine"],"_links":{"self":[{"href":"https:\/\/maizemachine.com\/es\/wp-json\/wp\/v2\/product\/323","targetHints":{"allow":["GET"]}}],"collection":[{"href":"https:\/\/maizemachine.com\/es\/wp-json\/wp\/v2\/product"}],"about":[{"href":"https:\/\/maizemachine.com\/es\/wp-json\/wp\/v2\/types\/product"}],"author":[{"embeddable":true,"href":"https:\/\/maizemachine.com\/es\/wp-json\/wp\/v2\/users\/1"}],"wp:featuredmedia":[{"embeddable":true,"href":"https:\/\/maizemachine.com\/es\/wp-json\/wp\/v2\/media\/329"}],"wp:attachment":[{"href":"https:\/\/maizemachine.com\/es\/wp-json\/wp\/v2\/media?parent=323"}],"wp:term":[{"taxonomy":"post_tag","embeddable":true,"href":"https:\/\/maizemachine.com\/es\/wp-json\/wp\/v2\/tags?post=323"},{"taxonomy":"product-type","embeddable":true,"href":"https:\/\/maizemachine.com\/es\/wp-json\/wp\/v2\/product-type?post=323"}],"curies":[{"name":"wp","href":"https:\/\/api.w.org\/{rel}","templated":true}]}}