{"id":278,"date":"2023-03-08T17:21:19","date_gmt":"2023-03-08T09:21:19","guid":{"rendered":"https:\/\/maizemachine.com\/?post_type=product&#038;p=278"},"modified":"2025-12-30T17:39:31","modified_gmt":"2025-12-30T09:39:31","slug":"multifunctional-maize-thresher-machine","status":"publish","type":"product","link":"https:\/\/maizemachine.com\/es\/product\/multifunctional-maize-thresher-machine\/","title":{"rendered":"M\u00e1quina Desgranadora Multifuncional de Ma\u00edz de 2-4 Ton\/h en Venta"},"content":{"rendered":"<p>La m\u00e1quina trilladora de ma\u00edz multifuncional es una m\u00e1quina para trillar ma\u00edz, soja, sorgo, habas, arroz y otros cultivos. Los usuarios solo necesitan cambiar la criba para lograr el trillado de diferentes cultivos. <\/p>   <div class=\"wp-block-image\"> <figure class=\"aligncenter size-full\"><img loading=\"lazy\" decoding=\"async\" width=\"720\" height=\"540\" src=\"https:\/\/maizemachine.com\/wp-content\/uploads\/2023\/03\/Multifunctional-Maize-Thresher-Machine.webp\" alt=\"M\u00e1quina trilladora de ma\u00edz multifuncional\" class=\"wp-image-640\" title=\"\" srcset=\"https:\/\/maizemachine.com\/wp-content\/uploads\/2023\/03\/Multifunctional-Maize-Thresher-Machine.webp 720w, https:\/\/maizemachine.com\/wp-content\/uploads\/2023\/03\/Multifunctional-Maize-Thresher-Machine-300x225.webp 300w, https:\/\/maizemachine.com\/wp-content\/uploads\/2023\/03\/Multifunctional-Maize-Thresher-Machine-16x12.webp 16w\" sizes=\"auto, (max-width: 720px) 100vw, 720px\" \/><figcaption class=\"wp-element-caption\">M\u00e1quina trilladora de ma\u00edz multifuncional<\/figcaption><\/figure> <\/div>   <p class=\"translation-block\">Esta m\u00e1quina trilladora de ma\u00edz puede procesar <strong><em>2\u20134<\/em><\/strong> toneladas de ma\u00edz <strong><em>por hora<\/em><\/strong>, <strong><em>1\u20132<\/em><\/strong> toneladas de sorgo o mijo, y <strong><em>0.5\u20130.8<\/em><\/strong> toneladas de soja.<\/p>    <p>La m\u00e1quina puede equiparse con neum\u00e1ticos grandes y un bastidor robusto para facilitar el movimiento. Tiene dos ventiladores grandes para soplar las impurezas ligeras y una criba vibratoria para eliminar peque\u00f1as suciedades, piedras o semillas arrugadas, por lo que el ma\u00edz trillado queda muy limpio.<\/p>    <p class=\"translation-block\">En Taizy Machinery, no solo disponemos de grandes trilladoras de ma\u00edz multifuncionales, sino tambi\u00e9n de peque\u00f1as <a href=\"https:\/\/maizemachine.com\/es\/product\/maize-sheller\/\">corn sheller machine<\/a>s y <a href=\"https:\/\/maizemachine.com\/es\/product\/sweet-corn-sheller\/\">sweet corn sheller<\/a>s en venta. El color de la m\u00e1quina es opcional. Nuestra f\u00e1brica suele producir trilladoras de ma\u00edz en rojo y verde.<\/p>    <h2 class=\"wp-block-heading\">Dise\u00f1o de m\u00e1quina trilladora de ma\u00edz multifuncional.<\/h2>    <p class=\"translation-block\">La m\u00e1quina est\u00e1 compuesta principalmente por un <strong>orificio de alimentaci\u00f3n, soplador, salida de impurezas, parte de cribado secundaria, doble ventilador, criba vibratoria, bastidor, placa de soporte, rueda grande, parte de trilla y puerto de descarga.<\/strong> La imagen a continuaci\u00f3n es el diagrama estructural de la m\u00e1quina.<\/p>   <div class=\"wp-block-image\"> <figure class=\"aligncenter size-full\"><img loading=\"lazy\" decoding=\"async\" width=\"720\" height=\"540\" src=\"http:\/\/maizemachine.com\/wp-content\/uploads\/2023\/03\/structure-of-corn-sheller.webp\" alt=\"estructura de la desgranadora de ma\u00edz\" class=\"wp-image-284\" title=\"\" srcset=\"https:\/\/maizemachine.com\/wp-content\/uploads\/2023\/03\/structure-of-corn-sheller.webp 720w, https:\/\/maizemachine.com\/wp-content\/uploads\/2023\/03\/structure-of-corn-sheller-300x225.webp 300w\" sizes=\"auto, (max-width: 720px) 100vw, 720px\" \/><figcaption class=\"wp-element-caption\">estructura de la desgranadora de ma\u00edz<\/figcaption><\/figure> <\/div>   <div class=\"wp-block-columns is-layout-flex wp-container-core-columns-is-layout-9d6595d7 wp-block-columns-is-layout-flex\"> <div class=\"wp-block-column is-layout-flow wp-block-column-is-layout-flow\"> <details class=\"wp-block-details is-layout-flow wp-block-details-is-layout-flow\"><summary>Tolva de alimentaci\u00f3n<\/summary> <p>Se utiliza para introducir mazorcas de ma\u00edz o cultivos, asegurando una alimentaci\u00f3n uniforme en la c\u00e1mara de trilla.<\/p> <\/details> <\/div>    <div class=\"wp-block-column is-layout-flow wp-block-column-is-layout-flow\"> <details class=\"wp-block-details is-layout-flow wp-block-details-is-layout-flow\"><summary>Soplador<\/summary> <p>Proporciona flujo de aire para soplar las impurezas ligeras como las hojas de ma\u00edz y los trozos de paja.<\/p> <\/details> <\/div> <\/div>    <div class=\"wp-block-columns is-layout-flex wp-container-core-columns-is-layout-9d6595d7 wp-block-columns-is-layout-flex\"> <div class=\"wp-block-column is-layout-flow wp-block-column-is-layout-flow\"> <details class=\"wp-block-details is-layout-flow wp-block-details-is-layout-flow\"><summary>Salida de impurezas<\/summary> <p>Expulsa las impurezas sopladas por el soplador, evitando que se mezclen con el ma\u00edz limpio.<\/p> <\/details> <\/div>    <div class=\"wp-block-column is-layout-flow wp-block-column-is-layout-flow\"> <details class=\"wp-block-details is-layout-flow wp-block-details-is-layout-flow\"><summary>Parte de cribado secundaria<\/summary> <p>Realiza un segundo cribado del ma\u00edz trillado para eliminar las impurezas restantes.<\/p> <\/details> <\/div> <\/div>    <div class=\"wp-block-columns is-layout-flex wp-container-core-columns-is-layout-9d6595d7 wp-block-columns-is-layout-flex\"> <div class=\"wp-block-column is-layout-flow wp-block-column-is-layout-flow\"> <details class=\"wp-block-details is-layout-flow wp-block-details-is-layout-flow\"><summary>Doble ventilador<\/summary> <p>Aumenta el flujo de aire para mejorar la eliminaci\u00f3n de impurezas, asegurando ma\u00edz limpio y ordenado.<\/p> <\/details> <\/div>    <div class=\"wp-block-column is-layout-flow wp-block-column-is-layout-flow\"> <details class=\"wp-block-details is-layout-flow wp-block-details-is-layout-flow\"><summary>Criba vibratoria<\/summary> <p>Utiliza vibraci\u00f3n para separar completamente los granos de ma\u00edz de las impurezas.<\/p> <\/details> <\/div> <\/div>    <div class=\"wp-block-columns is-layout-flex wp-container-core-columns-is-layout-9d6595d7 wp-block-columns-is-layout-flex\"> <div class=\"wp-block-column is-layout-flow wp-block-column-is-layout-flow\"> <details class=\"wp-block-details is-layout-flow wp-block-details-is-layout-flow\"><summary>Placa de soporte<\/summary> <p>Sostiene el tambor o las partes de trilla en su lugar, proporcionando soporte estable.<\/p> <\/details> <\/div>    <div class=\"wp-block-column is-layout-flow wp-block-column-is-layout-flow\"> <details class=\"wp-block-details is-layout-flow wp-block-details-is-layout-flow\"><summary>Rueda grande<\/summary> <p>Acciona o ajusta la velocidad del tambor, transmitiendo la potencia al tambor de trilla.<\/p> <\/details> <\/div> <\/div>    <div class=\"wp-block-columns is-layout-flex wp-container-core-columns-is-layout-9d6595d7 wp-block-columns-is-layout-flex\"> <div class=\"wp-block-column is-layout-flow wp-block-column-is-layout-flow\"> <details class=\"wp-block-details is-layout-flow wp-block-details-is-layout-flow\"><summary>Parte de trilla<\/summary> <p>Un componente central que elimina los granos de las mazorcas mediante fricci\u00f3n e impacto.<\/p> <\/details> <\/div>    <div class=\"wp-block-column is-layout-flow wp-block-column-is-layout-flow\"> <details class=\"wp-block-details is-layout-flow wp-block-details-is-layout-flow\"><summary>Puerto de descarga<\/summary> <p>Los granos y las mazorcas se descargan por salidas separadas para facilitar la recolecci\u00f3n y el uso posterior.<\/p> <\/details> <\/div> <\/div>    <h2 class=\"wp-block-heading\">\u00bfC\u00f3mo funciona una desgranadora de ma\u00edz?<\/h2>    <p>La trilladora de ma\u00edz multifuncional funciona utilizando rodillos de caucho o acero para presionar y frotar las mazorcas, provocando la separaci\u00f3n de los granos de la paja. Un soplador y una criba eliminan las impurezas, dejando granos limpios.<\/p>    <p>Nuestra trilladora multifuncional de ma\u00edz tiene diferentes modelos y especificaciones, y los clientes pueden elegir el modelo apropiado seg\u00fan las necesidades de los usuarios y las condiciones del sitio.<\/p>   <div class=\"wp-block-image\"> <figure class=\"aligncenter size-full\"><img loading=\"lazy\" decoding=\"async\" width=\"720\" height=\"540\" src=\"http:\/\/maizemachine.com\/wp-content\/uploads\/2023\/03\/multifunctional-maize-threshing-machine.webp\" alt=\"trilladora de ma\u00edz multifuncional\" class=\"wp-image-282\" title=\"\" srcset=\"https:\/\/maizemachine.com\/wp-content\/uploads\/2023\/03\/multifunctional-maize-threshing-machine.webp 720w, https:\/\/maizemachine.com\/wp-content\/uploads\/2023\/03\/multifunctional-maize-threshing-machine-300x225.webp 300w\" sizes=\"auto, (max-width: 720px) 100vw, 720px\" \/><figcaption class=\"wp-element-caption\">trilladora de ma\u00edz multifuncional<\/figcaption><\/figure> <\/div>   <h2 class=\"wp-block-heading\">Par\u00e1metros t\u00e9cnicos de la m\u00e1quina trilladora de ma\u00edz.<\/h2>    <figure class=\"wp-block-table\"><table><tbody><tr><td>Modelo<\/td><td>5TD-1000<\/td><\/tr><tr><td>Capacidad(t\/h)<\/td><td>Ma\u00edz: 2-4t\/h, Sorgo y mijo: 1-2t\/h, Soja: 0,5-0,8t\/h<\/td><\/tr><tr><td>Fuerza<\/td><td>Motor di\u00e9sel de 15HP, motor 11, PTO<\/td><\/tr><tr><td>Velocidad del eje principal<\/td><td>550\u2013620rpm<\/td><\/tr><tr><td>3 tamices<\/td><td>Tamiz de ma\u00edz \u03c618mm, sorgo, tamiz de mijo \u03c66mm; soja \u03c612mm<\/td><\/tr><tr><td>Peso (kg)<\/td><td>650<\/td><\/tr><tr><td>Tama\u00f1o total (mm)<\/td><td>3400*2100*1980<\/td><\/tr><tr><td>Tama\u00f1o del embalaje (mm)<\/td><td>2800*740*1400<\/td><\/tr><\/tbody><\/table><\/figure>    <p class=\"translation-block\">Se puede ver en la tabla anterior que la capacidad de la trilladora de ma\u00edz es de <strong><em>2-4t\/h<\/em><\/strong>. Si las materias primas procesadas por la m\u00e1quina son sorgo y mijo, la producci\u00f3n de la m\u00e1quina es <strong><em>1-2t\/h.<\/em><\/strong> Si la materia prima procesada por la m\u00e1quina son las semillas de soja, la producci\u00f3n de la m\u00e1quina es <strong><em>0.5-0.8t\/h.<\/em><\/strong> Debe tenerse en cuenta que se deben reemplazar cribas de diferentes tama\u00f1os para procesar distintas materias primas.<\/p>   <div class=\"wp-block-image\"> <figure class=\"aligncenter size-full\"><img loading=\"lazy\" decoding=\"async\" width=\"720\" height=\"540\" src=\"http:\/\/maizemachine.com\/wp-content\/uploads\/2023\/03\/maize-thresher-machine.webp\" alt=\"m\u00e1quina trilladora de ma\u00edz\" class=\"wp-image-280\" title=\"\" srcset=\"https:\/\/maizemachine.com\/wp-content\/uploads\/2023\/03\/maize-thresher-machine.webp 720w, https:\/\/maizemachine.com\/wp-content\/uploads\/2023\/03\/maize-thresher-machine-300x225.webp 300w\" sizes=\"auto, (max-width: 720px) 100vw, 720px\" \/><figcaption class=\"wp-element-caption\">m\u00e1quina trilladora de ma\u00edz<\/figcaption><\/figure> <\/div>   <h2 class=\"wp-block-heading\">Ventajas de la trilladora de ma\u00edz multifuncional.<\/h2>    <ul class=\"wp-block-list\"> <li><strong>Amplio rango de <\/strong><span style=\"box-sizing: border-box; margin: 0px; padding: 0px;\"><strong>aplicaciones<\/strong><\/span>: la m\u00e1quina multifuncional de trillar ma\u00edz puede tamizar ma\u00edz, soja, <strong><a href=\"https:\/\/en.wikipedia.org\/wiki\/Sorghum\" target=\"_blank\" rel=\"noopener\">sorgo<\/a><\/strong>, mijo, haba, cebada, trigo y otros cultivos.<\/li>    <li><strong>Alta eficiencia y ahorro de mano de obra<\/strong>: Trilla de 2 a 4 toneladas de ma\u00edz por hora. Con 8 horas de trabajo al d\u00eda, puede reemplazar a unos 15\u201325 trabajadores, reduciendo significativamente los costos laborales.<\/li>    <li><strong>Materiales duraderos y de alta calidad: <\/strong>El marco, el tambor de trilla y la criba est\u00e1n hechos de acero al carbono de alta calidad, resistente al desgaste y a la corrosi\u00f3n.<\/li>    <li><strong>Componentes confiables: <\/strong>Las engranajes y rodamientos del tambor est\u00e1n hechos de materiales de alta dureza, garantizando un funcionamiento estable y una baja tasa de fallos.<\/li>    <li><strong>Opciones de energ\u00eda flexibles:<\/strong> Puede ser alimentado por un motor di\u00e9sel de 15HP, un motor el\u00e9ctrico de 11kW o transmisi\u00f3n por toma de fuerza, adecuado para \u00e1reas con electricidad limitada o trabajo en el campo.<\/li>    <li><strong>Velocidad \u00f3ptima:<\/strong> El eje principal gira a 550\u2013620 rpm para un trilla completa con baja rotura del grano.<\/li>    <li><strong>F\u00e1cil de mover:<\/strong> Pesa 650 kg y puede equiparse con ruedas para transporte y uso en el campo.<\/li>    <li><strong>Operaci\u00f3n sencilla:<\/strong> Alimentar \u2192 Trillar \u2192 Limpieza de aire \u2192 Tamizado \u2192 Descarga; todo el proceso puede ser realizado por una sola persona.<\/li>    <li><strong>Baja rotura y alta integridad del grano:<\/strong> El dise\u00f1o optimizado de los dientes del tambor mantiene la rotura del grano \u2264 2%, conservando la calidad del ma\u00edz.<\/li>    <li><strong>Mazorcas intactas: <\/strong>Los mazorcas trilladas pueden usarse como alimento o combustible, a\u00f1adiendo valor adicional.<\/li>    <li><strong>Embalaje y transporte convenientes:<\/strong> La m\u00e1quina puede desmontarse para su embalaje. El tama\u00f1o del paquete es 2800\u00d7740\u00d71400 mm, facilitando la log\u00edstica y el montaje en el sitio.<\/li> <\/ul>   <div class=\"wp-block-image\"> <figure class=\"aligncenter size-full\"><img loading=\"lazy\" decoding=\"async\" width=\"720\" height=\"540\" src=\"http:\/\/maizemachine.com\/wp-content\/uploads\/2023\/03\/widely-application.webp\" alt=\"Amplia aplicaci\u00f3n\" class=\"wp-image-285\" title=\"\" srcset=\"https:\/\/maizemachine.com\/wp-content\/uploads\/2023\/03\/widely-application.webp 720w, https:\/\/maizemachine.com\/wp-content\/uploads\/2023\/03\/widely-application-300x225.webp 300w\" sizes=\"auto, (max-width: 720px) 100vw, 720px\" \/><figcaption class=\"wp-element-caption\">Amplia aplicaci\u00f3n<\/figcaption><\/figure> <\/div>   <h2 class=\"wp-block-heading\">\u00bfC\u00f3mo utilizar una desgranadora de ma\u00edz?<\/h2>    <ol class=\"wp-block-list\"> <li>Conecte la desgranadora de ma\u00edz el\u00e9ctrica a la fuente de alimentaci\u00f3n y verifique si el motor funciona normalmente.<\/li>    <li>Coloque la mazorca de ma\u00edz en el puerto de alimentaci\u00f3n de la trilladora.<\/li>    <li>Enciende la trilladora y deja que la mazorca de ma\u00edz pase por el rodillo dentro de la m\u00e1quina para trillar. Finalmente, los granos de ma\u00edz ser\u00e1n descargados por el puerto de descarga.<\/li>    <li>Apague la trilladora, limpie los residuos de seda de ma\u00edz, el polvo y otras impurezas y mantenga la trilladora de ma\u00edz multifuncional limpia e intacta.<\/li> <\/ol>   <div class=\"wp-block-image\"> <figure class=\"aligncenter size-full\"><img loading=\"lazy\" decoding=\"async\" width=\"720\" height=\"540\" src=\"https:\/\/maizemachine.com\/wp-content\/uploads\/2023\/05\/Clean-corn-kernels.webp\" alt=\"Granos de ma\u00edz limpios\" class=\"wp-image-612\" title=\"\" srcset=\"https:\/\/maizemachine.com\/wp-content\/uploads\/2023\/05\/Clean-corn-kernels.webp 720w, https:\/\/maizemachine.com\/wp-content\/uploads\/2023\/05\/Clean-corn-kernels-300x225.webp 300w, https:\/\/maizemachine.com\/wp-content\/uploads\/2023\/05\/Clean-corn-kernels-16x12.webp 16w\" sizes=\"auto, (max-width: 720px) 100vw, 720px\" \/><figcaption class=\"wp-element-caption\">Granos de ma\u00edz limpios<\/figcaption><\/figure> <\/div>   <h2 class=\"wp-block-heading\">\u00bfD\u00f3nde comprar una descascarilladora de ma\u00edz el\u00e9ctrica?<\/h2>    <p>Puede comprar la m\u00e1quina desgranadora de ma\u00edz en l\u00ednea o en su tienda local de maquinaria agr\u00edcola. Hay muchos modelos de trilladoras de ma\u00edz multifunci\u00f3n disponibles en l\u00ednea, y puede elegir la adecuada para sus necesidades y su presupuesto. Comprar en l\u00ednea le permite comparar los precios y las caracter\u00edsticas de diferentes productos, lo que le ayudar\u00e1 a encontrar el mejor producto para usted. Adem\u00e1s, comprar en l\u00ednea puede ahorrar tiempo y energ\u00eda; no tiene que ir a una tienda f\u00edsica para ver los productos.<\/p>    <p class=\"translation-block\"><strong><a href=\"https:\/\/maizemachine.com\/es\/\">Taizy<\/a><\/strong> ofrece varios modelos de trilladoras de ma\u00edz y puede recomendar la adecuada seg\u00fan sus necesidades reales de producci\u00f3n para asegurar la mejor relaci\u00f3n calidad-precio. Adem\u00e1s, Taizy tambi\u00e9n proporciona m\u00e1quinas de procesamiento profundo del ma\u00edz, como m\u00e1quinas de s\u00e9mola de ma\u00edz y cosechadoras de ma\u00edz. Ofrecemos un excelente servicio postventa: si ocurre alg\u00fan problema dentro de un a\u00f1o, puede contactarnos en cualquier momento para proteger sus derechos. No dude en contactarnos para m\u00e1s informaci\u00f3n.<\/p>   <div class=\"wp-block-image\"> <figure class=\"aligncenter size-full\"><img loading=\"lazy\" decoding=\"async\" width=\"720\" height=\"540\" src=\"http:\/\/maizemachine.com\/wp-content\/uploads\/2023\/03\/our-stock.webp\" alt=\"nuestro stock\" class=\"wp-image-283\" title=\"\" srcset=\"https:\/\/maizemachine.com\/wp-content\/uploads\/2023\/03\/our-stock.webp 720w, https:\/\/maizemachine.com\/wp-content\/uploads\/2023\/03\/our-stock-300x225.webp 300w\" sizes=\"auto, (max-width: 720px) 100vw, 720px\" \/><figcaption class=\"wp-element-caption\">nuestro stock<\/figcaption><\/figure> <\/div>   <h2 class=\"wp-block-heading\">Caso de \u00e9xito<\/h2>    <p class=\"translation-block\">Debido a que esta trilladora de ma\u00edz multifuncional tiene las ventajas de un buen efecto de trillado y un amplio rango de aplicaciones, clientes de muchos pa\u00edses han comprado esta m\u00e1quina a nuestra compa\u00f1\u00eda. Los pa\u00edses de exportaci\u00f3n incluyen principalmente Estados Unidos, <strong><a href=\"https:\/\/maizemachine.com\/es\/Info\/corn-sheller-machine-for-sale-in-ghana\/\">Ghana<\/a><\/strong>, Nigeria, Tailandia, Botsuana, Uganda, Banglad\u00e9s y otros pa\u00edses. Si necesita una trilladora de ma\u00edz para ayudarle, no dude en contactarnos.<\/p>   <div class=\"wp-block-image\"> <figure class=\"aligncenter size-full\"><img loading=\"lazy\" decoding=\"async\" width=\"720\" height=\"540\" src=\"https:\/\/maizemachine.com\/wp-content\/uploads\/2023\/03\/delivery-chart.webp\" alt=\"Trilladora de ma\u00edz enviada a Nigeria\" class=\"wp-image-279\" title=\"\" srcset=\"https:\/\/maizemachine.com\/wp-content\/uploads\/2023\/03\/delivery-chart.webp 720w, https:\/\/maizemachine.com\/wp-content\/uploads\/2023\/03\/delivery-chart-300x225.webp 300w\" sizes=\"auto, (max-width: 720px) 100vw, 720px\" \/><figcaption class=\"wp-element-caption\">Trilladora de ma\u00edz enviada a Nigeria<\/figcaption><\/figure> <\/div>","protected":false},"excerpt":{"rendered":"<p>The multifunctional maize thresher machine is a machine for threshing maize, soybeans, sorghum, broad beans, rice, and other crops. Users only need to replace the screen to achieve the threshing of different crops. This maize thresher machine can process 2\u20134 tons of corn per hour, 1\u20132 tons of sorghum or millet, and 0.5\u20130.8 tons of [&hellip;]<\/p>\n","protected":false},"author":1,"featured_media":281,"parent":0,"template":"","tags":[14],"product-type":[9],"class_list":["post-278","product","type-product","status-publish","has-post-thumbnail","hentry","tag-corn-sheller","product-type-corn-sheller-machine"],"_links":{"self":[{"href":"https:\/\/maizemachine.com\/es\/wp-json\/wp\/v2\/product\/278","targetHints":{"allow":["GET"]}}],"collection":[{"href":"https:\/\/maizemachine.com\/es\/wp-json\/wp\/v2\/product"}],"about":[{"href":"https:\/\/maizemachine.com\/es\/wp-json\/wp\/v2\/types\/product"}],"author":[{"embeddable":true,"href":"https:\/\/maizemachine.com\/es\/wp-json\/wp\/v2\/users\/1"}],"wp:featuredmedia":[{"embeddable":true,"href":"https:\/\/maizemachine.com\/es\/wp-json\/wp\/v2\/media\/281"}],"wp:attachment":[{"href":"https:\/\/maizemachine.com\/es\/wp-json\/wp\/v2\/media?parent=278"}],"wp:term":[{"taxonomy":"post_tag","embeddable":true,"href":"https:\/\/maizemachine.com\/es\/wp-json\/wp\/v2\/tags?post=278"},{"taxonomy":"product-type","embeddable":true,"href":"https:\/\/maizemachine.com\/es\/wp-json\/wp\/v2\/product-type?post=278"}],"curies":[{"name":"wp","href":"https:\/\/api.w.org\/{rel}","templated":true}]}}