{"id":268,"date":"2023-02-17T17:06:49","date_gmt":"2023-02-17T09:06:49","guid":{"rendered":"https:\/\/maizemachine.com\/?post_type=product&#038;p=268"},"modified":"2026-04-10T14:41:33","modified_gmt":"2026-04-10T06:41:33","slug":"corn-silage-harvester","status":"publish","type":"product","link":"https:\/\/maizemachine.com\/es\/product\/corn-silage-harvester\/","title":{"rendered":"Cosechadora de ensilaje de ma\u00edz | Cosechadora de paja"},"content":{"rendered":"<p>La cosechadora de ensilado de ma\u00edz autopropulsada Taizy es una m\u00e1quina agr\u00edcola de alta eficiencia dise\u00f1ada espec\u00edficamente para la cosecha de ensilado. Funciona utilizando cuchillas internas para picar los tallos de ma\u00edz en trozos peque\u00f1os.<\/p>   <div class=\"wp-block-image\"> <figure class=\"aligncenter size-full\"><img loading=\"lazy\" decoding=\"async\" width=\"720\" height=\"540\" src=\"https:\/\/maizemachine.com\/wp-content\/uploads\/2023\/02\/\u5fae\u4fe1\u56fe\u7247_202506061639571.webp\" alt=\"Cosechadora de ensilaje de ma\u00edz\" class=\"wp-image-591\" title=\"\" srcset=\"https:\/\/maizemachine.com\/wp-content\/uploads\/2023\/02\/\u5fae\u4fe1\u56fe\u7247_202506061639571.webp 720w, https:\/\/maizemachine.com\/wp-content\/uploads\/2023\/02\/\u5fae\u4fe1\u56fe\u7247_202506061639571-300x225.webp 300w, https:\/\/maizemachine.com\/wp-content\/uploads\/2023\/02\/\u5fae\u4fe1\u56fe\u7247_202506061639571-16x12.webp 16w\" sizes=\"auto, (max-width: 720px) 100vw, 720px\" \/><figcaption class=\"wp-element-caption\">Cosechadora de ensilaje de ma\u00edz<\/figcaption><\/figure> <\/div>   <p class=\"translation-block\">Este modelo es adecuado no solo para la cosecha de ensilado de ma\u00edz, sino tambi\u00e9n para cortar y picar cultivos como el <strong>sorgo y la hierba forrajera, completando la cosecha, el picado y la carga en una sola pasada.<\/strong><\/p>   <div class=\"wp-block-image\"> <figure class=\"aligncenter size-full\"><img loading=\"lazy\" decoding=\"async\" width=\"720\" height=\"540\" src=\"https:\/\/maizemachine.com\/wp-content\/uploads\/2023\/02\/Corn-Silage-harvested-by-the-Corn-Silage-Harvester.webp\" alt=\"Ensilado de ma\u00edz cosechado por la Cosechadora de Ensilado de Ma\u00edz\" class=\"wp-image-583\" title=\"\" srcset=\"https:\/\/maizemachine.com\/wp-content\/uploads\/2023\/02\/Corn-Silage-harvested-by-the-Corn-Silage-Harvester.webp 720w, https:\/\/maizemachine.com\/wp-content\/uploads\/2023\/02\/Corn-Silage-harvested-by-the-Corn-Silage-Harvester-300x225.webp 300w, https:\/\/maizemachine.com\/wp-content\/uploads\/2023\/02\/Corn-Silage-harvested-by-the-Corn-Silage-Harvester-16x12.webp 16w\" sizes=\"auto, (max-width: 720px) 100vw, 720px\" \/><figcaption class=\"wp-element-caption\">Ensilado de ma\u00edz cosechado por la Cosechadora de Ensilado de Ma\u00edz<\/figcaption><\/figure> <\/div>   <p class=\"translation-block\">La m\u00e1quina presenta un dise\u00f1o razonable y una operaci\u00f3n sencilla, equipada con un motor de <strong><em>150~180HP<\/em><\/strong> para una gran potencia, mejorando significativamente la eficiencia de la cosecha de forraje. Utiliza transmisi\u00f3n hidr\u00e1ulica para una potencia suave, operaci\u00f3n flexible y control multifuncional, lo que facilita su manejo.<\/p>    <p>Esta serie de cosechadoras viene en versiones con ruedas y con orugas, adecuadas para llanuras, colinas, monta\u00f1as e incluso terrenos de selva tropical.<\/p>    <h2 class=\"wp-block-heading\">Tipos de cosechadora de ensilado de ma\u00edz<\/h2>    <h3 class=\"wp-block-heading\">Con ruedas<\/h3>   <div class=\"wp-block-image\"> <figure class=\"aligncenter size-full\"><img loading=\"lazy\" decoding=\"async\" width=\"720\" height=\"540\" src=\"https:\/\/maizemachine.com\/wp-content\/uploads\/2023\/02\/Wheeled-Corn-Silage-Harvester.webp\" alt=\"Cosechadora de ensilado de ma\u00edz con ruedas\" class=\"wp-image-586\" title=\"\" srcset=\"https:\/\/maizemachine.com\/wp-content\/uploads\/2023\/02\/Wheeled-Corn-Silage-Harvester.webp 720w, https:\/\/maizemachine.com\/wp-content\/uploads\/2023\/02\/Wheeled-Corn-Silage-Harvester-300x225.webp 300w, https:\/\/maizemachine.com\/wp-content\/uploads\/2023\/02\/Wheeled-Corn-Silage-Harvester-16x12.webp 16w\" sizes=\"auto, (max-width: 720px) 100vw, 720px\" \/><figcaption class=\"wp-element-caption\">Cosechadora de ensilado de ma\u00edz con ruedas<\/figcaption><\/figure> <\/div>   <h4 class=\"wp-block-heading\">V\u00eddeo de trabajo<\/h4>    <figure class=\"wp-block-embed is-type-video is-provider-youtube wp-block-embed-youtube wp-embed-aspect-16-9 wp-has-aspect-ratio\"><div class=\"wp-block-embed__wrapper\"> <iframe loading=\"lazy\" title=\"Potente y eficiente cosechadora de ruedas de forraje#procesamientodemaz #cosechadoradeforraje\" width=\"500\" height=\"281\" src=\"https:\/\/www.youtube.com\/embed\/TK86cFNdZvg?feature=oembed\" frameborder=\"0\" allow=\"accelerometer; autoplay; clipboard-write; encrypted-media; gyroscope; picture-in-picture; web-share\" referrerpolicy=\"strict-origin-when-cross-origin\" allowfullscreen><\/iframe> <\/div><\/figure>    <h3 class=\"wp-block-heading\">Con orugas<\/h3>   <div class=\"wp-block-image\"> <figure class=\"aligncenter size-full\"><img loading=\"lazy\" decoding=\"async\" width=\"720\" height=\"540\" src=\"https:\/\/maizemachine.com\/wp-content\/uploads\/2023\/02\/Tracked-Corn-Silage-Harvester.webp\" alt=\"Cosechadora de ensilado de ma\u00edz sobre orugas\" class=\"wp-image-585\" title=\"\" srcset=\"https:\/\/maizemachine.com\/wp-content\/uploads\/2023\/02\/Tracked-Corn-Silage-Harvester.webp 720w, https:\/\/maizemachine.com\/wp-content\/uploads\/2023\/02\/Tracked-Corn-Silage-Harvester-300x225.webp 300w, https:\/\/maizemachine.com\/wp-content\/uploads\/2023\/02\/Tracked-Corn-Silage-Harvester-16x12.webp 16w\" sizes=\"auto, (max-width: 720px) 100vw, 720px\" \/><figcaption class=\"wp-element-caption\">Cosechadora de ensilado de ma\u00edz sobre orugas<\/figcaption><\/figure> <\/div>   <h4 class=\"wp-block-heading\">V\u00eddeo de trabajo<\/h4>    <figure class=\"wp-block-embed is-type-video is-provider-youtube wp-block-embed-youtube wp-embed-aspect-16-9 wp-has-aspect-ratio\"><div class=\"wp-block-embed__wrapper\"> <iframe loading=\"lazy\" title=\"Arrancador de forraje rastreado de amplia aplicaci\u00f3n#rastreado #forraje #m\u00e1quinacosechadora #ma\u00edz\" width=\"500\" height=\"281\" src=\"https:\/\/www.youtube.com\/embed\/DpGntjFa_qk?feature=oembed\" frameborder=\"0\" allow=\"accelerometer; autoplay; clipboard-write; encrypted-media; gyroscope; picture-in-picture; web-share\" referrerpolicy=\"strict-origin-when-cross-origin\" allowfullscreen><\/iframe> <\/div><\/figure>    <h2 class=\"wp-block-heading\">Estructura de la cosechadora de ensilaje de ma\u00edz.<\/h2>    <p class=\"translation-block\">La cosechadora de ensilado de ma\u00edz autopropulsada consta principalmente de un <strong>sistema de cabezal,<\/strong> un <strong>sistema de transporte,<\/strong> un <strong>sistema de picado,<\/strong> un <strong>sistema de recolecci\u00f3n\/elevaci\u00f3n<\/strong>, un <strong>sistema de potencia<\/strong> (motor + sistema hidr\u00e1ulico) y un sistema de control de conducci\u00f3n. Todas las partes trabajan juntas para cosechar, picar y transportar ensilado de ma\u00edz de manera eficiente.<\/p>   <div class=\"wp-block-image\"> <figure class=\"aligncenter size-full\"><img loading=\"lazy\" decoding=\"async\" width=\"720\" height=\"540\" src=\"https:\/\/maizemachine.com\/wp-content\/uploads\/2023\/02\/3D-Diagram.webp\" alt=\"Diagrama 3D\" class=\"wp-image-582\" title=\"\" srcset=\"https:\/\/maizemachine.com\/wp-content\/uploads\/2023\/02\/3D-Diagram.webp 720w, https:\/\/maizemachine.com\/wp-content\/uploads\/2023\/02\/3D-Diagram-300x225.webp 300w, https:\/\/maizemachine.com\/wp-content\/uploads\/2023\/02\/3D-Diagram-16x12.webp 16w\" sizes=\"auto, (max-width: 720px) 100vw, 720px\" \/><figcaption class=\"wp-element-caption\">Diagrama 3D<\/figcaption><\/figure> <\/div>   <h2 class=\"wp-block-heading\">Principio de funcionamiento de la cosechadora de ensilado de ma\u00edz<\/h2>    <ul class=\"wp-block-list\"> <li>Cosecha del cabezal: El cabezal delantero corta los tallos de ma\u00edz y alimenta toda la planta a la m\u00e1quina.<\/li>    <li>Transporte: El ma\u00edz cosechado se transporta al sistema de picado mediante una cadena transportadora o un sinf\u00edn.<\/li>    <li>Picado: Los cuchillos giratorios o los rodillos de picado cortan los tallos y las mazorcas de ma\u00edz en trozos uniformes.<\/li>    <li>Elevaci\u00f3n y descarga: El ensilado picado se eleva y se descarga en un remolque o en un contenedor de almacenamiento a trav\u00e9s de un elevador o transportador.<\/li>    <li>Potencia y control: El motor proporciona la potencia, mientras que el sistema hidr\u00e1ulico controla la altura del cabezal, la velocidad del transportador y la operaci\u00f3n de picado.<\/li> <\/ul>   <div class=\"wp-block-image\"> <figure class=\"aligncenter size-full\"><img loading=\"lazy\" decoding=\"async\" width=\"720\" height=\"540\" src=\"https:\/\/maizemachine.com\/wp-content\/uploads\/2023\/02\/\u751f\u6210\u6536\u83b7\u673a\u7ed3\u6784\u56fe-3.webp\" alt=\"Recolector de paja\" class=\"wp-image-588\" title=\"\" srcset=\"https:\/\/maizemachine.com\/wp-content\/uploads\/2023\/02\/\u751f\u6210\u6536\u83b7\u673a\u7ed3\u6784\u56fe-3.webp 720w, https:\/\/maizemachine.com\/wp-content\/uploads\/2023\/02\/\u751f\u6210\u6536\u83b7\u673a\u7ed3\u6784\u56fe-3-300x225.webp 300w, https:\/\/maizemachine.com\/wp-content\/uploads\/2023\/02\/\u751f\u6210\u6536\u83b7\u673a\u7ed3\u6784\u56fe-3-16x12.webp 16w\" sizes=\"auto, (max-width: 720px) 100vw, 720px\" \/><figcaption class=\"wp-element-caption\">Recolector de paja<\/figcaption><\/figure> <\/div>   <h2 class=\"wp-block-heading\">Se vende cosechadora de forraje de ma\u00edz<\/h2>    <p>Ofrecemos dos modelos de cosechadoras de forraje de ma\u00edz: TZ-1400 y TZ-1800<\/p>    <h3 class=\"wp-block-heading\">TZ-1400<\/h3>    <figure class=\"wp-block-table\"><table class=\"has-fixed-layout\"><thead><tr><th><strong>Par\u00e1metro<\/strong><\/th><th><strong>Especificaci\u00f3n<\/strong><\/th><\/tr><\/thead><tbody><tr><td><strong>Modelo<\/strong><\/td><td>TZ-1400<\/td><\/tr><tr><td><strong>Tipo<\/strong><\/td><td>Con ruedas<\/td><\/tr><tr><td><strong>Potencia del motor<\/strong><\/td><td>&gt;=140 HP Motor di\u00e9sel<\/td><\/tr><tr><td><strong>Filas<\/strong><\/td><td>Una sola fila<\/td><\/tr><tr><td><strong>Ancho de corte<\/strong><\/td><td>1400 mm<\/td><\/tr><tr><td><strong>Longitud de picado<\/strong><\/td><td>12\u201322 mm (ajustable)<\/td><\/tr><tr><td><strong>Eficiencia de trabajo<\/strong><\/td><td>4\u20136 mu\/h<\/td><\/tr><tr><td><strong>Altura de descarga<\/strong><\/td><td>3\u20135 m<\/td><\/tr><tr><td><strong>Tama\u00f1o del neum\u00e1tico<\/strong><\/td><td>Delantero: 14.9-28 \/ Trasero: 10.0-75-15<\/td><\/tr><tr><td><strong>Consumo de combustible<\/strong><\/td><td>12\u201316 L\/h<\/td><\/tr><tr><td><strong>Terreno adecuado<\/strong><\/td><td>Llanuras, tierras de cultivo duras, campos y transporte por carretera<\/td><\/tr><\/tbody><\/table><\/figure>    <h3 class=\"wp-block-heading\">TZ-1800<\/h3>    <figure class=\"wp-block-table\"><table class=\"has-fixed-layout\"><thead><tr><th><strong>Par\u00e1metro<\/strong><\/th><th><strong>Especificaci\u00f3n<\/strong><\/th><\/tr><\/thead><tbody><tr><td><strong>Modelo<\/strong><\/td><td>TZ-1800<\/td><\/tr><tr><td><strong>Tipo<\/strong><\/td><td>Con orugas<\/td><\/tr><tr><td><strong>Potencia del motor<\/strong><\/td><td>&gt; =180 HP Motor di\u00e9sel<\/td><\/tr><tr><td><strong>Filas<\/strong><\/td><td>Una sola fila<\/td><\/tr><tr><td><strong>Ancho de corte<\/strong><\/td><td>1800 mm<\/td><\/tr><tr><td><strong>Longitud de picado<\/strong><\/td><td>12\u201322 mm (ajustable)<\/td><\/tr><tr><td><strong>Eficiencia de trabajo<\/strong><\/td><td>5\u20138 mu\/h<\/td><\/tr><tr><td><strong>Altura de descarga<\/strong><\/td><td>3\u20135 m<\/td><\/tr><tr><td><strong>Tama\u00f1o de la oruga<\/strong><\/td><td>Correas de goma 450 mm<\/td><\/tr><tr><td><strong>Consumo de combustible<\/strong><\/td><td>14\u201318 L\/h<\/td><\/tr><tr><td><strong>Terreno adecuado<\/strong><\/td><td>Laderas, suelo blando, humedales y tierras de cultivo monta\u00f1osas<\/td><\/tr><\/tbody><\/table><\/figure>    <p class=\"translation-block\"><strong><em>Ambos modelos de cosechadora de forraje de ma\u00edz pueden cosechar cultivos de hasta 2\u20133 metros de altura.<\/em><\/strong><\/p>    <p class=\"translation-block\">Adem\u00e1s, tambi\u00e9n tenemos m\u00e1quinas procesadoras de ma\u00edz como <a href=\"https:\/\/maizemachine.com\/es\/product\/2-row-corn-picker\/\">recolectores de ma\u00edz<\/a> y una variedad de <a href=\"https:\/\/maizemachine.com\/es\/product\/corn-mill-grinder\/\">molinos de ma\u00edz<\/a> a la venta.<\/p>   <div class=\"wp-block-image\"> <figure class=\"aligncenter size-full\"><img loading=\"lazy\" decoding=\"async\" width=\"720\" height=\"540\" src=\"https:\/\/maizemachine.com\/wp-content\/uploads\/2023\/02\/\u751f\u6210\u6536\u83b7\u673a\u7ed3\u6784\u56fe-2.webp\" alt=\"El mejor cosechador de ensilaje de ma\u00edz para granjas peque\u00f1as\" class=\"wp-image-587\" title=\"\" srcset=\"https:\/\/maizemachine.com\/wp-content\/uploads\/2023\/02\/\u751f\u6210\u6536\u83b7\u673a\u7ed3\u6784\u56fe-2.webp 720w, https:\/\/maizemachine.com\/wp-content\/uploads\/2023\/02\/\u751f\u6210\u6536\u83b7\u673a\u7ed3\u6784\u56fe-2-300x225.webp 300w, https:\/\/maizemachine.com\/wp-content\/uploads\/2023\/02\/\u751f\u6210\u6536\u83b7\u673a\u7ed3\u6784\u56fe-2-16x12.webp 16w\" sizes=\"auto, (max-width: 720px) 100vw, 720px\" \/><figcaption class=\"wp-element-caption\">El mejor cosechador de ensilaje de ma\u00edz para granjas peque\u00f1as<\/figcaption><\/figure> <\/div>   <h2 class=\"wp-block-heading\">Caracter\u00edsticas de la cosechadora de paja de ma\u00edz.<\/h2>    <ol class=\"wp-block-list\"> <li>Multifuncional. Una cosechadora de ensilado de ma\u00edz es una m\u00e1quina que integra cosecha, corte, trituraci\u00f3n y recolecci\u00f3n. Realmente logra una m\u00e1quina con m\u00faltiples funciones.<\/li>    <li>El m\u00e9todo de operaci\u00f3n es simple. S\u00f3lo se necesita una persona para conducir el tractor.<\/li>    <li>La paja, despu\u00e9s de ser cortada y triturada por la cosechadora de ensilado de ma\u00edz, se puede reciclar directamente.<\/li>    <li>El alto grado de automatizaci\u00f3n. El dispositivo hidr\u00e1ulico puede descargar f\u00e1cilmente los rastrojos de ma\u00edz triturados.<\/li>    <li>El dispositivo de transmisi\u00f3n hidr\u00e1ulica puede controlar f\u00e1cilmente la velocidad de funcionamiento de la m\u00e1quina.<\/li>    <li>Las cuchillas de la cosechadora de forraje de ma\u00edz est\u00e1n hechas de material de alta resistencia y tienen las caracter\u00edsticas de una fuerte resistencia al desgaste.<\/li>    <li>La tasa de recuperaci\u00f3n es tan alta como del 95%<\/li>    <li>Control totalmente hidr\u00e1ulico con un radio de giro peque\u00f1o, lo que hace que la operaci\u00f3n sea f\u00e1cil y flexible.<\/li>    <li>Cosecha sin espaciado entre filas y puede manejar cultivos tumbados (ca\u00eddos).<\/li> <\/ol>   <div class=\"wp-block-image\"> <figure class=\"aligncenter size-full\"><img loading=\"lazy\" decoding=\"async\" width=\"720\" height=\"540\" src=\"https:\/\/maizemachine.com\/wp-content\/uploads\/2023\/02\/\u5fae\u4fe1\u56fe\u7247_20250606163958.webp\" alt=\"Cosechadora de ensilado de ma\u00edz a la venta\" class=\"wp-image-590\" title=\"\" srcset=\"https:\/\/maizemachine.com\/wp-content\/uploads\/2023\/02\/\u5fae\u4fe1\u56fe\u7247_20250606163958.webp 720w, https:\/\/maizemachine.com\/wp-content\/uploads\/2023\/02\/\u5fae\u4fe1\u56fe\u7247_20250606163958-300x225.webp 300w, https:\/\/maizemachine.com\/wp-content\/uploads\/2023\/02\/\u5fae\u4fe1\u56fe\u7247_20250606163958-16x12.webp 16w\" sizes=\"auto, (max-width: 720px) 100vw, 720px\" \/><figcaption class=\"wp-element-caption\">Cosechadora de ensilado de ma\u00edz a la venta<\/figcaption><\/figure> <\/div>   <h2 class=\"wp-block-heading\">Usos de la cosechadora de forraje de ma\u00edz<\/h2>    <p>La m\u00e1quina es adecuada para triturar y reciclar diversas pajas de cultivos. La paja de ma\u00edz, la paja de algod\u00f3n, la paja de pl\u00e1tano, la paja de sorgo, la paja de trigo y los materiales de pasto se pueden reciclar con esta cosechadora de ensilaje arrastrada. La paja triturada puede devolverse directamente al campo o utilizarse como alimento para animales.<\/p>   <div class=\"wp-block-image\"> <figure class=\"aligncenter size-full\"><img loading=\"lazy\" decoding=\"async\" width=\"720\" height=\"540\" src=\"https:\/\/maizemachine.com\/wp-content\/uploads\/2023\/02\/\u5fae\u4fe1\u56fe\u7247_2025-07-02_161030_894.webp\" alt=\"Ensilado de ma\u00edz\" class=\"wp-image-589\" title=\"\" srcset=\"https:\/\/maizemachine.com\/wp-content\/uploads\/2023\/02\/\u5fae\u4fe1\u56fe\u7247_2025-07-02_161030_894.webp 720w, https:\/\/maizemachine.com\/wp-content\/uploads\/2023\/02\/\u5fae\u4fe1\u56fe\u7247_2025-07-02_161030_894-300x225.webp 300w, https:\/\/maizemachine.com\/wp-content\/uploads\/2023\/02\/\u5fae\u4fe1\u56fe\u7247_2025-07-02_161030_894-16x12.webp 16w\" sizes=\"auto, (max-width: 720px) 100vw, 720px\" \/><figcaption class=\"wp-element-caption\">Ensilado de ma\u00edz<\/figcaption><\/figure> <\/div>   <h2 class=\"wp-block-heading\">\u00bfC\u00f3mo utilizar correctamente la cosechadora de ensilaje de ma\u00edz?<\/h2>    <ul class=\"wp-block-list\"> <li>Preparaci\u00f3n: Compruebe todas las piezas mec\u00e1nicas, el sistema el\u00e9ctrico y el sistema hidr\u00e1ulico antes de usar, y precaliente la m\u00e1quina.<\/li>    <li>Carga de forraje: Coloque la pila de ensilado frente a la trayectoria de cosecha. Evite apilarla demasiado alta para garantizar una cosecha fluida.<\/li>    <li>Arranque de la m\u00e1quina: Encienda la alimentaci\u00f3n y ponga en marcha la m\u00e1quina. Supervise su funcionamiento y det\u00e9ngase inmediatamente si se produce alguna anomal\u00eda.<\/li>    <li>Ajuste de la altura del cabezal: Ajuste la altura del cabezal seg\u00fan la altura del forraje para garantizar una cosecha uniforme.<\/li>    <li>Cosecha: El operador controla la m\u00e1quina hacia adelante y hacia atr\u00e1s usando el joystick, manteniendo la estabilidad y cosechando el ensilado de manera segura.<\/li>    <li>Recolecci\u00f3n de forraje: El ensilado picado se transporta al sistema de recolecci\u00f3n. Limpie regularmente para garantizar un funcionamiento fluido.<\/li>    <li>Finalizaci\u00f3n de la operaci\u00f3n: Despu\u00e9s de la cosecha, apague la m\u00e1quina y transporte el ensilado recolectado al lugar designado.<\/li>    <li>Limpieza y mantenimiento: Limpie los escombros de la superficie de la m\u00e1quina, compruebe las piezas desgastadas y reempl\u00e1celas a tiempo para mantener el equipo en buenas condiciones.<\/li> <\/ul>    <h2 class=\"wp-block-heading\">Asociarse con Taizy<\/h2>    <p>Asoci\u00e1ndose con Taizy, puede lograr una cosecha de ensilado de ma\u00edz eficiente, confiable y de alta calidad. Nuestras cosechadoras autopropulsadas est\u00e1n dise\u00f1adas para manejar una variedad de cultivos y terrenos, garantizando un funcionamiento suave, un picado uniforme y un rendimiento m\u00e1ximo de forraje. Ya sea para granjas peque\u00f1as o operaciones a gran escala, las Cosechadoras de Ensilado de Ma\u00edz de Taizy ofrecen el rendimiento y la durabilidad en los que puede confiar, haciendo que la cosecha de ensilado sea m\u00e1s f\u00e1cil y productiva que nunca.<\/p>   <div class=\"wp-block-image\"> <figure class=\"aligncenter size-full\"><img loading=\"lazy\" decoding=\"async\" width=\"720\" height=\"540\" src=\"https:\/\/maizemachine.com\/wp-content\/uploads\/2025\/08\/Our-customer.webp\" alt=\"Nuestro cliente\" class=\"wp-image-577\" title=\"\" srcset=\"https:\/\/maizemachine.com\/wp-content\/uploads\/2025\/08\/Our-customer.webp 720w, https:\/\/maizemachine.com\/wp-content\/uploads\/2025\/08\/Our-customer-300x225.webp 300w, https:\/\/maizemachine.com\/wp-content\/uploads\/2025\/08\/Our-customer-16x12.webp 16w\" sizes=\"auto, (max-width: 720px) 100vw, 720px\" \/><figcaption class=\"wp-element-caption\">Nuestro cliente<\/figcaption><\/figure> <\/div>","protected":false},"excerpt":{"rendered":"<p>The Taizy self-propelled corn silage harvester is a high-efficiency agricultural machine designed specifically for silage harvesting. It works by using internal blades to chop corn stalks into small pieces. This model is suitable not only for harvesting corn silage but also for cutting and chopping crops like sorghum and forage grass, completing harvesting, chopping, and [&hellip;]<\/p>\n","protected":false},"author":1,"featured_media":593,"parent":0,"template":"","tags":[36,37],"product-type":[52],"class_list":["post-268","product","type-product","status-publish","has-post-thumbnail","hentry","tag-corn-silage-harvester","tag-straw-harvester","product-type-corn-stalk-processing-machine"],"_links":{"self":[{"href":"https:\/\/maizemachine.com\/es\/wp-json\/wp\/v2\/product\/268","targetHints":{"allow":["GET"]}}],"collection":[{"href":"https:\/\/maizemachine.com\/es\/wp-json\/wp\/v2\/product"}],"about":[{"href":"https:\/\/maizemachine.com\/es\/wp-json\/wp\/v2\/types\/product"}],"author":[{"embeddable":true,"href":"https:\/\/maizemachine.com\/es\/wp-json\/wp\/v2\/users\/1"}],"wp:featuredmedia":[{"embeddable":true,"href":"https:\/\/maizemachine.com\/es\/wp-json\/wp\/v2\/media\/593"}],"wp:attachment":[{"href":"https:\/\/maizemachine.com\/es\/wp-json\/wp\/v2\/media?parent=268"}],"wp:term":[{"taxonomy":"post_tag","embeddable":true,"href":"https:\/\/maizemachine.com\/es\/wp-json\/wp\/v2\/tags?post=268"},{"taxonomy":"product-type","embeddable":true,"href":"https:\/\/maizemachine.com\/es\/wp-json\/wp\/v2\/product-type?post=268"}],"curies":[{"name":"wp","href":"https:\/\/api.w.org\/{rel}","templated":true}]}}