{"id":262,"date":"2023-01-30T15:08:58","date_gmt":"2023-01-30T07:08:58","guid":{"rendered":"https:\/\/maizemachine.com\/?post_type=product&#038;p=262"},"modified":"2023-01-30T15:08:59","modified_gmt":"2023-01-30T07:08:59","slug":"small-scale-maize-milling-machine","status":"publish","type":"product","link":"https:\/\/maizemachine.com\/es\/product\/small-scale-maize-milling-machine\/","title":{"rendered":"Fresadora de ma\u00edz a peque\u00f1a escala"},"content":{"rendered":"<p class=\"translation-block\">La m\u00e1quina de molienda de ma\u00edz a peque\u00f1a escala es una m\u00e1quina peque\u00f1a que puede hacer harina de ma\u00edz. Puede moler el grano de ma\u00edz en material en polvo con alta finura. En comparaci\u00f3n con el molino de ma\u00edz grande y la m\u00e1quina de molienda de ma\u00edz multifuncional <a href=\"https:\/\/maizemachine.com\/es\/product\/maize-grits-milling-machine\/\">corn grits milling machine<\/a>, esta m\u00e1quina tiene una mayor ventaja en precio y espacio.<\/p>   <div class=\"wp-block-image\"> <figure class=\"aligncenter size-full\"><img loading=\"lazy\" decoding=\"async\" width=\"720\" height=\"540\" src=\"http:\/\/maizemachine.com\/wp-content\/uploads\/2023\/01\/small-maize-grinding-machine.webp\" alt=\"maquina trituradora de maiz pequena\" class=\"wp-image-266\" title=\"\" srcset=\"https:\/\/maizemachine.com\/wp-content\/uploads\/2023\/01\/small-maize-grinding-machine.webp 720w, https:\/\/maizemachine.com\/wp-content\/uploads\/2023\/01\/small-maize-grinding-machine-300x225.webp 300w\" sizes=\"auto, (max-width: 720px) 100vw, 720px\" \/><figcaption class=\"wp-element-caption\">maquina trituradora de maiz pequena<\/figcaption><\/figure> <\/div>   <h2 class=\"wp-block-heading\">\u00bfCu\u00e1l es el proceso de molienda del ma\u00edz?<\/h2>    <p>El proceso de molienda de harina de ma\u00edz es el siguiente. El ma\u00edz primero se coloca en la fresadora de ma\u00edz a peque\u00f1a escala y luego se bate hasta convertirlo en polvo. Dentro de la c\u00e1mara del molino de ma\u00edz, hay cribas con diferentes tama\u00f1os de apertura, y algunas de las peque\u00f1as part\u00edculas de ma\u00edz que cumplen con el tama\u00f1o est\u00e1ndar de la criba se tamizan a trav\u00e9s de la criba. Las part\u00edculas de ma\u00edz que no cumplan los requisitos ser\u00e1n golpeadas dos veces en la c\u00e1mara de molienda hasta alcanzar el est\u00e1ndar deseado. Luego, el material molido se descargar\u00e1 por la salida del molinillo de ma\u00edz de peque\u00f1a escala.<\/p>   <div class=\"wp-block-image\"> <figure class=\"aligncenter size-full\"><img loading=\"lazy\" decoding=\"async\" width=\"720\" height=\"540\" src=\"http:\/\/maizemachine.com\/wp-content\/uploads\/2023\/01\/small-corn-grinding-machine-and-sieve.webp\" alt=\"peque\u00f1a trituradora de ma\u00edz y tamiz\" class=\"wp-image-265\" title=\"\" srcset=\"https:\/\/maizemachine.com\/wp-content\/uploads\/2023\/01\/small-corn-grinding-machine-and-sieve.webp 720w, https:\/\/maizemachine.com\/wp-content\/uploads\/2023\/01\/small-corn-grinding-machine-and-sieve-300x225.webp 300w\" sizes=\"auto, (max-width: 720px) 100vw, 720px\" \/><figcaption class=\"wp-element-caption\">peque\u00f1a trituradora de ma\u00edz y tamiz<\/figcaption><\/figure> <\/div>   <h2 class=\"wp-block-heading\">Par\u00e1metros de la fresadora de ma\u00edz a peque\u00f1a escala.<\/h2>    <figure class=\"wp-block-table\"><table><tbody><tr><td>Modelo<\/td><td>9FQ-750<\/td><\/tr><tr><td>Dimensiones generales<\/td><td>1,6*1,1*1,5 m<\/td><\/tr><tr><td>Motor<\/td><td>30kw<\/td><\/tr><tr><td>Peso neto<\/td><td>850 kilos<\/td><\/tr><tr><td>Tama\u00f1o de embalaje<\/td><td>2,1*1*2,5 m<\/td><\/tr><\/tbody><\/table><\/figure>    <h2 class=\"wp-block-heading\">Ventajas de la m\u00e1quina<\/h2>    <ol class=\"wp-block-list\"> <li>La m\u00e1quina tiene las caracter\u00edsticas de una estructura simple y buena instalaci\u00f3n.<\/li>    <li>La hoja est\u00e1 hecha de alta <a href=\"https:\/\/en.wikipedia.org\/wiki\/Carbon_steel\" target=\"_blank\" rel=\"noopener\">acero carbono<\/a> con un buen efecto de molienda.<\/li>    <li>Tama\u00f1o peque\u00f1o y menos espacio.<\/li>    <li>El alto grado de automatizaci\u00f3n y facilidad de operaci\u00f3n.<\/li>    <li>La fresadora de ma\u00edz a peque\u00f1a escala Taizy puede procesar harina de diferentes especificaciones y mallas.<\/li> <\/ol>   <div class=\"wp-block-image\"> <figure class=\"aligncenter size-full\"><img loading=\"lazy\" decoding=\"async\" width=\"720\" height=\"540\" src=\"http:\/\/maizemachine.com\/wp-content\/uploads\/2023\/01\/manufacturing-process.webp\" alt=\"proceso de fabricaci\u00f3n\" class=\"wp-image-264\" title=\"\" srcset=\"https:\/\/maizemachine.com\/wp-content\/uploads\/2023\/01\/manufacturing-process.webp 720w, https:\/\/maizemachine.com\/wp-content\/uploads\/2023\/01\/manufacturing-process-300x225.webp 300w\" sizes=\"auto, (max-width: 720px) 100vw, 720px\" \/><figcaption class=\"wp-element-caption\">proceso de fabricaci\u00f3n<\/figcaption><\/figure> <\/div>   <h2 class=\"wp-block-heading\">\u00c1mbito de aplicaci\u00f3n de la peque\u00f1a m\u00e1quina trituradora de ma\u00edz.<\/h2>    <p class=\"translation-block\">La m\u00e1quina de molienda de ma\u00edz peque\u00f1a no solo puede moler ma\u00edz, sino tambi\u00e9n hierbas y otros granos y otros materiales. Por lo tanto, la m\u00e1quina es especialmente adecuada para su uso en \u00e1reas rurales, plantas de procesamiento de piensos, mercados de granos y aceites, supermercados grandes y peque\u00f1os, y f\u00e1bricas de hierbas. En Taizy Corn Machinery Factory, tenemos otra <a href=\"https:\/\/maizemachine.com\/es\/product\/corn-hammer-mill-machine\/\">m\u00e1quina de molino de martillos de ma\u00edz<\/a> a la venta. Si la necesita, no dude en contactarnos.<\/p>   <div class=\"wp-block-image\"> <figure class=\"aligncenter size-full\"><img loading=\"lazy\" decoding=\"async\" width=\"720\" height=\"540\" src=\"http:\/\/maizemachine.com\/wp-content\/uploads\/2022\/08\/finished-product-made-by-corn-grinding-machine.webp\" alt=\"Producto terminado elaborado con una m\u00e1quina trituradora de ma\u00edz.\" class=\"wp-image-155\" title=\"\" srcset=\"https:\/\/maizemachine.com\/wp-content\/uploads\/2022\/08\/finished-product-made-by-corn-grinding-machine.webp 720w, https:\/\/maizemachine.com\/wp-content\/uploads\/2022\/08\/finished-product-made-by-corn-grinding-machine-300x225.webp 300w\" sizes=\"auto, (max-width: 720px) 100vw, 720px\" \/><figcaption class=\"wp-element-caption\">Producto terminado elaborado con una m\u00e1quina trituradora de ma\u00edz.<\/figcaption><\/figure> <\/div>   <h2 class=\"wp-block-heading\">\u00bfC\u00f3mo elegir la fresadora de ma\u00edz adecuada?<\/h2>    <p>C\u00f3mo elegir la m\u00e1quina trituradora de ma\u00edz adecuada siempre ha sido un problema para los productores de ma\u00edz. Lo primero que debemos recordarte es que el precio de una fresadora de ma\u00edz no debe ser el \u00fanico factor a considerar. Si desea comprar una fresadora de ma\u00edz a peque\u00f1a escala de calidad, debe tener en cuenta la calidad de la m\u00e1quina, la producci\u00f3n de harina de ma\u00edz, el espacio, el costo de mano de obra, los fabricantes de molinos de ma\u00edz y otros factores.<\/p>    <p>En segundo lugar, debemos tener claras nuestras necesidades para producir harina de ma\u00edz y el tonelaje diario de procesamiento de harina de ma\u00edz, as\u00ed como el rango aceptable de consumo de electricidad. Con sus necesidades b\u00e1sicas, puede elegir el molino harinero de ma\u00edz adecuado seg\u00fan sus necesidades.<\/p>   <div class=\"wp-block-image\"> <figure class=\"aligncenter size-full\"><img loading=\"lazy\" decoding=\"async\" width=\"720\" height=\"540\" src=\"http:\/\/maizemachine.com\/wp-content\/uploads\/2023\/01\/customized-maize-grinding-machine.webp\" alt=\"m\u00e1quina trituradora de ma\u00edz personalizada\" class=\"wp-image-263\" title=\"\" srcset=\"https:\/\/maizemachine.com\/wp-content\/uploads\/2023\/01\/customized-maize-grinding-machine.webp 720w, https:\/\/maizemachine.com\/wp-content\/uploads\/2023\/01\/customized-maize-grinding-machine-300x225.webp 300w\" sizes=\"auto, (max-width: 720px) 100vw, 720px\" \/><figcaption class=\"wp-element-caption\">m\u00e1quina trituradora de ma\u00edz personalizada<\/figcaption><\/figure> <\/div>   <h2 class=\"wp-block-heading\">\u00bfEs rentable la molienda de ma\u00edz?<\/h2>    <p>La respuesta es s\u00ed, la molienda del ma\u00edz es rentable. Como rey nutricional de los cereales secundarios, el ma\u00edz no s\u00f3lo puede regular el metabolismo humano y mejorar la funci\u00f3n inmune, sino tambi\u00e9n mejorar la resistencia muscular y eliminar los desechos del cuerpo. A medida que la gente presta m\u00e1s atenci\u00f3n a la salud, cada vez m\u00e1s personas reconocen los efectos nutricionales del ma\u00edz y otros cereales secundarios. Por lo tanto, la fresadora de ma\u00edz a peque\u00f1a escala es una buena opci\u00f3n de inversi\u00f3n.<\/p>","protected":false},"excerpt":{"rendered":"<p>The small scale maize milling machine is a small machine that can make corn flour. It can grind corn kernel into powder material with high fineness. Compared with the large corn grinder and the multifunctional corn grits milling machine, this machine has a greater advantage in price and floor space. What is the milling process [&hellip;]<\/p>\n","protected":false},"author":1,"featured_media":267,"parent":0,"template":"","tags":[],"product-type":[10],"class_list":["post-262","product","type-product","status-publish","has-post-thumbnail","hentry","product-type-corn-milling-machine"],"_links":{"self":[{"href":"https:\/\/maizemachine.com\/es\/wp-json\/wp\/v2\/product\/262","targetHints":{"allow":["GET"]}}],"collection":[{"href":"https:\/\/maizemachine.com\/es\/wp-json\/wp\/v2\/product"}],"about":[{"href":"https:\/\/maizemachine.com\/es\/wp-json\/wp\/v2\/types\/product"}],"author":[{"embeddable":true,"href":"https:\/\/maizemachine.com\/es\/wp-json\/wp\/v2\/users\/1"}],"wp:featuredmedia":[{"embeddable":true,"href":"https:\/\/maizemachine.com\/es\/wp-json\/wp\/v2\/media\/267"}],"wp:attachment":[{"href":"https:\/\/maizemachine.com\/es\/wp-json\/wp\/v2\/media?parent=262"}],"wp:term":[{"taxonomy":"post_tag","embeddable":true,"href":"https:\/\/maizemachine.com\/es\/wp-json\/wp\/v2\/tags?post=262"},{"taxonomy":"product-type","embeddable":true,"href":"https:\/\/maizemachine.com\/es\/wp-json\/wp\/v2\/product-type?post=262"}],"curies":[{"name":"wp","href":"https:\/\/api.w.org\/{rel}","templated":true}]}}