{"id":230,"date":"2022-12-05T15:08:15","date_gmt":"2022-12-05T07:08:15","guid":{"rendered":"https:\/\/maizemachine.com\/?post_type=product&#038;p=230"},"modified":"2025-12-17T14:00:19","modified_gmt":"2025-12-17T06:00:19","slug":"sweet-corn-planter","status":"publish","type":"product","link":"https:\/\/maizemachine.com\/es\/product\/sweet-corn-planter\/","title":{"rendered":"Jardinera de ma\u00edz dulce de 2 hileras | Sembradora de ma\u00edz dulce"},"content":{"rendered":"<p class=\"translation-block\">La sembradora de ma\u00edz dulce es una m\u00e1quina que puede sembrar semillas en el ma\u00edz dulce. La sembradora de ma\u00edz dulce es la m\u00e1quina m\u00e1s vendida de <a href=\"https:\/\/maizemachine.com\/es\/\">Maquinaria de Ma\u00edz Taizy<\/a>. Nuestra sembradora de ma\u00edz puede realizar todos los procesos de<strong><mark class=\"has-inline-color has-luminous-vivid-amber-color\"> aflojamiento, fertilizaci\u00f3n, excavaci\u00f3n de zanjas, siembra y cobertura de tierra<\/mark><\/strong> al mismo tiempo. Por lo tanto, en comparaci\u00f3n con otros fabricantes de sembradoras de ma\u00edz, nuestra m\u00e1quina es una sembradora de ma\u00edz dulce multifuncional.<\/p>   <div class=\"wp-block-image\"> <figure class=\"aligncenter size-full\"><img loading=\"lazy\" decoding=\"async\" width=\"720\" height=\"540\" src=\"http:\/\/maizemachine.com\/wp-content\/uploads\/2022\/12\/sweet-corn-planter-for-sale.webp\" alt=\"Se vende jardinera de ma\u00edz dulce\" class=\"wp-image-234\" title=\"\" srcset=\"https:\/\/maizemachine.com\/wp-content\/uploads\/2022\/12\/sweet-corn-planter-for-sale.webp 720w, https:\/\/maizemachine.com\/wp-content\/uploads\/2022\/12\/sweet-corn-planter-for-sale-300x225.webp 300w\" sizes=\"auto, (max-width: 720px) 100vw, 720px\" \/><figcaption class=\"wp-element-caption\">Se vende jardinera de ma\u00edz dulce<\/figcaption><\/figure> <\/div>   <h2 class=\"wp-block-heading\">\u00bfCu\u00e1les son los tipos de sembradoras de ma\u00edz dulce Taizy?<\/h2>    <p class=\"translation-block\">En la F\u00e1brica de Maquinaria de Ma\u00edz Taizy, tenemos sembradoras de ma\u00edz dulce peque\u00f1as, <strong>sembradoras de semillas de ma\u00edz de 3 hileras<\/strong>, <strong>sembradoras de ma\u00edz dulce de 4 hileras<\/strong>, <strong>sembradoras de semillas de ma\u00edz de 5 hileras<\/strong>, <strong>m\u00e1quina sembradora de ma\u00edz de 6 hileras<\/strong>, y sembradoras de ma\u00edz dulce de 2 hileras en venta. Tambi\u00e9n podemos ofrecer servicios personalizados para nuestros clientes. Si necesita una sembradora de ma\u00edz dulce, no dude en contactarnos.<\/p>    <div class=\"wp-block-columns is-layout-flex wp-container-core-columns-is-layout-9d6595d7 wp-block-columns-is-layout-flex\"> <div class=\"wp-block-column is-layout-flow wp-block-column-is-layout-flow\"> <figure class=\"wp-block-image size-full\"><img loading=\"lazy\" decoding=\"async\" width=\"720\" height=\"540\" src=\"http:\/\/maizemachine.com\/wp-content\/uploads\/2022\/12\/sweet-corn-seeder.webp\" alt=\"sembradora de ma\u00edz dulce\" class=\"wp-image-235\" title=\"\" srcset=\"https:\/\/maizemachine.com\/wp-content\/uploads\/2022\/12\/sweet-corn-seeder.webp 720w, https:\/\/maizemachine.com\/wp-content\/uploads\/2022\/12\/sweet-corn-seeder-300x225.webp 300w\" sizes=\"auto, (max-width: 720px) 100vw, 720px\" \/><figcaption class=\"wp-element-caption\">Sembradora de ma\u00edz dulce<\/figcaption><\/figure> <\/div>    <div class=\"wp-block-column is-layout-flow wp-block-column-is-layout-flow\"> <figure class=\"wp-block-image size-full\"><img loading=\"lazy\" decoding=\"async\" width=\"720\" height=\"540\" src=\"http:\/\/maizemachine.com\/wp-content\/uploads\/2022\/08\/maize-planter-with-tractor.webp\" alt=\"m\u00e1quina sembradora de ma\u00edz\" class=\"wp-image-79\" title=\"\" srcset=\"https:\/\/maizemachine.com\/wp-content\/uploads\/2022\/08\/maize-planter-with-tractor.webp 720w, https:\/\/maizemachine.com\/wp-content\/uploads\/2022\/08\/maize-planter-with-tractor-300x225.webp 300w\" sizes=\"auto, (max-width: 720px) 100vw, 720px\" \/><figcaption class=\"wp-element-caption\">M\u00e1quina sembradora de ma\u00edz<\/figcaption><\/figure> <\/div>    <div class=\"wp-block-column is-layout-flow wp-block-column-is-layout-flow\"> <figure class=\"wp-block-image size-full\"><img loading=\"lazy\" decoding=\"async\" width=\"720\" height=\"540\" src=\"http:\/\/maizemachine.com\/wp-content\/uploads\/2022\/08\/6-row-maize-planter.webp\" alt=\"sembradora de ma\u00edz de 6 hileras\" class=\"wp-image-141\" title=\"\" srcset=\"https:\/\/maizemachine.com\/wp-content\/uploads\/2022\/08\/6-row-maize-planter.webp 720w, https:\/\/maizemachine.com\/wp-content\/uploads\/2022\/08\/6-row-maize-planter-300x225.webp 300w\" sizes=\"auto, (max-width: 720px) 100vw, 720px\" \/><figcaption class=\"wp-element-caption\">Sembradora de ma\u00edz de 6 hileras<\/figcaption><\/figure> <\/div> <\/div>    <h2 class=\"wp-block-heading\">Plantar ma\u00edz dulce con sembradora de 2 hileras.<\/h2>    <p>El sembrador de ma\u00edz dulce consiste principalmente en una caja de semillas, un abridor de surcos, un descargador de semillas, una caja de fertilizante, un descargador de fertilizante y un dispositivo de acolchado y supresi\u00f3n. En el proceso de siembra, la potencia principal del sembrador proviene del eje de salida de potencia trasera del tractor. Bajo la tracci\u00f3n del tractor, el fresador abre la zanja en el suelo para la siembra y la aplicaci\u00f3n de fertilizante a una profundidad predeterminada. <\/p>    <p>Debido al papel de la fricci\u00f3n, la rueda de tierra en el proceso de avance rueda constantemente e impulsa el trabajo del remero de semillas y del remero de fertilizantes. Luego se descargan las semillas y fertilizantes en los surcos a trav\u00e9s de diferentes l\u00edneas, y el suelo se cubre y compacta mediante un dispositivo de abono y un dispositivo de supresi\u00f3n. Adem\u00e1s de las sembradoras de ma\u00edz convencionales, tambi\u00e9n hay algunas sembradoras de ma\u00edz que pueden lograr funciones de control de plagas y enfermedades y cobertura de mantillo durante la operaci\u00f3n.<\/p>   <div class=\"wp-block-image\"> <figure class=\"aligncenter size-full\"><img loading=\"lazy\" decoding=\"async\" width=\"720\" height=\"540\" src=\"http:\/\/maizemachine.com\/wp-content\/uploads\/2022\/12\/small-sweet-maize-planter.webp\" alt=\"peque\u00f1a sembradora de ma\u00edz dulce\" class=\"wp-image-233\" title=\"\" srcset=\"https:\/\/maizemachine.com\/wp-content\/uploads\/2022\/12\/small-sweet-maize-planter.webp 720w, https:\/\/maizemachine.com\/wp-content\/uploads\/2022\/12\/small-sweet-maize-planter-300x225.webp 300w\" sizes=\"auto, (max-width: 720px) 100vw, 720px\" \/><figcaption class=\"wp-element-caption\">peque\u00f1a sembradora de ma\u00edz dulce<\/figcaption><\/figure> <\/div>   <h2 class=\"wp-block-heading\">\u00bfCu\u00e1les son las ventajas de la m\u00e1quina?<\/h2>    <ol class=\"wp-block-list\"> <li>El dispositivo de siembra tiene una alta precisi\u00f3n de siembra. La tasa de calificaci\u00f3n de siembra es superior a 85%.<\/li>    <li>Alta velocidad de trabajo. Cuando la distancia entre plantas no es inferior a 20 cm, la velocidad de trabajo de la sembradora de ma\u00edz puede alcanzar los 8 km\/h.<\/li>    <li>Espaciado preciso de los hoyos y divisi\u00f3n uniforme de las pl\u00e1ntulas. La sembradora de ma\u00edz dulce puede sembrar los granos de ma\u00edz de manera uniforme. Esto puede hacer que cada planta de ma\u00edz crezca adecuadamente.<\/li>    <li>Excelente material de las piezas principales. Todos los engranajes de la caja de cambios est\u00e1n fabricados en acero de alta calidad y cementados. Las piezas de transmisi\u00f3n est\u00e1n fabricadas con rodamientos de alta calidad.<\/li>    <li>F\u00e1cil de operar. La sembradora de ma\u00edz dulce es f\u00e1cil de comenzar y de operar. La palanca de operaci\u00f3n de la caja de cambios puede controlar el p\u00e9ndulo radial y el movimiento axial del volante al mismo tiempo.<\/li> <\/ol>    <h2 class=\"wp-block-heading\">Par\u00e1metros t\u00e9cnicos de la sembradora de ma\u00edz dulce de 2 hileras.<\/h2>    <figure class=\"wp-block-table\"><table><tbody><tr><td>Dimensi\u00f3n general<\/td><td>1570*1300*1200mm<\/td><\/tr><tr><td>Filas<\/td><td>2 piezas<\/td><\/tr><tr><td>Espaciado de filas<\/td><td>428-570 mm<\/td><\/tr><tr><td>Espaciado de plantas<\/td><td>Ajustable, 140 mm\/173 mm\/226 mm\/280 mm<\/td><\/tr><tr><td>Profundidad de zanjeo<\/td><td>60-80 mm<\/td><\/tr><tr><td>Profundidad de fertilizaci\u00f3n<\/td><td>60-80 mm<\/td><\/tr><tr><td>Profundidad de siembra<\/td><td>30-50 mm<\/td><\/tr><tr><td>La capacidad del tanque de fertilizante.<\/td><td>18,75 litros x2<\/td><\/tr><tr><td>La capacidad de la caja de semillas.<\/td><td>8,5 x 2<\/td><\/tr><tr><td>Peso<\/td><td>150 kilos<\/td><\/tr><tr><td>Poder igualado<\/td><td>12-18 caballos de fuerza<\/td><\/tr><tr><td>Enlace<\/td><td>3 puntas<\/td><\/tr><\/tbody><\/table><\/figure>    <p class=\"translation-block\">Estos son los par\u00e1metros de la sembradora de ma\u00edz dulce de 2 filas. El espaciado entre filas de siembra es de 428-570 mm. El espaciado entre plantas se puede ajustar a 140 mm\/173 mm\/226 mm\/280 mm. La profundidad de siembra es de 30-50 mm. La <a href=\"https:\/\/en.wikipedia.org\/wiki\/Horsepower\" target=\"_blank\" rel=\"noopener\">potencia <\/a>correspondiente es de 12-18hp.<\/p>    <h2 class=\"wp-block-heading\">\u00bfCu\u00e1l es la mejor sembradora para ma\u00edz dulce?<\/h2>    <p class=\"translation-block\">Taizy Corn Machinery tiene la mejor sembradora para ma\u00edz dulce. Tenemos sembradoras de ma\u00edz dulce de 3, 4, 5 y 6 filas a la venta. Ya sea que la est\u00e9 utilizando para uso dom\u00e9stico o comercial, puede elegir la m\u00e1quina adecuada. Como fabricante especializado en maquinaria para ma\u00edz, podemos ofrecer a nuestros clientes no solo sembradoras de ma\u00edz, sino tambi\u00e9n <a href=\"https:\/\/maizemachine.com\/es\/product\/2-row-corn-picker\/\">recolectoras de ma\u00edz de 2 filas<\/a> y <a href=\"https:\/\/maizemachine.com\/es\/product\/sweet-corn-sheller\/\">desgranadoras de ma\u00edz dulce<\/a>.<\/p>   <div class=\"wp-block-image\"> <figure class=\"aligncenter size-full\"><img loading=\"lazy\" decoding=\"async\" width=\"720\" height=\"540\" src=\"http:\/\/maizemachine.com\/wp-content\/uploads\/2022\/08\/maize-planting-machine.webp\" alt=\"maquina sembradora de maiz\" class=\"wp-image-80\" title=\"\" srcset=\"https:\/\/maizemachine.com\/wp-content\/uploads\/2022\/08\/maize-planting-machine.webp 720w, https:\/\/maizemachine.com\/wp-content\/uploads\/2022\/08\/maize-planting-machine-300x225.webp 300w\" sizes=\"auto, (max-width: 720px) 100vw, 720px\" \/><figcaption class=\"wp-element-caption\">maquina sembradora de maiz<\/figcaption><\/figure> <\/div>   <h2 class=\"wp-block-heading\">Notas sobre el funcionamiento de la sembradora de ma\u00edz dulce.<\/h2>    <ol class=\"wp-block-list\"> <li>La sembradora de ma\u00edz dulce s\u00f3lo se puede utilizar despu\u00e9s de que la persona correspondiente haya superado la formaci\u00f3n correspondiente. El operador puede garantizar la calidad de funcionamiento de la sembradora y evitar la aparici\u00f3n de fallas mec\u00e1nicas s\u00f3lo despu\u00e9s de conocer el principio, la estructura y el m\u00e9todo de operaci\u00f3n de la m\u00e1quina.<\/li>    <li>Antes de la operaci\u00f3n, el conductor deber\u00e1 revisar cuidadosamente la sembradora para asegurarse de que la m\u00e1quina est\u00e9 normal y que las piezas clave est\u00e9n bien lubricadas y conectadas.<\/li>    <li>Si se encuentra alguna anomal\u00eda durante el proceso de siembra, la m\u00e1quina se detendr\u00e1 inmediatamente para su inspecci\u00f3n y la operaci\u00f3n de siembra podr\u00e1 continuar s\u00f3lo despu\u00e9s de que se elimine la falla.<\/li>    <li>Al sembrar, el operador deber\u00e1 completar el flujo de trabajo de excavaci\u00f3n de zanjas, dosificaci\u00f3n de semillas, descarga de fertilizante y cobertura del suelo de acuerdo con el espacio entre hileras y la velocidad de operaci\u00f3n especificados.<\/li>    <li>Adem\u00e1s de la operaci\u00f3n estandarizada de acuerdo con los requisitos del fabricante, el conductor tambi\u00e9n debe prestar atenci\u00f3n al mantenimiento diario de la sembradora de ma\u00edz dulce. Esto puede garantizar que la sembradora est\u00e9 siempre en buenas condiciones de funcionamiento para asegurar una buena calidad de siembra y eficiencia en la siembra.<\/li> <\/ol>   <div class=\"wp-block-image\"> <figure class=\"aligncenter size-full\"><img loading=\"lazy\" decoding=\"async\" width=\"720\" height=\"540\" src=\"http:\/\/maizemachine.com\/wp-content\/uploads\/2022\/08\/the-working-picture-of-corn-planting-equipment.webp\" alt=\"imagen de trabajo del equipo de siembra de ma\u00edz\" class=\"wp-image-82\" title=\"\" srcset=\"https:\/\/maizemachine.com\/wp-content\/uploads\/2022\/08\/the-working-picture-of-corn-planting-equipment.webp 720w, https:\/\/maizemachine.com\/wp-content\/uploads\/2022\/08\/the-working-picture-of-corn-planting-equipment-300x225.webp 300w\" sizes=\"auto, (max-width: 720px) 100vw, 720px\" \/><figcaption class=\"wp-element-caption\">imagen de trabajo del equipo de siembra de ma\u00edz<\/figcaption><\/figure> <\/div>   <h2 class=\"wp-block-heading\">\u00bfEn qu\u00e9 mes se debe sembrar el ma\u00edz dulce?<\/h2>    <p>La siembra de ma\u00edz dulce se puede realizar en primavera, de marzo a mayo, y la \u00e9poca de siembra en cada regi\u00f3n variar\u00e1 seg\u00fan el clima. Es importante evitar los periodos calurosos al plantar, ya que este clima puede dificultar el crecimiento de las semillas. E incluso si las pl\u00e1ntulas crecen, pueden ser muy delgadas y peque\u00f1as. Estas pl\u00e1ntulas tendr\u00e1n un rendimiento muy bajo cuando alcancen la madurez. El suelo debe tener buena fertilidad al momento de la siembra. Las semillas de ma\u00edz dulce tambi\u00e9n deben seleccionarse cuidadosamente. De lo contrario, esto afectar\u00e1 directamente el rendimiento del ma\u00edz dulce.<\/p>","protected":false},"excerpt":{"rendered":"<p>Sweet corn planter is a machine that can sow seeds on sweet corn. Sweet corn seeder is the hot selling machine of Taizy Corn Machinery. Our corn planter can do all the processes of loosening, fertilizing, digging trenches, sowing, and covering soil at the same time. Therefore, compared with other corn planter manufacturers, our machine [&hellip;]<\/p>\n","protected":false},"author":1,"featured_media":231,"parent":0,"template":"","tags":[13],"product-type":[7],"class_list":["post-230","product","type-product","status-publish","has-post-thumbnail","hentry","tag-corn-planter","product-type-corn-planter"],"_links":{"self":[{"href":"https:\/\/maizemachine.com\/es\/wp-json\/wp\/v2\/product\/230","targetHints":{"allow":["GET"]}}],"collection":[{"href":"https:\/\/maizemachine.com\/es\/wp-json\/wp\/v2\/product"}],"about":[{"href":"https:\/\/maizemachine.com\/es\/wp-json\/wp\/v2\/types\/product"}],"author":[{"embeddable":true,"href":"https:\/\/maizemachine.com\/es\/wp-json\/wp\/v2\/users\/1"}],"wp:featuredmedia":[{"embeddable":true,"href":"https:\/\/maizemachine.com\/es\/wp-json\/wp\/v2\/media\/231"}],"wp:attachment":[{"href":"https:\/\/maizemachine.com\/es\/wp-json\/wp\/v2\/media?parent=230"}],"wp:term":[{"taxonomy":"post_tag","embeddable":true,"href":"https:\/\/maizemachine.com\/es\/wp-json\/wp\/v2\/tags?post=230"},{"taxonomy":"product-type","embeddable":true,"href":"https:\/\/maizemachine.com\/es\/wp-json\/wp\/v2\/product-type?post=230"}],"curies":[{"name":"wp","href":"https:\/\/api.w.org\/{rel}","templated":true}]}}