{"id":223,"date":"2022-11-30T15:23:19","date_gmt":"2022-11-30T07:23:19","guid":{"rendered":"https:\/\/maizemachine.com\/?post_type=product&#038;p=223"},"modified":"2025-12-30T17:40:02","modified_gmt":"2025-12-30T09:40:02","slug":"small-maize-sheller-machine","status":"publish","type":"product","link":"https:\/\/maizemachine.com\/es\/product\/small-maize-sheller-machine\/","title":{"rendered":"M\u00e1quina de desgranado de ma\u00edz peque\u00f1a de 1,5 toneladas\/h | Desgranadora peque\u00f1a de ma\u00edz"},"content":{"rendered":"<p class=\"translation-block\">La m\u00e1quina peque\u00f1a de c\u00e1scara de ma\u00edz es una m\u00e1quina com\u00fan en<a href=\"https:\/\/maizemachine.com\/es\/\">maquinaria de ma\u00edz<\/a>. La producci\u00f3n de la m\u00e1quina es<strong><mark class=\"has-inline-color has-luminous-vivid-amber-color\">1500kg\/h-2000kg\/h<\/mark><\/strong>, por lo que es especialmente adecuada para peque\u00f1as granjas y familias. <\/p>    <p class=\"translation-block\">Aunque la m\u00e1quina es peque\u00f1a, es potente. Puede trillar y pelar el ma\u00edz. Muchos distribuidores en otros pa\u00edses eligen comprar esta peque\u00f1a desgranadora de ma\u00edz. Porque esta m\u00e1quina es muy popular durante la temporada de cosecha de ma\u00edz. Adem\u00e1s de peque\u00f1as desgranadoras de ma\u00edz, Taizy Corn Machinery Factory tambi\u00e9n tiene desgranadoras de ma\u00edz medianas y <a href=\"http:\/\/commercial corn sheller\">desgranadora de ma\u00edz comercial<\/a> a la venta.<\/p>    <p class=\"translation-block\">Esta trilladora de ma\u00edz puede estar equipada con un<strong><mark class=\"has-inline-color has-luminous-vivid-amber-color\">motor de gasolina<\/mark><\/strong>o un<strong><mark class=\"has-inline-color has-luminous-vivid-amber-color\">motor el\u00e9ctrico<\/mark><\/strong>, adecuado para diversas aplicaciones.<\/p>   <div class=\"wp-block-image\"> <figure class=\"aligncenter size-full\"><img loading=\"lazy\" decoding=\"async\" width=\"720\" height=\"540\" src=\"http:\/\/maizemachine.com\/wp-content\/uploads\/2022\/11\/small-maize-sheller-machine.webp\" alt=\"peque\u00f1a m\u00e1quina desgranadora de ma\u00edz\" class=\"wp-image-228\" title=\"\" srcset=\"https:\/\/maizemachine.com\/wp-content\/uploads\/2022\/11\/small-maize-sheller-machine.webp 720w, https:\/\/maizemachine.com\/wp-content\/uploads\/2022\/11\/small-maize-sheller-machine-300x225.webp 300w\" sizes=\"auto, (max-width: 720px) 100vw, 720px\" \/><figcaption class=\"wp-element-caption\">peque\u00f1a m\u00e1quina desgranadora de ma\u00edz<\/figcaption><\/figure> <\/div>   <h2 class=\"wp-block-heading\">Ventajas de la desgranadora de ma\u00edz peque\u00f1a<\/h2>    <div class=\"wp-block-columns is-layout-flex wp-container-core-columns-is-layout-9d6595d7 wp-block-columns-is-layout-flex\"> <div class=\"wp-block-column is-layout-flow wp-block-column-is-layout-flow\"> <p class=\"has-text-align-center translation-block\"><strong>Alta eficiencia<\/strong><\/p>    <p class=\"translation-block\">Procesa<strong><mark class=\"has-inline-color has-luminous-vivid-amber-color\">1500\u20132000 kg<\/mark><\/strong>de ma\u00edz por hora, asegurando una velocidad de trilla r\u00e1pida y operaci\u00f3n continua. Ideal para procesamiento de ma\u00edz a peque\u00f1a y mediana escala.<\/p> <\/div>    <div class=\"wp-block-column is-layout-flow wp-block-column-is-layout-flow\"> <p class=\"has-text-align-center translation-block\"><strong>Opciones de energ\u00eda flexibles<\/strong><\/p>    <p class=\"translation-block\">Puede estar equipada con un<strong><mark class=\"has-inline-color has-luminous-vivid-amber-color\">motor de gasolina<\/mark><\/strong>o un<strong><mark class=\"has-inline-color has-luminous-vivid-amber-color\">motor el\u00e9ctrico de 2.2 kW<\/mark><\/strong>, permitiendo a los usuarios elegir seg\u00fan el suministro de energ\u00eda local o la disponibilidad de combustible\u2014perfecto para \u00e1reas rurales o sin conexi\u00f3n a la red el\u00e9ctrica.<\/p> <\/div> <\/div>    <div class=\"wp-block-columns is-layout-flex wp-container-core-columns-is-layout-9d6595d7 wp-block-columns-is-layout-flex\"> <div class=\"wp-block-column is-layout-flow wp-block-column-is-layout-flow\"> <p class=\"has-text-align-center translation-block\"><strong>Estructura compacta y f\u00e1cil movilidad<\/strong><\/p>    <p class=\"translation-block\">Con un peso de solo<strong><mark class=\"has-inline-color has-luminous-vivid-amber-color\">65 kg<\/mark><\/strong>y dimensiones de<strong> <mark class=\"has-inline-color has-luminous-vivid-amber-color\">440\u00d7400\u00d7800<\/mark><\/strong>mm, la m\u00e1quina es ligera, ahorra espacio y es f\u00e1cil de mover, instalar y almacenar.<\/p> <\/div>    <div class=\"wp-block-column is-layout-flow wp-block-column-is-layout-flow\"> <p class=\"has-text-align-center translation-block\"><strong>Rendimiento duradero y estable<\/strong><\/p>    <p>Construido con acero de alta calidad, con rotor reforzado y estructura robusta. La m\u00e1quina funciona suavemente con poca vibraci\u00f3n, ofreciendo una larga vida \u00fatil y operaci\u00f3n confiable.<\/p> <\/div> <\/div>   <div class=\"wp-block-image\"> <figure class=\"aligncenter size-full\"><img loading=\"lazy\" decoding=\"async\" width=\"720\" height=\"540\" src=\"http:\/\/maizemachine.com\/wp-content\/uploads\/2022\/11\/small-corn-sheller-for-sale.jpg\" alt=\"Se vende desgranadora de ma\u00edz peque\u00f1a\" class=\"wp-image-226\" title=\"\" srcset=\"https:\/\/maizemachine.com\/wp-content\/uploads\/2022\/11\/small-corn-sheller-for-sale.jpg 720w, https:\/\/maizemachine.com\/wp-content\/uploads\/2022\/11\/small-corn-sheller-for-sale-300x225.jpg 300w\" sizes=\"auto, (max-width: 720px) 100vw, 720px\" \/><figcaption class=\"wp-element-caption\">Se vende desgranadora de ma\u00edz peque\u00f1a<\/figcaption><\/figure> <\/div>   <div class=\"wp-block-columns is-layout-flex wp-container-core-columns-is-layout-9d6595d7 wp-block-columns-is-layout-flex\"> <div class=\"wp-block-column is-layout-flow wp-block-column-is-layout-flow\"> <p class=\"has-text-align-center translation-block\"><strong>Separaci\u00f3n limpia, baja rotura<\/strong><\/p>    <p class=\"translation-block\">El dise\u00f1o optimizado del tambor logra una tasa de limpieza superior a<strong><mark class=\"has-inline-color has-luminous-vivid-amber-color\">98%<\/mark><\/strong>y baja rotura de granos, reduciendo la p\u00e9rdida de grano y mejorando el rendimiento.<\/p> <\/div>    <div class=\"wp-block-column is-layout-flow wp-block-column-is-layout-flow\"> <p class=\"has-text-align-center translation-block\"><strong>Salida limpia y f\u00e1cil mantenimiento<\/strong><\/p>    <p>El ventilador incorporado elimina autom\u00e1ticamente polvo e impurezas durante el funcionamiento, asegurando una salida de ma\u00edz m\u00e1s limpia. La estructura sencilla permite un mantenimiento r\u00e1pido y un f\u00e1cil reemplazo de piezas, minimizando el tiempo de inactividad.<\/p> <\/div> <\/div>    <h2 class=\"wp-block-heading\">Estructura de la peque\u00f1a m\u00e1quina desgranadora de ma\u00edz.<\/h2>    <p>La trilladora de ma\u00edz dom\u00e9stica se compone de una entrada de alimento, una sala de trilla y pelado, un motor o motor de gasolina, una salida de grano de ma\u00edz y una salida de palo de ma\u00edz, un ventilador y un marco. El tama\u00f1o de la entrada de alimentaci\u00f3n es de 330 mm de ancho y 360 mm de largo. La abertura de alimentaci\u00f3n tiene un tama\u00f1o que permite colocar f\u00e1cilmente el ma\u00edz.<\/p>   <div class=\"wp-block-image\"> <figure class=\"aligncenter size-full\"><img loading=\"lazy\" decoding=\"async\" width=\"720\" height=\"540\" src=\"http:\/\/maizemachine.com\/wp-content\/uploads\/2022\/11\/structure-of-small-maize-sheller.webp\" alt=\"estructura de la peque\u00f1a desgranadora de ma\u00edz\" class=\"wp-image-229\" title=\"\" srcset=\"https:\/\/maizemachine.com\/wp-content\/uploads\/2022\/11\/structure-of-small-maize-sheller.webp 720w, https:\/\/maizemachine.com\/wp-content\/uploads\/2022\/11\/structure-of-small-maize-sheller-300x225.webp 300w\" sizes=\"auto, (max-width: 720px) 100vw, 720px\" \/><figcaption class=\"wp-element-caption\">estructura de la peque\u00f1a desgranadora de ma\u00edz<\/figcaption><\/figure> <\/div>   <h2 class=\"wp-block-heading\">Par\u00e1metros de la m\u00e1quina<\/h2>    <figure class=\"wp-block-table\"><table><tbody><tr><td>Modelo<\/td><td>TZ-1500<\/td><\/tr><tr><td>Fuerza<\/td><td>Motor de gasolina o motor el\u00e9ctrico de 2.2Kw<\/td><\/tr><tr><td>Capacidad<\/td><td>1500-2000kg\/h<\/td><\/tr><tr><td>Peso de la m\u00e1quina<\/td><td>65 kilos<\/td><\/tr><tr><td>Tama\u00f1o de la m\u00e1quina<\/td><td>440*400*800mm<\/td><\/tr><\/tbody><\/table><\/figure>    <h2 class=\"wp-block-heading\">\u00bfC\u00f3mo funciona una peque\u00f1a m\u00e1quina desgranadora de ma\u00edz?<\/h2>    <p>El principio de funcionamiento de la desgranadora de ma\u00edz es trillar el ma\u00edz mediante la fricci\u00f3n del tambor dentro de la m\u00e1quina. El espacio entre los rodillos no aplastar\u00e1 la mazorca de ma\u00edz. Entonces el grano de ma\u00edz saldr\u00e1 por la salida del grano de ma\u00edz, y la mazorca saldr\u00e1 por otra salida. Este es el proceso de trabajo de una mini trilladora de ma\u00edz.<\/p>    <h2 class=\"wp-block-heading\">Precio de la mini m\u00e1quina trilladora de ma\u00edz<\/h2>    <p>El precio de una m\u00e1quina peque\u00f1a de c\u00e1scara de ma\u00edz es relativamente econ\u00f3mico porque su estructura es sencilla y su capacidad no es tan grande como la de las trilladoras comerciales. Por lo tanto, los distribuidores en muchos pa\u00edses compran esta peque\u00f1a c\u00e1scara de ma\u00edz y luego la venden a los agricultores. Debido a la influencia de la distancia y las tasas de cambio, no podemos ofrecerle una cotizaci\u00f3n espec\u00edfica aqu\u00ed. Si desea conocer el precio de la m\u00e1quina, no dude en contactarnos. Nuestro equipo de ventas le responder\u00e1 a tiempo.<\/p>   <div class=\"wp-block-image\"> <figure class=\"aligncenter size-full\"><img loading=\"lazy\" decoding=\"async\" width=\"720\" height=\"540\" src=\"http:\/\/maizemachine.com\/wp-content\/uploads\/2022\/11\/shipment-picture.webp\" alt=\"imagen de env\u00edo\" class=\"wp-image-225\" title=\"\" srcset=\"https:\/\/maizemachine.com\/wp-content\/uploads\/2022\/11\/shipment-picture.webp 720w, https:\/\/maizemachine.com\/wp-content\/uploads\/2022\/11\/shipment-picture-300x225.webp 300w\" sizes=\"auto, (max-width: 720px) 100vw, 720px\" \/><figcaption class=\"wp-element-caption\">imagen de env\u00edo<\/figcaption><\/figure> <\/div>   <h2 class=\"wp-block-heading\">\u00bfPor qu\u00e9 los clientes eligen nuestra mini trilladora de ma\u00edz?<\/h2>    <p class=\"translation-block\">En primer lugar, esta peque\u00f1a m\u00e1quina de c\u00e1scara de ma\u00edz no solo trilla sino que tambi\u00e9n pela. Es una m\u00e1quina de doble uso. Adem\u00e1s, el efecto de trilla de la m\u00e1quina es bueno, y la tasa de eliminaci\u00f3n de granos de ma\u00edz alcanza el 99%. En segundo lugar, la eficiencia de producci\u00f3n de<strong>1500-2000 kg<\/strong>por hora puede satisfacer las necesidades de trilla de familias y peque\u00f1as granjas. Finalmente, el mazorquero y el ma\u00edz saldr\u00e1n por las dos bocas respectivamente. Los usuarios no pierden tiempo ni energ\u00eda en la clasificaci\u00f3n.<\/p>   <div class=\"wp-block-image\"> <figure class=\"aligncenter size-full\"><img loading=\"lazy\" decoding=\"async\" width=\"720\" height=\"540\" src=\"https:\/\/maizemachine.com\/wp-content\/uploads\/2023\/07\/Certificates.webp\" alt=\"Certificados\" class=\"wp-image-683\" title=\"\" srcset=\"https:\/\/maizemachine.com\/wp-content\/uploads\/2023\/07\/Certificates.webp 720w, https:\/\/maizemachine.com\/wp-content\/uploads\/2023\/07\/Certificates-300x225.webp 300w, https:\/\/maizemachine.com\/wp-content\/uploads\/2023\/07\/Certificates-16x12.webp 16w\" sizes=\"auto, (max-width: 720px) 100vw, 720px\" \/><figcaption class=\"wp-element-caption\">Certificados<\/figcaption><\/figure> <\/div>   <p><\/p>","protected":false},"excerpt":{"rendered":"<p>Small maize sheller machine is a common machine in corn machinery. The output of the machine is 1500kg\/h-2000kg\/h, so it is especially suitable for small farms and families. Although the machine is small, it is powerful. It can thresh and peel corn. Many dealers in other countries choose to buy this small maize thresher. Because [&hellip;]<\/p>\n","protected":false},"author":1,"featured_media":227,"parent":0,"template":"","tags":[14,15,16],"product-type":[9],"class_list":["post-223","product","type-product","status-publish","has-post-thumbnail","hentry","tag-corn-sheller","tag-maize-sheller","tag-small-maize-sheller-machine","product-type-corn-sheller-machine"],"_links":{"self":[{"href":"https:\/\/maizemachine.com\/es\/wp-json\/wp\/v2\/product\/223","targetHints":{"allow":["GET"]}}],"collection":[{"href":"https:\/\/maizemachine.com\/es\/wp-json\/wp\/v2\/product"}],"about":[{"href":"https:\/\/maizemachine.com\/es\/wp-json\/wp\/v2\/types\/product"}],"author":[{"embeddable":true,"href":"https:\/\/maizemachine.com\/es\/wp-json\/wp\/v2\/users\/1"}],"wp:featuredmedia":[{"embeddable":true,"href":"https:\/\/maizemachine.com\/es\/wp-json\/wp\/v2\/media\/227"}],"wp:attachment":[{"href":"https:\/\/maizemachine.com\/es\/wp-json\/wp\/v2\/media?parent=223"}],"wp:term":[{"taxonomy":"post_tag","embeddable":true,"href":"https:\/\/maizemachine.com\/es\/wp-json\/wp\/v2\/tags?post=223"},{"taxonomy":"product-type","embeddable":true,"href":"https:\/\/maizemachine.com\/es\/wp-json\/wp\/v2\/product-type?post=223"}],"curies":[{"name":"wp","href":"https:\/\/api.w.org\/{rel}","templated":true}]}}