{"id":120,"date":"2022-08-24T07:14:33","date_gmt":"2022-08-24T07:14:33","guid":{"rendered":"https:\/\/maizemachine.com\/?post_type=product&#038;p=120"},"modified":"2025-10-28T16:13:14","modified_gmt":"2025-10-28T08:13:14","slug":"sweet-corn-sheller","status":"publish","type":"product","link":"https:\/\/maizemachine.com\/es\/product\/sweet-corn-sheller\/","title":{"rendered":"Desgranadora de ma\u00edz dulce | M\u00e1quina desgranadora de ma\u00edz fresco"},"content":{"rendered":"<p class=\"translation-block\">El descascarador de ma\u00edz dulce es una m\u00e1quina que obtiene los granos de ma\u00edz de las mazorcas frescas. Puede pelar completamente los granos de ma\u00edz en la mazorca. En la maquinaria de procesamiento de ma\u00edz Taizy, no solo tenemos desgranadores de ma\u00edz fresco sino tambi\u00e9n<a href=\"https:\/\/maizemachine.com\/es\/product\/maize-sheller\/\">desgranadores de ma\u00edz secos<\/a>. Se cree que estos dos equipos de separaci\u00f3n pueden satisfacer las necesidades de desgranado de los clientes. <\/p>    <p class=\"translation-block\">Esta peque\u00f1a m\u00e1quina de pelar ma\u00edz dulce est\u00e1 especialmente dise\u00f1ada para ma\u00edz fresco, ma\u00edz dulce y ma\u00edz ceroso. Puede procesar<strong><mark class=\"has-inline-color has-luminous-vivid-amber-color\">400\u2013500 kg por hora<\/mark><\/strong>con un rendimiento estable y eficiente. Los granos permanecen intactos y la tasa de pelado alcanza hasta<mark class=\"has-inline-color has-luminous-vivid-amber-color\"> <strong>98%<\/strong>.<\/mark>Se usa ampliamente en el procesamiento de ma\u00edz congelado, ma\u00edz enlatado y granos de ma\u00edz envasados, convirti\u00e9ndola en una m\u00e1quina ideal para plantas modernas de procesamiento de ma\u00edz, f\u00e1bricas de alimentos y procesadores de productos agr\u00edcolas.<\/p>   <div class=\"wp-block-image\"> <figure class=\"aligncenter size-full\"><img loading=\"lazy\" decoding=\"async\" width=\"720\" height=\"534\" src=\"http:\/\/maizemachine.com\/wp-content\/uploads\/2022\/08\/fresh-corn-sheller-machine.webp\" alt=\"m\u00e1quina desgranadora de ma\u00edz fresco\" class=\"wp-image-126\" title=\"\" srcset=\"https:\/\/maizemachine.com\/wp-content\/uploads\/2022\/08\/fresh-corn-sheller-machine.webp 720w, https:\/\/maizemachine.com\/wp-content\/uploads\/2022\/08\/fresh-corn-sheller-machine-300x223.webp 300w\" sizes=\"auto, (max-width: 720px) 100vw, 720px\" \/><figcaption class=\"wp-element-caption\">m\u00e1quina desgranadora de ma\u00edz fresco<\/figcaption><\/figure> <\/div>   <p class=\"translation-block\">Debido a las ventajas de los desgranadores de ma\u00edz fresco, nuestras m\u00e1quinas han sido exportadas a Singapur, Rusia, M\u00e9xico, Indonesia, Estados Unidos,<a href=\"https:\/\/en.wikipedia.org\/wiki\/Ghana\" target=\"_blank\" rel=\"noopener\">Ghana<\/a>, Nigeria y otros pa\u00edses.<\/p>    <figure class=\"wp-block-embed is-type-video is-provider-youtube wp-block-embed-youtube wp-embed-aspect-16-9 wp-has-aspect-ratio\"><div class=\"wp-block-embed__wrapper\"> <iframe loading=\"lazy\" title=\"\u00a1M\u00e1quina de descascarar ma\u00edz dulce \u2014 elimina los granos en segundos! #ma\u00edz dulce #desgranador de ma\u00edz #procesamiento de ma\u00edz\" width=\"500\" height=\"281\" src=\"https:\/\/www.youtube.com\/embed\/iA9_fqDLDgo?feature=oembed\" frameborder=\"0\" allow=\"accelerometer; autoplay; clipboard-write; encrypted-media; gyroscope; picture-in-picture; web-share\" referrerpolicy=\"strict-origin-when-cross-origin\" allowfullscreen><\/iframe> <\/div><\/figure>    <h2 class=\"wp-block-heading\" id=\"h-structure-of-sweet-corn-sheller\">Estructura de la desgranadora de ma\u00edz dulce.<\/h2>    <p>La estructura de la m\u00e1quina desgranadora de ma\u00edz fresco incluye una caja de control el\u00e9ctrica, entrada de ma\u00edz, salida de granos de ma\u00edz, rodillo de goma, rueda de descarga m\u00f3vil, soplador, cinta transportadora externa m\u00f3vil, etc. Los accesorios de la m\u00e1quina incluyen cuchillos, cojinetes, botones, ruedas, etc. La desgranadora de ma\u00edz dulce de esta m\u00e1quina est\u00e1 fabricada en acero inoxidable 304. Por lo tanto, tiene las caracter\u00edsticas de alta eficiencia en el trabajo y durabilidad. Adem\u00e1s, el material de la m\u00e1quina de alimentos tambi\u00e9n puede hacer que comamos m\u00e1s tranquilos.<\/p>   <div class=\"wp-block-image\"> <figure class=\"aligncenter size-full\"><img loading=\"lazy\" decoding=\"async\" width=\"720\" height=\"540\" src=\"https:\/\/maizemachine.com\/wp-content\/uploads\/2023\/07\/The-Structure-of-Sweet-Corn-Thresher.webp\" alt=\"La estructura de la Desgranadora de Ma\u00edz Dulce\" class=\"wp-image-687\" title=\"\" srcset=\"https:\/\/maizemachine.com\/wp-content\/uploads\/2023\/07\/The-Structure-of-Sweet-Corn-Thresher.webp 720w, https:\/\/maizemachine.com\/wp-content\/uploads\/2023\/07\/The-Structure-of-Sweet-Corn-Thresher-300x225.webp 300w, https:\/\/maizemachine.com\/wp-content\/uploads\/2023\/07\/The-Structure-of-Sweet-Corn-Thresher-16x12.webp 16w\" sizes=\"auto, (max-width: 720px) 100vw, 720px\" \/><figcaption class=\"wp-element-caption\">La estructura de la Desgranadora de Ma\u00edz Dulce<\/figcaption><\/figure> <\/div>   <h2 class=\"wp-block-heading\" id=\"h-how-does-the-sweet-corn-thresher-work\">\u00bfC\u00f3mo funciona la trilladora de ma\u00edz dulce?<\/h2>    <p>Despu\u00e9s de colocar la mazorca en la cinta transportadora, la cadena de la cinta mover\u00e1 la cinta hacia adelante y la enviar\u00e1 al dispositivo de trilla. Luego, el rodillo de goma sujetar\u00e1 la mazorca en el cortador. El rodillo de goma se usa para fijar la mazorca y evitar que se mueva. <\/p>    <p>Luego, la cuchilla pasa a trav\u00e9s de la maza y pela el ma\u00edz de la mazorca. Finalmente, los granos de ma\u00edz ser\u00e1n descargados por la salida de granos. La mazorca ser\u00e1 descargada por la otra salida.<\/p>    <figure class=\"wp-block-gallery has-nested-images columns-default is-cropped wp-block-gallery-2 is-layout-flex wp-block-gallery-is-layout-flex\"> <figure class=\"wp-block-image size-large\"><img loading=\"lazy\" decoding=\"async\" width=\"720\" height=\"540\" data-id=\"685\" src=\"https:\/\/maizemachine.com\/wp-content\/uploads\/2023\/07\/roller.webp\" alt=\"rodillo\" class=\"wp-image-685\" title=\"\" srcset=\"https:\/\/maizemachine.com\/wp-content\/uploads\/2023\/07\/roller.webp 720w, https:\/\/maizemachine.com\/wp-content\/uploads\/2023\/07\/roller-300x225.webp 300w, https:\/\/maizemachine.com\/wp-content\/uploads\/2023\/07\/roller-16x12.webp 16w\" sizes=\"auto, (max-width: 720px) 100vw, 720px\" \/><figcaption class=\"wp-element-caption\">Rodillo<\/figcaption><\/figure>    <figure class=\"wp-block-image size-large\"><img loading=\"lazy\" decoding=\"async\" width=\"720\" height=\"540\" data-id=\"689\" src=\"https:\/\/maizemachine.com\/wp-content\/uploads\/2023\/07\/knife-group.webp\" alt=\"grupo de cuchillas\" class=\"wp-image-689\" title=\"\" srcset=\"https:\/\/maizemachine.com\/wp-content\/uploads\/2023\/07\/knife-group.webp 720w, https:\/\/maizemachine.com\/wp-content\/uploads\/2023\/07\/knife-group-300x225.webp 300w, https:\/\/maizemachine.com\/wp-content\/uploads\/2023\/07\/knife-group-16x12.webp 16w\" sizes=\"auto, (max-width: 720px) 100vw, 720px\" \/><figcaption class=\"wp-element-caption\">Grupo de cuchillas<\/figcaption><\/figure> <\/figure>    <h3 class=\"wp-block-heading\">Video de funcionamiento de la m\u00e1quina<\/h3>    <figure class=\"wp-block-embed is-type-video is-provider-youtube wp-block-embed-youtube wp-embed-aspect-16-9 wp-has-aspect-ratio\"><div class=\"wp-block-embed__wrapper\"> <iframe loading=\"lazy\" title=\"Desgranadora de ma\u00edz dulce | Video de trabajo de la m\u00e1quina trilladora de ma\u00edz fresco\" width=\"500\" height=\"281\" src=\"https:\/\/www.youtube.com\/embed\/1D8OouKrvSA?feature=oembed\" frameborder=\"0\" allow=\"accelerometer; autoplay; clipboard-write; encrypted-media; gyroscope; picture-in-picture; web-share\" referrerpolicy=\"strict-origin-when-cross-origin\" allowfullscreen><\/iframe> <\/div><\/figure>    <h2 class=\"wp-block-heading\" id=\"h-machine-specifications\">Especificaciones de la m\u00e1quina<\/h2>    <figure class=\"wp-block-table\"><table><tbody><tr><td>Modelo<\/td><td>SL-268<\/td><td>SL-368<\/td><\/tr><tr><td>Capacidad<\/td><td>400-500kg\/h<\/td><td>400-500kg\/h<\/td><\/tr><tr><td>Peso<\/td><td>100 kilos<\/td><td>110 kilos<\/td><\/tr><tr><td>Tama\u00f1o (mm)<\/td><td>700(largo)*620(ancho)*1250(alto)<\/td><td>1320(largo)*620(ancho)*1250(alto)<\/td><\/tr><tr><td>Voltaje<\/td><td>220V, 1 fase<\/td><td>220V, 1 fase<\/td><\/tr><tr><td>Fuerza<\/td><td>2,2 kw<\/td><td>2,2 kw<\/td><\/tr><\/tbody><\/table><\/figure>    <p class=\"translation-block\">Disponemos de dos m\u00e1quinas de pelar ma\u00edz dulce en venta. Una sin cinta transportadora y otra con cinta transportadora. La producci\u00f3n de ambas m\u00e1quinas es superior a<strong><mark class=\"has-inline-color has-luminous-vivid-amber-color\">400-500 kg\/h<\/mark><\/strong>. El peso de la cinta transportadora es 10 kg mayor que el de la sin cinta. Las dimensiones de la m\u00e1quina son<strong><mark class=\"has-inline-color has-luminous-vivid-amber-color\">720 * 620 * 1250<\/mark><\/strong>y<strong><mark class=\"has-inline-color has-luminous-vivid-amber-color\">1320 * 620 * 1250<\/mark><\/strong>respectivamente. Puede elegir su desgranadora de ma\u00edz fresco seg\u00fan sus necesidades.<\/p>    <figure class=\"wp-block-gallery has-nested-images columns-default is-cropped wp-block-gallery-3 is-layout-flex wp-block-gallery-is-layout-flex\"> <figure class=\"wp-block-image size-large\"><img loading=\"lazy\" decoding=\"async\" width=\"720\" height=\"540\" data-id=\"389\" src=\"https:\/\/maizemachine.com\/wp-content\/uploads\/2023\/07\/machine-without-conveyor-belt.webp\" alt=\"maquina sin cinta transportadora\" class=\"wp-image-389\" title=\"\" srcset=\"https:\/\/maizemachine.com\/wp-content\/uploads\/2023\/07\/machine-without-conveyor-belt.webp 720w, https:\/\/maizemachine.com\/wp-content\/uploads\/2023\/07\/machine-without-conveyor-belt-300x225.webp 300w, https:\/\/maizemachine.com\/wp-content\/uploads\/2023\/07\/machine-without-conveyor-belt-16x12.webp 16w\" sizes=\"auto, (max-width: 720px) 100vw, 720px\" \/><figcaption class=\"wp-element-caption\">M\u00e1quina sin cinta transportadora<\/figcaption><\/figure>    <figure class=\"wp-block-image size-large\"><img loading=\"lazy\" decoding=\"async\" width=\"720\" height=\"540\" data-id=\"390\" src=\"https:\/\/maizemachine.com\/wp-content\/uploads\/2023\/07\/sweet-corn-sheller-with-conveyor-belt.webp\" alt=\"Desgranadora de ma\u00edz dulce con cinta transportadora\" class=\"wp-image-390\" title=\"\" srcset=\"https:\/\/maizemachine.com\/wp-content\/uploads\/2023\/07\/sweet-corn-sheller-with-conveyor-belt.webp 720w, https:\/\/maizemachine.com\/wp-content\/uploads\/2023\/07\/sweet-corn-sheller-with-conveyor-belt-300x225.webp 300w, https:\/\/maizemachine.com\/wp-content\/uploads\/2023\/07\/sweet-corn-sheller-with-conveyor-belt-16x12.webp 16w\" sizes=\"auto, (max-width: 720px) 100vw, 720px\" \/><figcaption class=\"wp-element-caption\">Desgranadora de ma\u00edz dulce con cinta transportadora<\/figcaption><\/figure> <\/figure>    <h2 class=\"wp-block-heading\">Caracter\u00edsticas de la m\u00e1quina de pelar ma\u00edz fresco<\/h2>    <div class=\"wp-block-columns is-layout-flex wp-container-core-columns-is-layout-9d6595d7 wp-block-columns-is-layout-flex\"> <div class=\"wp-block-column is-layout-flow wp-block-column-is-layout-flow\"> <p class=\"has-text-align-center translation-block\"><strong>Ahorre m\u00e1s tiempo<\/strong><\/p>    <p class=\"translation-block\">Con esta m\u00e1quina de pelar ma\u00edz dulce, puede procesar<strong><mark class=\"has-inline-color has-luminous-vivid-amber-color\">400\u2013500 kg<\/mark><\/strong>de ma\u00edz por hora, permiti\u00e9ndole manejar grandes lotes de manera eficiente y satisfacer la demanda del mercado sin demora.<\/p> <\/div>    <div class=\"wp-block-column is-layout-flow wp-block-column-is-layout-flow\"> <p class=\"has-text-align-center translation-block\"><strong>Tambor de pelado de alto rendimiento<\/strong><\/p>    <p class=\"translation-block\">Equipado con una estructura de espiral especial, el tambor funciona suavemente para lograr una tasa de pelado de m\u00e1s del 98% mientras mantiene la rotura de granos por debajo de<strong><mark class=\"has-inline-color has-luminous-vivid-amber-color\">1%<\/mark>.<\/strong><\/p> <\/div> <\/div>    <div class=\"wp-block-columns is-layout-flex wp-container-core-columns-is-layout-9d6595d7 wp-block-columns-is-layout-flex\"> <div class=\"wp-block-column is-layout-flow wp-block-column-is-layout-flow\"> <p class=\"has-text-align-center translation-block\"><strong>Cuerpo de acero inoxidable duradero<\/strong><\/p>    <p class=\"translation-block\">Todas las partes en contacto con el material est\u00e1n hechas de<strong><mark class=\"has-inline-color has-luminous-vivid-amber-color\">acero inoxidable de grado alimenticio 304<\/mark><\/strong>, garantizando durabilidad, higiene y f\u00e1cil limpieza en cumplimiento con las normas de seguridad alimentaria.<\/p> <\/div>    <div class=\"wp-block-column is-layout-flow wp-block-column-is-layout-flow\"> <p class=\"has-text-align-center translation-block\"><strong>Espacio ajustable de la cuchilla<\/strong><\/p>    <p>La separaci\u00f3n entre las cuchillas se puede ajustar f\u00e1cilmente para adaptarse a diferentes di\u00e1metros de mazorca, garantizando un pelado completo para todas las variedades de ma\u00edz dulce.<\/p> <\/div> <\/div>    <div class=\"wp-block-columns is-layout-flex wp-container-core-columns-is-layout-9d6595d7 wp-block-columns-is-layout-flex\"> <div class=\"wp-block-column is-layout-flow wp-block-column-is-layout-flow\"> <p class=\"has-text-align-center translation-block\"><strong>Sistema de separaci\u00f3n autom\u00e1tica<\/strong><\/p>    <p>Despu\u00e9s de pelar, la m\u00e1quina separa autom\u00e1ticamente los granos de ma\u00edz de las mazorcas, eliminando la necesidad de clasificaci\u00f3n manual o refiltrado.<\/p> <\/div>    <div class=\"wp-block-column is-layout-flow wp-block-column-is-layout-flow\"> <p class=\"has-text-align-center translation-block\"><strong>Rendimiento confiable del motor<\/strong><\/p>    <p class=\"translation-block\">Impulsada por un<strong><mark class=\"has-inline-color has-luminous-vivid-amber-color\">motor de cobre de 2.2 kW<\/mark><\/strong>, ofrece un torque fuerte con bajo ruido y bajo consumo de energ\u00eda \u2014 perfecta para operaci\u00f3n continua en entornos de producci\u00f3n.<\/p> <\/div> <\/div>   <div class=\"wp-block-image\"> <figure class=\"aligncenter size-full\"><img loading=\"lazy\" decoding=\"async\" width=\"720\" height=\"540\" src=\"https:\/\/maizemachine.com\/wp-content\/uploads\/2023\/07\/sweet-corn-Thresher-machine.webp\" alt=\"M\u00e1quina Desgranadora de Ma\u00edz Dulce\" class=\"wp-image-691\" title=\"\" srcset=\"https:\/\/maizemachine.com\/wp-content\/uploads\/2023\/07\/sweet-corn-Thresher-machine.webp 720w, https:\/\/maizemachine.com\/wp-content\/uploads\/2023\/07\/sweet-corn-Thresher-machine-300x225.webp 300w, https:\/\/maizemachine.com\/wp-content\/uploads\/2023\/07\/sweet-corn-Thresher-machine-16x12.webp 16w\" sizes=\"auto, (max-width: 720px) 100vw, 720px\" \/><figcaption class=\"wp-element-caption\">M\u00e1quina Desgranadora de Ma\u00edz Dulce<\/figcaption><\/figure> <\/div>   <h2 class=\"wp-block-heading\" id=\"h-application-of-fresh-corn-sheller\">Aplicaci\u00f3n de desgranadora de ma\u00edz fresco.<\/h2>    <p>La trilladora de ma\u00edz dulce puede trillar todo tipo de ma\u00edz fresco, ma\u00edz dulce, ma\u00edz cocido, ma\u00edz ceroso y ma\u00edz descongelado. Por lo tanto, esta trilladora se puede utilizar en las principales plantas de alimentos, plantas de enlatado de ma\u00edz, plantas de bebidas de ma\u00edz y plantas de jarabe de ma\u00edz.<\/p>   <div class=\"wp-block-image\"> <figure class=\"aligncenter size-full\"><img loading=\"lazy\" decoding=\"async\" width=\"720\" height=\"540\" src=\"http:\/\/maizemachine.com\/wp-content\/uploads\/2022\/08\/finished-product.webp\" alt=\"producto terminado\" class=\"wp-image-124\" title=\"\" srcset=\"https:\/\/maizemachine.com\/wp-content\/uploads\/2022\/08\/finished-product.webp 720w, https:\/\/maizemachine.com\/wp-content\/uploads\/2022\/08\/finished-product-300x225.webp 300w\" sizes=\"auto, (max-width: 720px) 100vw, 720px\" \/><figcaption class=\"wp-element-caption\">producto terminado<\/figcaption><\/figure> <\/div>   <h2 class=\"wp-block-heading\" id=\"h-advantages-of-sweet-corn-thresher\">Ventajas de la trilladora de ma\u00edz dulce<\/h2>    <ol class=\"wp-block-list\"> <li>Alto \u00edndice de trilla. La tasa de trilla de nuestra m\u00e1quina desgranadora de ma\u00edz fresco es tan alta como 100%.<\/li>    <li>Amplia gama de aplicaciones. La m\u00e1quina puede procesar ma\u00edz dulce, ma\u00edz fresco y ma\u00edz ceroso. Puedes usarlo en las principales f\u00e1bricas de alimentos.<\/li>    <li>F\u00e1cil de mover. Hay ruedas en la parte inferior de la m\u00e1quina. Para que puedas moverlo f\u00e1cilmente.<\/li>    <li>Herramientas duraderas. El cortador de la m\u00e1quina est\u00e1 fabricado en acero inoxidable especial. Es fuerte y duradero.<\/li>    <li>Tama\u00f1o peque\u00f1o, alta eficiencia en el trabajo.<\/li> <\/ol>   <div class=\"wp-block-image\"> <figure class=\"aligncenter size-full\"><img loading=\"lazy\" decoding=\"async\" width=\"720\" height=\"540\" src=\"https:\/\/maizemachine.com\/wp-content\/uploads\/2023\/07\/sweet-corn-shelling-machine.webp\" alt=\"M\u00e1quina Desgranadora de Ma\u00edz Dulce\" class=\"wp-image-690\" title=\"\" srcset=\"https:\/\/maizemachine.com\/wp-content\/uploads\/2023\/07\/sweet-corn-shelling-machine.webp 720w, https:\/\/maizemachine.com\/wp-content\/uploads\/2023\/07\/sweet-corn-shelling-machine-300x225.webp 300w, https:\/\/maizemachine.com\/wp-content\/uploads\/2023\/07\/sweet-corn-shelling-machine-16x12.webp 16w\" sizes=\"auto, (max-width: 720px) 100vw, 720px\" \/><figcaption class=\"wp-element-caption\">M\u00e1quina Desgranadora de Ma\u00edz Dulce<\/figcaption><\/figure> <\/div>   <h2 class=\"wp-block-heading\">\u00bfC\u00f3mo limpiar la c\u00e1scara de ma\u00edz dulce?<\/h2>    <p>Pasos para limpiar la m\u00e1quina de pelar ma\u00edz dulce:<\/p>    <ol class=\"wp-block-list\"> <li><strong>Apaga la corriente:<\/strong> Siempre desconecta la corriente antes de limpiar para garantizar la seguridad.<\/li>    <li><strong>Elimina residuos:<\/strong> Abre la tapa y usa un cepillo o una pistola de aire para eliminar los granos de ma\u00edz y los residuos del tambor de descascarado y la salida.<\/li>    <li><strong>Enjuaga con agua:<\/strong> Lava la c\u00e1mara de descascarado, la entrada y la salida con agua limpia para eliminar cualquier jugo de ma\u00edz y part\u00edculas.<\/li>    <li><strong>Seca completamente:<\/strong> Limpia la superficie y las partes internas con un pa\u00f1o seco o d\u00e9jalas secar al aire para prevenir la oxidaci\u00f3n.<\/li>    <li><strong>Verifica y mantiene:<\/strong> Despu\u00e9s de limpiar, verifica si la correa, el tambor o los rodamientos est\u00e1n sueltos o desgastados. Aplica lubricante si es necesario.<\/li> <\/ol>    <p class=\"translation-block\"><em>Consejo: La limpieza despu\u00e9s de cada uso evita que el jugo de ma\u00edz se endurezca y asegura un mejor rendimiento de pelado la pr\u00f3xima vez.<\/em><\/p>    <figure class=\"wp-block-embed is-type-video is-provider-youtube wp-block-embed-youtube wp-embed-aspect-16-9 wp-has-aspect-ratio\"><div class=\"wp-block-embed__wrapper\"> <iframe loading=\"lazy\" title=\"Limpia tu descascarador de ma\u00edz dulce en segundos \u2013 \u00a1solo usa agua!#cornsheller #sweetcorn #easycleaningtips\" width=\"500\" height=\"281\" src=\"https:\/\/www.youtube.com\/embed\/HcQYyqQx3ZA?feature=oembed\" frameborder=\"0\" allow=\"accelerometer; autoplay; clipboard-write; encrypted-media; gyroscope; picture-in-picture; web-share\" referrerpolicy=\"strict-origin-when-cross-origin\" allowfullscreen><\/iframe> <\/div><\/figure>    <h2 class=\"wp-block-heading\" id=\"h-faq\">Preguntas frecuentes<\/h2>    <p>P: \u00bfCu\u00e1l es el material de la m\u00e1quina?<br>R: acero inoxidable 304<\/p>    <p>P: \u00bfCu\u00e1l es la diferencia entre SL-268 y SL-368?<br>R: El SL-368 tiene una cinta transportadora m\u00e1s que el SL-268.<\/p>    <p>P: \u00bfCu\u00e1l es la velocidad de pelado de la desgranadora de ma\u00edz dulce?<br>R: 100%<\/p>    <p>P: \u00bfPuede esta m\u00e1quina pelar ma\u00edz?<br>R: Puede que no. Disponemos de una trilladora de ma\u00edz multifuncional especial para pelar ma\u00edz.<\/p>    <p class=\"translation-block\">P: \u00bfTienen una <a href=\"https:\/\/maizemachine.com\/es\/product\/corn-mill-grinder\/\">m\u00e1quina para obtener harina de ma\u00edz<\/a>?\\nA: S\u00ed, la tenemos. Adem\u00e1s, tambi\u00e9n contamos con <a href=\"https:\/\/maizemachine.com\/es\/product\/maize-planter\/\">planter de ma\u00edz<\/a> y <a href=\"https:\/\/maizemachine.com\/es\/product\/one-row-corn-picker\/\">cosechadoras de ma\u00edz de una hilera<\/a> en venta.<\/p>    <p><\/p>","protected":false},"excerpt":{"rendered":"<p>Sweet corn sheller is a machine that obtains corn kernels from fresh corn cobs. It can completely peel the corn kernels on the corn cob. In Taizy corn processing machinery, we have not only fresh corn threshers but also dry corn threshers. It is believed that this two separation equipment can meet the threshing needs [&hellip;]<\/p>\n","protected":false},"author":1,"featured_media":127,"parent":0,"template":"","tags":[14,18],"product-type":[9],"class_list":["post-120","product","type-product","status-publish","has-post-thumbnail","hentry","tag-corn-sheller","tag-sweet-corn-sheller","product-type-corn-sheller-machine"],"_links":{"self":[{"href":"https:\/\/maizemachine.com\/es\/wp-json\/wp\/v2\/product\/120","targetHints":{"allow":["GET"]}}],"collection":[{"href":"https:\/\/maizemachine.com\/es\/wp-json\/wp\/v2\/product"}],"about":[{"href":"https:\/\/maizemachine.com\/es\/wp-json\/wp\/v2\/types\/product"}],"author":[{"embeddable":true,"href":"https:\/\/maizemachine.com\/es\/wp-json\/wp\/v2\/users\/1"}],"wp:featuredmedia":[{"embeddable":true,"href":"https:\/\/maizemachine.com\/es\/wp-json\/wp\/v2\/media\/127"}],"wp:attachment":[{"href":"https:\/\/maizemachine.com\/es\/wp-json\/wp\/v2\/media?parent=120"}],"wp:term":[{"taxonomy":"post_tag","embeddable":true,"href":"https:\/\/maizemachine.com\/es\/wp-json\/wp\/v2\/tags?post=120"},{"taxonomy":"product-type","embeddable":true,"href":"https:\/\/maizemachine.com\/es\/wp-json\/wp\/v2\/product-type?post=120"}],"curies":[{"name":"wp","href":"https:\/\/api.w.org\/{rel}","templated":true}]}}