{"id":112,"date":"2022-08-24T03:50:33","date_gmt":"2022-08-24T03:50:33","guid":{"rendered":"https:\/\/maizemachine.com\/?post_type=product&#038;p=112"},"modified":"2026-02-10T17:48:17","modified_gmt":"2026-02-10T09:48:17","slug":"small-corn-planter","status":"publish","type":"product","link":"https:\/\/maizemachine.com\/es\/product\/small-corn-planter\/","title":{"rendered":"Jardinera de ma\u00edz peque\u00f1a | M\u00e1quina manual de siembra de ma\u00edz"},"content":{"rendered":"<p class=\"translation-block\">La sembradora de ma\u00edz peque\u00f1a est\u00e1 dise\u00f1ada principalmente para usuarios familiares. En comparaci\u00f3n con la <a href=\"https:\/\/maizemachine.com\/es\/product\/maize-planter\/\">sembradora de ma\u00edz<\/a> a gran escala, es m\u00e1s econ\u00f3mica y f\u00e1cil de operar. Tambi\u00e9n pueden corregir problemas a tiempo. Debido a que es una sembradora de ma\u00edz manual, es adecuada para campos m\u00e1s pesados en monta\u00f1as y colinas.<\/p>    <h2 class=\"wp-block-heading\" id=\"h-what-are-the-types-of-corn-planters\">\u00bfCu\u00e1les son los tipos de sembradoras de ma\u00edz?<\/h2>    <p>En nuestra empresa hay tres tipos diferentes de sembradoras de ma\u00edz manuales a la venta. Tienen diferentes modos de energ\u00eda y modos de funcionamiento.<\/p>    <h3 class=\"wp-block-heading\" id=\"h-walk-behind-corn-planter\">Sembradora de ma\u00edz con operador a pie<\/h3>    <p>La sembradora de ma\u00edz con operador a pie es una peque\u00f1a m\u00e1quina sembradora de ma\u00edz que nuestra empresa vende bien. Esta m\u00e1quina s\u00f3lo necesita una persona para plantar semillas. Equipado con un motor de gasolina, la gente puede sembrar ma\u00edz f\u00e1cilmente. Ahorra tiempo y esfuerzo. Adem\u00e1s, tenemos dos modelos diferentes de motores de gasolina para que elijas. Si necesita esta sembradora de ma\u00edz manual, no dude en contactarnos.<\/p>   <div class=\"wp-block-image\"> <figure class=\"aligncenter size-full\"><img loading=\"lazy\" decoding=\"async\" width=\"720\" height=\"540\" src=\"http:\/\/maizemachine.com\/wp-content\/uploads\/2022\/08\/hand-corn-seed-planter.webp\" alt=\"sembradora de ma\u00edz con operador a pie\" class=\"wp-image-115\" title=\"\" srcset=\"https:\/\/maizemachine.com\/wp-content\/uploads\/2022\/08\/hand-corn-seed-planter.webp 720w, https:\/\/maizemachine.com\/wp-content\/uploads\/2022\/08\/hand-corn-seed-planter-300x225.webp 300w\" sizes=\"auto, (max-width: 720px) 100vw, 720px\" \/><figcaption>sembradora de ma\u00edz con operador a pie<\/figcaption><\/figure> <\/div>   <h3 class=\"wp-block-heading\" id=\"h-hand-corn-seed-planter\">Sembradora manual de semillas de ma\u00edz<\/h3>    <p>Esta sembradora de ma\u00edz de 1 hilera requiere que dos personas trabajen juntas para sembrar ma\u00edz. Una persona empuja la m\u00e1quina detr\u00e1s de la m\u00e1quina y la otra persona tira de la cuerda delante de la m\u00e1quina para proporcionar energ\u00eda a la m\u00e1quina. Esta m\u00e1quina tiene las caracter\u00edsticas de operaci\u00f3n simple y estructura simple. Puedes usarlo para fertilizar y sembrar. Debido a la singularidad de la m\u00e1quina, esta sembradora de ma\u00edz manual requiere dos trabajadores para operarla juntos. Por lo tanto, puede ayudar a los clientes en \u00e1reas no desarrolladas.<\/p>    <h3 class=\"wp-block-heading\" id=\"h-corn-planting-machine-specification\">Especificaci\u00f3n de la m\u00e1quina plantadora de ma\u00edz<\/h3>    <figure class=\"wp-block-table\"><table><tbody><tr><td>Modelo<\/td><td>TZ-100<\/td><\/tr><tr><td>Capacidad<\/td><td>0,5 acres\/h<\/td><\/tr><tr><td>Tama\u00f1o<\/td><td>1370*420*900mm<\/td><\/tr><tr><td>Peso<\/td><td>12kg<\/td><\/tr><\/tbody><\/table><\/figure>   <div class=\"wp-block-image\"> <figure class=\"aligncenter size-full\"><img loading=\"lazy\" decoding=\"async\" width=\"720\" height=\"540\" src=\"http:\/\/maizemachine.com\/wp-content\/uploads\/2022\/08\/manual-corn-planter-machine.webp\" alt=\"m\u00e1quina sembradora de ma\u00edz manual\" class=\"wp-image-116\" title=\"\" srcset=\"https:\/\/maizemachine.com\/wp-content\/uploads\/2022\/08\/manual-corn-planter-machine.webp 720w, https:\/\/maizemachine.com\/wp-content\/uploads\/2022\/08\/manual-corn-planter-machine-300x225.webp 300w\" sizes=\"auto, (max-width: 720px) 100vw, 720px\" \/><figcaption>m\u00e1quina sembradora de ma\u00edz manual<\/figcaption><\/figure> <\/div>   <h3 class=\"wp-block-heading\" id=\"h-manual-corn-seeder-machine\">Planificadora manual de ma\u00edz<\/h3>    <p>La sembradora de ma\u00edz manual necesita ambas manos para sujetar el pasamano y presionar hacia la semilla. Esta m\u00e1quina es ligera y f\u00e1cil de transportar. Tambi\u00e9n se pueden utilizar diferentes espaciadores para cambiar el ancho de siembra. Del mismo modo, la sembradora manual de ma\u00edz tambi\u00e9n es adecuada para fertilizar y sembrar en tierras de cultivo, llanuras y zonas monta\u00f1osas.<\/p>   <div class=\"wp-block-image\"> <figure class=\"aligncenter size-full\"><img loading=\"lazy\" decoding=\"async\" width=\"720\" height=\"540\" src=\"http:\/\/maizemachine.com\/wp-content\/uploads\/2022\/08\/manual-corn-seeder-machine.webp\" alt=\"sembradora de ma\u00edz manual\" class=\"wp-image-117\" title=\"\" srcset=\"https:\/\/maizemachine.com\/wp-content\/uploads\/2022\/08\/manual-corn-seeder-machine.webp 720w, https:\/\/maizemachine.com\/wp-content\/uploads\/2022\/08\/manual-corn-seeder-machine-300x225.webp 300w\" sizes=\"auto, (max-width: 720px) 100vw, 720px\" \/><figcaption>sembradora de ma\u00edz manual<\/figcaption><\/figure> <\/div>   <h2 class=\"wp-block-heading\" id=\"h-how-does-a-small-corn-planter-work\">\u00bfC\u00f3mo funciona una peque\u00f1a sembradora de ma\u00edz?<\/h2>    <p class=\"translation-block\">Hablamos principalmente del <a href=\"https:\/\/maizemachine.com\/es\/Info\/structure-of-maize-planter-machine\/\">principio de funcionamiento de la sembradora de ma\u00edz a pie<\/a>. Sin embargo, el proceso de trabajo de la mayor\u00eda de las sembradoras de ma\u00edz peque\u00f1as es similar. Primero, necesitamos poner las semillas en el dep\u00f3sito de semillas. Luego, encienda la m\u00e1quina (empuje hacia adelante). Luego, sostenga el mango de la m\u00e1quina para mantener el equilibrio y empuje hacia adelante. Finalmente, las semillas se sembrar\u00e1n en el campo.<\/p>    <h2 class=\"wp-block-heading\" id=\"h-characteristics-of-small-corn-planter\">Caracter\u00edsticas de la sembradora de ma\u00edz peque\u00f1a<\/h2>    <ol class=\"wp-block-list\"><li>Peque\u00f1o volumen y peso ligero. F\u00e1cil de transportar y operar.<\/li><li>Tambi\u00e9n puede sembrar una serie de cultivos de cereales como man\u00ed, trigo, soja y <a href=\"https:\/\/en.wikipedia.org\/wiki\/Sorghum\" target=\"_blank\" rel=\"noopener\">sorgo<\/a>.<\/li><li>Funciones duales. La peque\u00f1a sembradora de ma\u00edz no s\u00f3lo puede sembrar sino tambi\u00e9n fertilizar.<\/li><li>Se puede ajustar la altura y la longitud del mango. Por tanto, se aplica a todos.<\/li><li>Estructura simple y f\u00e1cil depuraci\u00f3n. Por tanto, tiene las caracter\u00edsticas de una baja tasa de fracaso.<\/li><\/ol>   <div class=\"wp-block-image\"> <figure class=\"aligncenter size-full\"><img loading=\"lazy\" decoding=\"async\" width=\"720\" height=\"540\" src=\"http:\/\/maizemachine.com\/wp-content\/uploads\/2022\/08\/details-of-the-machine.webp\" alt=\"detalles de la maquina\" class=\"wp-image-114\" title=\"\" srcset=\"https:\/\/maizemachine.com\/wp-content\/uploads\/2022\/08\/details-of-the-machine.webp 720w, https:\/\/maizemachine.com\/wp-content\/uploads\/2022\/08\/details-of-the-machine-300x225.webp 300w\" sizes=\"auto, (max-width: 720px) 100vw, 720px\" \/><figcaption>detalles de la maquina<\/figcaption><\/figure> <\/div>   <h2 class=\"wp-block-heading\" id=\"h-small-corn-planter-for-sale\">Se vende sembradora de ma\u00edz peque\u00f1a<\/h2>    <p class=\"translation-block\">En <a href=\"https:\/\/maizemachine.com\/es\/\">maquinaria de ma\u00edz Taizy<\/a>, tenemos diferentes tipos de sembradoras de ma\u00edz peque\u00f1as a la venta. Adem\u00e1s, tenemos una sembradora de ma\u00edz grande. Nuestras <a href=\"https:\/\/maizemachine.com\/es\/product\/one-row-corn-picker\/\">recolectoras de ma\u00edz<\/a> son las mismas. Tienen diferentes modelos. Puede elegir su propia sembradora seg\u00fan sus propias necesidades. Y el precio de cada sembradora de ma\u00edz es diferente. Debido a su grado de automatizaci\u00f3n y producci\u00f3n son diferentes. Si desea una sembradora de ma\u00edz, no dude en contactarnos.<\/p>    <h2 class=\"wp-block-heading\" id=\"h-when-should-corn-be-planted\">\u00bfCu\u00e1ndo se debe sembrar ma\u00edz?<\/h2>    <p>La germinaci\u00f3n de semillas requiere una cierta temperatura y profundidad. La temperatura adecuada para la siembra de ma\u00edz es de unos 12 \u2103. Y la profundidad es de unos 10 cm. Esta es una \u00e9poca propicia para la siembra de ma\u00edz. Debido a las diferencias entre los hemisferios norte y sur, la temporada de siembra adecuada var\u00eda de un lugar a otro. En general, la temporada de siembra es primavera y oto\u00f1o. \u00bfNecesitas una peque\u00f1a sembradora de ma\u00edz que te ayude? No dude en contactarnos.<\/p>","protected":false},"excerpt":{"rendered":"<p>Small corn planter is mainly designed for family users. Compared with large-scale corn planter, it is more economical and easier to operate. They can also correct problems in time. Because it is a hand-held maize planter, it is suitable for heavier fields in mountains and hills. What are the types of corn planters? There are [&hellip;]<\/p>\n","protected":false},"author":1,"featured_media":864,"parent":0,"template":"","tags":[13],"product-type":[7],"class_list":["post-112","product","type-product","status-publish","has-post-thumbnail","hentry","tag-corn-planter","product-type-corn-planter"],"_links":{"self":[{"href":"https:\/\/maizemachine.com\/es\/wp-json\/wp\/v2\/product\/112","targetHints":{"allow":["GET"]}}],"collection":[{"href":"https:\/\/maizemachine.com\/es\/wp-json\/wp\/v2\/product"}],"about":[{"href":"https:\/\/maizemachine.com\/es\/wp-json\/wp\/v2\/types\/product"}],"author":[{"embeddable":true,"href":"https:\/\/maizemachine.com\/es\/wp-json\/wp\/v2\/users\/1"}],"wp:featuredmedia":[{"embeddable":true,"href":"https:\/\/maizemachine.com\/es\/wp-json\/wp\/v2\/media\/864"}],"wp:attachment":[{"href":"https:\/\/maizemachine.com\/es\/wp-json\/wp\/v2\/media?parent=112"}],"wp:term":[{"taxonomy":"post_tag","embeddable":true,"href":"https:\/\/maizemachine.com\/es\/wp-json\/wp\/v2\/tags?post=112"},{"taxonomy":"product-type","embeddable":true,"href":"https:\/\/maizemachine.com\/es\/wp-json\/wp\/v2\/product-type?post=112"}],"curies":[{"name":"wp","href":"https:\/\/api.w.org\/{rel}","templated":true}]}}