{"id":102,"date":"2022-08-24T03:01:59","date_gmt":"2022-08-24T03:01:59","guid":{"rendered":"https:\/\/maizemachine.com\/?post_type=product&#038;p=102"},"modified":"2025-12-30T17:40:40","modified_gmt":"2025-12-30T09:40:40","slug":"maize-sheller","status":"publish","type":"product","link":"https:\/\/maizemachine.com\/es\/product\/maize-sheller\/","title":{"rendered":"Desgranadora de ma\u00edz de 3-4\u202fT\/h | Alta calidad"},"content":{"rendered":"<p class=\"translation-block\">Una descascarilladora de ma\u00edz es una m\u00e1quina agr\u00edcola dise\u00f1ada para separar los granos de la mazorca. Logra una tasa de integridad del grano de m\u00e1s de<strong><em> 98%<\/em><\/strong> y una tasa de da\u00f1o de menos de <strong><em>3%,<\/em><\/strong> por lo que se usa ampliamente en grandes explotaciones.<\/p>    <p class=\"translation-block\">Esta trilladora de ma\u00edz tiene una capacidad de <strong><em>3\u20134 tons\/h<\/em><\/strong>. Es compacta, f\u00e1cil de mover y admite varias opciones de alimentaci\u00f3n, incluido motor el\u00e9ctrico, motor de gasolina y motor di\u00e9sel. Se adapta a diferentes condiciones de trabajo y es ideal para agricultores y explotaciones familiares.<\/p>    <p class=\"translation-block\">Combinada con una <a href=\"https:\/\/maizemachine.com\/es\/product\/2-row-corn-picker\/\">corn harvester<\/a>, se puede lograr producci\u00f3n mecanizada a gran escala. Debido a su excelente rendimiento y alta eficiencia, esta m\u00e1quina ha sido apreciada y comprada por clientes en muchos pa\u00edses. En este art\u00edculo, le presentaremos una descascarilladora de ma\u00edz popular.<\/p>   <div class=\"wp-block-image\"> <figure class=\"aligncenter size-full\"><img loading=\"lazy\" decoding=\"async\" width=\"720\" height=\"540\" src=\"http:\/\/maizemachine.com\/wp-content\/uploads\/2022\/08\/maize-sheller.webp\" alt=\"desgranadora de ma\u00edz\" class=\"wp-image-104\" title=\"\" srcset=\"https:\/\/maizemachine.com\/wp-content\/uploads\/2022\/08\/maize-sheller.webp 720w, https:\/\/maizemachine.com\/wp-content\/uploads\/2022\/08\/maize-sheller-300x225.webp 300w\" sizes=\"auto, (max-width: 720px) 100vw, 720px\" \/><figcaption class=\"wp-element-caption\">desgranadora de ma\u00edz<\/figcaption><\/figure> <\/div>   <h2 class=\"wp-block-heading\">Aplicaciones de la descascarilladora de ma\u00edz SL-B2<\/h2>    <h3 class=\"wp-block-heading\">Usos industriales<\/h3>    <ul class=\"wp-block-list\"> <li><strong>Agricultores familiares:<\/strong> Tres opciones de energ\u00eda: motor el\u00e9ctrico, motor de gasolina o motor di\u00e9sel, para adaptarse a diferentes condiciones de energ\u00eda rurales<\/li>    <li><strong>Puntos de recogida de grano:<\/strong> Trilla directamente las mazorcas entregadas por los agricultores, reduciendo el volumen de transporte<\/li>    <li><strong>Peque\u00f1as plantas de procesamiento de grano:<\/strong> Trabaja con secadoras, molinos de harina y m\u00e1quinas de s\u00e9mola para formar una l\u00ednea de procesamiento sencilla<\/li>    <li><strong>Emprendimiento rural:<\/strong> Las personas pueden ofrecer servicios de trilla pagados para los agricultores cercanos usando la trilladora de ma\u00edz SL-B2<\/li> <\/ul>    <h3 class=\"wp-block-heading\">Cultivos aplicables<\/h3>    <p>Cambiando el tamiz, la m\u00e1quina tambi\u00e9n puede usarse para trillar trigo, soja, sorgo y otros cultivos.<\/p>    <div class=\"wp-block-columns is-layout-flex wp-container-core-columns-is-layout-9d6595d7 wp-block-columns-is-layout-flex\"> <div class=\"wp-block-column is-layout-flow wp-block-column-is-layout-flow\" style=\"flex-basis:66.66%\"> <figure class=\"wp-block-image size-full\"><img loading=\"lazy\" decoding=\"async\" width=\"720\" height=\"540\" src=\"https:\/\/maizemachine.com\/wp-content\/uploads\/2023\/01\/applications.webp\" alt=\"aplicaciones\" class=\"wp-image-250\" title=\"\" srcset=\"https:\/\/maizemachine.com\/wp-content\/uploads\/2023\/01\/applications.webp 720w, https:\/\/maizemachine.com\/wp-content\/uploads\/2023\/01\/applications-300x225.webp 300w\" sizes=\"auto, (max-width: 720px) 100vw, 720px\" \/><figcaption class=\"wp-element-caption\">Aplicaciones<\/figcaption><\/figure> <\/div>    <div class=\"wp-block-column is-layout-flow wp-block-column-is-layout-flow\" style=\"flex-basis:33.33%\"> <ul class=\"wp-block-list\"> <li><em>Trigo<\/em><\/li>    <li><em>Sorgo<\/em><\/li>    <li><em>Soja<\/em><\/li>    <li><em>Arroz<\/em><\/li> <\/ul> <\/div> <\/div>    <h2 class=\"wp-block-heading\">La estructura de una trilladora de ma\u00edz<\/h2>   <div class=\"wp-block-image\"> <figure class=\"aligncenter size-full\"><img loading=\"lazy\" decoding=\"async\" width=\"720\" height=\"540\" src=\"http:\/\/maizemachine.com\/wp-content\/uploads\/2022\/08\/corn-shellers-structure.webp\" alt=\"estructura desgranadoras de ma\u00edz\" class=\"wp-image-106\" title=\"\" srcset=\"https:\/\/maizemachine.com\/wp-content\/uploads\/2022\/08\/corn-shellers-structure.webp 720w, https:\/\/maizemachine.com\/wp-content\/uploads\/2022\/08\/corn-shellers-structure-300x225.webp 300w\" sizes=\"auto, (max-width: 720px) 100vw, 720px\" \/><figcaption class=\"wp-element-caption\">estructura desgranadoras de ma\u00edz<\/figcaption><\/figure> <\/div>   <div class=\"wp-block-columns is-layout-flex wp-container-core-columns-is-layout-9d6595d7 wp-block-columns-is-layout-flex\"> <div class=\"wp-block-column is-layout-flow wp-block-column-is-layout-flow\"> <details class=\"wp-block-details is-layout-flow wp-block-details-is-layout-flow\"><summary>El dispositivo de trilla<\/summary> <p>La parte central de la m\u00e1quina que separa los granos de la mazorca.<\/p> <\/details> <\/div>    <div class=\"wp-block-column is-layout-flow wp-block-column-is-layout-flow\"> <details class=\"wp-block-details is-layout-flow wp-block-details-is-layout-flow\"><summary>Unidad de potencia<\/summary> <p>Las opciones incluyen motor el\u00e9ctrico, motor de gasolina o motor di\u00e9sel, proporcionando potencia para la operaci\u00f3n.<\/p> <\/details> <\/div> <\/div>    <div class=\"wp-block-columns is-layout-flex wp-container-core-columns-is-layout-9d6595d7 wp-block-columns-is-layout-flex\"> <div class=\"wp-block-column is-layout-flow wp-block-column-is-layout-flow\"> <details class=\"wp-block-details is-layout-flow wp-block-details-is-layout-flow\"><summary>Salida de mazorcas de ma\u00edz<\/summary> <p>El canal por donde se descargan las mazorcas despu\u00e9s de la trilla.<\/p> <\/details> <\/div>    <div class=\"wp-block-column is-layout-flow wp-block-column-is-layout-flow\"> <details class=\"wp-block-details is-layout-flow wp-block-details-is-layout-flow\"><summary>Entrada de material<\/summary> <p>El punto de ingreso para alimentar las mazorcas de ma\u00edz a la m\u00e1quina.<\/p> <\/details> <\/div> <\/div>    <div class=\"wp-block-columns is-layout-flex wp-container-core-columns-is-layout-9d6595d7 wp-block-columns-is-layout-flex\"> <div class=\"wp-block-column is-layout-flow wp-block-column-is-layout-flow\"> <details class=\"wp-block-details is-layout-flow wp-block-details-is-layout-flow\"><summary>Estructura<\/summary> <p>La estructura principal de soporte que garantiza una operaci\u00f3n estable.<\/p> <\/details> <\/div>    <div class=\"wp-block-column is-layout-flow wp-block-column-is-layout-flow\"> <details class=\"wp-block-details is-layout-flow wp-block-details-is-layout-flow\"><summary>Salida de granos de ma\u00edz<\/summary> <p>La salida por donde se descargan los granos tras la trilla.<\/p> <\/details> <\/div> <\/div>    <h2 class=\"wp-block-heading\" id=\"h-how-does-maize-sheller-work\">\u00bfC\u00f3mo funciona la desgranadora de ma\u00edz?<\/h2>    <p>Primero, necesitamos introducir la mazorca en el puerto de alimentaci\u00f3n. Luego el ma\u00edz caer\u00e1 autom\u00e1ticamente en la c\u00e1mara de trilla. <\/p>    <p>Despu\u00e9s, el tambor dentro de la m\u00e1quina girar\u00e1 bajo la acci\u00f3n del motor. El ma\u00edz se frotar\u00e1 y girar\u00e1 entre los rodillos. As\u00ed se realiza la separaci\u00f3n de la mazorca y el grano de ma\u00edz. <\/p>    <p>Finalmente, la mazorca se descargar\u00e1 por la parte trasera de la trilladora de ma\u00edz. Los granos de ma\u00edz caer\u00e1n fuera de la criba. Este es el proceso de trabajo de la descascarilladora comercial.<\/p>    <figure class=\"wp-block-embed is-type-video is-provider-youtube wp-block-embed-youtube wp-embed-aspect-16-9 wp-has-aspect-ratio\"><div class=\"wp-block-embed__wrapper\"> <iframe loading=\"lazy\" title=\"Desgranadora de ma\u00edz | \u00bfC\u00f3mo funciona la trilladora de ma\u00edz?\" width=\"500\" height=\"281\" src=\"https:\/\/www.youtube.com\/embed\/ZbyQcR_vREk?feature=oembed\" frameborder=\"0\" allow=\"accelerometer; autoplay; clipboard-write; encrypted-media; gyroscope; picture-in-picture; web-share\" referrerpolicy=\"strict-origin-when-cross-origin\" allowfullscreen><\/iframe> <\/div><\/figure>    <h2 class=\"wp-block-heading\" id=\"h-maize-thresher-specifications\">Especificaciones de la trilladora de ma\u00edz.<\/h2>    <figure class=\"wp-block-table\"><table><tbody><tr><td>Modelo<\/td><td>SL-B2<\/td><\/tr><tr><td>Fuerza<\/td><td>Motor de 2,2 kW, motor de gasolina y motor di\u00e9sel.<\/td><\/tr><tr><td>Capacidad<\/td><td>3-4t\/h<\/td><\/tr><tr><td>Peso<\/td><td>71kg<\/td><\/tr><tr><td>Tama\u00f1o<\/td><td>1080*6500*1300mm<\/td><\/tr><\/tbody><\/table><\/figure>   <div class=\"wp-block-image\"> <figure class=\"aligncenter size-full\"><img loading=\"lazy\" decoding=\"async\" width=\"720\" height=\"540\" src=\"http:\/\/maizemachine.com\/wp-content\/uploads\/2022\/08\/threshing-effect.webp\" alt=\"efecto de trilla\" class=\"wp-image-110\" title=\"\" srcset=\"https:\/\/maizemachine.com\/wp-content\/uploads\/2022\/08\/threshing-effect.webp 720w, https:\/\/maizemachine.com\/wp-content\/uploads\/2022\/08\/threshing-effect-300x225.webp 300w\" sizes=\"auto, (max-width: 720px) 100vw, 720px\" \/><figcaption class=\"wp-element-caption\">efecto de trilla<\/figcaption><\/figure> <\/div>   <h2 class=\"wp-block-heading\">Ventajas de la trilladora de ma\u00edz<\/h2>    <p class=\"translation-block\"><strong>Alta eficiencia<\/strong><\/p>    <ul class=\"wp-block-list\"> <li>Capacidad: 3\u20134 toneladas por hora, 20\u201330 veces m\u00e1s eficiente que la trilla manual.<\/li> <\/ul>    <p class=\"translation-block\"><strong>Amplia aplicabilidad<\/strong><\/p>    <ul class=\"wp-block-list\"> <li>Puede procesar ma\u00edz fresco y seco; algunos modelos tambi\u00e9n pueden trillar trigo, sorgo y otros cultivos.<\/li> <\/ul>    <p class=\"translation-block\"><strong>F\u00e1cil operaci\u00f3n<\/strong><\/p>    <ul class=\"wp-block-list\"> <li>Peso: 71\u202fkg; Dimensiones: 1080\u00d7650\u00d71300\u202fmm. Estructura compacta y f\u00e1cil de mover.<\/li> <\/ul>    <p class=\"translation-block\"><strong>M\u00faltiples opciones de alimentaci\u00f3n<\/strong><\/p>    <p>Admite motor el\u00e9ctrico, motor de gasolina y motor di\u00e9sel, lo que facilita la operaci\u00f3n a los agricultores.<\/p>    <p class=\"translation-block\"><strong>Ahorro de tiempo y mano de obra<\/strong><\/p>    <ul class=\"wp-block-list\"> <li>3\u20134 toneladas por hora pueden reemplazar el trabajo de aproximadamente 10\u201315 personas, reduciendo la presi\u00f3n de mano de obra durante la cosecha.<\/li> <\/ul>    <p class=\"translation-block\"><strong>Bajo da\u00f1o a los granos<\/strong><\/p>    <ul class=\"wp-block-list\"> <li>El dise\u00f1o optimizado del tambor de trilla mantiene el da\u00f1o de los granos por debajo de 3%.<\/li> <\/ul>    <p class=\"translation-block\"><strong>Fuerte capacidad de limpieza<\/strong><\/p>    <ul class=\"wp-block-list\"> <li>Equipada con un ventilador, los granos quedan limpios sin cribado adicional. Las mazorcas permanecen intactas para alimento u otros usos.<\/li> <\/ul>   <div class=\"wp-block-image\"> <figure class=\"aligncenter size-full\"><img loading=\"lazy\" decoding=\"async\" width=\"720\" height=\"540\" src=\"https:\/\/maizemachine.com\/wp-content\/uploads\/2022\/08\/working-picture.webp\" alt=\"La desgranadora de ma\u00edz est\u00e1 desgranando r\u00e1pidamente\" class=\"wp-image-111\" title=\"\" srcset=\"https:\/\/maizemachine.com\/wp-content\/uploads\/2022\/08\/working-picture.webp 720w, https:\/\/maizemachine.com\/wp-content\/uploads\/2022\/08\/working-picture-300x225.webp 300w\" sizes=\"auto, (max-width: 720px) 100vw, 720px\" \/><figcaption class=\"wp-element-caption\">La desgranadora de ma\u00edz est\u00e1 desgranando r\u00e1pidamente<\/figcaption><\/figure> <\/div>   <h2 class=\"wp-block-heading\" id=\"h-how-much-is-maize-sheller\">\u00bfCu\u00e1nto cuesta la desgranadora de ma\u00edz?<\/h2>    <p>El precio de una trilladora de ma\u00edz est\u00e1 influenciado por m\u00faltiples factores, no solo uno. Los factores principales incluyen:<\/p>    <ul class=\"wp-block-list\"> <li>Capacidad: cuanto mayor sea la producci\u00f3n horaria de trilla, mayor ser\u00e1 la m\u00e1quina y mayor el coste.<\/li>    <li>Tipo de energ\u00eda: las diferentes opciones de potencia\u2014motor el\u00e9ctrico, motor de gasolina o motor di\u00e9sel\u2014influyen en el coste; los modelos di\u00e9sel suelen ser m\u00e1s caros que los el\u00e9ctricos.<\/li>    <li>Multifuncionalidad: las m\u00e1quinas que pueden manejar varios cultivos o requieren cribas personalizadas cuestan un poco m\u00e1s debido a mayores necesidades de personalizaci\u00f3n.<\/li>    <li>Personalizaci\u00f3n y servicios adicionales: voltaje personalizado, tama\u00f1o, color o accesorios extra incrementar\u00e1n el coste del equipo.<\/li> <\/ul>    <p>Si desea conocer el precio m\u00e1s reciente de la m\u00e1quina, no dude en contactarnos. Nuestro equipo de ventas se pondr\u00e1 en contacto con prontitud y le proporcionar\u00e1 una cotizaci\u00f3n detallada.<\/p>   <div class=\"wp-block-image\"> <figure class=\"aligncenter size-full\"><img loading=\"lazy\" decoding=\"async\" width=\"720\" height=\"540\" src=\"http:\/\/maizemachine.com\/wp-content\/uploads\/2022\/08\/picture-of-machine-packing.webp\" alt=\"imagen del embalaje de la m\u00e1quina\" class=\"wp-image-108\" title=\"\" srcset=\"https:\/\/maizemachine.com\/wp-content\/uploads\/2022\/08\/picture-of-machine-packing.webp 720w, https:\/\/maizemachine.com\/wp-content\/uploads\/2022\/08\/picture-of-machine-packing-300x225.webp 300w\" sizes=\"auto, (max-width: 720px) 100vw, 720px\" \/><figcaption class=\"wp-element-caption\">imagen del embalaje de la m\u00e1quina<\/figcaption><\/figure> <\/div>   <h2 class=\"wp-block-heading\" id=\"h-where-to-buy-maize-sheller\">\u00bfD\u00f3nde comprar desgranadora de ma\u00edz?<\/h2>    <p class=\"translation-block\">La f\u00e1brica de maquinaria de ma\u00edz Taizy es un <a href=\"https:\/\/maizemachine.com\/es\/\">fabricante profesional de equipos para ma\u00edz<\/a>. Vendemos diferentes tipos de maquinaria para ma\u00edz, como <a href=\"https:\/\/maizemachine.com\/es\/product\/maize-grits-milling-machine\/\">m\u00e1quina para moler s\u00e9mola de ma\u00edz<\/a>, <a href=\"https:\/\/maizemachine.com\/es\/product\/corn-mill-grinder\/\">molino de ma\u00edz<\/a> y <a href=\"https:\/\/maizemachine.com\/es\/product\/maize-planter\/\">sembradora de ma\u00edz<\/a>. Adem\u00e1s, tambi\u00e9n ofrecemos a los clientes buenos servicios de preventa y posventa. Muchos clientes se han convertido en nuestros clientes habituales. Por lo tanto, si est\u00e1 buscando una desgranadora de ma\u00edz, no dude en ponerse en contacto con nosotros.<\/p>   <div class=\"wp-block-image\"> <figure class=\"aligncenter size-full\"><img loading=\"lazy\" decoding=\"async\" width=\"720\" height=\"540\" src=\"https:\/\/maizemachine.com\/wp-content\/uploads\/2025\/08\/Our-customer.webp\" alt=\"Nuestro cliente\" class=\"wp-image-577\" title=\"\" srcset=\"https:\/\/maizemachine.com\/wp-content\/uploads\/2025\/08\/Our-customer.webp 720w, https:\/\/maizemachine.com\/wp-content\/uploads\/2025\/08\/Our-customer-300x225.webp 300w, https:\/\/maizemachine.com\/wp-content\/uploads\/2025\/08\/Our-customer-16x12.webp 16w\" sizes=\"auto, (max-width: 720px) 100vw, 720px\" \/><figcaption class=\"wp-element-caption\">Nuestro cliente<\/figcaption><\/figure> <\/div>   <h2 class=\"wp-block-heading\">F&amp;Q<\/h2>   <div id=\"rank-math-faq\" class=\"rank-math-block\"> <div class=\"rank-math-list\"> <div id=\"faq-question-1757398121523\" class=\"rank-math-list-item\"> <h3 class=\"rank-math-question\">\u00bfPor qu\u00e9 la trilla no est\u00e1 limpia?<\/h3> <div class=\"rank-math-answer\">  <p>Puede deberse a una velocidad insuficiente del tambor o a dientes desgastados. Compruebe la potencia del motor o reemplace la placa de dientes.<\/p>  <\/div> <\/div> <div id=\"faq-question-1757398186712\" class=\"rank-math-list-item\"> <h3 class=\"rank-math-question\">\u00bfPor qu\u00e9 es alta la tasa de da\u00f1o de los n\u00facleos?<\/h3> <div class=\"rank-math-answer\">  <p>Normalmente debido a una velocidad del tambor demasiado alta o a mazorcas de ma\u00edz excesivamente secas. Ajuste la velocidad o humedezca ligeramente las mazorcas.<\/p>  <\/div> <\/div> <div id=\"faq-question-1757398204641\" class=\"rank-math-list-item\"> <h3 class=\"rank-math-question\">\u00bfPor qu\u00e9 se atasca la m\u00e1quina?<\/h3> <div class=\"rank-math-answer\">  <p>Posiblemente porque se introducen demasiadas mazorcas a la vez o hay residuos que obstruyen la m\u00e1quina. Limpie la c\u00e1mara de trilla y controle la cantidad de alimentaci\u00f3n.<\/p>  <\/div> <\/div> <div id=\"faq-question-1757398218490\" class=\"rank-math-list-item\"> <h3 class=\"rank-math-question\">\u00bfPuedes garantizar tu calidad?<\/h3> <div class=\"rank-math-answer\">  <p>Por supuesto. Somos la propia f\u00e1brica. M\u00e1s importante a\u00fan, valoramos mucho nuestra reputaci\u00f3n.\u00a0<br \/>La mejor calidad es nuestro principio en todo momento. Puede estar completamente seguro de nuestra producci\u00f3n.\u00a0<\/p>  <\/div> <\/div> <div id=\"faq-question-1757398291146\" class=\"rank-math-list-item\"> <h3 class=\"rank-math-question\">\u00bfSu\u00a0empresa\u00a0acepta\u00a0personalizaciones?<\/h3> <div class=\"rank-math-answer\">  <p>Tenemos un excelente equipo de dise\u00f1o y podemos aceptar OEM.<\/p>  <\/div> <\/div> <div id=\"faq-question-1757398804821\" class=\"rank-math-list-item\"> <h3 class=\"rank-math-question\">\u00bfQu\u00e9 tal su servicio?<\/h3> <div class=\"rank-math-answer\">  <p>Servicio en l\u00ednea 24 horas para resolver cualquier problema. Su satisfacci\u00f3n es nuestra meta. Esperamos sinceramente contar con su cooperaci\u00f3n.<\/p>  <\/div> <\/div> <div id=\"faq-question-1757398834468\" class=\"rank-math-list-item\"> <h3 class=\"rank-math-question\">\u00bfQu\u00e9\u00a0hay\u00a0de\u00a0los\u00a0m\u00e9todos\u00a0de\u00a0env\u00edo?<\/h3> <div class=\"rank-math-answer\">  <p>Para pedidos urgentes y peso ligero, puede elegir mensajer\u00eda: FEDEX, TNT, DHL o EMS; para peso pesado, puede optar por aire o mar para ahorrar costes.<\/p>  <\/div> <\/div> <div id=\"faq-question-1757398858587\" class=\"rank-math-list-item\"> <h3 class=\"rank-math-question\">\u00bfC\u00f3mo puedo llegar a su f\u00e1brica?<\/h3> <div class=\"rank-math-answer\">  <p>Estamos en No.1394 East Hanghai Road, Economic-technological Development Area, Zhengzhou, China. Y podemos ofrecer recepciones gratuitas y atentas para usted.<\/p>  <\/div> <\/div> <\/div> <\/div>   <p><\/p>","protected":false},"excerpt":{"rendered":"<p>A maize sheller is an agricultural machine designed to separate kernels from the cob. It achieves a kernel integrity rate of over 98% and a damage rate of less than 3%, making it widely used on large farms. This corn thresher has a capacity of 3\u20134 tons\/h It is compact, easy to move, and supports [&hellip;]<\/p>\n","protected":false},"author":1,"featured_media":187,"parent":0,"template":"","tags":[14],"product-type":[9],"class_list":["post-102","product","type-product","status-publish","has-post-thumbnail","hentry","tag-corn-sheller","product-type-corn-sheller-machine"],"_links":{"self":[{"href":"https:\/\/maizemachine.com\/es\/wp-json\/wp\/v2\/product\/102","targetHints":{"allow":["GET"]}}],"collection":[{"href":"https:\/\/maizemachine.com\/es\/wp-json\/wp\/v2\/product"}],"about":[{"href":"https:\/\/maizemachine.com\/es\/wp-json\/wp\/v2\/types\/product"}],"author":[{"embeddable":true,"href":"https:\/\/maizemachine.com\/es\/wp-json\/wp\/v2\/users\/1"}],"wp:featuredmedia":[{"embeddable":true,"href":"https:\/\/maizemachine.com\/es\/wp-json\/wp\/v2\/media\/187"}],"wp:attachment":[{"href":"https:\/\/maizemachine.com\/es\/wp-json\/wp\/v2\/media?parent=102"}],"wp:term":[{"taxonomy":"post_tag","embeddable":true,"href":"https:\/\/maizemachine.com\/es\/wp-json\/wp\/v2\/tags?post=102"},{"taxonomy":"product-type","embeddable":true,"href":"https:\/\/maizemachine.com\/es\/wp-json\/wp\/v2\/product-type?post=102"}],"curies":[{"name":"wp","href":"https:\/\/api.w.org\/{rel}","templated":true}]}}