{"id":13,"date":"2022-08-17T03:36:51","date_gmt":"2022-08-17T03:36:51","guid":{"rendered":"http:\/\/maizemachine.com\/?page_id=13"},"modified":"2026-04-13T13:32:29","modified_gmt":"2026-04-13T05:32:29","slug":"about","status":"publish","type":"page","link":"https:\/\/maizemachine.com\/es\/about\/","title":{"rendered":"Sobre nosotros"},"content":{"rendered":"<h2 class=\"wp-block-heading\">Qui\u00e9nes Somos<\/h2>    <p class=\"translation-block\"><strong><a href=\"https:\/\/maizemachine.com\/es\/\">Taizy Maquinaria de Ma\u00edz<\/a><\/strong> es un fabricante y exportador l\u00edder de equipos de procesamiento de ma\u00edz, dedicado a proporcionar soluciones de maquinaria agr\u00edcola de alta calidad a agricultores y empresas en todo el mundo. Con m\u00e1s de 20 a\u00f1os de experiencia en la industria, nos hemos establecido como un socio confiable para la cosecha, trilla, molienda, secado y envasado de ma\u00edz.<\/p>   <div class=\"wp-block-image\"> <figure class=\"aligncenter size-full\"><img loading=\"lazy\" decoding=\"async\" width=\"720\" height=\"540\" src=\"https:\/\/maizemachine.com\/wp-content\/uploads\/2026\/04\/taizy-factory.webp\" alt=\"Taizy-f\u00e1brica\" class=\"wp-image-934\" title=\"\" srcset=\"https:\/\/maizemachine.com\/wp-content\/uploads\/2026\/04\/taizy-factory.webp 720w, https:\/\/maizemachine.com\/wp-content\/uploads\/2026\/04\/taizy-factory-300x225.webp 300w, https:\/\/maizemachine.com\/wp-content\/uploads\/2026\/04\/taizy-factory-16x12.webp 16w\" sizes=\"auto, (max-width: 720px) 100vw, 720px\" \/><figcaption class=\"wp-element-caption\">Taizy-f\u00e1brica<\/figcaption><\/figure> <\/div>   <p class=\"translation-block\">Nuestro portafolio integral de productos incluye <strong><a href=\"https:\/\/maizemachine.com\/es\/products\/corn-harvester\/\">cosechadoras de ma\u00edz<\/a><\/strong>, <strong><a href=\"https:\/\/maizemachine.com\/es\/products\/corn-sheller-machine\/\">desgranadoras de ma\u00edz<\/a><\/strong>, m\u00e1quinas de molienda de ma\u00edz, <strong><a href=\"https:\/\/maizemachine.com\/es\/products\/corn-planter\/\">planters de ma\u00edz<\/a><\/strong>, secadoras de ma\u00edz, m\u00e1quinas de envasado de ma\u00edz y equipos para el procesamiento de tallos de ma\u00edz. Cada m\u00e1quina est\u00e1 dise\u00f1ada con precisi\u00f3n para satisfacer las diversas necesidades de la agricultura moderna.<\/p>    <figure class=\"wp-block-gallery has-nested-images columns-default is-cropped wp-block-gallery-2 is-layout-flex wp-block-gallery-is-layout-flex\"> <figure class=\"wp-block-image size-large\"><img loading=\"lazy\" decoding=\"async\" width=\"720\" height=\"540\" data-id=\"941\" src=\"https:\/\/maizemachine.com\/wp-content\/uploads\/2026\/04\/Corn-Planter-Factory-Photos.webp\" alt=\"Fotos de la F\u00e1brica de Planters de Ma\u00edz\" class=\"wp-image-941\" title=\"\" srcset=\"https:\/\/maizemachine.com\/wp-content\/uploads\/2026\/04\/Corn-Planter-Factory-Photos.webp 720w, https:\/\/maizemachine.com\/wp-content\/uploads\/2026\/04\/Corn-Planter-Factory-Photos-300x225.webp 300w, https:\/\/maizemachine.com\/wp-content\/uploads\/2026\/04\/Corn-Planter-Factory-Photos-16x12.webp 16w\" sizes=\"auto, (max-width: 720px) 100vw, 720px\" \/><figcaption class=\"wp-element-caption\">Fotos de la F\u00e1brica de Planters de Ma\u00edz<\/figcaption><\/figure>    <figure class=\"wp-block-image size-large\"><img loading=\"lazy\" decoding=\"async\" width=\"720\" height=\"540\" data-id=\"942\" src=\"https:\/\/maizemachine.com\/wp-content\/uploads\/2026\/04\/Corn-Thresher-Factory-Photos.webp\" alt=\"Fotos de la F\u00e1brica de Trilladoras de Ma\u00edz\" class=\"wp-image-942\" title=\"\" srcset=\"https:\/\/maizemachine.com\/wp-content\/uploads\/2026\/04\/Corn-Thresher-Factory-Photos.webp 720w, https:\/\/maizemachine.com\/wp-content\/uploads\/2026\/04\/Corn-Thresher-Factory-Photos-300x225.webp 300w, https:\/\/maizemachine.com\/wp-content\/uploads\/2026\/04\/Corn-Thresher-Factory-Photos-16x12.webp 16w\" sizes=\"auto, (max-width: 720px) 100vw, 720px\" \/><figcaption class=\"wp-element-caption\">Fotos de la F\u00e1brica de Trilladoras de Ma\u00edz<\/figcaption><\/figure>    <figure class=\"wp-block-image size-large\"><img loading=\"lazy\" decoding=\"async\" width=\"720\" height=\"540\" data-id=\"940\" src=\"https:\/\/maizemachine.com\/wp-content\/uploads\/2026\/04\/Corn-Grits-Machine-Factory-Photos.webp\" alt=\"Fotos de la F\u00e1brica de M\u00e1quinas de Grits de Ma\u00edz\" class=\"wp-image-940\" title=\"\" srcset=\"https:\/\/maizemachine.com\/wp-content\/uploads\/2026\/04\/Corn-Grits-Machine-Factory-Photos.webp 720w, https:\/\/maizemachine.com\/wp-content\/uploads\/2026\/04\/Corn-Grits-Machine-Factory-Photos-300x225.webp 300w, https:\/\/maizemachine.com\/wp-content\/uploads\/2026\/04\/Corn-Grits-Machine-Factory-Photos-16x12.webp 16w\" sizes=\"auto, (max-width: 720px) 100vw, 720px\" \/><figcaption class=\"wp-element-caption\">Fotos de la F\u00e1brica de M\u00e1quinas de Grits de Ma\u00edz<\/figcaption><\/figure> <\/figure>    <h2 class=\"wp-block-heading\">Nuestra Misi\u00f3n<\/h2>    <p>Empoderar a agricultores y negocios agr\u00edcolas en todo el mundo proporcionando maquinaria de procesamiento de ma\u00edz confiable, eficiente y asequible que aumenta la productividad y reduce los costos laborales<\/p>    <h2 class=\"wp-block-heading\">Nuestra Visi\u00f3n<\/h2>    <p>Convertirse en la marca m\u00e1s confiable del mundo en equipos de procesamiento de ma\u00edz, reconocida por su calidad, innovaci\u00f3n y un servicio al cliente excepcional.<\/p>    <h2 class=\"wp-block-heading\">\u00bfPor qu\u00e9 elegir Taizy?<\/h2>    <h3 class=\"wp-block-heading\">M\u00e1s de 20 a\u00f1os de experiencia en la industria<\/h3>    <p>Desde nuestra creaci\u00f3n, hemos acumulado una amplia experiencia en la fabricaci\u00f3n de maquinaria agr\u00edcola. Nuestra experiencia nos permite entender las necesidades del cliente y ofrecer soluciones que realmente funcionan.<\/p>    <h3 class=\"wp-block-heading\">Presencia en el Mercado Global<\/h3>    <p>Hemos exportado con \u00e9xito nuestras m\u00e1quinas a m\u00e1s de 100 pa\u00edses y regiones, incluyendo:<\/p>    <ul class=\"wp-block-list\"> <li>\u00c1frica: Ghana, Sud\u00e1frica, Kenia, Zambia, Tanzania, Mozambique, Marruecos, Cabo Verde<\/li>    <li>Asia: Pakist\u00e1n, Filipinas, Indonesia, Vietnam, Singapur<\/li>    <li>Am\u00e9ricas: EE. UU., M\u00e9xico, Brasil<\/li> <\/ul>   <div class=\"wp-block-image\"> <figure class=\"aligncenter size-full\"><img loading=\"lazy\" decoding=\"async\" width=\"720\" height=\"540\" src=\"https:\/\/maizemachine.com\/wp-content\/uploads\/2026\/04\/Client-Visit.webp\" alt=\"Visita del cliente\" class=\"wp-image-943\" title=\"\" srcset=\"https:\/\/maizemachine.com\/wp-content\/uploads\/2026\/04\/Client-Visit.webp 720w, https:\/\/maizemachine.com\/wp-content\/uploads\/2026\/04\/Client-Visit-300x225.webp 300w, https:\/\/maizemachine.com\/wp-content\/uploads\/2026\/04\/Client-Visit-16x12.webp 16w\" sizes=\"auto, (max-width: 720px) 100vw, 720px\" \/><figcaption class=\"wp-element-caption\">Visita del cliente<\/figcaption><\/figure> <\/div>   <h3 class=\"wp-block-heading\">Certificaciones de Calidad<\/h3>    <p>Todos nuestros productos cumplen con est\u00e1ndares internacionales de calidad y est\u00e1n certificados con:<\/p>    <ul class=\"wp-block-list\"> <li>Certificaci\u00f3n ISO<\/li>    <li>Certificaci\u00f3n CE<\/li>    <li>Certificaci\u00f3n SGS<\/li> <\/ul>   <div class=\"wp-block-image\"> <figure class=\"aligncenter size-full\"><img loading=\"lazy\" decoding=\"async\" width=\"720\" height=\"540\" src=\"https:\/\/maizemachine.com\/wp-content\/uploads\/2023\/07\/Certificates.webp\" alt=\"Certificados\" class=\"wp-image-683\" title=\"\" srcset=\"https:\/\/maizemachine.com\/wp-content\/uploads\/2023\/07\/Certificates.webp 720w, https:\/\/maizemachine.com\/wp-content\/uploads\/2023\/07\/Certificates-300x225.webp 300w, https:\/\/maizemachine.com\/wp-content\/uploads\/2023\/07\/Certificates-16x12.webp 16w\" sizes=\"auto, (max-width: 720px) 100vw, 720px\" \/><figcaption class=\"wp-element-caption\">Certificados<\/figcaption><\/figure> <\/div>   <h3 class=\"wp-block-heading\">Gama de Productos Completa<\/h3>    <p>Ofrecemos soluciones completas para el procesamiento de ma\u00edz:<\/p>    <ul class=\"wp-block-list\"> <li><strong><a href=\"https:\/\/maizemachine.com\/es\/products\/corn-harvester\/\">Cosechadoras de Ma\u00edz<\/a><\/strong> \u2013 Desde cosechadoras de una sola fila hasta cosechadoras de m\u00faltiples filas<\/li>    <li><strong><a href=\"https:\/\/maizemachine.com\/es\/products\/corn-sheller-machine\/\">Desgranadoras de Ma\u00edz<\/a><\/strong> \u2013 Trilladoras de peque\u00f1a a gran escala<\/li>    <li>M\u00e1quinas de Molienda de Ma\u00edz \u2013 Equipos para hacer s\u00e9mola y moler harina<\/li>    <li>Sembradoras de Ma\u00edz \u2013 Sembradoras manuales y montadas en tractor<\/li>    <li>Secadoras de Ma\u00edz \u2013 Soluciones de secado eficientes<\/li>    <li>M\u00e1quinas de Embalaje de Ma\u00edz \u2013 Equipos de envasado al vac\u00edo y en harina<\/li>    <li>Procesamiento de Pajas de Ma\u00edz \u2013 Ensiladoras y trituradores<\/li> <\/ul>    <figure class=\"wp-block-gallery has-nested-images columns-default is-cropped wp-block-gallery-3 is-layout-flex wp-block-gallery-is-layout-flex\"> <figure class=\"wp-block-image size-large\"><img loading=\"lazy\" decoding=\"async\" width=\"720\" height=\"540\" data-id=\"767\" src=\"https:\/\/maizemachine.com\/wp-content\/uploads\/2022\/08\/IMG_6451.webp\" alt=\"Mejores modelos de sembradoras en 2025-2026\" class=\"wp-image-767\" title=\"\" srcset=\"https:\/\/maizemachine.com\/wp-content\/uploads\/2022\/08\/IMG_6451.webp 720w, https:\/\/maizemachine.com\/wp-content\/uploads\/2022\/08\/IMG_6451-300x225.webp 300w, https:\/\/maizemachine.com\/wp-content\/uploads\/2022\/08\/IMG_6451-16x12.webp 16w\" sizes=\"auto, (max-width: 720px) 100vw, 720px\" \/><figcaption class=\"wp-element-caption\">Mejores modelos de sembradoras en 2025-2026<\/figcaption><\/figure>    <figure class=\"wp-block-image size-large\"><img loading=\"lazy\" decoding=\"async\" width=\"720\" height=\"540\" data-id=\"111\" src=\"https:\/\/maizemachine.com\/wp-content\/uploads\/2022\/08\/working-picture.webp\" alt=\"La desgranadora de ma\u00edz est\u00e1 desgranando r\u00e1pidamente\" class=\"wp-image-111\" title=\"\" srcset=\"https:\/\/maizemachine.com\/wp-content\/uploads\/2022\/08\/working-picture.webp 720w, https:\/\/maizemachine.com\/wp-content\/uploads\/2022\/08\/working-picture-300x225.webp 300w\" sizes=\"auto, (max-width: 720px) 100vw, 720px\" \/><figcaption class=\"wp-element-caption\">La desgranadora de ma\u00edz est\u00e1 desgranando r\u00e1pidamente<\/figcaption><\/figure>    <figure class=\"wp-block-image size-large\"><img loading=\"lazy\" decoding=\"async\" width=\"720\" height=\"540\" data-id=\"283\" src=\"https:\/\/maizemachine.com\/wp-content\/uploads\/2023\/03\/our-stock.webp\" alt=\"nuestro stock\" class=\"wp-image-283\" title=\"\" srcset=\"https:\/\/maizemachine.com\/wp-content\/uploads\/2023\/03\/our-stock.webp 720w, https:\/\/maizemachine.com\/wp-content\/uploads\/2023\/03\/our-stock-300x225.webp 300w\" sizes=\"auto, (max-width: 720px) 100vw, 720px\" \/><figcaption class=\"wp-element-caption\">Nuestro stock<\/figcaption><\/figure>    <figure class=\"wp-block-image size-large\"><img loading=\"lazy\" decoding=\"async\" width=\"720\" height=\"540\" data-id=\"506\" src=\"https:\/\/maizemachine.com\/wp-content\/uploads\/2022\/08\/Small-1-Row-Corn-Harvester.webp\" alt=\"Peque\u00f1a cosechadora de ma\u00edz de 1 fila\" class=\"wp-image-506\" title=\"\" srcset=\"https:\/\/maizemachine.com\/wp-content\/uploads\/2022\/08\/Small-1-Row-Corn-Harvester.webp 720w, https:\/\/maizemachine.com\/wp-content\/uploads\/2022\/08\/Small-1-Row-Corn-Harvester-300x225.webp 300w, https:\/\/maizemachine.com\/wp-content\/uploads\/2022\/08\/Small-1-Row-Corn-Harvester-16x12.webp 16w\" sizes=\"auto, (max-width: 720px) 100vw, 720px\" \/><figcaption class=\"wp-element-caption\">Peque\u00f1a cosechadora de ma\u00edz de 1 fila<\/figcaption><\/figure>    <figure class=\"wp-block-image size-large\"><img loading=\"lazy\" decoding=\"async\" width=\"720\" height=\"540\" data-id=\"586\" src=\"https:\/\/maizemachine.com\/wp-content\/uploads\/2023\/02\/Wheeled-Corn-Silage-Harvester.webp\" alt=\"Cosechadora de ensilado de ma\u00edz con ruedas\" class=\"wp-image-586\" title=\"\" srcset=\"https:\/\/maizemachine.com\/wp-content\/uploads\/2023\/02\/Wheeled-Corn-Silage-Harvester.webp 720w, https:\/\/maizemachine.com\/wp-content\/uploads\/2023\/02\/Wheeled-Corn-Silage-Harvester-300x225.webp 300w, https:\/\/maizemachine.com\/wp-content\/uploads\/2023\/02\/Wheeled-Corn-Silage-Harvester-16x12.webp 16w\" sizes=\"auto, (max-width: 720px) 100vw, 720px\" \/><figcaption class=\"wp-element-caption\">Cosechadora de ensilado de ma\u00edz con ruedas<\/figcaption><\/figure>    <figure class=\"wp-block-image size-large\"><img loading=\"lazy\" decoding=\"async\" width=\"720\" height=\"540\" data-id=\"813\" src=\"https:\/\/maizemachine.com\/wp-content\/uploads\/2025\/12\/Maize-Sheller-Machine.webp\" alt=\"M\u00e1quina desgranadora de ma\u00edz\" class=\"wp-image-813\" title=\"\" srcset=\"https:\/\/maizemachine.com\/wp-content\/uploads\/2025\/12\/Maize-Sheller-Machine.webp 720w, https:\/\/maizemachine.com\/wp-content\/uploads\/2025\/12\/Maize-Sheller-Machine-300x225.webp 300w, https:\/\/maizemachine.com\/wp-content\/uploads\/2025\/12\/Maize-Sheller-Machine-16x12.webp 16w\" sizes=\"auto, (max-width: 720px) 100vw, 720px\" \/><figcaption class=\"wp-element-caption\">M\u00e1quina desgranadora de ma\u00edz<\/figcaption><\/figure> <\/figure>    <h3 class=\"wp-block-heading\">Servicio Centrado en el Cliente<\/h3>    <ul class=\"wp-block-list\"> <li>Preventa: Asesoramiento profesional para ayudarte a elegir la m\u00e1quina adecuada<\/li>    <li>Durante la Venta: Precios transparentes y comunicaci\u00f3n clara<\/li>    <li>Postventa: Garant\u00eda de 1 a\u00f1o, soporte t\u00e9cnico de por vida y suministro de piezas de repuesto<\/li> <\/ul>   <div class=\"wp-block-image\"> <figure class=\"aligncenter size-full\"><img loading=\"lazy\" decoding=\"async\" width=\"1024\" height=\"620\" src=\"https:\/\/maizemachine.com\/wp-content\/uploads\/2022\/08\/people-from-many-countries-have-chosen-us.webp\" alt=\"Personas de muchos pa\u00edses nos han elegido\" class=\"wp-image-25\" title=\"\" srcset=\"https:\/\/maizemachine.com\/wp-content\/uploads\/2022\/08\/people-from-many-countries-have-chosen-us.webp 1024w, https:\/\/maizemachine.com\/wp-content\/uploads\/2022\/08\/people-from-many-countries-have-chosen-us-300x182.webp 300w, https:\/\/maizemachine.com\/wp-content\/uploads\/2022\/08\/people-from-many-countries-have-chosen-us-768x465.webp 768w\" sizes=\"auto, (max-width: 1024px) 100vw, 1024px\" \/><figcaption class=\"wp-element-caption\">Personas de muchos pa\u00edses nos han elegido<\/figcaption><\/figure> <\/div>   <h2 class=\"wp-block-heading\">Nuestros Valores Fundamentales<\/h2>    <p>Primero la Calidad: Nunca comprometemos la calidad del producto. Cada m\u00e1quina pasa por pruebas rigurosas antes de salir de nuestra f\u00e1brica.<\/p>    <p>Enfoque en el Cliente: Tu \u00e9xito es nuestro \u00e9xito. Escuchamos tus necesidades y ofrecemos soluciones personalizadas.<\/p>    <p>Impulsados por la Innovaci\u00f3n: Invertimos continuamente en I D para mejorar nuestros productos y desarrollar nuevas tecnolog\u00edas.<\/p>    <p>Integridad y Confianza: Construimos relaciones a largo plazo basadas en la honestidad, transparencia y respeto mutuo.<\/p>   <div class=\"wp-block-image\"> <figure class=\"aligncenter size-full\"><img loading=\"lazy\" decoding=\"async\" width=\"720\" height=\"540\" src=\"https:\/\/maizemachine.com\/wp-content\/uploads\/2025\/08\/Our-customer.webp\" alt=\"Nuestro cliente\" class=\"wp-image-577\" title=\"\" srcset=\"https:\/\/maizemachine.com\/wp-content\/uploads\/2025\/08\/Our-customer.webp 720w, https:\/\/maizemachine.com\/wp-content\/uploads\/2025\/08\/Our-customer-300x225.webp 300w, https:\/\/maizemachine.com\/wp-content\/uploads\/2025\/08\/Our-customer-16x12.webp 16w\" sizes=\"auto, (max-width: 720px) 100vw, 720px\" \/><figcaption class=\"wp-element-caption\">Nuestro cliente<\/figcaption><\/figure> <\/div>   <h2 class=\"wp-block-heading\">Nuestra Fortaleza en Fabricaci\u00f3n<\/h2>    <h3 class=\"wp-block-heading\">Instalaciones de Producci\u00f3n Avanzadas<\/h3>    <p>Equipado con maquinaria moderna de fabricaci\u00f3n y l\u00edneas de producci\u00f3n automatizadas para garantizar calidad constante y producci\u00f3n eficiente.<\/p>    <h3 class=\"wp-block-heading\">Control de Calidad Estricto<\/h3>    <p>Proceso de inspecci\u00f3n de calidad en varias etapas desde las materias primas hasta los productos terminados.<\/p>    <h3 class=\"wp-block-heading\">Equipo de I D Profesional<\/h3>    <p>Ingenieros experimentados dedicados a la innovaci\u00f3n y mejora del producto.<\/p>    <h3 class=\"wp-block-heading\">Personal Calificado<\/h3>    <p>T\u00e9cnicos y trabajadores capacitados comprometidos con la excelencia artesanal.<\/p>    <h2 class=\"wp-block-heading\">Historias de \u00c9xito<\/h2>    <p>Hemos ayudado a miles de clientes en todo el mundo a mejorar sus operaciones agr\u00edcolas:<\/p>    <ul class=\"wp-block-list\"> <li>Ghana: Suministr\u00f3 sembradoras de ma\u00edz de 6 hileras a cooperativas locales<\/li>    <li>Kenia: Entreg\u00f3 sembradoras de ma\u00edz de 4 hileras a grandes explotaciones<\/li>    <li>EE. UU.: Export\u00f3 m\u00e1quinas de trilla de ma\u00edz fresco a instalaciones de procesamiento<\/li>    <li>Filipinas: Enviadas m\u00e1quinas de molienda de s\u00e9mola de ma\u00edz a productores de alimentos<\/li>    <li>M\u00e9xico: Instal\u00f3 trilladoras de ma\u00edz fresco para operaciones comerciales<\/li> <\/ul>    <figure class=\"wp-block-gallery has-nested-images columns-default is-cropped wp-block-gallery-4 is-layout-flex wp-block-gallery-is-layout-flex\"> <figure class=\"wp-block-image size-large\"><img loading=\"lazy\" decoding=\"async\" width=\"720\" height=\"540\" data-id=\"699\" src=\"https:\/\/maizemachine.com\/wp-content\/uploads\/2025\/10\/Shipping-packaging-diagram.webp\" alt=\"Diagrama de embalaje de env\u00edo\" class=\"wp-image-699\" title=\"\" srcset=\"https:\/\/maizemachine.com\/wp-content\/uploads\/2025\/10\/Shipping-packaging-diagram.webp 720w, https:\/\/maizemachine.com\/wp-content\/uploads\/2025\/10\/Shipping-packaging-diagram-300x225.webp 300w, https:\/\/maizemachine.com\/wp-content\/uploads\/2025\/10\/Shipping-packaging-diagram-16x12.webp 16w\" sizes=\"auto, (max-width: 720px) 100vw, 720px\" \/><figcaption class=\"wp-element-caption\">Diagrama de embalaje de env\u00edo<\/figcaption><\/figure>    <figure class=\"wp-block-image size-large\"><img loading=\"lazy\" decoding=\"async\" width=\"720\" height=\"540\" data-id=\"454\" src=\"https:\/\/maizemachine.com\/wp-content\/uploads\/2025\/06\/Workers-are-nailing-the-crates.webp\" alt=\"Los trabajadores est\u00e1n clavando las cajas.\" class=\"wp-image-454\" title=\"\" srcset=\"https:\/\/maizemachine.com\/wp-content\/uploads\/2025\/06\/Workers-are-nailing-the-crates.webp 720w, https:\/\/maizemachine.com\/wp-content\/uploads\/2025\/06\/Workers-are-nailing-the-crates-300x225.webp 300w, https:\/\/maizemachine.com\/wp-content\/uploads\/2025\/06\/Workers-are-nailing-the-crates-16x12.webp 16w\" sizes=\"auto, (max-width: 720px) 100vw, 720px\" \/><figcaption class=\"wp-element-caption\">Los trabajadores est\u00e1n clavando las cajas.<\/figcaption><\/figure>    <figure class=\"wp-block-image size-large\"><img loading=\"lazy\" decoding=\"async\" width=\"720\" height=\"540\" data-id=\"509\" src=\"https:\/\/maizemachine.com\/wp-content\/uploads\/2022\/08\/Workers-are-packing.webp\" alt=\"Los trabajadores est\u00e1n empacando\" class=\"wp-image-509\" title=\"\" srcset=\"https:\/\/maizemachine.com\/wp-content\/uploads\/2022\/08\/Workers-are-packing.webp 720w, https:\/\/maizemachine.com\/wp-content\/uploads\/2022\/08\/Workers-are-packing-300x225.webp 300w, https:\/\/maizemachine.com\/wp-content\/uploads\/2022\/08\/Workers-are-packing-16x12.webp 16w\" sizes=\"auto, (max-width: 720px) 100vw, 720px\" \/><figcaption class=\"wp-element-caption\">Los trabajadores est\u00e1n empacando<\/figcaption><\/figure>    <figure class=\"wp-block-image size-large\"><img loading=\"lazy\" decoding=\"async\" width=\"720\" height=\"540\" data-id=\"279\" src=\"https:\/\/maizemachine.com\/wp-content\/uploads\/2023\/03\/delivery-chart.webp\" alt=\"Trilladora de ma\u00edz enviada a Nigeria\" class=\"wp-image-279\" title=\"\" srcset=\"https:\/\/maizemachine.com\/wp-content\/uploads\/2023\/03\/delivery-chart.webp 720w, https:\/\/maizemachine.com\/wp-content\/uploads\/2023\/03\/delivery-chart-300x225.webp 300w\" sizes=\"auto, (max-width: 720px) 100vw, 720px\" \/><figcaption class=\"wp-element-caption\">Trilladora de ma\u00edz enviada a Nigeria<\/figcaption><\/figure>    <figure class=\"wp-block-image size-large\"><img loading=\"lazy\" decoding=\"async\" width=\"720\" height=\"540\" data-id=\"108\" src=\"https:\/\/maizemachine.com\/wp-content\/uploads\/2022\/08\/picture-of-machine-packing.webp\" alt=\"imagen del embalaje de la m\u00e1quina\" class=\"wp-image-108\" title=\"\" srcset=\"https:\/\/maizemachine.com\/wp-content\/uploads\/2022\/08\/picture-of-machine-packing.webp 720w, https:\/\/maizemachine.com\/wp-content\/uploads\/2022\/08\/picture-of-machine-packing-300x225.webp 300w\" sizes=\"auto, (max-width: 720px) 100vw, 720px\" \/><figcaption class=\"wp-element-caption\">Imagen del embalaje de la m\u00e1quina<\/figcaption><\/figure> <\/figure>    <h2 class=\"wp-block-heading\">Nuestro Compromiso<\/h2>    <p>Cuando eliges Taizy, eliges:<\/p>    <ul class=\"wp-block-list\"> <li>Equipamiento confiable que dura<\/li>    <li>Precios competitivos directos de f\u00e1brica<\/li>    <li>Soporte t\u00e9cnico profesional<\/li>    <li>Env\u00edo global r\u00e1pido y seguro<\/li>    <li>Servicio postventa integral<\/li> <\/ul>    <h2 class=\"wp-block-heading\">Cont\u00e1ctenos<\/h2>    <p>\u00bfListo para mejorar tus operaciones de procesamiento de ma\u00edz? \u00a1Cont\u00e1ctanos hoy mismo!<\/p>    <p>Esperamos colaborar contigo para un futuro agr\u00edcola m\u00e1s productivo.<\/p>    <div class=\"wp-block-buttons is-layout-flex wp-block-buttons-is-layout-flex\"> <div class=\"wp-block-button\"><a class=\"wp-block-button__link wp-element-button\" href=\"https:\/\/wa.me\/+8619139761487\" target=\"_blank\" rel=\"noopener\">WhatsApp\/WeChat\/Tel:  86 19139761487<\/a><\/div> <\/div>    <p><\/p>    <div class=\"wp-block-buttons is-layout-flex wp-block-buttons-is-layout-flex\"> <div class=\"wp-block-button\"><a class=\"wp-block-button__link wp-element-button\">Correo electr\u00f3nico: info@maizemachine.com<\/a><\/div> <\/div>    <p><\/p>    <p><\/p>","protected":false},"excerpt":{"rendered":"<p>Who We Are Taizy Corn Machinery is a leading manufacturer and exporter of corn processing equipment, dedicated to providing high-quality agricultural machinery solutions to farmers and businesses worldwide. With over 20 years of experience in the industry, we have established ourselves as a trusted partner for corn harvesting, threshing, milling, drying, and packaging equipment. Our [&hellip;]<\/p>\n","protected":false},"author":1,"featured_media":0,"parent":0,"menu_order":0,"comment_status":"closed","ping_status":"closed","template":"","meta":{"footnotes":""},"class_list":["post-13","page","type-page","status-publish","hentry"],"_links":{"self":[{"href":"https:\/\/maizemachine.com\/es\/wp-json\/wp\/v2\/pages\/13","targetHints":{"allow":["GET"]}}],"collection":[{"href":"https:\/\/maizemachine.com\/es\/wp-json\/wp\/v2\/pages"}],"about":[{"href":"https:\/\/maizemachine.com\/es\/wp-json\/wp\/v2\/types\/page"}],"author":[{"embeddable":true,"href":"https:\/\/maizemachine.com\/es\/wp-json\/wp\/v2\/users\/1"}],"replies":[{"embeddable":true,"href":"https:\/\/maizemachine.com\/es\/wp-json\/wp\/v2\/comments?post=13"}],"version-history":[{"count":12,"href":"https:\/\/maizemachine.com\/es\/wp-json\/wp\/v2\/pages\/13\/revisions"}],"predecessor-version":[{"id":949,"href":"https:\/\/maizemachine.com\/es\/wp-json\/wp\/v2\/pages\/13\/revisions\/949"}],"wp:attachment":[{"href":"https:\/\/maizemachine.com\/es\/wp-json\/wp\/v2\/media?parent=13"}],"curies":[{"name":"wp","href":"https:\/\/api.w.org\/{rel}","templated":true}]}}