{"id":86,"date":"2022-08-24T01:46:15","date_gmt":"2022-08-24T01:46:15","guid":{"rendered":"https:\/\/maizemachine.com\/?post_type=product&#038;p=86"},"modified":"2026-02-10T17:55:03","modified_gmt":"2026-02-10T09:55:03","slug":"one-row-corn-picker","status":"publish","type":"product","link":"https:\/\/maizemachine.com\/af\/product\/one-row-corn-picker\/","title":{"rendered":"Een Ry Mieliepikker | Mielie Oesmasjien"},"content":{"rendered":"<p class=\"translation-block\">Die <strong><mark class=\"has-inline-color has-luminous-vivid-amber-color\">een ry mielie-oogstmasjien <\/mark><\/strong>is 'n kompakte en buigsame klein masjien, ontwerp vir klein tot medium velde, heuwelgebiede, en familieplase. Dit kan <strong><mark class=\"has-inline-color has-luminous-vivid-amber-color\">mielies oes, stingels verpletter en terugkeer na die veld, en mieliekoppe versamel<\/mark><\/strong> alles in een pass, wat doeltreffendheid aansienlik verbeter in vergelyking met handmatige oes. Dit is 'n ideale keuse vir boere wat gemeganiseerde mielie-oes soek.<\/p>    <figure class=\"wp-block-embed is-type-video is-provider-youtube wp-block-embed-youtube wp-embed-aspect-16-9 wp-has-aspect-ratio\"><div class=\"wp-block-embed__wrapper\"> <iframe loading=\"lazy\" title=\"n klein mielie-oesmasjien geskik vir klein plase, heuvelagtige terreine en familieplase.\" width=\"500\" height=\"281\" src=\"https:\/\/www.youtube.com\/embed\/WwK4wuOOnIQ?feature=oembed\" frameborder=\"0\" allow=\"accelerometer; autoplay; clipboard-write; encrypted-media; gyroscope; picture-in-picture; web-share\" referrerpolicy=\"strict-origin-when-cross-origin\" allowfullscreen><\/iframe> <\/div><\/figure>    <p class=\"translation-block\">Ons bied twee modelle aan: <mark class=\"has-inline-color has-luminous-vivid-amber-color\"><strong>TZ-125<\/strong><\/mark> en<mark class=\"has-inline-color has-luminous-vivid-amber-color\"> <strong>TZ-265<\/strong><\/mark>, toegerus met 'n benzinemotor en 'n luggekoelde diesel-enjin, onderskeidelik, met 'n werkvermo\u00eb van<strong><mark class=\"has-inline-color has-luminous-vivid-amber-color\"> 0.03\u20130.06 <\/mark><\/strong>hektare per uur.<\/p>    <p class=\"translation-block\">Hierdie tipe een ry koringharvester is gewild onder klante in baie lande, insluitend <strong><em>Brasili\u00eb, Tanzania, Meksiko, Indonesi\u00eb, en Vi\u00ebtnam ens.<\/em><\/strong><\/p>   <div class=\"wp-block-image\"> <figure class=\"aligncenter size-full\"><img loading=\"lazy\" decoding=\"async\" width=\"720\" height=\"540\" src=\"http:\/\/maizemachine.com\/wp-content\/uploads\/2022\/08\/maize-harvester-for-sale.webp\" alt=\"mielie oesmasjien te koop\" class=\"wp-image-91\" title=\"\" srcset=\"https:\/\/maizemachine.com\/wp-content\/uploads\/2022\/08\/maize-harvester-for-sale.webp 720w, https:\/\/maizemachine.com\/wp-content\/uploads\/2022\/08\/maize-harvester-for-sale-300x225.webp 300w\" sizes=\"auto, (max-width: 720px) 100vw, 720px\" \/><figcaption class=\"wp-element-caption\">mielie oesmasjien te koop<\/figcaption><\/figure> <\/div>   <h2 class=\"wp-block-heading\" id=\"h-what-are-the-characteristics-of-single-row-corn-harvester\">Wat is die eienskappe van die een-ry mieliepicker?<\/h2>    <div class=\"wp-block-columns is-layout-flex wp-container-core-columns-is-layout-9d6595d7 wp-block-columns-is-layout-flex\"> <div class=\"wp-block-column is-layout-flow wp-block-column-is-layout-flow\"> <h3 class=\"wp-block-heading\">Kompakte ontwerp, klein liggaamsgrootte<\/h3>    <ul class=\"wp-block-list\"> <li>Met 'n masjiengrootte van slegs <strong><em>1820\u00d7800\u00d71190mm<\/em><\/strong>, dit is ideaal vir noue velde, onre\u00eblmatige rande, en klein persele.<\/li>    <li>Maklik om te manoeuvreer in stywe ruimtes, veral in heuwelagtige of bergagtige gebiede waar groter masjiene nie kan werk nie.<\/li> <\/ul> <\/div>    <div class=\"wp-block-column is-layout-flow wp-block-column-is-layout-flow\"> <h3 class=\"wp-block-heading\">Multifunksioneel, Ho\u00eb Outomatisering<\/h3>    <ul class=\"wp-block-list\"> <li>Dit kan gelyktydig mielies oes, stingels verpletter en terugkeer na die veld, en mieliekoppe in een passie versamel.<\/li>    <li>Verminder arbeidskoste aansienlik en verbeter algehele oesdoeltreffendheid\u2014geen behoefte aan sekond\u00eare handmatige dop.<\/li> <\/ul> <\/div> <\/div>    <div class=\"wp-block-columns is-layout-flex wp-container-core-columns-is-layout-9d6595d7 wp-block-columns-is-layout-flex\"> <div class=\"wp-block-column is-layout-flow wp-block-column-is-layout-flow\"> <h3 class=\"wp-block-heading\">Doeltreffende Snelsysteem met 10 Lemmes<\/h3>    <ul class=\"wp-block-list\"> <li>Toegerus met <strong><em>10 <\/em><\/strong>duursame, ho\u00ebspoed lemme wat verskillende mieliedigthede kan hanteer.<\/li>    <li>Verseker skoon sny met minimale verlies of gemiste stingels, wat produktiwiteit en uitsetkwaliteit verbeter.<\/li> <\/ul> <\/div>    <div class=\"wp-block-column is-layout-flow wp-block-column-is-layout-flow\"> <h3 class=\"wp-block-heading\">Lae Brandstofverbruik, Energie-doeltreffend<\/h3>    <ul class=\"wp-block-list\"> <li>Brandstofverbruik is <strong><em>\u226410 kg<\/em><\/strong> per uur per hektaar, danksy sy liggewig en doeltreffende ontwerp.<\/li> <\/ul>    <ul class=\"wp-block-list\"> <li>Ideaal vir klein plase of individuele gebruikers wat brandstofkoste wil bespaar terwyl hulle ho\u00eb produktiwiteit handhaaf.<\/li> <\/ul> <\/div> <\/div>   <div class=\"wp-block-image\"> <figure class=\"aligncenter size-full\"><img loading=\"lazy\" decoding=\"async\" width=\"720\" height=\"540\" src=\"https:\/\/maizemachine.com\/wp-content\/uploads\/2022\/08\/Small-1-Row-Corn-Harvester.webp\" alt=\"Klein 1 Ry Mielie Oesmasjien\" class=\"wp-image-506\" title=\"\" srcset=\"https:\/\/maizemachine.com\/wp-content\/uploads\/2022\/08\/Small-1-Row-Corn-Harvester.webp 720w, https:\/\/maizemachine.com\/wp-content\/uploads\/2022\/08\/Small-1-Row-Corn-Harvester-300x225.webp 300w, https:\/\/maizemachine.com\/wp-content\/uploads\/2022\/08\/Small-1-Row-Corn-Harvester-16x12.webp 16w\" sizes=\"auto, (max-width: 720px) 100vw, 720px\" \/><figcaption class=\"wp-element-caption\">Klein 1 Ry Mielie Oesmasjien<\/figcaption><\/figure> <\/div>   <div class=\"wp-block-columns is-layout-flex wp-container-core-columns-is-layout-9d6595d7 wp-block-columns-is-layout-flex\"> <div class=\"wp-block-column is-layout-flow wp-block-column-is-layout-flow\"> <h3 class=\"wp-block-heading\">Aanpasbaar by Kompleks terrein<\/h3>    <ul class=\"wp-block-list\"> <li>Met 'n totale gewig van slegs<strong><em> 265 kg <\/em><\/strong>en 'n lae swaartepunt, bly die masjien stabiel selfs op ongelyke grond.<\/li>    <li>Perfect vir gebruik in bergagtige of hellinglande waar grootskaalse oesmasjiene ongeschik is.<\/li> <\/ul> <\/div>    <div class=\"wp-block-column is-layout-flow wp-block-column-is-layout-flow\"> <h3 class=\"wp-block-heading\">Maklik om te bedryf \u2013 Enkelpersoon bedryf<\/h3>    <ul class=\"wp-block-list\"> <li>Eenvoudige en intu\u00eftiewe kontroles; verstelbare handvatsel vir operateur gemak.<\/li>    <li>Geen spesiale opleiding benodig\u2014geskik selfs vir ouer boere of vroulike operateurs.<\/li> <\/ul> <\/div> <\/div>    <div class=\"wp-block-columns is-layout-flex wp-container-core-columns-is-layout-9d6595d7 wp-block-columns-is-layout-flex\"> <div class=\"wp-block-column is-layout-flow wp-block-column-is-layout-flow\"> <h3 class=\"wp-block-heading\">Maklike onderhoud, lae mislukkingskoers<\/h3>    <ul class=\"wp-block-list\"> <li>'n Eenvoudige meganiese struktuur maak <strong><em>skoonmaak<\/em><\/strong> en onderhoud is maklik, hoofsaaklik om rieme te kontroleer, onderdele te olie en lemme skoon te maak.<\/li>    <li>Lae onderhoudskoste en lang lewensduur, wat betroubaarheid in die veld verseker.<\/li> <\/ul> <\/div>    <div class=\"wp-block-column is-layout-flow wp-block-column-is-layout-flow\"> <h3 class=\"wp-block-heading\">Buigsame ooreenkomsopsies<\/h3>    <ul class=\"wp-block-list\"> <li>Kan deur 'n klein trekker gesleep word of aangepas word vir selfaangedrewe werking met 'n enjin.<\/li>    <li>Aanpasbaar vir verskillende plaasgroottes en kragkonfigurasies gebaseer op gebruikersbehoeftes.<\/li> <\/ul> <\/div> <\/div>   <div class=\"wp-block-image\"> <figure class=\"aligncenter size-full\"><img loading=\"lazy\" decoding=\"async\" width=\"720\" height=\"540\" src=\"http:\/\/maizemachine.com\/wp-content\/uploads\/2022\/08\/one-row-corn-picker.webp\" alt=\"een ry mieliepicker\" class=\"wp-image-93\" title=\"\" srcset=\"https:\/\/maizemachine.com\/wp-content\/uploads\/2022\/08\/one-row-corn-picker.webp 720w, https:\/\/maizemachine.com\/wp-content\/uploads\/2022\/08\/one-row-corn-picker-300x225.webp 300w\" sizes=\"auto, (max-width: 720px) 100vw, 720px\" \/><figcaption class=\"wp-element-caption\">een ry mieliepicker<\/figcaption><\/figure> <\/div>   <h2 class=\"wp-block-heading\" id=\"h-structure-of-one-row-corn-picker\">Struktuur van een ry mielieplukker<\/h2>    <p>Die struktuur van 'n enkele ry mielie-oogstmasjien is kompakt. Dit bestaan hoofsaaklik uit 'n raam, hopper, enjin, wiel, hoogte-verstelbare handvatsel, reis-koppeling, roller, en verbrokkelingstoestel.<\/p>   <div class=\"wp-block-image\"> <figure class=\"aligncenter size-full\"><img loading=\"lazy\" decoding=\"async\" width=\"720\" height=\"540\" src=\"http:\/\/maizemachine.com\/wp-content\/uploads\/2022\/08\/small-corn-harvester.webp\" alt=\"die struktuur van klein mielie oesmasjien\" class=\"wp-image-94\" title=\"\" srcset=\"https:\/\/maizemachine.com\/wp-content\/uploads\/2022\/08\/small-corn-harvester.webp 720w, https:\/\/maizemachine.com\/wp-content\/uploads\/2022\/08\/small-corn-harvester-300x225.webp 300w\" sizes=\"auto, (max-width: 720px) 100vw, 720px\" \/><figcaption class=\"wp-element-caption\">Die struktuur van 'n klein mielie oesmasjien<\/figcaption><\/figure> <\/div>   <h2 class=\"wp-block-heading\" id=\"h-parameters-of-corn-harvester\">Parameters van mieliesnyer<\/h2>    <h3 class=\"wp-block-heading has-text-align-center\">TZ-265<\/h3>    <figure class=\"wp-block-table\"><table><tbody><tr><td>Model<\/td><td>TZ-265<\/td><\/tr><tr><td>Grootte<\/td><td>1820*800*1190mm<\/td><\/tr><tr><td>gewig<\/td><td>265kg<\/td><\/tr><tr><td>Werkspoed<\/td><td>0.75-1.44km\/h<\/td><\/tr><tr><td>Brandstofverbruik van eenheid werksone<\/td><td>\u226410kg\/hm\u00b2<\/td><\/tr><tr><td>Ure van Produktiwiteit<\/td><td>0.03-0.06 hektaar\/h<\/td><\/tr><tr><td>Aantal Lemmette<\/td><td>10<\/td><\/tr><tr><td>Krag<\/td><td>lug-gekoelde diesel enjin<\/td><\/tr><tr><td>stoppel hoogte<\/td><td>8-15 cm (verstelbaar)<\/td><\/tr><tr><td>Verpulveringskoers<\/td><td>\uff1e98%<\/td><\/tr><\/tbody><\/table><\/figure>   <div class=\"wp-block-image\"> <figure class=\"aligncenter size-full\"><img loading=\"lazy\" decoding=\"async\" width=\"720\" height=\"540\" src=\"https:\/\/maizemachine.com\/wp-content\/uploads\/2026\/02\/Small-Corn-Harvester-with-Diesel-Engine.webp\" alt=\"Klein Mielie-oogstmasjien met Diesel-enjin\" class=\"wp-image-855\" title=\"\" srcset=\"https:\/\/maizemachine.com\/wp-content\/uploads\/2026\/02\/Small-Corn-Harvester-with-Diesel-Engine.webp 720w, https:\/\/maizemachine.com\/wp-content\/uploads\/2026\/02\/Small-Corn-Harvester-with-Diesel-Engine-300x225.webp 300w, https:\/\/maizemachine.com\/wp-content\/uploads\/2026\/02\/Small-Corn-Harvester-with-Diesel-Engine-16x12.webp 16w\" sizes=\"auto, (max-width: 720px) 100vw, 720px\" \/><figcaption class=\"wp-element-caption\">Klein Mielie-oogstmasjien met Diesel-enjin<\/figcaption><\/figure> <\/div>   <h3 class=\"wp-block-heading has-text-align-center\">TZ-125<\/h3>    <figure class=\"wp-block-table\"><table><tbody><tr><td>Model<\/td><td>TZ-125<\/td><\/tr><tr><td>Grootte<\/td><td>1820*800*1190mm<\/td><\/tr><tr><td>gewig<\/td><td>265kg<\/td><\/tr><tr><td>Werkspoed<\/td><td>0.75-1.44km\/h<\/td><\/tr><tr><td>Brandstofverbruik van eenheid werksone<\/td><td>\u226410kg\/hm\u00b2<\/td><\/tr><tr><td>Ure van Produktiwiteit<\/td><td>0.03-0.06 hektaar\/h<\/td><\/tr><tr><td>Aantal Lemmette<\/td><td>10<\/td><\/tr><tr><td>Krag<\/td><td>benzinemotor<\/td><\/tr><tr><td>stoppel hoogte<\/td><td>8-15 cm (verstelbaar)<\/td><\/tr><tr><td>Verpulveringskoers<\/td><td>\uff1e98%<\/td><\/tr><\/tbody><\/table><\/figure>   <div class=\"wp-block-image\"> <figure class=\"aligncenter size-full\"><img loading=\"lazy\" decoding=\"async\" width=\"720\" height=\"540\" src=\"https:\/\/maizemachine.com\/wp-content\/uploads\/2026\/02\/Small-Corn-Harvester-with-Gasoline-Engine.webp\" alt=\"Klein Mielie-oogstmasjien met Benzinemotor\" class=\"wp-image-856\" title=\"\" srcset=\"https:\/\/maizemachine.com\/wp-content\/uploads\/2026\/02\/Small-Corn-Harvester-with-Gasoline-Engine.webp 720w, https:\/\/maizemachine.com\/wp-content\/uploads\/2026\/02\/Small-Corn-Harvester-with-Gasoline-Engine-300x225.webp 300w, https:\/\/maizemachine.com\/wp-content\/uploads\/2026\/02\/Small-Corn-Harvester-with-Gasoline-Engine-16x12.webp 16w\" sizes=\"auto, (max-width: 720px) 100vw, 720px\" \/><figcaption class=\"wp-element-caption\">Klein Mielie-oogstmasjien met Benzinemotor<\/figcaption><\/figure> <\/div>   <p class=\"translation-block\">Die grootte van hierdie klein mielie-oogstmasjien is <strong><em>1820 * 800 * 1190 mm<\/em><\/strong>. Die gewig is <strong><em>265 kg<\/em><\/strong>. Die maksimum werkspoed kan bereik <strong><em>1.4 km\/h. <\/em><\/strong>Die produktiwiteit per uur is <strong><em>0.03-0.06 hektaar.<\/em><\/strong> Daarom kan dit aan die meeste van die klein gebiedswerkvereistes voldoen.<\/p>    <h2 class=\"wp-block-heading\" id=\"h-how-does-a-corn-harvester-work\">Hoe werk 'n mieliesnyer?<\/h2>    <p class=\"translation-block\">Die een ry korrekopper het \u2019n motor. Dit kan koring pluk en in \u2019n mandjie stoor. Terselfdertyd word die mieliestrooi fyn gestamp. Die wiele word deur \u2019n <a href=\"https:\/\/en.wikipedia.org\/wiki\/Propulsion_transmission#Multi-ratio_systems\" target=\"_blank\" rel=\"noopener\">ratkas<\/a> aangedryf. Twee oeswiele en \u2019n eenheid-strooiekskoolword deur \u2019n ander ratkas gedryf. Wanneer die masjien vorentoe beweeg, trek dit die mielie-strooi in die header. Dan sal die breek-snygroep die mieliestrooi breek.<\/p>    <div class=\"wp-block-columns is-layout-flex wp-container-core-columns-is-layout-9d6595d7 wp-block-columns-is-layout-flex\"> <div class=\"wp-block-column is-layout-flow wp-block-column-is-layout-flow\"> <figure class=\"wp-block-image size-full\"><img loading=\"lazy\" decoding=\"async\" width=\"479\" height=\"359\" src=\"http:\/\/maizemachine.com\/wp-content\/uploads\/2022\/08\/corn-pickers-in-factory.webp\" alt=\"mielies plukkers in fabriek\" class=\"wp-image-90\" title=\"\" srcset=\"https:\/\/maizemachine.com\/wp-content\/uploads\/2022\/08\/corn-pickers-in-factory.webp 479w, https:\/\/maizemachine.com\/wp-content\/uploads\/2022\/08\/corn-pickers-in-factory-300x225.webp 300w\" sizes=\"auto, (max-width: 479px) 100vw, 479px\" \/><figcaption class=\"wp-element-caption\">Mielieplukkers in Fabriek<\/figcaption><\/figure> <\/div>    <div class=\"wp-block-column is-layout-flow wp-block-column-is-layout-flow\"> <figure class=\"wp-block-image size-full\"><img loading=\"lazy\" decoding=\"async\" width=\"479\" height=\"359\" src=\"http:\/\/maizemachine.com\/wp-content\/uploads\/2022\/08\/corn-picker.webp\" alt=\"mielies plukker\" class=\"wp-image-89\" title=\"\" srcset=\"https:\/\/maizemachine.com\/wp-content\/uploads\/2022\/08\/corn-picker.webp 479w, https:\/\/maizemachine.com\/wp-content\/uploads\/2022\/08\/corn-picker-300x225.webp 300w\" sizes=\"auto, (max-width: 479px) 100vw, 479px\" \/><figcaption class=\"wp-element-caption\">Mielieplukker<\/figcaption><\/figure> <\/div> <\/div>    <h2 class=\"wp-block-heading\">Aflewering gevalle van enkel-ry mielie oesmasjien<\/h2>    <figure class=\"wp-block-gallery has-nested-images columns-default is-cropped wp-block-gallery-2 is-layout-flex wp-block-gallery-is-layout-flex\"> <figure class=\"wp-block-image size-large\"><img loading=\"lazy\" decoding=\"async\" width=\"720\" height=\"540\" data-id=\"509\" src=\"https:\/\/maizemachine.com\/wp-content\/uploads\/2022\/08\/Workers-are-packing.webp\" alt=\"Werkers is besig om te pak\" class=\"wp-image-509\" title=\"\" srcset=\"https:\/\/maizemachine.com\/wp-content\/uploads\/2022\/08\/Workers-are-packing.webp 720w, https:\/\/maizemachine.com\/wp-content\/uploads\/2022\/08\/Workers-are-packing-300x225.webp 300w, https:\/\/maizemachine.com\/wp-content\/uploads\/2022\/08\/Workers-are-packing-16x12.webp 16w\" sizes=\"auto, (max-width: 720px) 100vw, 720px\" \/><figcaption class=\"wp-element-caption\">Werkers is besig om te pak<\/figcaption><\/figure>    <figure class=\"wp-block-image size-large\"><img loading=\"lazy\" decoding=\"async\" width=\"720\" height=\"540\" data-id=\"507\" src=\"https:\/\/maizemachine.com\/wp-content\/uploads\/2022\/08\/The-corn-harvester-has-been-packed.webp\" alt=\"Die mielieoeser is gepak\" class=\"wp-image-507\" title=\"\" srcset=\"https:\/\/maizemachine.com\/wp-content\/uploads\/2022\/08\/The-corn-harvester-has-been-packed.webp 720w, https:\/\/maizemachine.com\/wp-content\/uploads\/2022\/08\/The-corn-harvester-has-been-packed-300x225.webp 300w, https:\/\/maizemachine.com\/wp-content\/uploads\/2022\/08\/The-corn-harvester-has-been-packed-16x12.webp 16w\" sizes=\"auto, (max-width: 720px) 100vw, 720px\" \/><figcaption class=\"wp-element-caption\">Die mielieoesmasjien is gepak<\/figcaption><\/figure> <\/figure>    <h2 class=\"wp-block-heading\" id=\"h-one-row-corn-picker-for-sale\">Een ry mielieplukker te koop<\/h2>    <p class=\"translation-block\">In <a href=\"https:\/\/maizemachine.com\/af\/\">Taizy mielmasjienfabriek<\/a>, het ons 'n eenry mieliepikker te koop. Daarbenewens het ons baie rye mielieoesers te koop. Jy kan kies volgens jou eie behoeftes. As jy ander spesiale behoeftes het, kan ons ook op maat gemaakte dienste vir jou bied. Die belangrikste is dat die prys van 'n eenry mieliepikker bekostigbaar is. Dit is dus koste-effektief, of jy dit gebruik of huur.<\/p>    <h2 class=\"wp-block-heading\">Verwante masjien aanbevelings<\/h2>    <p class=\"translation-block\">Tegelykertyd bied ons ook <strong><a href=\"https:\/\/maizemachine.com\/af\/product\/multifunctional-maize-thresher-machine\/\">mielieverwerkers<\/a><\/strong> en <strong><a href=\"https:\/\/maizemachine.com\/af\/product\/corn-grits-making-machine\/\">mieliegriesmasjyns<\/a><\/strong> aan. As jy belangstel in verdere verwerking van mielies, voel vry om ons te raadpleeg vir meer besonderhede.<\/p>    <figure class=\"wp-block-gallery has-nested-images columns-default is-cropped wp-block-gallery-3 is-layout-flex wp-block-gallery-is-layout-flex\"> <figure class=\"wp-block-image size-large\"><img loading=\"lazy\" decoding=\"async\" width=\"720\" height=\"540\" data-id=\"280\" src=\"https:\/\/maizemachine.com\/wp-content\/uploads\/2023\/03\/maize-thresher-machine.webp\" alt=\"multifunctionele mielieskiller te koop\" class=\"wp-image-280\" title=\"\" srcset=\"https:\/\/maizemachine.com\/wp-content\/uploads\/2023\/03\/maize-thresher-machine.webp 720w, https:\/\/maizemachine.com\/wp-content\/uploads\/2023\/03\/maize-thresher-machine-300x225.webp 300w\" sizes=\"auto, (max-width: 720px) 100vw, 720px\" \/><figcaption class=\"wp-element-caption\">Multifunksionele Mielieskiller Te Koop<\/figcaption><\/figure>    <figure class=\"wp-block-image size-large\"><img loading=\"lazy\" decoding=\"async\" width=\"720\" height=\"540\" data-id=\"326\" src=\"https:\/\/maizemachine.com\/wp-content\/uploads\/2023\/08\/corn-grits-machine.webp\" alt=\"mielieskywe masjien\" class=\"wp-image-326\" title=\"\" srcset=\"https:\/\/maizemachine.com\/wp-content\/uploads\/2023\/08\/corn-grits-machine.webp 720w, https:\/\/maizemachine.com\/wp-content\/uploads\/2023\/08\/corn-grits-machine-300x225.webp 300w\" sizes=\"auto, (max-width: 720px) 100vw, 720px\" \/><figcaption class=\"wp-element-caption\">Mielies grits masjien<\/figcaption><\/figure> <\/figure>    <div class=\"wp-block-columns is-layout-flex wp-container-core-columns-is-layout-9d6595d7 wp-block-columns-is-layout-flex\"> <div class=\"wp-block-column is-layout-flow wp-block-column-is-layout-flow\"> <figure class=\"wp-block-embed is-type-wp-embed is-provider-maize-machine wp-block-embed-maize-machine\"><div class=\"wp-block-embed__wrapper\"> <blockquote class=\"wp-embedded-content\" data-secret=\"PbJBFQpCXI\"><a href=\"https:\/\/maizemachine.com\/af\/product\/multifunctional-maize-thresher-machine\/\">2-4 Ton\/h Veelsydige mielie-uitskietermasjien Te Koop<\/a><\/blockquote><iframe loading=\"lazy\" class=\"wp-embedded-content\" sandbox=\"allow-scripts\" security=\"restricted\" style=\"position: absolute; visibility: hidden;\" title=\"\u201c2-4 Ton\/h Veeldoelige Mielieverwerkingsmasjien vir Verkoop\u201d \u2014 Mieliemasjien\" src=\"https:\/\/maizemachine.com\/product\/multifunctional-maize-thresher-machine\/embed\/#?secret=wcJsr7KeT8#?secret=PbJBFQpCXI\" data-secret=\"PbJBFQpCXI\" width=\"500\" height=\"282\" frameborder=\"0\" marginwidth=\"0\" marginheight=\"0\" scrolling=\"no\"><\/iframe> <\/div><\/figure> <\/div>    <div class=\"wp-block-column is-layout-flow wp-block-column-is-layout-flow\"> <figure class=\"wp-block-embed is-type-wp-embed is-provider-maize-machine wp-block-embed-maize-machine\"><div class=\"wp-block-embed__wrapper\"> <blockquote class=\"wp-embedded-content\" data-secret=\"KTj3yz68Me\"><a href=\"https:\/\/maizemachine.com\/af\/product\/corn-grits-making-machine\/\">Mieliegritsmaakmasjien vir die maak van mieliegrits, mieliemeel<\/a><\/blockquote><iframe loading=\"lazy\" class=\"wp-embedded-content\" sandbox=\"allow-scripts\" security=\"restricted\" style=\"position: absolute; visibility: hidden;\" title=\"&quot;Mielies Grits Maak Masjien vir die Maak van Mielie Grits, Mielie Meel&quot; \u2014 Mielie Masjien\" src=\"https:\/\/maizemachine.com\/product\/corn-grits-making-machine\/embed\/#?secret=GWoQBzoZLk#?secret=KTj3yz68Me\" data-secret=\"KTj3yz68Me\" width=\"500\" height=\"282\" frameborder=\"0\" marginwidth=\"0\" marginheight=\"0\" scrolling=\"no\"><\/iframe> <\/div><\/figure> <\/div> <\/div>    <h2 class=\"wp-block-heading\">VRAAG \u2013 een ry mielie-oogstmasjien<\/h2>   <div id=\"rank-math-faq\" class=\"rank-math-block\"> <div class=\"rank-math-list\"> <div id=\"faq-question-1770716338753\" class=\"rank-math-list-item\"> <h3 class=\"rank-math-question\">Kan dit mielies skil?<\/h3> <div class=\"rank-math-answer\">  <p>Nee.<\/p>  <\/div> <\/div> <div id=\"faq-question-1770716351237\" class=\"rank-math-list-item\"> <h3 class=\"rank-math-question\">Wat gebeur met die mieliestokke?<\/h3> <div class=\"rank-math-answer\">  <p>Die stingels word deur die verpletteringsblades verkrummel en terug na die veld gestuur.<\/p>  <\/div> <\/div> <div id=\"faq-question-1770716382840\" class=\"rank-math-list-item\"> <h3 class=\"rank-math-question\">Wat is die stoppelhoogte?<\/h3> <div class=\"rank-math-answer\">  <p>Verstelbaar, met 'n minimum hoogte van 10 cm.<\/p>  <\/div> <\/div> <div id=\"faq-question-1770716410381\" class=\"rank-math-list-item\"> <h3 class=\"rank-math-question\">Wat is die kragkonfigurasie?<\/h3> <div class=\"rank-math-answer\">  <p>Benzinemotor: 188F; Diesel-enjin (luggekoeld): 188F.<\/p>  <\/div> <\/div> <div id=\"faq-question-1770716420722\" class=\"rank-math-list-item\"> <h3 class=\"rank-math-question\">Is dit moontlik dat sommige mieliekoppe gemis sal word?<\/h3> <div class=\"rank-math-answer\">  <p>Die kans is baie laag.<\/p>  <\/div> <\/div> <div id=\"faq-question-1770716438805\" class=\"rank-math-list-item\"> <h3 class=\"rank-math-question\">Hoeveel mieliekoppe kan die houer hou?<\/h3> <div class=\"rank-math-answer\">  <p>30\u201350 mielies.<\/p>  <\/div> <\/div> <div id=\"faq-question-1770716450893\" class=\"rank-math-list-item\"> <h3 class=\"rank-math-question\">Kan dit soet mielies oes?<\/h3> <div class=\"rank-math-answer\">  <p>Ja.<\/p>  <\/div> <\/div> <div id=\"faq-question-1770716463482\" class=\"rank-math-list-item\"> <h3 class=\"rank-math-question\">Hoeveel eenhede pas in 'n 20ft of 40ft houer?<\/h3> <div class=\"rank-math-answer\">  <p>26 eenhede vir 'n 20ft-houer, 54 eenhede vir 'n 40ft-houer.<\/p>  <\/div> <\/div> <div id=\"faq-question-1770716477125\" class=\"rank-math-list-item\"> <h3 class=\"rank-math-question\">Wat is die geskatte afleweringstyd vir 100 eenhede?<\/h3> <div class=\"rank-math-answer\">  <p>Ongeveer 7 dae.<\/p>  <\/div> <\/div> <\/div> <\/div>","protected":false},"excerpt":{"rendered":"<p>The one row corn picker is a compact and flexible small machine, designed for small to medium fields, hilly areas, and family farms. It can harvest corn, crush and return stalks to the field, and collect corn ears all in one pass, greatly improving efficiency compared to manual harvesting. It is an ideal choice for [&hellip;]<\/p>\n","protected":false},"author":1,"featured_media":505,"parent":0,"template":"","tags":[12],"product-type":[8],"class_list":["post-86","product","type-product","status-publish","has-post-thumbnail","hentry","tag-corn-harvester","product-type-corn-harvester"],"_links":{"self":[{"href":"https:\/\/maizemachine.com\/af\/wp-json\/wp\/v2\/product\/86","targetHints":{"allow":["GET"]}}],"collection":[{"href":"https:\/\/maizemachine.com\/af\/wp-json\/wp\/v2\/product"}],"about":[{"href":"https:\/\/maizemachine.com\/af\/wp-json\/wp\/v2\/types\/product"}],"author":[{"embeddable":true,"href":"https:\/\/maizemachine.com\/af\/wp-json\/wp\/v2\/users\/1"}],"wp:featuredmedia":[{"embeddable":true,"href":"https:\/\/maizemachine.com\/af\/wp-json\/wp\/v2\/media\/505"}],"wp:attachment":[{"href":"https:\/\/maizemachine.com\/af\/wp-json\/wp\/v2\/media?parent=86"}],"wp:term":[{"taxonomy":"post_tag","embeddable":true,"href":"https:\/\/maizemachine.com\/af\/wp-json\/wp\/v2\/tags?post=86"},{"taxonomy":"product-type","embeddable":true,"href":"https:\/\/maizemachine.com\/af\/wp-json\/wp\/v2\/product-type?post=86"}],"curies":[{"name":"wp","href":"https:\/\/api.w.org\/{rel}","templated":true}]}}