{"id":323,"date":"2023-08-22T18:17:39","date_gmt":"2023-08-22T10:17:39","guid":{"rendered":"https:\/\/maizemachine.com\/?post_type=product&#038;p=323"},"modified":"2025-07-04T14:14:21","modified_gmt":"2025-07-04T06:14:21","slug":"corn-grits-making-machine","status":"publish","type":"product","link":"https:\/\/maizemachine.com\/af\/product\/corn-grits-making-machine\/","title":{"rendered":"Mieliegritsmaakmasjien vir die maak van mieliegrits, mieliemeel"},"content":{"rendered":"<p class=\"translation-block\"><strong><em>Corn Grits Making Machine<\/em><\/strong> is 'n toerustingstuk ontwerp om mielies kaarte in mieleringkorn tot mielgritse te verwerk, wat grofpartikels miel is wat in verskillende kooktoepassings gebruik word. Mielgritse word algemeen in geregte soos polenta, pap, en sommige soorte brood gebruik. Hierdie masjien maak nie net mielgritse nie maar ook mielmeel.Daarvoor is dit \u2019n noodsaaklike masjien vir \u2019n mielgritsverwerkingaanleg.<\/p>    <p class=\"translation-block\">The Corn Grits Processing Machine can produce up to<strong><em> 1000 kg of corn grits<\/em><\/strong> per hour, with a<strong><em> corn peeling <\/em><\/strong>capacity of <strong><em>350\u2013450 kg<\/em><\/strong> and<strong><em> corn flour output reaching 350 kg.<\/em><\/strong><\/p>    <p class=\"translation-block\">Om aan die vereistes van verskillende kli\u00ebnte te voldoen, het ons vyf verskillende modelle van mielgritsmaakmasjiene vervaardig:<strong><em> T1, <\/em><\/strong><em>T2<\/em><strong><em>, T3, <\/em><\/strong><em>C2,<\/em><strong><em> <\/em><\/strong><em>en PH.<\/em> Hierdie modelle verskil ten opsigte van uitvoerkapasiteit, voorkoms en funksies. Miel kan eers met \u2019n <strong><a href=\"https:\/\/maizemachine.com\/af\/product\/multifunctional-maize-thresher-machine\/\">miel uitgeskil masjien<\/a><\/strong> verwerk word voordat verdere verwerking plaasvind.<\/p>   <div class=\"wp-block-image\"> <figure class=\"aligncenter size-full\"><img loading=\"lazy\" decoding=\"async\" width=\"720\" height=\"540\" src=\"http:\/\/maizemachine.com\/wp-content\/uploads\/2023\/08\/multifuctional-maize-grits-making-machine.webp\" alt=\"multifunksionele mieliemeel maak masjien\" class=\"wp-image-332\" title=\"\" srcset=\"https:\/\/maizemachine.com\/wp-content\/uploads\/2023\/08\/multifuctional-maize-grits-making-machine.webp 720w, https:\/\/maizemachine.com\/wp-content\/uploads\/2023\/08\/multifuctional-maize-grits-making-machine-300x225.webp 300w\" sizes=\"auto, (max-width: 720px) 100vw, 720px\" \/><figcaption class=\"wp-element-caption\">multifunksionele mieliemeel maak masjien<\/figcaption><\/figure> <\/div>   <h2 class=\"wp-block-heading\">Die Funksie van Mieliemeel Maak Masjien<\/h2>    <p>Die Mieliegritsmasjien is 'n baanbrekende toestel wat 'n eenstopoplossing bied vir die verwerking van mieliekernels in ho\u00eb kwaliteit mieliegrits. <\/p>    <p>Met funksies soos skoonmaak, ontvel, kiemverwydering, wortelverwydering, swart navelverwydering, maal en graderings, elimineer hierdie Mielie Grits Maak Masjien die behoefte aan verskeie afsonderlike prosesse.<\/p>    <p class=\"translation-block\"> Dit is selfs in staat om mielgritse van verskillende deeltjiesgroottes en grade te vervaardig, wat aan verskillende kookvereistes voldoen. As jy net mielmeel wil kry, het ons \u2019n spesiale <a href=\"https:\/\/maizemachine.com\/af\/product\/corn-hammer-mill-machine\/\">mielvermaalmasjien<\/a> te koop.<\/p>   <div class=\"wp-block-image\"> <figure class=\"aligncenter size-full\"><img loading=\"lazy\" decoding=\"async\" width=\"720\" height=\"540\" src=\"http:\/\/maizemachine.com\/wp-content\/uploads\/2022\/08\/finished-products.webp\" alt=\"voltooide produkte\" class=\"wp-image-53\" title=\"\" srcset=\"https:\/\/maizemachine.com\/wp-content\/uploads\/2022\/08\/finished-products.webp 720w, https:\/\/maizemachine.com\/wp-content\/uploads\/2022\/08\/finished-products-300x225.webp 300w\" sizes=\"auto, (max-width: 720px) 100vw, 720px\" \/><figcaption class=\"wp-element-caption\">voltooide produkte<\/figcaption><\/figure> <\/div>   <h2 class=\"wp-block-heading\">Mieliemeel Produksieproses<\/h2>    <p class=\"translation-block\">Die bedryfvolgorde van die <strong><em>Corn Grits Mill<\/em><\/strong> is strategies ontwerp om die doeltreffendheid te maksimeer. <\/p>    <p>Die mieliegrits vervaardigingsproses begin met die verwydering van die mielie se dop, gevolg deur die skeiding van individuele mieliekernels. Hierdie kernels word dan in die masjien se invoerkanaal gevoer, waar hulle 'n reeks prosesse ondergaan, wat uiteindelik lei tot die produksie van ho\u00eb kwaliteit mieliegrits. <\/p>    <p>Die masjien se veelsydigheid laat dit toe om drie verskillende mielieprodukte te lewer: growwe mieliegrits, fyn mieliegrits, en mieliemeel.<\/p>    <figure class=\"wp-block-embed is-type-video is-provider-youtube wp-block-embed-youtube wp-embed-aspect-16-9 wp-has-aspect-ratio\"><div class=\"wp-block-embed__wrapper\"> <iframe loading=\"lazy\" title=\"Mieliemeelmaakmasjien | Mieliemeelmeelmachinetestvideo\" width=\"500\" height=\"281\" src=\"https:\/\/www.youtube.com\/embed\/G54e1Zb1bxo?feature=oembed\" frameborder=\"0\" allow=\"accelerometer; autoplay; clipboard-write; encrypted-media; gyroscope; picture-in-picture; web-share\" referrerpolicy=\"strict-origin-when-cross-origin\" allowfullscreen><\/iframe> <\/div><\/figure>    <h3 class=\"wp-block-heading\">Tegniese Parameters van die Mieliegritsmeulmasjien<\/h3>    <h3 class=\"wp-block-heading has-text-align-center\">T1 tipe<\/h3>    <figure class=\"wp-block-table\"><table><tbody><tr><td>Model<\/td><td>T1<\/td><\/tr><tr><td>Krag<\/td><td>7.5kw<\/td><\/tr><tr><td>Kapaziteit<\/td><td>1000kg<\/td><\/tr><tr><td>Spindelsnelheid<\/td><td>1150r\/min<\/td><\/tr><tr><td>Geverifieerde spanning<\/td><td>380v<\/td><\/tr><\/tbody><\/table><\/figure>   <div class=\"wp-block-image\"> <figure class=\"aligncenter size-full\"><img loading=\"lazy\" decoding=\"async\" width=\"720\" height=\"540\" src=\"https:\/\/maizemachine.com\/wp-content\/uploads\/2023\/08\/T1.webp\" alt=\"T1\" class=\"wp-image-466\" title=\"\" srcset=\"https:\/\/maizemachine.com\/wp-content\/uploads\/2023\/08\/T1.webp 720w, https:\/\/maizemachine.com\/wp-content\/uploads\/2023\/08\/T1-300x225.webp 300w, https:\/\/maizemachine.com\/wp-content\/uploads\/2023\/08\/T1-16x12.webp 16w\" sizes=\"auto, (max-width: 720px) 100vw, 720px\" \/><figcaption class=\"wp-element-caption\">T1<\/figcaption><\/figure> <\/div>   <p>Boven is die parameters van die mieliemeel masjien. Die krag van hierdie masjien is 7.5 kW. Die produksie kapasiteit is 1000kg\/h. As jy ander behoeftes het, voel vry om ons te kontak.<\/p>    <h3 class=\"wp-block-heading has-text-align-center\">T3 Tipe<\/h3>    <figure class=\"wp-block-table\"><table><tbody><tr><td>Model<\/td><td>T3<\/td><\/tr><tr><td>Krag<\/td><td>7.5kw+4kw<\/td><\/tr><tr><td>Kapaziteit<\/td><td>300-400Kg\/h<\/td><\/tr><tr><td>Dimensies<\/td><td>140*230*130CM<\/td><\/tr><tr><td>Geverifieerde spanning<\/td><td>380v<\/td><\/tr><\/tbody><\/table><\/figure>   <div class=\"wp-block-image\"> <figure class=\"aligncenter size-full\"><img loading=\"lazy\" decoding=\"async\" width=\"720\" height=\"540\" src=\"https:\/\/maizemachine.com\/wp-content\/uploads\/2023\/08\/T3.webp\" alt=\"T3\" class=\"wp-image-467\" title=\"\" srcset=\"https:\/\/maizemachine.com\/wp-content\/uploads\/2023\/08\/T3.webp 720w, https:\/\/maizemachine.com\/wp-content\/uploads\/2023\/08\/T3-300x225.webp 300w, https:\/\/maizemachine.com\/wp-content\/uploads\/2023\/08\/T3-16x12.webp 16w\" sizes=\"auto, (max-width: 720px) 100vw, 720px\" \/><figcaption class=\"wp-element-caption\">T3<\/figcaption><\/figure> <\/div>   <h3 class=\"wp-block-heading has-text-align-center\">PH Tipe<\/h3>    <figure class=\"wp-block-table\"><table><tbody><tr><td>Model<\/td><td>PH<\/td><\/tr><tr><td>Krag<\/td><td>11kw<\/td><\/tr><tr><td>Kapaziteit<\/td><td>300kg\/h<\/td><\/tr><tr><td>Dimensies<\/td><td>200*130*65CM<\/td><\/tr><tr><td>Geverifieerde spanning<\/td><td>380v<\/td><\/tr><\/tbody><\/table><\/figure>   <div class=\"wp-block-image\"> <figure class=\"aligncenter size-full\"><img loading=\"lazy\" decoding=\"async\" width=\"720\" height=\"540\" src=\"https:\/\/maizemachine.com\/wp-content\/uploads\/2023\/08\/PH.webp\" alt=\"PH\" class=\"wp-image-469\" title=\"\" srcset=\"https:\/\/maizemachine.com\/wp-content\/uploads\/2023\/08\/PH.webp 720w, https:\/\/maizemachine.com\/wp-content\/uploads\/2023\/08\/PH-300x225.webp 300w, https:\/\/maizemachine.com\/wp-content\/uploads\/2023\/08\/PH-16x12.webp 16w\" sizes=\"auto, (max-width: 720px) 100vw, 720px\" \/><figcaption class=\"wp-element-caption\">PH<\/figcaption><\/figure> <\/div>   <h3 class=\"wp-block-heading has-text-align-center\">C2 Tipe<\/h3>    <figure class=\"wp-block-table\"><table><tbody><tr><td>Model<\/td><td>C2<\/td><\/tr><tr><td>Krag<\/td><td>7.5kw<\/td><\/tr><tr><td>Kapaziteit<\/td><td>300-400kg\/h<\/td><\/tr><tr><td>Dimensies<\/td><td>190*60*130CM<\/td><\/tr><tr><td>Geverifieerde spanning<\/td><td>380v<\/td><\/tr><\/tbody><\/table><\/figure>   <div class=\"wp-block-image\"> <figure class=\"aligncenter size-full\"><img loading=\"lazy\" decoding=\"async\" width=\"720\" height=\"540\" src=\"https:\/\/maizemachine.com\/wp-content\/uploads\/2023\/08\/C2.webp\" alt=\"C2\" class=\"wp-image-468\" title=\"\" srcset=\"https:\/\/maizemachine.com\/wp-content\/uploads\/2023\/08\/C2.webp 720w, https:\/\/maizemachine.com\/wp-content\/uploads\/2023\/08\/C2-300x225.webp 300w, https:\/\/maizemachine.com\/wp-content\/uploads\/2023\/08\/C2-16x12.webp 16w\" sizes=\"auto, (max-width: 720px) 100vw, 720px\" \/><figcaption class=\"wp-element-caption\">C2<\/figcaption><\/figure> <\/div>   <p class=\"translation-block\">Onder die beskikbare modelle is <strong><em>T1 en T3<\/em><\/strong> ons top-aanbevelings as gevolg van hul forbedere funksionaliteit en uitstekende koste-effektiwiteit. Voel vry om met ons uitopi vir meer besonderhede oor hierdie masjiene.<\/p>    <h2 class=\"wp-block-heading\">Wat is die voordele van die Mieliegritsmaakmasjien?<\/h2>    <ul class=\"wp-block-list\"> <li><strong>Multifunksionaliteit:<\/strong> Die mielmeel vervaardigingsmasjien integreer verskeie verwerkingsstappe, insluitend skoonmaak, dop, ontkiem, ontwortel, maal, klassifisering en poleer, alles in een keer. Hierdie veelsydigheid verbeter nie net die verwerkingsdoeltreffendheid nie, maar verminder ook arbeid en tydkoste.<\/li>    <li><strong>Presiese verwerking: <\/strong>Die masjien is in staat om mieliegrits van verskillende korrelgroottes en grade presies volgens die behoeftes te produseer.<\/li>    <li><strong>Ho\u00eb kwaliteit van die finale produkte:<\/strong> Die mielgrits vervaardigingsmasjien verseker konsekwentheid in die kwaliteit en smaak van die grits wat deur gestandaardiseerde verwerkingsprosesse geproduseer word. Dit help om aan die verbruikersvraag na ho\u00eb kwaliteit kos te voldoen.<\/li>    <li><strong>Ho\u00eb kapasiteit &amp; Uitstekende doeltreffendheid: <\/strong>Met 'n verwerkingskapasiteit van <strong>1000kg<\/strong> per uur, dit is ideaal vir medium tot groot graan.<\/li>    <li><strong>Kragvolle motorprestasie:<\/strong> Toegerus met 'n <strong>7.5kW<\/strong> industri\u00eble graad motor vir sterk en stabiele kraguitset.<\/li>    <li><strong>Gebruiksvriendelike werking &amp; Maklike onderhoud: <\/strong>Eenvoudige en intu\u00eftiewe beheerpaneel\u2014maklik om te bedryf selfs vir nie-geskoolde werkers na 'n kort opleiding.<\/li> <\/ul>   <div class=\"wp-block-image\"> <figure class=\"aligncenter size-full\"><img loading=\"lazy\" decoding=\"async\" width=\"720\" height=\"540\" src=\"http:\/\/maizemachine.com\/wp-content\/uploads\/2023\/08\/corn-grits-milling-machine-for-sale.webp\" alt=\"ma\u00efsgrits meulmasjien te koop\" class=\"wp-image-328\" title=\"\" srcset=\"https:\/\/maizemachine.com\/wp-content\/uploads\/2023\/08\/corn-grits-milling-machine-for-sale.webp 720w, https:\/\/maizemachine.com\/wp-content\/uploads\/2023\/08\/corn-grits-milling-machine-for-sale-300x225.webp 300w\" sizes=\"auto, (max-width: 720px) 100vw, 720px\" \/><figcaption class=\"wp-element-caption\">ma\u00efsgrits meulmasjien te koop<\/figcaption><\/figure> <\/div>   <h2 class=\"wp-block-heading\">Hoe werk die mieliemeelmaalmasjien?<\/h2>    <h3 class=\"wp-block-heading\">Mielie skil<\/h3>    <p>Natpeeling word gewoonlik aangeneem, wat vereis dat die voginhoud van mielies 16\u201317% moet bereik voordat dit die masjien binnekom. Die weektyd moet ongeveer 10 minute wees. Die ideale toestand is wanneer die mielieskuil maklik met 'n naelafskil afgehaal kan word.<br>Nota: Ma\u00efs kernels met sigbare oppervlak water is streng verbode om in die masjien in te gaan, aangesien dit masjien vassteek kan veroorsaak. Vermy ook oormatige weektyd. Die skilproses moet twee keer gedoen word om volledige verwydering te verseker.<\/p>    <h3 class=\"wp-block-heading\">Bediening<\/h3>    <ul class=\"wp-block-list\"> <li>Begin die masjien en wag totdat dit stabiel loop. Maak dan geleidelik die voerpoort oop en pas die materiaalvloei aan op grond van die las van die motor.<\/li> <\/ul>    <ul class=\"wp-block-list\"> <li>As die kwaliteit van die ontpitte mielies of grits tydens die aanvanklike werking nie bevredigend is nie, moet die materiaal teruggestuur word vir herpeeling.<\/li> <\/ul>    <ul class=\"wp-block-list\"> <li>Tydens masjienoperasie, monitor altyd die geluid van die masjien. As enige abnormale geluid voorkom, stop die masjien onmiddellik vir inspeksie.<\/li> <\/ul>    <ul class=\"wp-block-list\"> <li>In die geval van blokkering, sluit die voerpoort vinnig, verminder die uitlaatdruk, draai die motor pulley stadig met die hand, of verwyder die sifraam om die blokkering te verwyder. Begin dan die masjien weer om normale werking te hervat.<\/li> <\/ul>    <h3 class=\"wp-block-heading\">Afsluiting<\/h3>    <p>Voordat jy afsluit, sluit die voerhek om die voer te stop. Trek die afvoerplaat effens en laat die masjien vir ongeveer 30 sekondes loop voordat jy die krag afskakel.<\/p>    <h2 class=\"wp-block-heading\">Toepassings van mieliegrits<\/h2>    <p class=\"translation-block\">Mielgrits is \u2019n veelsydige bestanddeel wat \u2019n wye toepassing in verskeie kook- en voedselsepiese het. Mielgrits kan gebruik word om \u2019n verskeidenheid kosse te maak soos <strong><em>maisbrei, <a href=\"http:\/\/cornbread\">maisbrood<\/a>, maisdeeg, maismoppe, maiskoekies, grits-pasta, grits-sop en grits-deserts.<\/em><\/strong><\/p>   <div class=\"wp-block-image\"> <figure class=\"aligncenter size-full\"><img loading=\"lazy\" decoding=\"async\" width=\"720\" height=\"540\" src=\"https:\/\/maizemachine.com\/wp-content\/uploads\/2023\/08\/Deep-Processing-of-Corn.webp\" alt=\"Diep verwerking van mielies\" class=\"wp-image-470\" title=\"\" srcset=\"https:\/\/maizemachine.com\/wp-content\/uploads\/2023\/08\/Deep-Processing-of-Corn.webp 720w, https:\/\/maizemachine.com\/wp-content\/uploads\/2023\/08\/Deep-Processing-of-Corn-300x225.webp 300w, https:\/\/maizemachine.com\/wp-content\/uploads\/2023\/08\/Deep-Processing-of-Corn-16x12.webp 16w\" sizes=\"auto, (max-width: 720px) 100vw, 720px\" \/><figcaption class=\"wp-element-caption\">Diep verwerking van mielies<\/figcaption><\/figure> <\/div>   <h2 class=\"wp-block-heading\">Die Toepassing van die Mieliegritsmasjien in die Globale Mark<\/h2>    <p>Die veelsydigheid en doeltreffendheid van die Ma\u00efs Grits Maak Masjien het gelei tot sy aanneming in verskeie lande, insluitend die Filippyne, Oos-Timor, Bangladesj, Kenia, Burkina Faso, Angola, Zambi\u00eb en Somali\u00eb. Hierdie masjinerie het die mielie-verwerkingsvermo\u00ebns in hierdie streke aansienlik verbeter, wat die produksie van konsekwente en top-gehalte mielie grits moontlik maak.<\/p>   <div class=\"wp-block-image\"> <figure class=\"aligncenter size-full\"><img loading=\"lazy\" decoding=\"async\" width=\"720\" height=\"540\" src=\"http:\/\/maizemachine.com\/wp-content\/uploads\/2023\/08\/corn-grits-machine-shipped-to-usa.webp\" alt=\"ma\u00efs grits masjien gestuur na VSA\" class=\"wp-image-325\" title=\"\" srcset=\"https:\/\/maizemachine.com\/wp-content\/uploads\/2023\/08\/corn-grits-machine-shipped-to-usa.webp 720w, https:\/\/maizemachine.com\/wp-content\/uploads\/2023\/08\/corn-grits-machine-shipped-to-usa-300x225.webp 300w\" sizes=\"auto, (max-width: 720px) 100vw, 720px\" \/><figcaption class=\"wp-element-caption\">ma\u00efs grits masjien gestuur na VSA<\/figcaption><\/figure> <\/div>   <h2 class=\"wp-block-heading\">Hoe om 'n mieliemeelmaalmasjien te verkry?<\/h2>    <p>Vir diegene wat soek om in 'n Ma\u00efs Grits Maak Masjien te bel\u00ea, is dit 'n verstandige keuse om met Taizy Corn Machinery in verbinding te tree. Met 'n reeks modelle beskikbaar, bied Taizy Corn Machinery op maat gemaakte oplossings om aan verskillende verwerkingsvereistes te voldoen. Om hul aanbiedinge te verken of 'n aankoop te doen, kan belangstellende partye maklik met hulle kontak maak. <\/p>   <div class=\"wp-block-image\"> <figure class=\"aligncenter size-full\"><img loading=\"lazy\" decoding=\"async\" width=\"720\" height=\"540\" src=\"http:\/\/maizemachine.com\/wp-content\/uploads\/2023\/08\/maize-grits-making-machine-for-sale.webp\" alt=\"ma\u00efs grits maak masjien te koop\" class=\"wp-image-331\" title=\"\" srcset=\"https:\/\/maizemachine.com\/wp-content\/uploads\/2023\/08\/maize-grits-making-machine-for-sale.webp 720w, https:\/\/maizemachine.com\/wp-content\/uploads\/2023\/08\/maize-grits-making-machine-for-sale-300x225.webp 300w\" sizes=\"auto, (max-width: 720px) 100vw, 720px\" \/><figcaption class=\"wp-element-caption\">ma\u00efs grits maak masjien te koop<\/figcaption><\/figure> <\/div>   <h2 class=\"wp-block-heading\">Taizy Mieliemasjinerie: 'n Leidinggevende vervaardiger in China<\/h2>    <p class=\"translation-block\">Wanneer daar oor mielmasjinerievervaardigers gepraat word, kom Taizy <a href=\"https:\/\/maizemachine.com\/af\/\">Corn Machinery<\/a> onvermydelik in die kol. Bekend vir hul kundigheid en toewyding aan kwaliteit, het Taizy Corn Machinery homself gevestig as \u2019n toonaangewende naam in die bedryf. Ons Corn Grits Milling Machine belig die presisiemeganika en innovasie, wat voldoen aan die vereistes van \u2019n vinnig ontwikkelende kosverwerkinglandskap.<\/p>    <p>Die Ma\u00efsgriesmaakmasjien staan as 'n getuienis van tegnologiese vooruitgang in die voedselverwerkingsbedryf. Die vermo\u00eb om verskeie ma\u00efsverwerkingsfases te stroomlyn, tesame met sy w\u00eareldwye toepassing, beklemtoon sy belangrikheid. Met Taizy Ma\u00efsmasjinerie wat die leiding neem in vervaardigingsuitnemendheid, kan belangstellende partye met selfvertroue na ons draai vir hul ma\u00efsverwerkingsbehoeftes.<\/p>    <h2 class=\"wp-block-heading\">Aanbevelings vir mielieverwerkings toerusting<\/h2>    <div class=\"wp-block-columns is-layout-flex wp-container-core-columns-is-layout-9d6595d7 wp-block-columns-is-layout-flex\"> <div class=\"wp-block-column is-layout-flow wp-block-column-is-layout-flow\"> <figure class=\"wp-block-embed is-type-wp-embed is-provider-maize-machine wp-block-embed-maize-machine\"><div class=\"wp-block-embed__wrapper\"> <blockquote class=\"wp-embedded-content\" data-secret=\"Ff4nu8J8S5\"><a href=\"https:\/\/maizemachine.com\/af\/product\/2-row-corn-picker\/\">2 Ry Mielieplukker | 2 Ry Mielieoesmasjien<\/a><\/blockquote><iframe loading=\"lazy\" class=\"wp-embedded-content\" sandbox=\"allow-scripts\" security=\"restricted\" style=\"position: absolute; visibility: hidden;\" title=\"\u201c2 Ry Mielieplukker | 2 Ry Mielie-oogstmachine\u201d \u2014 Mieliemasjien\" src=\"https:\/\/maizemachine.com\/product\/2-row-corn-picker\/embed\/#?secret=SCskyf9Z0v#?secret=Ff4nu8J8S5\" data-secret=\"Ff4nu8J8S5\" width=\"500\" height=\"282\" frameborder=\"0\" marginwidth=\"0\" marginheight=\"0\" scrolling=\"no\"><\/iframe> <\/div><\/figure> <\/div>    <div class=\"wp-block-column is-layout-flow wp-block-column-is-layout-flow\"> <figure class=\"wp-block-embed is-type-wp-embed is-provider-maize-machine wp-block-embed-maize-machine\"><div class=\"wp-block-embed__wrapper\"> <blockquote class=\"wp-embedded-content\" data-secret=\"eOCgqfwYH7\"><a href=\"https:\/\/maizemachine.com\/af\/product\/multifunctional-maize-thresher-machine\/\">Multifunctionele Mielie Dopmasjien te Koop<\/a><\/blockquote><iframe loading=\"lazy\" class=\"wp-embedded-content\" sandbox=\"allow-scripts\" security=\"restricted\" style=\"position: absolute; visibility: hidden;\" title=\"\u201cMultifunksionele Mielie-dorsmasjien te koop\u201d \u2014 Mieliemasjien\" src=\"https:\/\/maizemachine.com\/product\/multifunctional-maize-thresher-machine\/embed\/#?secret=Cmn9PRgbde#?secret=eOCgqfwYH7\" data-secret=\"eOCgqfwYH7\" width=\"500\" height=\"282\" frameborder=\"0\" marginwidth=\"0\" marginheight=\"0\" scrolling=\"no\"><\/iframe> <\/div><\/figure> <\/div> <\/div>    <p><\/p>","protected":false},"excerpt":{"rendered":"<p>Ma\u00efsgritsmaakmasjien is 'n stuk toerusting wat ontwerp is om ma\u00efskerne in ma\u00efsgrits te verwerk, wat growwe deeltjies van mielies is wat in verskeie kulin\u00eare toepassings gebruik word.<\/p>","protected":false},"author":1,"featured_media":329,"parent":0,"template":"","tags":[23],"product-type":[10],"class_list":["post-323","product","type-product","status-publish","has-post-thumbnail","hentry","tag-corn-grits","product-type-corn-milling-machine"],"_links":{"self":[{"href":"https:\/\/maizemachine.com\/af\/wp-json\/wp\/v2\/product\/323","targetHints":{"allow":["GET"]}}],"collection":[{"href":"https:\/\/maizemachine.com\/af\/wp-json\/wp\/v2\/product"}],"about":[{"href":"https:\/\/maizemachine.com\/af\/wp-json\/wp\/v2\/types\/product"}],"author":[{"embeddable":true,"href":"https:\/\/maizemachine.com\/af\/wp-json\/wp\/v2\/users\/1"}],"wp:featuredmedia":[{"embeddable":true,"href":"https:\/\/maizemachine.com\/af\/wp-json\/wp\/v2\/media\/329"}],"wp:attachment":[{"href":"https:\/\/maizemachine.com\/af\/wp-json\/wp\/v2\/media?parent=323"}],"wp:term":[{"taxonomy":"post_tag","embeddable":true,"href":"https:\/\/maizemachine.com\/af\/wp-json\/wp\/v2\/tags?post=323"},{"taxonomy":"product-type","embeddable":true,"href":"https:\/\/maizemachine.com\/af\/wp-json\/wp\/v2\/product-type?post=323"}],"curies":[{"name":"wp","href":"https:\/\/api.w.org\/{rel}","templated":true}]}}