{"id":239,"date":"2022-12-27T10:13:58","date_gmt":"2022-12-27T02:13:58","guid":{"rendered":"https:\/\/maizemachine.com\/?post_type=product&#038;p=239"},"modified":"2025-10-11T14:30:40","modified_gmt":"2025-10-11T06:30:40","slug":"corn-hammer-mill-machine","status":"publish","type":"product","link":"https:\/\/maizemachine.com\/af\/product\/corn-hammer-mill-machine\/","title":{"rendered":"Mielie Hamermeul Masjien vir die Maal van Mielies, Rys en Koring"},"content":{"rendered":"<p>Die mieliehamermeul is \u2019n veeldoelige verpletteringsmasjien. Dit kan doeltreffend graan soos mielies, koring, en sojabone verpletter, sowel as materiale soos koringstroo, mielestokke, en grondboontjiebale verwerk tot fyn poeier of pellet. Dit is \u2019n ideale keuse vir voerproduksie en landbouafvalherwinning.<\/p>    <p class=\"translation-block\">Volgens verskillende modelle het Taizy se mielhamermasjiene 'n kapasiteitsbereik van<strong><em>100\u20133000 kg\/h,<\/em><\/strong>wat aan die behoeftes van die meeste besighede voldoen.<\/p>    <p class=\"translation-block\">Hierdie hamermasjien het \u2019n wye toepassingsveld en kan materiale met verskillende deeltjiegroottes produseer. Die fynheid van die poeier hang hoofsaaklik af van die grootte van die gaasgaten. Ons kan gaas met verskillende openinge aanpas volgens jou grondstowwe om te verseker dat die finale produk aan jou produksiebehoeftes voldoen. Algemene gaasgrootte sluit in<strong><em>2mm, 3mm, 4mm, 5mm, 8mm, en 10mm.<\/em><\/strong><\/p>    <p class=\"translation-block\">Ons mieliehamermeul kan aangedryf word deur \u2019n<strong>dieselmotor, benzinemotor, of elektriese motor<\/strong>, wat dit geskik maak vir verskeie werksomstandighede. Die motor kan tot<strong><em>75 HP<\/em><\/strong>bereik, wat sterk krag en ho\u00eb doeltreffendheid bied.<\/p>   <div class=\"wp-block-image\"> <figure class=\"aligncenter size-full\"><img loading=\"lazy\" decoding=\"async\" width=\"720\" height=\"540\" src=\"http:\/\/maizemachine.com\/wp-content\/uploads\/2022\/12\/corn-grinder-for-sale.webp\" alt=\"ma\u00efsmeul te koop\" class=\"wp-image-241\" title=\"\" srcset=\"https:\/\/maizemachine.com\/wp-content\/uploads\/2022\/12\/corn-grinder-for-sale.webp 720w, https:\/\/maizemachine.com\/wp-content\/uploads\/2022\/12\/corn-grinder-for-sale-300x225.webp 300w\" sizes=\"auto, (max-width: 720px) 100vw, 720px\" \/><figcaption class=\"wp-element-caption\">ma\u00efsmeul te koop<\/figcaption><\/figure> <\/div>   <h2 class=\"wp-block-heading\">Ma\u00efs hamermeul ontwerp<\/h2>    <p>Die struktuur van die mieliemeul sluit 'n vergruisingskamer, 'n voerkamer, 'n sikloon skeidingskamer, 'n rotor en 'n basis in.<\/p>   <div class=\"wp-block-image\"> <figure class=\"aligncenter size-full\"><img loading=\"lazy\" decoding=\"async\" width=\"720\" height=\"540\" src=\"http:\/\/maizemachine.com\/wp-content\/uploads\/2022\/12\/structure-of-hammer-mill-grinder.webp\" alt=\"struktuur van hamermeul grinder\" class=\"wp-image-246\" title=\"\" srcset=\"https:\/\/maizemachine.com\/wp-content\/uploads\/2022\/12\/structure-of-hammer-mill-grinder.webp 720w, https:\/\/maizemachine.com\/wp-content\/uploads\/2022\/12\/structure-of-hammer-mill-grinder-300x225.webp 300w\" sizes=\"auto, (max-width: 720px) 100vw, 720px\" \/><figcaption class=\"wp-element-caption\">struktuur van hamermeul grinder<\/figcaption><\/figure> <\/div>   <div class=\"wp-block-columns is-layout-flex wp-container-core-columns-is-layout-9d6595d7 wp-block-columns-is-layout-flex\"> <div class=\"wp-block-column is-layout-flow wp-block-column-is-layout-flow\"> <p class=\"has-text-align-center translation-block\"><strong>Voedingskamer<\/strong><\/p>    <ul class=\"wp-block-list\"> <li><strong>Funksie:<\/strong> Voed die rou materiale soos mielies, graan, en strooi eweredig in die vergruissingskamer.<\/li>    <li><strong>Kenmerke:<\/strong> Met 'n terugvloei voorkomingstoestel om stoflekkasie te voorkom; kan gekoppel word aan 'n outomatiese voer om deurlopende voer te verseker.<\/li> <\/ul> <\/div>    <div class=\"wp-block-column is-layout-flow wp-block-column-is-layout-flow\"> <p class=\"has-text-align-center translation-block\"><strong>Verpletteringskamer<\/strong><\/p>    <ul class=\"wp-block-list\"> <li><strong>Funksie:<\/strong> Die kernwerkende deel van die masjien, waar rou materiale deur ho\u00ebspoedhamerimpak, sny, en wrywing in poeier of pelleties vergruis word.<\/li>    <li><strong>Komponente:<\/strong> Sluit hamers, rotor, gaas, en liner in.<\/li>    <li><strong>Kenmerke: <\/strong>Vervangbare gaasgate om poeierfynheid te beheer.<\/li> <\/ul> <\/div> <\/div>    <div class=\"wp-block-columns is-layout-flex wp-container-core-columns-is-layout-9d6595d7 wp-block-columns-is-layout-flex\"> <div class=\"wp-block-column is-layout-flow wp-block-column-is-layout-flow\"> <p class=\"has-text-align-center translation-block\"><strong>Rotor<\/strong><\/p>    <ul class=\"wp-block-list\"> <li><strong>Funksie:<\/strong> Dryf die hamers om teen ho\u00eb snelheid te draai vir materiaalvergruising.<\/li>    <li><strong>Kenmerke: <\/strong>Goed gebalanseerd, ho\u00eb snelheid (meestal oor 2800 RPM), wat direkte invloed het op vergruisingseffektiwiteit en deeltjie-eenvormigheid.<\/li> <\/ul> <\/div>    <div class=\"wp-block-column is-layout-flow wp-block-column-is-layout-flow\"> <p class=\"has-text-align-center translation-block\"><strong>Trommelafscheider<\/strong><\/p>    <ul class=\"wp-block-list\"> <li><strong>Funksie:<\/strong> Verwyder die gekapte poeier uit die lug om gladde versameling te verseker en stofoorloop te verminder.<\/li>    <li><strong>Kenmerke: <\/strong>Gebruik sentrifugale krag vir skeiding; eenvoudige struktuur met effektiewe stofverwydering.<\/li> <\/ul> <\/div> <\/div>    <h2 class=\"wp-block-heading\">Wat is die parameters van die masjien?<\/h2>    <figure class=\"wp-block-table\"><table><tbody><tr><td>Model<\/td><td>Kapaciteit(kg\/h)<\/td><td>Hamer (stuks)<\/td><td>Krag (kw)<\/td><td>Krag(HP)<\/td><td>Deursnee van sif (mm)<\/td><td>Gewig(kg)<\/td><td>Grootte(mm)<\/td><\/tr><tr><td>9FQ-320<\/td><td>100<\/td><td>16<\/td><td>2.2<\/td><td>5<\/td><td>0.5-5<\/td><td>50<\/td><td>1200*500*1000<\/td><\/tr><tr><td>9FQ-360<\/td><td>150<\/td><td>24<\/td><td>5.5<\/td><td>8<\/td><td>0.5-5<\/td><td>120<\/td><td>1100*600*1200<\/td><\/tr><tr><td>9FQ-420<\/td><td>200<\/td><td>24<\/td><td>11<\/td><td>15<\/td><td>1.2-3<\/td><td>200<\/td><td>1200*800*1900<\/td><\/tr><tr><td>9FQ-500<\/td><td>300<\/td><td>24<\/td><td>11<\/td><td>20<\/td><td>1.2-3<\/td><td>300<\/td><td>1200*800*1300<\/td><\/tr><tr><td>9FQ-600<\/td><td>500<\/td><td>32<\/td><td>18.5-22<\/td><td>30<\/td><td>1.2-3<\/td><td>500<\/td><td>1500*900*1500<\/td><\/tr><tr><td>9FQ-750<\/td><td>850<\/td><td>32<\/td><td>22-30<\/td><td>35<\/td><td>1.2-3<\/td><td>850<\/td><td>1500*1000*1600<\/td><\/tr><tr><td>9FQ-800<\/td><td>1000<\/td><td>40<\/td><td>37<\/td><td>45<\/td><td>1.2-3<\/td><td>1000<\/td><td>2000*1300*1600<\/td><\/tr><tr><td>9FQ-1000<\/td><td>1200<\/td><td>64<\/td><td>45-<\/td><td>75<\/td><td>1.2-3<\/td><td>1200<\/td><td>1500*1300*1800<\/td><\/tr><\/tbody><\/table><\/figure>    <p class=\"translation-block\">Die bogenoemde is die parameters van 8 gewilde mieliehamermeulmodelle. Die klein mieliehamermeul het \u2019n kapasiteit van 100 kg\/h, terwyl die groot mielievloermasjien 1200 kg\/h kan bereik. As jy belangstel, kontak ons gerus. Ons het ook die mieliegrietsmeul en die<a href=\"https:\/\/maizemachine.com\/af\/product\/corn-mill-grinder\/\">skyf mieliemeul<\/a>te koop.<\/p>    <div class=\"wp-block-columns is-layout-flex wp-container-core-columns-is-layout-9d6595d7 wp-block-columns-is-layout-flex\"> <div class=\"wp-block-column is-layout-flow wp-block-column-is-layout-flow\"> <figure class=\"wp-block-image size-large\"><img loading=\"lazy\" decoding=\"async\" width=\"720\" height=\"540\" src=\"https:\/\/maizemachine.com\/wp-content\/uploads\/2022\/08\/T1-corn-grit-machine.webp\" alt=\"mielies gruis masjien\" class=\"wp-image-59\" title=\"\" srcset=\"https:\/\/maizemachine.com\/wp-content\/uploads\/2022\/08\/T1-corn-grit-machine.webp 720w, https:\/\/maizemachine.com\/wp-content\/uploads\/2022\/08\/T1-corn-grit-machine-300x225.webp 300w\" sizes=\"auto, (max-width: 720px) 100vw, 720px\" \/><figcaption class=\"wp-element-caption\">Mielies Gruis Masjien<\/figcaption><\/figure> <\/div>    <div class=\"wp-block-column is-layout-flow wp-block-column-is-layout-flow\"> <figure class=\"wp-block-image size-large\"><img loading=\"lazy\" decoding=\"async\" width=\"720\" height=\"540\" src=\"https:\/\/maizemachine.com\/wp-content\/uploads\/2022\/08\/disk-mill-machine.webp\" alt=\"ma\u00efsmeul masjien\" class=\"wp-image-72\" title=\"\" srcset=\"https:\/\/maizemachine.com\/wp-content\/uploads\/2022\/08\/disk-mill-machine.webp 720w, https:\/\/maizemachine.com\/wp-content\/uploads\/2022\/08\/disk-mill-machine-300x225.webp 300w\" sizes=\"auto, (max-width: 720px) 100vw, 720px\" \/><figcaption class=\"wp-element-caption\">Ma\u00efsmeul Masjien<\/figcaption><\/figure> <\/div> <\/div>    <h2 class=\"wp-block-heading\">Hoe werk die ma\u00efs hamermeul masjien?<\/h2>    <p>Die werksmodus van die mieliemeelmeul is baie eenvoudig. Eerstens, skakel die operateur die kragtoevoer aan en stuur die materiaal na die voerpunt. Dan sal die materiaal outomaties in die maal kamer ingaan vir maal. Die ho\u00ebspoed hamer in die breekkamer sal vinnig die mielies in poeier of korrels verkrummel. Die finale produk sal deur die skerm vanaf die uitlaat gestort word.<\/p>    <div class=\"wp-block-columns is-layout-flex wp-container-core-columns-is-layout-9d6595d7 wp-block-columns-is-layout-flex\"> <div class=\"wp-block-column is-layout-flow wp-block-column-is-layout-flow\"> <figure class=\"wp-block-image size-full\"><img loading=\"lazy\" decoding=\"async\" width=\"720\" height=\"540\" src=\"http:\/\/maizemachine.com\/wp-content\/uploads\/2022\/12\/the-screen-of-the-machine.webp\" alt=\"die skerm van die masjien\" class=\"wp-image-247\" title=\"\" srcset=\"https:\/\/maizemachine.com\/wp-content\/uploads\/2022\/12\/the-screen-of-the-machine.webp 720w, https:\/\/maizemachine.com\/wp-content\/uploads\/2022\/12\/the-screen-of-the-machine-300x225.webp 300w\" sizes=\"auto, (max-width: 720px) 100vw, 720px\" \/><figcaption class=\"wp-element-caption\">Die skerm van die masjien<\/figcaption><\/figure> <\/div>    <div class=\"wp-block-column is-layout-flow wp-block-column-is-layout-flow\"> <figure class=\"wp-block-image size-full\"><img loading=\"lazy\" decoding=\"async\" width=\"720\" height=\"540\" src=\"http:\/\/maizemachine.com\/wp-content\/uploads\/2022\/12\/internal-structure-of-machine.webp\" alt=\"interne struktuur van die masjien\" class=\"wp-image-244\" title=\"\" srcset=\"https:\/\/maizemachine.com\/wp-content\/uploads\/2022\/12\/internal-structure-of-machine.webp 720w, https:\/\/maizemachine.com\/wp-content\/uploads\/2022\/12\/internal-structure-of-machine-300x225.webp 300w\" sizes=\"auto, (max-width: 720px) 100vw, 720px\" \/><figcaption class=\"wp-element-caption\">Interne struktuur van masjien<\/figcaption><\/figure> <\/div> <\/div>    <h2 class=\"wp-block-heading\">Voordele van die mieliehamermeul<\/h2>    <ol class=\"wp-block-list\"> <li><strong>Bre\u00eb kapasiteitsreeks<\/strong>Met 'n kapasiteit van 100 kg\/h tot 1200 kg\/h, voldoen dit aan die behoeftes van klein tot medium-groot produksie.<\/li>    <li><strong>Kragtig en doeltreffend:<\/strong> Kan aangedryf word deur 'n dieselmotor, benzinemotor, of elektriese motor, wat doeltreffende vergruising en stabiele prestasie verseker.<\/li>    <li><strong>Duursame materiale &amp; struktuur<\/strong>Die liggaam is gemaak van ho\u00eb kwaliteit staal, korrosiebestendig en stewig; die rotor, hamers, en liners is gemaak van slytasiebestande legeringsmateriale vir langer dienslewe.<\/li>    <li><strong>Aanpasbare deeltjie grootte<\/strong>Met replaceerbare skerms met openinge van 2\u201312 mm, wat presiese beheer van poeierfynheid moontlik maak om aan verskillende produksievereistes te voldoen.<\/li>    <li><strong>Bre\u00eb toepassing:<\/strong> Kan mielies, koring, sojabone, strooi, grondboontjiebale, en ander gewasse of landbouafval in fyn poeier of pelleties vergruis, ideaal vir voerproduksie en landbouafvalherwinning.<\/li>    <li><strong>Kompakte &amp; praktiese ontwerp:<\/strong> Masjiengroottes wissel van 1200\u00d7500\u00d7100 mm tot 2000\u00d71300\u00d71600 mm, met 'n kompakte struktuur vir maklike installasie en onderhoud.<\/li>    <li><strong>Ho\u00ebprestasie rotor:<\/strong> Goed gebalanseerde rotor met snelhede oor 2800 RPM verseker eenvormige deeltjie grootte en doeltreffende vergruising.<\/li>    <li><strong>Doeltreffende stofbeheer: <\/strong>Met 'n cyclone-skeier om poeier effektief van die lug te skei, wat stoflekkasie verminder en die werksomgewing skoon hou.<\/li> <\/ol>   <div class=\"wp-block-image\"> <figure class=\"aligncenter size-full\"><img loading=\"lazy\" decoding=\"async\" width=\"720\" height=\"540\" src=\"http:\/\/maizemachine.com\/wp-content\/uploads\/2022\/12\/corn-hammer-mill-machine.webp\" alt=\"mieliemeul masjien\" class=\"wp-image-242\" title=\"\" srcset=\"https:\/\/maizemachine.com\/wp-content\/uploads\/2022\/12\/corn-hammer-mill-machine.webp 720w, https:\/\/maizemachine.com\/wp-content\/uploads\/2022\/12\/corn-hammer-mill-machine-300x225.webp 300w\" sizes=\"auto, (max-width: 720px) 100vw, 720px\" \/><figcaption class=\"wp-element-caption\">mieliemeul masjien<\/figcaption><\/figure> <\/div>   <h2 class=\"wp-block-heading\">Hoe om mielie hamermeul korrek te gebruik?<\/h2>    <ol class=\"wp-block-list\"> <li>Voordat die masjien begin, moet jy nagaan of elke deel van die masjien duidelik abnormaal is en of die skroewe los is.<\/li>    <li>Die masjien moet vir \u2019n paar minute idle wees wanneer dit aangeskakel word. Luister vir abnormale geluide en \u2019n los band.<\/li>    <li>Die gebruiker mag nie hul hand in die masjien plaas tydens voer nie.<\/li>    <li>\u2019n sak moet aan die uitgang gekoppel wees om die voltooide produkte te versamel. Dit kan die situasie voorkom waar poeieragtige materiale moeilik is om te versamel.<\/li>    <li>Kontroleer die laers en vervang die smeerolie wanneer die masjien vir 500 uur loop.<\/li>    <li>Na voltooiing van die werk van die mieliehamermeul, moet die voeropening gesluit word, en die oorblyfsels skoongemaak word.<\/li> <\/ol>   <div class=\"wp-block-image\"> <figure class=\"aligncenter size-full\"><img loading=\"lazy\" decoding=\"async\" width=\"720\" height=\"540\" src=\"https:\/\/maizemachine.com\/wp-content\/uploads\/2022\/12\/Hammer.webp\" alt=\"Hamer\" class=\"wp-image-668\" title=\"\" srcset=\"https:\/\/maizemachine.com\/wp-content\/uploads\/2022\/12\/Hammer.webp 720w, https:\/\/maizemachine.com\/wp-content\/uploads\/2022\/12\/Hammer-300x225.webp 300w, https:\/\/maizemachine.com\/wp-content\/uploads\/2022\/12\/Hammer-16x12.webp 16w\" sizes=\"auto, (max-width: 720px) 100vw, 720px\" \/><figcaption class=\"wp-element-caption\">Hamer<\/figcaption><\/figure> <\/div>   <h2 class=\"wp-block-heading\">Hoe om die regte mieliehamermeul te kies?<\/h2>    <h3 class=\"wp-block-heading\">Kies volgens kapasiteit<\/h3>    <figure class=\"wp-block-table\"><table class=\"has-fixed-layout\"><thead><tr><th>Kapaciteit (kg\/h)<\/th><th>Geskikte model<\/th><th>Notas<\/th><\/tr><\/thead><tbody><tr><td>100\u2013150<\/td><td>9FQ-320 \/ 9FQ-360<\/td><td>Kleinmaat produksie of huishoudelike\/boerderygebruik<\/td><\/tr><tr><td>200\u2013300<\/td><td>9FQ-420 \/ 9FQ-500<\/td><td>Klein tot medium voermeulens of klein mielieverwerking<\/td><\/tr><tr><td>500\u2013850<\/td><td>9FQ-600 \/ 9FQ-750<\/td><td>Mediumgrootte ondernemings, ho\u00eb doeltreffendheid<\/td><\/tr><tr><td>1000\u20131200<\/td><td>9FQ-800 \/ 9FQ-1000<\/td><td>Grootmaat mielieverwerking of industri\u00eble produksie<\/td><\/tr><\/tbody><\/table><\/figure>    <p class=\"translation-block\"><em>Wenk: Kies \u2019n model effens bo jou werklike behoefte (10\u201320%) om piekproduksie te hanteer en oorbelasting te voorkom.<\/em><\/p>   <div class=\"wp-block-image\"> <figure class=\"aligncenter size-full\"><img loading=\"lazy\" decoding=\"async\" width=\"720\" height=\"540\" src=\"https:\/\/maizemachine.com\/wp-content\/uploads\/2022\/12\/maize-hammer-mill-1.webp\" alt=\"9FQ-320 mieliemeelhamermeul\" class=\"wp-image-669\" title=\"\" srcset=\"https:\/\/maizemachine.com\/wp-content\/uploads\/2022\/12\/maize-hammer-mill-1.webp 720w, https:\/\/maizemachine.com\/wp-content\/uploads\/2022\/12\/maize-hammer-mill-1-300x225.webp 300w, https:\/\/maizemachine.com\/wp-content\/uploads\/2022\/12\/maize-hammer-mill-1-16x12.webp 16w\" sizes=\"auto, (max-width: 720px) 100vw, 720px\" \/><figcaption class=\"wp-element-caption\">9FQ-320 mieliemeelhamermeul<\/figcaption><\/figure> <\/div>   <h3 class=\"wp-block-heading\">Oorweeg die aantal hamers &amp; krag<\/h3>    <ul class=\"wp-block-list\"> <li>Meer hamers \u2192 ho\u00ebr verpletteringsdoeltreffendheid, fynere en meer eweredige deeltjies.<\/li>    <li>Juiste krag \u2192 verseker stabiele werking; te laag veroorsaak motor oorbelasting, te hoog mors energie.<\/li> <\/ul>    <figure class=\"wp-block-table\"><table class=\"has-fixed-layout\"><thead><tr><th>Krag (kW)<\/th><th>Aanbevole kapasiteit<\/th><th>Kenmerke<\/th><\/tr><\/thead><tbody><tr><td>2.2\u20135<\/td><td>100\u2013150 kg\/h<\/td><td>Huishoudelike of klein voermeulens<\/td><\/tr><tr><td>11\u201322<\/td><td>200\u2013850 kg\/h<\/td><td>Medium-grootte produksie, geskik vir deurlopende werking<\/td><\/tr><tr><td>37\u201345<\/td><td>1000\u20131200 kg\/h<\/td><td>Industri\u00eble ho\u00eb kapasiteit, swaar werking<\/td><\/tr><\/tbody><\/table><\/figure>    <p class=\"translation-block\"><em>Wenk: Pas die hamernommer en krag aan volgens die vereiste kapasiteit.<\/em><\/p>    <h3 class=\"wp-block-heading\">Oorweeg die gaasdiameter vir deeltjiegrootte<\/h3>    <ul class=\"wp-block-list\"> <li>Klein skerms (0.5\u20131.5 mm) \u2192 fyn poeier, geskik vir meel, voer, of industri\u00eble gebruik.<\/li>    <li>Groter gaas (2\u20135 mm) \u2192 grofdeeltjies, geskik vir voer of mieliesgrits.<\/li> <\/ul>    <p>Kies volgens downstream gebruik: voer, mielievloer, of mieliepoeier.<\/p>    <h3 class=\"wp-block-heading\">Oorweeg masjiengrootte en werkswinkelruimte<\/h3>    <ul class=\"wp-block-list\"> <li>Klein modelle (9FQ-320 \/ 360) \u2192 neem minder ruimte in, geskik vir beperkte werkswinkels.<\/li>    <li>Groot modelle (9FQ-800 \/ 1000) \u2192 neem meer ruimte in, mag vervoerbanden of hoppers benodig.<\/li> <\/ul>    <h3 class=\"wp-block-heading\">Keuseproses opsomming<\/h3>    <ul class=\"wp-block-list\"> <li>Bepaal uurlikse\/dag kapasiteit \u2192 kortlys geskikte modelle.<\/li>    <li>Oorweeg materiaalkenmerke (hardheid, vog, gebruik) \u2192 kies krag en gaasgrootte.<\/li>    <li>Kontroleer werkswinkelruimte \u2192 verseker dat die masjien pas.<\/li>    <li>Evalueer begroting \u2192 klein modelle is goedkoper, groot modelle is meer produktief maar neem meer ruimte in.<\/li>    <li>Beplan vir toekomstige uitbreiding \u2192 kies \u2019n masjien effens bo huidige kapasiteit.<\/li> <\/ul>    <h3 class=\"wp-block-heading\">Voorbeeld<\/h3>    <ol class=\"wp-block-list\"> <li>Klein voermeul, ~200 kg\/h \u2192 kies 9FQ-420, 11 kW, 24 hamers, gaas 1.2\u20133 mm, koste-effektief en maklik om te onderhou.<\/li>    <li>Industri\u00eble mielieverwerking, &gt;1000 kg\/h \u2192 kies 9FQ-800 of 9FQ-1000, ho\u00eb krag, meer hamers, stabiele ho\u00eb kapasiteit produksie.<\/li> <\/ol>   <div class=\"wp-block-image\"> <figure class=\"aligncenter size-full\"><img loading=\"lazy\" decoding=\"async\" width=\"720\" height=\"540\" src=\"https:\/\/maizemachine.com\/wp-content\/uploads\/2022\/12\/corn-hammer-mill-machine-1.webp\" alt=\"mieliemeul masjien\" class=\"wp-image-667\" title=\"\" srcset=\"https:\/\/maizemachine.com\/wp-content\/uploads\/2022\/12\/corn-hammer-mill-machine-1.webp 720w, https:\/\/maizemachine.com\/wp-content\/uploads\/2022\/12\/corn-hammer-mill-machine-1-300x225.webp 300w, https:\/\/maizemachine.com\/wp-content\/uploads\/2022\/12\/corn-hammer-mill-machine-1-16x12.webp 16w\" sizes=\"auto, (max-width: 720px) 100vw, 720px\" \/><figcaption class=\"wp-element-caption\">mieliemeul masjien<\/figcaption><\/figure> <\/div>   <h2 class=\"wp-block-heading\">Suksesvolle geval<\/h2>    <h3 class=\"wp-block-heading\">Mieliehamermeul verkoop aan <a href=\"https:\/\/en.wikipedia.org\/wiki\/Morocco\" target=\"_blank\" rel=\"noopener\"><strong>Marokko<\/strong> <\/a>verspreider<\/h3>    <ul class=\"wp-block-list\"> <li>Klant: \u2019n Verspreider uit Marokko<\/li>    <li>Masjienmodel: 9FQ-320 Mieliehamermeul<\/li>    <li>Hoeveelheid: 74 stelle<\/li>    <li>Kapaciteit: 100\u2013200 kg\/h<\/li>    <li>Grootte: 660\u00d7350\u00d7850 mm<\/li>    <li>Krag: 2.2 kW<\/li>    <li>Spanning: 220V<\/li>    <li>Gewig: 70 kg<\/li>    <li>Kenmerke: Uitgerus met \u2019n koperkernmotor, 2 m banddekking, en Europese standaardprop<\/li> <\/ul>   <div class=\"wp-block-image\"> <figure class=\"aligncenter size-full\"><img loading=\"lazy\" decoding=\"async\" width=\"720\" height=\"540\" src=\"https:\/\/maizemachine.com\/wp-content\/uploads\/2022\/12\/Corn-hammer-mill-machine-sold-to-Morocco.webp\" alt=\"Maismielieverkoop aan Marokko\" class=\"wp-image-666\" title=\"\" srcset=\"https:\/\/maizemachine.com\/wp-content\/uploads\/2022\/12\/Corn-hammer-mill-machine-sold-to-Morocco.webp 720w, https:\/\/maizemachine.com\/wp-content\/uploads\/2022\/12\/Corn-hammer-mill-machine-sold-to-Morocco-300x225.webp 300w, https:\/\/maizemachine.com\/wp-content\/uploads\/2022\/12\/Corn-hammer-mill-machine-sold-to-Morocco-16x12.webp 16w\" sizes=\"auto, (max-width: 720px) 100vw, 720px\" \/><figcaption class=\"wp-element-caption\">Maismielieverkoop aan Marokko<\/figcaption><\/figure> <\/div>   <h3 class=\"wp-block-heading\">Besonderhede<\/h3>    <ul class=\"wp-block-list\"> <li>Die Marokkaanse verspreider het 74 stelle klein hamermasjiene gekoop om hul plaaslike voerproduksienetwerk uit te brei.<\/li>    <li>Die 9FQ-320 model is gekies vir sy kompakte struktuur, stabiele prestasie, en maklike werking, wat dit ideaal maak vir kleinplaas- en voerwerkplekke.<\/li>    <li>Elke masjien is toegerus met \u2019n koperkernmotor en \u2019n veiligheidsgordelbedekking, wat doeltreffende en veilige werking verseker.<\/li>    <li>Ons span het professionele installasie- en bedieningsleiding gegee om die kli\u00ebnt te help om vinnig produksie te begin.<\/li> <\/ul>    <p>As jy belangstel in ons mieliehamermeul, laat asseblief jou kontakbesonderhede en vereistes in die pop-up vorm regs. Ons sal binne 24 uur kontak met jou maak om meer besonderhede en \u2019n kwotasie te verskaf.<\/p>   <div class=\"wp-block-image\"> <figure class=\"aligncenter size-full\"><img loading=\"lazy\" decoding=\"async\" width=\"720\" height=\"540\" src=\"https:\/\/maizemachine.com\/wp-content\/uploads\/2022\/12\/corn-grinding-hammer-mill-manufacturers.webp\" alt=\"mieliehamermeul vervaardigers\" class=\"wp-image-665\" title=\"\" srcset=\"https:\/\/maizemachine.com\/wp-content\/uploads\/2022\/12\/corn-grinding-hammer-mill-manufacturers.webp 720w, https:\/\/maizemachine.com\/wp-content\/uploads\/2022\/12\/corn-grinding-hammer-mill-manufacturers-300x225.webp 300w, https:\/\/maizemachine.com\/wp-content\/uploads\/2022\/12\/corn-grinding-hammer-mill-manufacturers-16x12.webp 16w\" sizes=\"auto, (max-width: 720px) 100vw, 720px\" \/><figcaption class=\"wp-element-caption\">mieliehamermeul vervaardigers<\/figcaption><\/figure> <\/div>","protected":false},"excerpt":{"rendered":"<p>The corn hammer mill machine is a multifunctional grinding machine. It can efficiently crush grains such as corn, wheat, and soybeans, as well as process materials like wheat straw, corn stalks, and peanut shells into fine powder or pellets. It is an ideal choice for feed production and agricultural waste recycling. According to different models, [&hellip;]<\/p>\n","protected":false},"author":1,"featured_media":245,"parent":0,"template":"","tags":[11],"product-type":[10],"class_list":["post-239","product","type-product","status-publish","has-post-thumbnail","hentry","tag-corn-mill-grinder","product-type-corn-milling-machine"],"_links":{"self":[{"href":"https:\/\/maizemachine.com\/af\/wp-json\/wp\/v2\/product\/239","targetHints":{"allow":["GET"]}}],"collection":[{"href":"https:\/\/maizemachine.com\/af\/wp-json\/wp\/v2\/product"}],"about":[{"href":"https:\/\/maizemachine.com\/af\/wp-json\/wp\/v2\/types\/product"}],"author":[{"embeddable":true,"href":"https:\/\/maizemachine.com\/af\/wp-json\/wp\/v2\/users\/1"}],"wp:featuredmedia":[{"embeddable":true,"href":"https:\/\/maizemachine.com\/af\/wp-json\/wp\/v2\/media\/245"}],"wp:attachment":[{"href":"https:\/\/maizemachine.com\/af\/wp-json\/wp\/v2\/media?parent=239"}],"wp:term":[{"taxonomy":"post_tag","embeddable":true,"href":"https:\/\/maizemachine.com\/af\/wp-json\/wp\/v2\/tags?post=239"},{"taxonomy":"product-type","embeddable":true,"href":"https:\/\/maizemachine.com\/af\/wp-json\/wp\/v2\/product-type?post=239"}],"curies":[{"name":"wp","href":"https:\/\/api.w.org\/{rel}","templated":true}]}}