{"id":102,"date":"2022-08-24T03:01:59","date_gmt":"2022-08-24T03:01:59","guid":{"rendered":"https:\/\/maizemachine.com\/?post_type=product&#038;p=102"},"modified":"2025-12-30T17:40:40","modified_gmt":"2025-12-30T09:40:40","slug":"maize-sheller","status":"publish","type":"product","link":"https:\/\/maizemachine.com\/af\/product\/maize-sheller\/","title":{"rendered":"3-4 Ton\/h Mielieskooler | Ho\u00eb kwaliteit mielie-uitskieter"},"content":{"rendered":"<p class=\"translation-block\">'n Mieliepelmasjien is 'n landboumasjien ontwerp om kjerne van die kolf te skei. Dit behaal 'n kernintegriteitsyfer van oor<strong><em> 98%<\/em><\/strong> en 'n beskadigingsyfer van minder as <strong><em>3%,<\/em><\/strong> wat dit wyd gebruiklik maak op groot plase.<\/p>    <p class=\"translation-block\">Hierdie mieliedorsmasjien het 'n kapasitiet van <strong><em>3\u20134 ton\/h<\/em><\/strong>. Dit is kompakt, maklik om te skuif, en ondersteun verskeie kragopsies, insluitend elektriese motor, petrolmotor en dieselenjin. Dit pas by verskillende werksomstandighede en is ideaal vir huishoudelike boere en plase.<\/p>    <p class=\"translation-block\">Gecombineer met 'n <a href=\"https:\/\/maizemachine.com\/af\/product\/2-row-corn-picker\/\">mielieoeser<\/a>, kan grootskaalse gemeganiseerde produksie gerealiseer word. As gevolg van sy uitstekende prestasie en ho\u00eb doeltreffendheid, is hierdie masjien deur kli\u00ebnte in baie lande verkies en gekoop. In hierdie artikel sal ons jou bekendstel aan 'n gewilde mieliepelmasjien.<\/p>   <div class=\"wp-block-image\"> <figure class=\"aligncenter size-full\"><img loading=\"lazy\" decoding=\"async\" width=\"720\" height=\"540\" src=\"http:\/\/maizemachine.com\/wp-content\/uploads\/2022\/08\/maize-sheller.webp\" alt=\"mielieskraalmasjien\" class=\"wp-image-104\" title=\"\" srcset=\"https:\/\/maizemachine.com\/wp-content\/uploads\/2022\/08\/maize-sheller.webp 720w, https:\/\/maizemachine.com\/wp-content\/uploads\/2022\/08\/maize-sheller-300x225.webp 300w\" sizes=\"auto, (max-width: 720px) 100vw, 720px\" \/><figcaption class=\"wp-element-caption\">mielieskraalmasjien<\/figcaption><\/figure> <\/div>   <h2 class=\"wp-block-heading\">Toepassings van SL-B2 mieliepelmasjien<\/h2>    <h3 class=\"wp-block-heading\">Nywerheidsgebruik<\/h3>    <ul class=\"wp-block-list\"> <li><strong>Huisdierboere:<\/strong> Drie kragopsies\u2014elektriese motor, benzinemotor, of dieselmotor\u2014om by verskillende landelike kragtoestande te pas<\/li>    <li><strong>Graanversamelingspunte:<\/strong> Dors direkte kobe wat deur boere afgelewer word, wat transportvolume verminder<\/li>    <li><strong>Klein graanverwerkingsaanlegte:<\/strong> Werk saam met dro\u00ebrs, meelmeulens, en gritsmasjiene om 'n eenvoudige verwerkingslyn te vorm<\/li>    <li><strong>Landelike entrepreneurskap:<\/strong> Individue kan betaalde dorsdienste aan buurdorpe verskaf deur die SL-B2-mielie-dorsmasjien<\/li> <\/ul>    <h3 class=\"wp-block-heading\">Toepaslike gewasse<\/h3>    <p>Deur die sif te verander, kan die masjien ook gebruik word om koring, sojabone, sorghum en ander gewasse te dors.<\/p>    <div class=\"wp-block-columns is-layout-flex wp-container-core-columns-is-layout-9d6595d7 wp-block-columns-is-layout-flex\"> <div class=\"wp-block-column is-layout-flow wp-block-column-is-layout-flow\" style=\"flex-basis:66.66%\"> <figure class=\"wp-block-image size-full\"><img loading=\"lazy\" decoding=\"async\" width=\"720\" height=\"540\" src=\"https:\/\/maizemachine.com\/wp-content\/uploads\/2023\/01\/applications.webp\" alt=\"aansoeke\" class=\"wp-image-250\" title=\"\" srcset=\"https:\/\/maizemachine.com\/wp-content\/uploads\/2023\/01\/applications.webp 720w, https:\/\/maizemachine.com\/wp-content\/uploads\/2023\/01\/applications-300x225.webp 300w\" sizes=\"auto, (max-width: 720px) 100vw, 720px\" \/><figcaption class=\"wp-element-caption\">Toepassings<\/figcaption><\/figure> <\/div>    <div class=\"wp-block-column is-layout-flow wp-block-column-is-layout-flow\" style=\"flex-basis:33.33%\"> <ul class=\"wp-block-list\"> <li><em>Koring<\/em><\/li>    <li><em>Sorghum<\/em><\/li>    <li><em>Sojabone<\/em><\/li>    <li><em>Rys<\/em><\/li> <\/ul> <\/div> <\/div>    <h2 class=\"wp-block-heading\">Die struktuur van 'n mieliedorsmasjien<\/h2>   <div class=\"wp-block-image\"> <figure class=\"aligncenter size-full\"><img loading=\"lazy\" decoding=\"async\" width=\"720\" height=\"540\" src=\"http:\/\/maizemachine.com\/wp-content\/uploads\/2022\/08\/corn-shellers-structure.webp\" alt=\"ma\u00efs doppe struktuur\" class=\"wp-image-106\" title=\"\" srcset=\"https:\/\/maizemachine.com\/wp-content\/uploads\/2022\/08\/corn-shellers-structure.webp 720w, https:\/\/maizemachine.com\/wp-content\/uploads\/2022\/08\/corn-shellers-structure-300x225.webp 300w\" sizes=\"auto, (max-width: 720px) 100vw, 720px\" \/><figcaption class=\"wp-element-caption\">ma\u00efs doppe struktuur<\/figcaption><\/figure> <\/div>   <div class=\"wp-block-columns is-layout-flex wp-container-core-columns-is-layout-9d6595d7 wp-block-columns-is-layout-flex\"> <div class=\"wp-block-column is-layout-flow wp-block-column-is-layout-flow\"> <details class=\"wp-block-details is-layout-flow wp-block-details-is-layout-flow\"><summary>Die dorstoestel<\/summary> <p>Die kernonderdeel van die masjien wat kjerne van die kolf skei.<\/p> <\/details> <\/div>    <div class=\"wp-block-column is-layout-flow wp-block-column-is-layout-flow\"> <details class=\"wp-block-details is-layout-flow wp-block-details-is-layout-flow\"><summary>Krageenheid<\/summary> <p>Opsies sluit in elektriese motor, petrolmotor of dieselenjin, wat krag voorsien vir werking.<\/p> <\/details> <\/div> <\/div>    <div class=\"wp-block-columns is-layout-flex wp-container-core-columns-is-layout-9d6595d7 wp-block-columns-is-layout-flex\"> <div class=\"wp-block-column is-layout-flow wp-block-column-is-layout-flow\"> <details class=\"wp-block-details is-layout-flow wp-block-details-is-layout-flow\"><summary>Mielie-koringuitlaat<\/summary> <p>Die kanaal waar kolve na dorsing uitgesit word.<\/p> <\/details> <\/div>    <div class=\"wp-block-column is-layout-flow wp-block-column-is-layout-flow\"> <details class=\"wp-block-details is-layout-flow wp-block-details-is-layout-flow\"><summary>Materiaalinlaat<\/summary> <p>Die ingangspunt vir die voeding van mieliekolve in die masjien.<\/p> <\/details> <\/div> <\/div>    <div class=\"wp-block-columns is-layout-flex wp-container-core-columns-is-layout-9d6595d7 wp-block-columns-is-layout-flex\"> <div class=\"wp-block-column is-layout-flow wp-block-column-is-layout-flow\"> <details class=\"wp-block-details is-layout-flow wp-block-details-is-layout-flow\"><summary>Raamwerk<\/summary> <p>Die hoofondersteunende struktuur wat stabiele werking verseker.<\/p> <\/details> <\/div>    <div class=\"wp-block-column is-layout-flow wp-block-column-is-layout-flow\"> <details class=\"wp-block-details is-layout-flow wp-block-details-is-layout-flow\"><summary>Mieliekernuitlaat<\/summary> <p>Die uitlaat waar kjerne na dorsing uitgestoot word.<\/p> <\/details> <\/div> <\/div>    <h2 class=\"wp-block-heading\" id=\"h-how-does-maize-sheller-work\">Hoe werk 'n mielieskraper?<\/h2>    <p>Eerstens moet ons die mieliekolf in die voerpoort sit. Dan sal die mielie outomaties in die dorskamer val. <\/p>    <p>Dan sal die trommel binne die masjien onder die werking van die motor draai. Die mielie sal tussen die rolle vryf en draai. Dan is die skeiding van die mieliekolf en die mieliekern gerealiseer. <\/p>    <p>Ten slotte sal die mieliekolf vanaf die agterkant van die mieliedorsmasjien uitgestoot word. Mieliekerne sal uit die sif val. Dit is die werkproses van die kommersi\u00eble mieliepelmasjien.<\/p>    <figure class=\"wp-block-embed is-type-video is-provider-youtube wp-block-embed-youtube wp-embed-aspect-16-9 wp-has-aspect-ratio\"><div class=\"wp-block-embed__wrapper\"> <iframe loading=\"lazy\" title=\"Mielieskaller | Hoe werk die mielie skaller?\" width=\"500\" height=\"281\" src=\"https:\/\/www.youtube.com\/embed\/ZbyQcR_vREk?feature=oembed\" frameborder=\"0\" allow=\"accelerometer; autoplay; clipboard-write; encrypted-media; gyroscope; picture-in-picture; web-share\" referrerpolicy=\"strict-origin-when-cross-origin\" allowfullscreen><\/iframe> <\/div><\/figure>    <h2 class=\"wp-block-heading\" id=\"h-maize-thresher-specifications\">Mielieskraper spesifikasies<\/h2>    <figure class=\"wp-block-table\"><table><tbody><tr><td>Model<\/td><td>SL-B2<\/td><\/tr><tr><td>Krag<\/td><td>2.2kw motor, petrol enjin, en diesel enjin<\/td><\/tr><tr><td>Kapaziteit<\/td><td>3-4t\/h<\/td><\/tr><tr><td>gewig<\/td><td>71kg<\/td><\/tr><tr><td>Grootte<\/td><td>1080*6500*1300mm<\/td><\/tr><\/tbody><\/table><\/figure>   <div class=\"wp-block-image\"> <figure class=\"aligncenter size-full\"><img loading=\"lazy\" decoding=\"async\" width=\"720\" height=\"540\" src=\"http:\/\/maizemachine.com\/wp-content\/uploads\/2022\/08\/threshing-effect.webp\" alt=\"dorsing effek\" class=\"wp-image-110\" title=\"\" srcset=\"https:\/\/maizemachine.com\/wp-content\/uploads\/2022\/08\/threshing-effect.webp 720w, https:\/\/maizemachine.com\/wp-content\/uploads\/2022\/08\/threshing-effect-300x225.webp 300w\" sizes=\"auto, (max-width: 720px) 100vw, 720px\" \/><figcaption class=\"wp-element-caption\">dorsing effek<\/figcaption><\/figure> <\/div>   <h2 class=\"wp-block-heading\">Voordele van die mieliedorsmasjien<\/h2>    <p class=\"translation-block\"><strong>Ho\u00eb doeltreffendheid<\/strong><\/p>    <ul class=\"wp-block-list\"> <li>Kapasiteit: 3\u20134 ton per uur, 20\u201330 keer doeltreffender as handmatige dors.<\/li> <\/ul>    <p class=\"translation-block\"><strong>Wye toepassingsgebied<\/strong><\/p>    <ul class=\"wp-block-list\"> <li>Kan vars en dro\u00eb mielies verwerk; sommige modelle kan ook koring, sorghum en ander gewasse dors.<\/li> <\/ul>    <p class=\"translation-block\"><strong>Makkelijke werking<\/strong><\/p>    <ul class=\"wp-block-list\"> <li>Gewig: 71\u202fkg; Afmetings: 1080\u00d7650\u00d71300\u202fmm. Kompakte struktuur en maklik om te skuif.<\/li> <\/ul>    <p class=\"translation-block\"><strong>Veelvuldige kragopsies<\/strong><\/p>    <p>Ondersteun elektriese motor, petrolmotor en dieselenjin, wat dit vir boere maklik maak om te bedryf.<\/p>    <p class=\"translation-block\"><strong>Tyd- en arbeidsbesparing<\/strong><\/p>    <ul class=\"wp-block-list\"> <li>3\u20134 ton per uur kan die werk van ongeveer 10\u201315 mense vervang, wat die arbeidsdruk tydens oes verminder.<\/li> <\/ul>    <p class=\"translation-block\"><strong>Lae kernbeskadiging<\/strong><\/p>    <ul class=\"wp-block-list\"> <li>Geoptimaliseerde dorspltrommelontwerp hou kernbeskadiging onder 3%.<\/li> <\/ul>    <p class=\"translation-block\"><strong>Sterk reinigingsvermo\u00eb<\/strong><\/p>    <ul class=\"wp-block-list\"> <li>Voorzien van 'n waaier, kjerne is skoon sonder ekstra sifwerk. Mieliekolve bly heel vir voer of ander gebruike.<\/li> <\/ul>   <div class=\"wp-block-image\"> <figure class=\"aligncenter size-full\"><img loading=\"lazy\" decoding=\"async\" width=\"720\" height=\"540\" src=\"https:\/\/maizemachine.com\/wp-content\/uploads\/2022\/08\/working-picture.webp\" alt=\"Mieliedorser dors vinnig\" class=\"wp-image-111\" title=\"\" srcset=\"https:\/\/maizemachine.com\/wp-content\/uploads\/2022\/08\/working-picture.webp 720w, https:\/\/maizemachine.com\/wp-content\/uploads\/2022\/08\/working-picture-300x225.webp 300w\" sizes=\"auto, (max-width: 720px) 100vw, 720px\" \/><figcaption class=\"wp-element-caption\">Mieliedorser dors vinnig<\/figcaption><\/figure> <\/div>   <h2 class=\"wp-block-heading\" id=\"h-how-much-is-maize-sheller\">Hoeveel kos 'n mielieskraper?<\/h2>    <p>Die prys van 'n mieliedorsmasjien word deur verskeie faktore be\u00efnvloed, nie net een nie. Die hooffaktore sluit in:<\/p>    <ul class=\"wp-block-list\"> <li>Kapasiteit: Hoe ho\u00ebr die uurlike dorsproduksie, hoe groter die masjien, en hoe ho\u00ebr die koste.<\/li>    <li>Kragtipe: Verskillende kragopsies\u2014elektriese motor, petrolmotor, of dieselenjin\u2014be\u00efnvloed koste; dieselmodelle is gewoonlik duurder as elektriese.<\/li>    <li>Multi-funksionaliteit: Masjiene wat verskeie gewasse kan hanteer of aangepaste siffe benodig, kos effens meer as gevolg van ho\u00ebr aanpassingsbehoeftes.<\/li>    <li>Aanpassing &amp; Bykomende Dienste: Pasgemaakte spanning, grootte, kleur, of ekstra bybehore sal die toerustingkoste verhoog.<\/li> <\/ul>    <p>As jy die nuutste prys van die masjien wil weet, kontak ons gerus. Ons verkoopsspan sal vinnig in verbinding tree en jou 'n gedetailleerde kwotasie voorsien.<\/p>   <div class=\"wp-block-image\"> <figure class=\"aligncenter size-full\"><img loading=\"lazy\" decoding=\"async\" width=\"720\" height=\"540\" src=\"http:\/\/maizemachine.com\/wp-content\/uploads\/2022\/08\/picture-of-machine-packing.webp\" alt=\"prent van masjien verpakking\" class=\"wp-image-108\" title=\"\" srcset=\"https:\/\/maizemachine.com\/wp-content\/uploads\/2022\/08\/picture-of-machine-packing.webp 720w, https:\/\/maizemachine.com\/wp-content\/uploads\/2022\/08\/picture-of-machine-packing-300x225.webp 300w\" sizes=\"auto, (max-width: 720px) 100vw, 720px\" \/><figcaption class=\"wp-element-caption\">prent van masjien verpakking<\/figcaption><\/figure> <\/div>   <h2 class=\"wp-block-heading\" id=\"h-where-to-buy-maize-sheller\">Waar om mielieskaller te koop?<\/h2>    <p class=\"translation-block\">Taizy mieliemasjienfabriek is 'n <a href=\"https:\/\/maizemachine.com\/af\/\">professional mielie-toerusting vervaardiger<\/a>. Ons verkoop verskillende soorte mieliemasjiene, soos <a href=\"https:\/\/maizemachine.com\/af\/product\/maize-grits-milling-machine\/\">mielie-grondmolen<\/a>, <a href=\"https:\/\/maizemachine.com\/af\/product\/corn-mill-grinder\/\">mielie-molen<\/a>, en <a href=\"https:\/\/maizemachine.com\/af\/product\/maize-planter\/\">mielie-plantmasjien<\/a>. Daarbenewens bied ons ook goeie voorverkope en na-verkope dienste aan ons kli\u00ebnte. Baie kli\u00ebnte het ons herhalingskli\u00ebnte geword. Daarom, as jy op soek is na 'n mielie-afskilmasjien, kontak ons gerus.<\/p>   <div class=\"wp-block-image\"> <figure class=\"aligncenter size-full\"><img loading=\"lazy\" decoding=\"async\" width=\"720\" height=\"540\" src=\"https:\/\/maizemachine.com\/wp-content\/uploads\/2025\/08\/Our-customer.webp\" alt=\"Ons kli\u00ebnt\" class=\"wp-image-577\" title=\"\" srcset=\"https:\/\/maizemachine.com\/wp-content\/uploads\/2025\/08\/Our-customer.webp 720w, https:\/\/maizemachine.com\/wp-content\/uploads\/2025\/08\/Our-customer-300x225.webp 300w, https:\/\/maizemachine.com\/wp-content\/uploads\/2025\/08\/Our-customer-16x12.webp 16w\" sizes=\"auto, (max-width: 720px) 100vw, 720px\" \/><figcaption class=\"wp-element-caption\">Ons kli\u00ebnt<\/figcaption><\/figure> <\/div>   <h2 class=\"wp-block-heading\">V&amp;V<\/h2>   <div id=\"rank-math-faq\" class=\"rank-math-block\"> <div class=\"rank-math-list\"> <div id=\"faq-question-1757398121523\" class=\"rank-math-list-item\"> <h3 class=\"rank-math-question\">Waarom is die dors nie skoon nie?<\/h3> <div class=\"rank-math-answer\">  <p>Dit kan veroorsaak word deur onvoldoende trommelsnelheid of verslete tande. Kontroleer die motorkrag of vervang die tandplaat.<\/p>  <\/div> <\/div> <div id=\"faq-question-1757398186712\" class=\"rank-math-list-item\"> <h3 class=\"rank-math-question\">Waarom is die kernbeskadigingsyfer hoog?<\/h3> <div class=\"rank-math-answer\">  <p>Gewoonlik as gevolg van te ho\u00eb trommelsnelheid of te dro\u00eb mieliekolve. Stel die snelheid aan of bevochtig die kolve liggies.<\/p>  <\/div> <\/div> <div id=\"faq-question-1757398204641\" class=\"rank-math-list-item\"> <h3 class=\"rank-math-question\">Waarom stoke die masjien?<\/h3> <div class=\"rank-math-answer\">  <p>Miskien omdat te veel kolve gelyktydig gevoer word of rommel die masjien blokkeer. Maak die dorsoomskoot skoon en beheer die voedhoeveelheid.<\/p>  <\/div> <\/div> <div id=\"faq-question-1757398218490\" class=\"rank-math-list-item\"> <h3 class=\"rank-math-question\">Kan julle jul kwaliteit waarborg?<\/h3> <div class=\"rank-math-answer\">  <p>Natuurlik. Ons is die vervaardigingsfabriek. Belangriker nog, ons heg groot waarde aan ons reputasie.\u00a0<br \/>Die beste kwaliteit is ons beginsel te alle tye. U kan heeltemal vertrou op ons produksie.\u00a0<\/p>  <\/div> <\/div> <div id=\"faq-question-1757398291146\" class=\"rank-math-list-item\"> <h3 class=\"rank-math-question\">Aanvaar julle aanpassing?<\/h3> <div class=\"rank-math-answer\">  <p>Ons het 'n uitstekende ontwerpspan, en ons kan OEM aanvaar.<\/p>  <\/div> <\/div> <div id=\"faq-question-1757398804821\" class=\"rank-math-list-item\"> <h3 class=\"rank-math-question\">Hoe is julle diens?<\/h3> <div class=\"rank-math-answer\">  <p>24-uur aanlyn diens om enige probleem op te los. Jou tevredenheid is ons strewe. Ons hoop opreg op ons samewerking.<\/p>  <\/div> <\/div> <div id=\"faq-question-1757398834468\" class=\"rank-math-list-item\"> <h3 class=\"rank-math-question\">Wat van die versendingsmetodes?<\/h3> <div class=\"rank-math-answer\">  <p>Vir dringende bestellings en ligte gewig kan jy kies vir expres: FEDEX, TNT, DHL of EMS; vir swaar gewig kan jy kies per lug of per see om koste te bespaar.<\/p>  <\/div> <\/div> <div id=\"faq-question-1757398858587\" class=\"rank-math-list-item\"> <h3 class=\"rank-math-question\">Hoe kan ek by julle fabriek uitkom?<\/h3> <div class=\"rank-math-answer\">  <p>Ons is by No.1394 East Hanghai Road, Economic-technological Development Area, Zhengzhou, China. En ons kan gratis en oordeelkundige onthale vir jou aanbied.<\/p>  <\/div> <\/div> <\/div> <\/div>   <p><\/p>","protected":false},"excerpt":{"rendered":"<p>A maize sheller is an agricultural machine designed to separate kernels from the cob. It achieves a kernel integrity rate of over 98% and a damage rate of less than 3%, making it widely used on large farms. This corn thresher has a capacity of 3\u20134 tons\/h It is compact, easy to move, and supports [&hellip;]<\/p>\n","protected":false},"author":1,"featured_media":187,"parent":0,"template":"","tags":[14],"product-type":[9],"class_list":["post-102","product","type-product","status-publish","has-post-thumbnail","hentry","tag-corn-sheller","product-type-corn-sheller-machine"],"_links":{"self":[{"href":"https:\/\/maizemachine.com\/af\/wp-json\/wp\/v2\/product\/102","targetHints":{"allow":["GET"]}}],"collection":[{"href":"https:\/\/maizemachine.com\/af\/wp-json\/wp\/v2\/product"}],"about":[{"href":"https:\/\/maizemachine.com\/af\/wp-json\/wp\/v2\/types\/product"}],"author":[{"embeddable":true,"href":"https:\/\/maizemachine.com\/af\/wp-json\/wp\/v2\/users\/1"}],"wp:featuredmedia":[{"embeddable":true,"href":"https:\/\/maizemachine.com\/af\/wp-json\/wp\/v2\/media\/187"}],"wp:attachment":[{"href":"https:\/\/maizemachine.com\/af\/wp-json\/wp\/v2\/media?parent=102"}],"wp:term":[{"taxonomy":"post_tag","embeddable":true,"href":"https:\/\/maizemachine.com\/af\/wp-json\/wp\/v2\/tags?post=102"},{"taxonomy":"product-type","embeddable":true,"href":"https:\/\/maizemachine.com\/af\/wp-json\/wp\/v2\/product-type?post=102"}],"curies":[{"name":"wp","href":"https:\/\/api.w.org\/{rel}","templated":true}]}}